{"id":123,"date":"2020-09-21T16:45:08","date_gmt":"2020-09-21T16:45:08","guid":{"rendered":"https:\/\/aims-cameroon.org\/?page_id=123"},"modified":"2025-05-26T09:43:08","modified_gmt":"2025-05-26T09:43:08","slug":"our-students","status":"publish","type":"page","link":"https:\/\/aims-cameroon.org\/fr\/our-students\/","title":{"rendered":"Nos \u00e9tudiants"},"content":{"rendered":"<div class=\"wp-block-cover is-light has-custom-content-position is-position-bottom-left pad-5\" style=\"min-height:600px\"><span aria-hidden=\"true\" class=\"wp-block-cover__background has-background-dim-30 has-background-dim\" style=\"background-color:#161228\"><\/span><img decoding=\"async\" loading=\"lazy\" width=\"2560\" height=\"1920\" class=\"wp-block-cover__image-background wp-image-3544\" alt=\"\" src=\"https:\/\/aims-cameroon.org\/wp-content\/uploads\/sites\/6\/2021\/03\/IMG_20180217_122234-1-scaled.jpg\" style=\"object-position:50% 44%\" data-object-fit=\"cover\" data-object-position=\"50% 44%\" srcset=\"https:\/\/aims-cameroon.org\/wp-content\/uploads\/sites\/6\/2021\/03\/IMG_20180217_122234-1-scaled.jpg 2560w, https:\/\/aims-cameroon.org\/wp-content\/uploads\/sites\/6\/2021\/03\/IMG_20180217_122234-1-300x225.jpg 300w, https:\/\/aims-cameroon.org\/wp-content\/uploads\/sites\/6\/2021\/03\/IMG_20180217_122234-1-1024x768.jpg 1024w, https:\/\/aims-cameroon.org\/wp-content\/uploads\/sites\/6\/2021\/03\/IMG_20180217_122234-1-768x576.jpg 768w, https:\/\/aims-cameroon.org\/wp-content\/uploads\/sites\/6\/2021\/03\/IMG_20180217_122234-1-1536x1152.jpg 1536w, https:\/\/aims-cameroon.org\/wp-content\/uploads\/sites\/6\/2021\/03\/IMG_20180217_122234-1-2048x1536.jpg 2048w, https:\/\/aims-cameroon.org\/wp-content\/uploads\/sites\/6\/2021\/03\/IMG_20180217_122234-1-16x12.jpg 16w\" sizes=\"(max-width: 2560px) 100vw, 2560px\" \/><div class=\"wp-block-cover__inner-container\">\n<h1>Nos \u00e9tudiants<\/h1>\n<\/div><\/div>\n\n\n\n<div class=\"is-layout-flow wp-block-group pad-5\"><div class=\"wp-block-group__inner-container\">\n<div class=\"is-layout-flow wp-block-group pad-5\"><div class=\"wp-block-group__inner-container\">\n<div class=\"wp-block-advgb-adv-tabs advgb-tabs-wrapper advgb-tab-horz-desktop advgb-tab-vert-tablet advgb-tab-stack-mobile advgb-tabs-ff153c5a-6ca7-4e96-919a-420a2b1902a3\" data-tab-active=\"0\"><ul class=\"advgb-tabs-panel\"><li class=\"advgb-tab\" style=\"background-color:#161328;border-style:solid;border-width:1px;border-radius:0px\"><a id=\"\" href=\"#advgb-tabs-tab0\" style=\"color:#ffffff\"><span>Nos \u00e9tudiants<\/span><\/a><\/li><li class=\"advgb-tab\" style=\"background-color:#161328;border-style:solid;border-width:1px;border-radius:0px\"><a id=\"\" href=\"#advgb-tabs-tab1\" style=\"color:#ffffff\"><span>La vie \u00e0 l&#039;AIMS<\/span><\/a><\/li><li class=\"advgb-tab\" style=\"background-color:#161328;border-style:solid;border-width:1px;border-radius:0px\"><a id=\"\" href=\"#advgb-tabs-tab2\" style=\"color:#ffffff\"><span>La vie \u00e0 Limb\u00e9<\/span><\/a><\/li><\/ul><div class=\"advgb-tab-body-wrapper\" style=\"border-style:solid;border-width:1px;border-radius:0px\">\n<div class=\"wp-block-advgb-tab advgb-tab-body-container\"><div class=\"advgb-tab-body-header advgb-tab-class-\">Nos \u00e9tudiants<\/div><div class=\"advgb-tab-_5328a1-ba advgb-tab-body\" aria-labelledby=\"advgb-tabs-tab0\">\n<p>Since its creation in 2013, AIMS Cameroon has trained AIMS-Cameroon has trained 445 students, with 164 of them being women \u2013 415 in the structured Master\u2019s &amp; 30 in the Co- operative Master\u2019s Program.<\/p>\n\n\n\n<p>Students benefit from the experience of renowned visiting lecturers who teach for three weeks each. Capacity building is provided by tutors who are always available on campus to ensure a 24-hour learning environment. With degrees in Mathematics, Engineering, Physics, Statistics, Computer Science, Financial Mathematics as well as Actuarial Sciences, our 2021\/2022 cohort comprises of 58 students (26 women and 32 men) enrolled in the Structured Master\u2019s program. Our scholars are nationals of seven African countries, namely:  Cameroon, Ethiopia, Ghana, Ivory Coast, Kenya, Nigeria, and Zambia. <\/p>\n\n\n\n<p>Tous les \u00e9tudiants de l&#039;AIMS sont tenus d&#039;investir au moins 20 heures dans des activit\u00e9s de service communautaire au cours de l&#039;ann\u00e9e universitaire pour renforcer leurs comp\u00e9tences en leadership ainsi que leur engagement \u00e0 redonner \u00e0 l&#039;Afrique. <\/p>\n\n\n\n<p class=\"has-text-align-center\">&nbsp;<\/p>\n<\/div><\/div>\n\n\n\n<div class=\"wp-block-advgb-tab advgb-tab-body-container\"><div class=\"advgb-tab-body-header advgb-tab-class-\">La vie \u00e0 l&#039;AIMS<\/div><div class=\"advgb-tab-_7fca13-cb advgb-tab-body\" aria-labelledby=\"advgb-tabs-tab1\">\n<p class=\"has-text-align-center\"><strong><em>\u00abNous ne devons pas sous-estimer la valeur de ce sentiment que l&#039;AIMS est un institut dans lequel nous apprenons et enseignons tous ensemble dans le but commun de partager nos connaissances et nos exp\u00e9riences les uns avec les autres.\u00bb<\/em><\/strong><\/p>\n\n\n\n<p>Les frais de scolarit\u00e9, le mat\u00e9riel d&#039;\u00e9tude et le logement de l&#039;AIMS sont enti\u00e8rement financ\u00e9s par une g\u00e9n\u00e9reuse bourse. La nature r\u00e9sidentielle de l&#039;AIMS permet plus de temps de contact entre les enseignants et les \u00e9tudiants que ce qui est disponible dans un cadre universitaire typique.<\/p>\n\n\n\n<p>Students typically study two subjects for three weeks each, with each day comprising morning lectures followed by problem-solving and computing sessions each afternoon. Additional tutorials and special lectures are held in the evenings when students also usually complete their assignments. AIMS Cameroon has students, tutors and lecturers from various nationalities. All lectures are in English only. However,  language training is available in both English and French.<\/p>\n\n\n\n<p>Les \u00e9tudiants et tuteurs d&#039;AIMS Cameroun r\u00e9sident sur le campus de Crystal Garden. Ils occupent des chambres simples avec un espace de vie commun et une buanderie.<\/p>\n\n\n\n<p>\u00c0 AIMS Cameroun, les \u00e9tudiants ont \u00e9galement la possibilit\u00e9 de nouer des relations les uns avec les autres par le jeu, ce qui leur permet de renforcer leur r\u00e9flexion et leur appr\u00e9ciation pour une diff\u00e9rence dans les processus de pens\u00e9e.<\/p>\n\n\n<div class=\"wp-block-image\">\n<figure class=\"aligncenter size-large\"><img decoding=\"async\" loading=\"lazy\" width=\"960\" height=\"720\" src=\"https:\/\/aims-cameroon.org\/wp-content\/uploads\/sites\/6\/2021\/03\/Campus.jpg\" alt=\"\" class=\"wp-image-3141\" srcset=\"https:\/\/aims-cameroon.org\/wp-content\/uploads\/sites\/6\/2021\/03\/Campus.jpg 960w, https:\/\/aims-cameroon.org\/wp-content\/uploads\/sites\/6\/2021\/03\/Campus-300x225.jpg 300w, https:\/\/aims-cameroon.org\/wp-content\/uploads\/sites\/6\/2021\/03\/Campus-768x576.jpg 768w, https:\/\/aims-cameroon.org\/wp-content\/uploads\/sites\/6\/2021\/03\/Campus-16x12.jpg 16w\" sizes=\"(max-width: 960px) 100vw, 960px\" \/><\/figure><\/div>\n\n\n<p>En effet, notre temps de jeu est le temps pass\u00e9 des math\u00e9matiques au terrain de jeu de la logique, charg\u00e9 de le\u00e7ons qui aident nos \u00e9l\u00e8ves \u00e0 acqu\u00e9rir des comp\u00e9tences sociales en vue d&#039;un moment o\u00f9 ils seront appel\u00e9s \u00e0 servir.<\/p>\n\n\n\n<p>Afin de permettre aux \u00e9tudiants de s&#039;absenter du travail acad\u00e9mique, AIMS Cameroun a mis en place un certain nombre de clubs pour aider les \u00e9tudiants \u00e0 cr\u00e9er des synergies en travaillant en \u00e9quipe pour atteindre des objectifs qui ne sont pas de nature acad\u00e9mique. <\/p>\n\n\n\n<p>Students of the 2021-2022 cohort expected on campus in the days ahead, will choose any of the following clubs to belong to: 1. Library 2. Facilities and Logistics 3. Physical Wellness and Sports 4. Social 5. Health 6. IT 7. Gender 8. Media  Each group will select its officers.<\/p>\n\n\n\n<p>Parmi ces clubs se trouve le Club des Sports et \u00e0 AIMS, le sport est amusant!<\/p>\n\n\n<div class=\"wp-block-image\">\n<figure class=\"aligncenter size-large\"><img decoding=\"async\" loading=\"lazy\" width=\"960\" height=\"626\" src=\"https:\/\/aims-cameroon.org\/wp-content\/uploads\/sites\/6\/2021\/03\/Campus2.jpg\" alt=\"\" class=\"wp-image-3142\" srcset=\"https:\/\/aims-cameroon.org\/wp-content\/uploads\/sites\/6\/2021\/03\/Campus2.jpg 960w, https:\/\/aims-cameroon.org\/wp-content\/uploads\/sites\/6\/2021\/03\/Campus2-300x196.jpg 300w, https:\/\/aims-cameroon.org\/wp-content\/uploads\/sites\/6\/2021\/03\/Campus2-768x501.jpg 768w, https:\/\/aims-cameroon.org\/wp-content\/uploads\/sites\/6\/2021\/03\/Campus2-16x10.jpg 16w\" sizes=\"(max-width: 960px) 100vw, 960px\" \/><\/figure><\/div>\n\n\n<p>Jamais pris pour acquis, le sport \u00e0 AIMS Cameroun aide les \u00e9tudiants \u00e0 rester en forme, \u00e0 \u00e9vacuer le stress mental, \u00e0 respirer un nouvel air et \u00e0 les aider \u00e0 interagir \u00e9troitement avec les tuteurs et le personnel en dehors du milieu universitaire. <\/p>\n\n\n<div class=\"wp-block-image\">\n<figure class=\"aligncenter size-large\"><img decoding=\"async\" loading=\"lazy\" width=\"1024\" height=\"683\" src=\"https:\/\/aims-cameroon.org\/wp-content\/uploads\/sites\/6\/2021\/03\/visit-to-saker-baptist-college-giveback-1024x683.jpg\" alt=\"\" class=\"wp-image-3146\" srcset=\"https:\/\/aims-cameroon.org\/wp-content\/uploads\/sites\/6\/2021\/03\/visit-to-saker-baptist-college-giveback-1024x683.jpg 1024w, https:\/\/aims-cameroon.org\/wp-content\/uploads\/sites\/6\/2021\/03\/visit-to-saker-baptist-college-giveback-300x200.jpg 300w, https:\/\/aims-cameroon.org\/wp-content\/uploads\/sites\/6\/2021\/03\/visit-to-saker-baptist-college-giveback-768x512.jpg 768w, https:\/\/aims-cameroon.org\/wp-content\/uploads\/sites\/6\/2021\/03\/visit-to-saker-baptist-college-giveback-1536x1024.jpg 1536w, https:\/\/aims-cameroon.org\/wp-content\/uploads\/sites\/6\/2021\/03\/visit-to-saker-baptist-college-giveback-2048x1365.jpg 2048w, https:\/\/aims-cameroon.org\/wp-content\/uploads\/sites\/6\/2021\/03\/visit-to-saker-baptist-college-giveback-16x12.jpg 16w\" sizes=\"(max-width: 1024px) 100vw, 1024px\" \/><figcaption class=\"wp-element-caption\">Les \u00e9tudiants de l&#039;AIMS Cameroun lors d&#039;une session de don au Saker Baptist College<\/figcaption><\/figure><\/div><\/div><\/div>\n\n\n\n<div class=\"wp-block-advgb-tab advgb-tab-body-container\"><div class=\"advgb-tab-body-header advgb-tab-class-\">La vie \u00e0 Limb\u00e9<\/div><div class=\"advgb-tab-_499014-9e advgb-tab-body\" aria-labelledby=\"advgb-tabs-tab2\">\n<p>A Limbe, AIMS Cameroon est situ\u00e9 \u00e0 Crystal Garden, pr\u00e8s de <strong>le jardin botanique<\/strong>. Ce jardin qui est un centre d&#039;attraction important poss\u00e8de une vaste gamme de plantes fascinantes et longe la rivi\u00e8re Limbe; et le <strong>Centre de la faune <\/strong>h\u00e9bergeant des animaux de la for\u00eat tropicale principalement des primates (gorilles, singes et chimpanz\u00e9s), des crocodiles, des serpents, des antilopes et de nombreux oiseaux tisserands. <\/p>\n\n\n\n<p>Situ\u00e9 sur la c\u00f4te Est dans la sous-division Limbe III est <strong>Bimbia<\/strong>. Cette <strong>March\u00e9 historique du commerce des esclaves <\/strong>est \u00e9galement un endroit int\u00e9ressant \u00e0 voir lors de votre s\u00e9jour \u00e0 Limb\u00e9. Structures de b\u00e2timents qui servaient d&#039;entrep\u00f4ts pour les esclaves, cha\u00eenes, un <strong>\u00abPorte sans retour\u00bb<\/strong> et le <strong>\u00cele Nicholls<\/strong> o\u00f9 des navires amarr\u00e9s pour transporter des esclaves vers les Am\u00e9riques, peuvent encore \u00eatre vus \u00e0 Bimbia o\u00f9 des centaines d&#039;Afro-Am\u00e9ricains renouent avec leurs anc\u00eatres chaque ann\u00e9e. Bimbia est \u00e9galement une destination touristique sp\u00e9ciale en raison de ses nombreuses plages de galets, de sa for\u00eat de plaine et <strong>Sentier de la mangrove<\/strong> pour l&#039;\u00e9cotourisme et <strong>observation des oiseaux<\/strong>. Bimbia est \u00e9galement connu pour accueillir le <strong>Premi\u00e8re \u00e9cole <\/strong>au Cameroun (1844), le <strong>Premi\u00e8re presse \u00e0 imprimer<\/strong> au Cameroun (1844) et au <strong>Premi\u00e8re Bible traduite<\/strong> au Cameroun (1844); tous cr\u00e9\u00e9s par un missionnaire baptiste jama\u00efcain pionnier appel\u00e9 Joseph Merrick. Il d\u00e9barqua \u00e0 Bimbia en 1843 et convertit la localit\u00e9 au christianisme.<\/p>\n\n\n<div class=\"wp-block-image\">\n<figure class=\"aligncenter size-large\"><img decoding=\"async\" loading=\"lazy\" width=\"720\" height=\"540\" src=\"https:\/\/aims-cameroon.org\/wp-content\/uploads\/sites\/6\/2021\/04\/Bimbia.jpg\" alt=\"\" class=\"wp-image-4101\" srcset=\"https:\/\/aims-cameroon.org\/wp-content\/uploads\/sites\/6\/2021\/04\/Bimbia.jpg 720w, https:\/\/aims-cameroon.org\/wp-content\/uploads\/sites\/6\/2021\/04\/Bimbia-300x225.jpg 300w, https:\/\/aims-cameroon.org\/wp-content\/uploads\/sites\/6\/2021\/04\/Bimbia-16x12.jpg 16w\" sizes=\"(max-width: 720px) 100vw, 720px\" \/><figcaption class=\"wp-element-caption\">Flashback sur le p\u00e8lerinage 2012 \u00abRacines et reconnexion\u00bb \u00e0 Bimbia par la diaspora afro-am\u00e9ricaine dirig\u00e9e par Dr. Lisa Aubrey. Ils ont renou\u00e9 avec leurs anc\u00eatres qui sont partis des rives de Bimbia pour les Am\u00e9riques pendant la traite transatlantique des esclaves. <\/figcaption><\/figure><\/div>\n\n\n<figure class=\"wp-block-image size-large\"><img decoding=\"async\" loading=\"lazy\" width=\"960\" height=\"710\" src=\"https:\/\/aims-cameroon.org\/wp-content\/uploads\/sites\/6\/2021\/04\/118122304_765335834200893_3143142392536099867_n.jpg\" alt=\"\" class=\"wp-image-4107\" srcset=\"https:\/\/aims-cameroon.org\/wp-content\/uploads\/sites\/6\/2021\/04\/118122304_765335834200893_3143142392536099867_n.jpg 960w, https:\/\/aims-cameroon.org\/wp-content\/uploads\/sites\/6\/2021\/04\/118122304_765335834200893_3143142392536099867_n-300x222.jpg 300w, https:\/\/aims-cameroon.org\/wp-content\/uploads\/sites\/6\/2021\/04\/118122304_765335834200893_3143142392536099867_n-768x568.jpg 768w, https:\/\/aims-cameroon.org\/wp-content\/uploads\/sites\/6\/2021\/04\/118122304_765335834200893_3143142392536099867_n-16x12.jpg 16w\" sizes=\"(max-width: 960px) 100vw, 960px\" \/><figcaption class=\"wp-element-caption\">AIMS Cameroun visite le Bimbia et regarde une pi\u00e8ce de th\u00e9\u00e2tre en direct sur le march\u00e9 historique de la traite des esclaves de Bimbia.<\/figcaption><\/figure>\n\n\n\n<p>Limbe est une belle ville touristique baln\u00e9aire (oc\u00e9an Atlantique) connue sous le nom de <strong>\u00abLa ville de l&#039;amiti\u00e9\u00bb<\/strong>. La ville est \u00e0 une heure de route de la ville de Douala, la capitale \u00e9conomique toujours anim\u00e9e du Cameroun et \u00e0 une demi-heure de route de Buea, qui abrite la seule montagne volcanique du Cameroun, <strong>Mont Cameroun<\/strong>, qui est le point culminant de l&#039;Afrique occidentale et centrale subsaharienne, culminant \u00e0 4 095 m\u00e8tres.<\/p>\n\n\n\n<p>Limbe est sur le versant sud du mont Cameroun qui est visible, avec de l&#039;eau de source coulant de plusieurs exutoires. En raison des \u00e9ruptions de montagne, les plages de Limb\u00e9 sont noires.<\/p>\n\n\n\n<p>Il y a plusieurs autres endroits \u00e0 visiter \u00e0 Limb\u00e9 tels que des villages frontaliers avec le Nig\u00e9ria, des plages de sable noir volcanique et une promenade sur la coul\u00e9e de lave solidifi\u00e9e de l&#039;\u00e9ruption volcanique du mont Cameroun en 1999.<\/p>\n\n\n\n<figure class=\"is-layout-flex wp-block-gallery-1 wp-block-gallery has-nested-images columns-default is-cropped\">\n<figure class=\"wp-block-image size-large\"><img decoding=\"async\" loading=\"lazy\" width=\"960\" height=\"593\" src=\"https:\/\/aims-cameroon.org\/wp-content\/uploads\/sites\/6\/2021\/02\/101078158_147869413459622_1813626459873345536_n.jpg\" alt=\"\" class=\"wp-image-1598\" srcset=\"https:\/\/aims-cameroon.org\/wp-content\/uploads\/sites\/6\/2021\/02\/101078158_147869413459622_1813626459873345536_n.jpg 960w, https:\/\/aims-cameroon.org\/wp-content\/uploads\/sites\/6\/2021\/02\/101078158_147869413459622_1813626459873345536_n-300x185.jpg 300w, https:\/\/aims-cameroon.org\/wp-content\/uploads\/sites\/6\/2021\/02\/101078158_147869413459622_1813626459873345536_n-768x474.jpg 768w, https:\/\/aims-cameroon.org\/wp-content\/uploads\/sites\/6\/2021\/02\/101078158_147869413459622_1813626459873345536_n-16x10.jpg 16w\" sizes=\"(max-width: 960px) 100vw, 960px\" \/><figcaption class=\"wp-element-caption\">Quartier Half-Mile de Limbe<\/figcaption><\/figure>\n\n\n\n<figure class=\"wp-block-image size-large\"><img decoding=\"async\" loading=\"lazy\" width=\"640\" height=\"512\" src=\"https:\/\/aims-cameroon.org\/wp-content\/uploads\/sites\/6\/2021\/02\/153770792_4094929107185481_2049784961935424795_o.jpg\" alt=\"\" class=\"wp-image-1590\" srcset=\"https:\/\/aims-cameroon.org\/wp-content\/uploads\/sites\/6\/2021\/02\/153770792_4094929107185481_2049784961935424795_o.jpg 640w, https:\/\/aims-cameroon.org\/wp-content\/uploads\/sites\/6\/2021\/02\/153770792_4094929107185481_2049784961935424795_o-300x240.jpg 300w, https:\/\/aims-cameroon.org\/wp-content\/uploads\/sites\/6\/2021\/02\/153770792_4094929107185481_2049784961935424795_o-16x12.jpg 16w\" sizes=\"(max-width: 640px) 100vw, 640px\" \/><figcaption class=\"wp-element-caption\">Primates dans le centre de la faune<\/figcaption><\/figure>\n\n\n\n<figure class=\"wp-block-image size-large\"><img decoding=\"async\" loading=\"lazy\" width=\"720\" height=\"399\" src=\"https:\/\/aims-cameroon.org\/wp-content\/uploads\/sites\/6\/2021\/02\/DOWBBEACH.jpg\" alt=\"\" class=\"wp-image-1372\" srcset=\"https:\/\/aims-cameroon.org\/wp-content\/uploads\/sites\/6\/2021\/02\/DOWBBEACH.jpg 720w, https:\/\/aims-cameroon.org\/wp-content\/uploads\/sites\/6\/2021\/02\/DOWBBEACH-300x166.jpg 300w, https:\/\/aims-cameroon.org\/wp-content\/uploads\/sites\/6\/2021\/02\/DOWBBEACH-16x9.jpg 16w\" sizes=\"(max-width: 720px) 100vw, 720px\" \/><figcaption class=\"wp-element-caption\">La plus ancienne \u00e9glise de Limbe construite en 1875 par Alfred Saker qui a fond\u00e9 la ville en 1858<\/figcaption><\/figure>\n<\/figure>\n\n\n\n<p><strong>Le climat de Limb\u00e9<\/strong><\/p>\n\n\n\n<p>Limbe a deux saisons importantes qui sont: la saison s\u00e8che - d&#039;octobre \u00e0 juin et la saison des pluies de juillet \u00e0 septembre. La ville a un climat humide.<\/p>\n\n\n\n<p><strong>Debundscha, le 6\u00e8me endroit le plus humide du monde<\/strong>, est situ\u00e9 dans la p\u00e9riph\u00e9rie de Limb\u00e9 avec une pluviom\u00e9trie annuelle moyenne de 10 299 mm. Le village de Debundscha se trouve au pied du mont Cameroun. On pense que l&#039;emplacement contribue \u00e0 ses pluies car la montagne bloque les nuages.<\/p>\n<\/div><\/div>\n<\/div><\/div>\n\n\n\n<p><\/p>\n<\/div><\/div>\n<\/div><\/div>\n<style class=\"advgb-styles-renderer\">.advgb-tabs-ff153c5a-6ca7-4e96-919a-420a2b1902a3 ul.advgb-tabs-panel li.advgb-tab.advgb-tab-active {background-color:#f15a2b !important;color:#ffffff !important;}#advgb-tabs-ff153c5a-6ca7-4e96-919a-420a2b1902a3 .advgb-tab-body-header.header-active, .advgb-tabs-ff153c5a-6ca7-4e96-919a-420a2b1902a3 .advgb-tab-body-header.header-active{background-color:#f15a2b !important;color:#ffffff !important;}<\/style>","protected":false},"excerpt":{"rendered":"","protected":false},"author":1,"featured_media":0,"parent":0,"menu_order":0,"comment_status":"closed","ping_status":"closed","template":"","meta":{"advgb_blocks_editor_width":"","advgb_blocks_columns_visual_guide":""},"acf":[],"coauthors":[],"author_meta":{"author_link":"https:\/\/aims-cameroon.org\/fr\/author\/chris\/","display_name":"chris"},"relative_dates":{"created":"Publi\u00e9 6 ans il y a","modified":"Mis \u00e0 jour 11 mois il y a"},"absolute_dates":{"created":"Publi\u00e9 le septembre 21, 2020","modified":"Mise \u00e0 jour le mai 26, 2025"},"absolute_dates_time":{"created":"Publi\u00e9 le septembre 21, 2020 4:45  ","modified":"Mise \u00e0 jour le mai 26, 2025 9:43  "},"featured_img_caption":"","featured_img":false,"series_order":"","_links":{"self":[{"href":"https:\/\/aims-cameroon.org\/fr\/wp-json\/wp\/v2\/pages\/123"}],"collection":[{"href":"https:\/\/aims-cameroon.org\/fr\/wp-json\/wp\/v2\/pages"}],"about":[{"href":"https:\/\/aims-cameroon.org\/fr\/wp-json\/wp\/v2\/types\/page"}],"author":[{"embeddable":true,"href":"https:\/\/aims-cameroon.org\/fr\/wp-json\/wp\/v2\/users\/1"}],"replies":[{"embeddable":true,"href":"https:\/\/aims-cameroon.org\/fr\/wp-json\/wp\/v2\/comments?post=123"}],"version-history":[{"count":95,"href":"https:\/\/aims-cameroon.org\/fr\/wp-json\/wp\/v2\/pages\/123\/revisions"}],"predecessor-version":[{"id":8779,"href":"https:\/\/aims-cameroon.org\/fr\/wp-json\/wp\/v2\/pages\/123\/revisions\/8779"}],"wp:attachment":[{"href":"https:\/\/aims-cameroon.org\/fr\/wp-json\/wp\/v2\/media?parent=123"}],"curies":[{"name":"wp","href":"https:\/\/api.w.org\/{rel}","templated":true}]}}