{"id":1319,"date":"2020-11-13T17:57:19","date_gmt":"2020-11-13T17:57:19","guid":{"rendered":"https:\/\/aims-cameroon.org\/?page_id=1319"},"modified":"2021-07-19T09:04:37","modified_gmt":"2021-07-19T09:04:37","slug":"centre-success-stories","status":"publish","type":"page","link":"https:\/\/aims-cameroon.org\/fr\/centre-success-stories\/","title":{"rendered":"Centre Success Stories"},"content":{"rendered":"<div class=\"wp-block-cover has-background-dim-30 has-background-dim has-custom-content-position is-position-bottom-left pad-5\" style=\"background-image:url(https:\/\/aims.edu.gh\/wp-content\/uploads\/sites\/4\/2020\/09\/Amended-Layouts_Page_04_Image_0002.jpg);background-color:#161228;min-height:600px\"><div class=\"wp-block-cover__inner-container\">\n<h1>Centre Success Stories<\/h1>\n<\/div><\/div>\n\n\n\n<div class=\"is-layout-flow wp-block-group pad-5\"><div class=\"wp-block-group__inner-container\">\n<p><\/p>\n\n\n\n<p>Lorem ipsum dolor sit amet, consectetur adipiscing elit, sed do eiusmod tempor incididunt ut labore et dolore magna aliqua. Ut enim ad minim veniam, quis nostrud exercitation ullamco laboris nisi ut aliquip ex ea commodo consequat. Duis aute irure dolor in reprehenderit in voluptate velit esse cillum dolore eu fugiat nulla pariatur. <\/p>\n<\/div><\/div>\n\n\n\n<div class=\"is-layout-flow wp-block-group group-row pad-5-no-top\"><div class=\"wp-block-group__inner-container\"><div id=\"ajax-load-more\" class=\"ajax-load-more-wrap default\" data-id=\"8009936344\" data-alm-id=\"\" data-canonical-url=\"https:\/\/aims-cameroon.org\/fr\/centre-success-stories\/\" data-slug=\"centre-success-stories\" data-post-id=\"1319\"  data-localized=\"ajax_load_more_8009936344_vars\" data-alm-object=\"ajax_load_more_8009936344\"><div aria-live=\"polite\" aria-atomic=\"true\" class=\"alm-listing alm-ajax row\" data-container-type=\"div\" data-loading-style=\"default\" data-repeater=\"template_6\" data-post-type=\"centre-success\" data-order=\"DESC\" data-orderby=\"date\" data-offset=\"0\" data-posts-per-page=\"9\" data-button-label=\"Load More\" data-button-loading-label=\"Loading Success Stories...\" data-button-done-label=\"No more Success Stories\" data-prev-button-label=\"Load Previous\"><\/div><div class=\"alm-btn-wrap\" data-rel=\"ajax-load-more\"><button class=\"alm-load-more-btn more\" type=\"button\">Charger plus<\/button><\/div><\/div>\n<\/div><\/div>\n\n\n\n<p><\/p>","protected":false},"excerpt":{"rendered":"<p>Lorem ipsum dolor sit amet, consectetur adipiscing elit, sed do eiusmod tempor incididunt ut labore et dolore magna aliqua. Ut enim ad minim veniam, quis nostrud exercitation ullamco laboris nisi ut aliquip ex ea commodo consequat. Duis aute irure dolor in reprehenderit in voluptate velit esse cillum dolore eu fugiat nulla pariatur.<\/p>","protected":false},"author":1,"featured_media":0,"parent":0,"menu_order":0,"comment_status":"closed","ping_status":"closed","template":"","meta":{"advgb_blocks_editor_width":"","advgb_blocks_columns_visual_guide":""},"acf":[],"coauthors":[],"author_meta":{"author_link":"https:\/\/aims-cameroon.org\/fr\/author\/chris\/","display_name":"chris"},"relative_dates":{"created":"Publi\u00e9 5 ans il y a","modified":"Mis \u00e0 jour 5 ans il y a"},"absolute_dates":{"created":"Publi\u00e9 le novembre 13, 2020","modified":"Mise \u00e0 jour le juillet 19, 2021"},"absolute_dates_time":{"created":"Publi\u00e9 le novembre 13, 2020 5:57  ","modified":"Mise \u00e0 jour le juillet 19, 2021 9:04  "},"featured_img_caption":"","featured_img":false,"series_order":"","_links":{"self":[{"href":"https:\/\/aims-cameroon.org\/fr\/wp-json\/wp\/v2\/pages\/1319"}],"collection":[{"href":"https:\/\/aims-cameroon.org\/fr\/wp-json\/wp\/v2\/pages"}],"about":[{"href":"https:\/\/aims-cameroon.org\/fr\/wp-json\/wp\/v2\/types\/page"}],"author":[{"embeddable":true,"href":"https:\/\/aims-cameroon.org\/fr\/wp-json\/wp\/v2\/users\/1"}],"replies":[{"embeddable":true,"href":"https:\/\/aims-cameroon.org\/fr\/wp-json\/wp\/v2\/comments?post=1319"}],"version-history":[{"count":1,"href":"https:\/\/aims-cameroon.org\/fr\/wp-json\/wp\/v2\/pages\/1319\/revisions"}],"predecessor-version":[{"id":1320,"href":"https:\/\/aims-cameroon.org\/fr\/wp-json\/wp\/v2\/pages\/1319\/revisions\/1320"}],"wp:attachment":[{"href":"https:\/\/aims-cameroon.org\/fr\/wp-json\/wp\/v2\/media?parent=1319"}],"curies":[{"name":"wp","href":"https:\/\/api.w.org\/{rel}","templated":true}]}}