{"id":166,"date":"2020-09-21T20:07:58","date_gmt":"2020-09-21T20:07:58","guid":{"rendered":"https:\/\/aims-cameroon.org\/?page_id=166"},"modified":"2024-01-20T09:42:35","modified_gmt":"2024-01-20T09:42:35","slug":"alumni-publications","status":"publish","type":"page","link":"https:\/\/aims-cameroon.org\/fr\/alumni-publications\/","title":{"rendered":"Publications des anciens"},"content":{"rendered":"<div class=\"wp-block-cover has-custom-content-position is-position-bottom-left pad-5\" style=\"min-height:600px\"><span aria-hidden=\"true\" class=\"wp-block-cover__background has-background-dim-30 has-background-dim\" style=\"background-color:#161228\"><\/span><img decoding=\"async\" loading=\"lazy\" width=\"2500\" height=\"1407\" class=\"wp-block-cover__image-background wp-image-2134\" src=\"https:\/\/aims-cameroon.org\/wp-content\/uploads\/sites\/6\/2021\/03\/DSC075391.jpg\" data-object-fit=\"cover\" srcset=\"https:\/\/aims-cameroon.org\/wp-content\/uploads\/sites\/6\/2021\/03\/DSC075391.jpg 2500w, https:\/\/aims-cameroon.org\/wp-content\/uploads\/sites\/6\/2021\/03\/DSC075391-300x169.jpg 300w, https:\/\/aims-cameroon.org\/wp-content\/uploads\/sites\/6\/2021\/03\/DSC075391-1024x576.jpg 1024w, https:\/\/aims-cameroon.org\/wp-content\/uploads\/sites\/6\/2021\/03\/DSC075391-768x432.jpg 768w, https:\/\/aims-cameroon.org\/wp-content\/uploads\/sites\/6\/2021\/03\/DSC075391-1536x864.jpg 1536w, https:\/\/aims-cameroon.org\/wp-content\/uploads\/sites\/6\/2021\/03\/DSC075391-2048x1153.jpg 2048w, https:\/\/aims-cameroon.org\/wp-content\/uploads\/sites\/6\/2021\/03\/DSC075391-16x9.jpg 16w\" sizes=\"(max-width: 2500px) 100vw, 2500px\" \/><div class=\"wp-block-cover__inner-container\">\n<h1>Publications des anciens<\/h1>\n\n\n\n<p><\/p>\n<\/div><\/div>\n\n\n\n<div class=\"is-layout-flow wp-block-group pad-5\"><div class=\"wp-block-group__inner-container\">\n<p>AIMS-Cameroon Alumni est dynamique depuis 2014 dans le monde entier avec des publications acad\u00e9miques et des articles de recherche qui contribuent \u00e0 la compr\u00e9hension des d\u00e9fis de d\u00e9veloppement rencontr\u00e9s en particulier en Afrique, pour des solutions pratiques.<\/p>\n\n\n\n<div style=\"height:34px\" aria-hidden=\"true\" class=\"wp-block-spacer\"><\/div>\n\n\n\n<p><\/p>\n\n\n\n<div class=\"wp-block-cover search-filters\"><span aria-hidden=\"true\" class=\"wp-block-cover__background has-background-dim\"><\/span><img decoding=\"async\" loading=\"lazy\" width=\"300\" height=\"100\" class=\"wp-block-cover__image-background wp-image-7795\" alt=\"\" src=\"https:\/\/aims-cameroon.org\/wp-content\/uploads\/sites\/6\/2024\/01\/Amended-Layouts_Page_03_Image_0003-1-300x100-1.png\" data-object-fit=\"cover\" srcset=\"https:\/\/aims-cameroon.org\/wp-content\/uploads\/sites\/6\/2024\/01\/Amended-Layouts_Page_03_Image_0003-1-300x100-1.png 300w, https:\/\/aims-cameroon.org\/wp-content\/uploads\/sites\/6\/2024\/01\/Amended-Layouts_Page_03_Image_0003-1-300x100-1-18x6.png 18w\" sizes=\"(max-width: 300px) 100vw, 300px\" \/><div class=\"wp-block-cover__inner-container\"><form data-sf-form-id='3488' data-is-rtl='0' data-maintain-state='' data-results-url='https:\/\/aims-cameroon.org\/alumni-publications' data-ajax-url='https:\/\/aims-cameroon.org\/fr\/?sfid=3488&amp;sf_action=get_data&amp;sf_data=results' data-ajax-form-url='https:\/\/aims-cameroon.org\/fr\/?sfid=3488&amp;sf_action=get_data&amp;sf_data=form' data-display-result-method='shortcode' data-use-history-api='1' data-template-loaded='0' data-lang-code='fr' data-ajax='1' data-ajax-data-type='json' data-ajax-links-selector='.pagination a' data-ajax-target='#search-filter-results-3488' data-ajax-pagination-type='normal' data-update-ajax-url='1' data-only-results-ajax='1' data-scroll-to-pos='0' data-init-paged='1' data-auto-update='1' action='https:\/\/aims-cameroon.org\/fr\/alumni-publications\/' method='post' class='searchandfilter' id='search-filter-form-3488' autocomplete='off' data-instance-count='1' data-trp-original-action=\"https:\/\/aims-cameroon.org\/alumni-publications\"><ul><li class=\"sf-field-taxonomy-subject_types\" data-sf-field-name=\"_sft_subject_types\" data-sf-field-type=\"taxonomy\" data-sf-field-input-type=\"select\">\t\t<label>\r\n\t\t\t\t<select name=\"_sft_subject_types[]\" class=\"sf-input-select\" title=\"\">\r\n\t\t\t\r\n\t\t\t\t\t\t<option class=\"sf-level-0 sf-item-0 sf-option-active\" selected=\"selected\" data-sf-count=\"0\" data-sf-depth=\"0\" value=\"\">Mati\u00e8re<\/option>\r\n\t\t\t\t\t\t<option class=\"sf-level-0 sf-item-74\" data-sf-count=\"2\" data-sf-depth=\"0\" value=\"atomic-molecular-structures\">Atomic &amp; Molecular Structures<\/option>\r\n\t\t\t\t\t\t<option class=\"sf-level-0 sf-item-21\" data-sf-count=\"0\" data-sf-depth=\"0\" value=\"computer-science\">L&#039;informatique<\/option>\r\n\t\t\t\t\t\t<option class=\"sf-level-0 sf-item-69\" data-sf-count=\"0\" data-sf-depth=\"0\" value=\"machine-learning\">Machine Learning<\/option>\r\n\t\t\t\t\t\t<option class=\"sf-level-0 sf-item-72\" data-sf-count=\"1\" data-sf-depth=\"0\" value=\"machine-learning-and-data-science\">Machine Learning and Data Science<\/option>\r\n\t\t\t\t\t\t<option class=\"sf-level-0 sf-item-71\" data-sf-count=\"9\" data-sf-depth=\"0\" value=\"mathematical-modelling\">Mathematical Modelling<\/option>\r\n\t\t\t\t\t\t<option class=\"sf-level-0 sf-item-20\" data-sf-count=\"21\" data-sf-depth=\"0\" value=\"mathematics\">Math\u00e9matiques<\/option>\r\n\t\t\t\t\t\t<option class=\"sf-level-0 sf-item-73\" data-sf-count=\"3\" data-sf-depth=\"0\" value=\"physics\">La physique<\/option>\r\n\t\t\t\t\t<\/select>\r\n\t\t<\/label>\t\t<\/li><li class=\"sf-field-taxonomy-publication_types\" data-sf-field-name=\"_sft_publication_types\" data-sf-field-type=\"taxonomy\" data-sf-field-input-type=\"select\">\t\t<label>\r\n\t\t\t\t<select name=\"_sft_publication_types[]\" class=\"sf-input-select\" title=\"\">\r\n\t\t\t\r\n\t\t\t\t\t\t<option class=\"sf-level-0 sf-item-0 sf-option-active\" selected=\"selected\" data-sf-count=\"0\" data-sf-depth=\"0\" value=\"\">Taper<\/option>\r\n\t\t\t\t\t\t<option class=\"sf-level-0 sf-item-50\" data-sf-count=\"69\" data-sf-depth=\"0\" value=\"alumni\">Anciens<\/option>\r\n\t\t\t\t\t<\/select>\r\n\t\t<\/label>\t\t<\/li><li class=\"sf-field-search\" data-sf-field-name=\"search\" data-sf-field-type=\"search\" data-sf-field-input-type=\"\">\t\t<label><input placeholder=\"Chercher \u2026\" name=\"_sf_search[]\" class=\"sf-input-text\" type=\"text\" value=\"\" title=\"\"><\/label>\t\t<\/li><\/ul><input type=\"hidden\" name=\"trp-form-language\" value=\"fr\"\/><\/form>\n<\/div><\/div>\n\n\n\n<div class=\"is-layout-flow wp-block-group pad-5\"><div class=\"wp-block-group__inner-container\"><div class=\"search-filter-results\" id=\"search-filter-results-3488\">\t\n\t\n\t<div class=\"pagination\">\n\t\t\t<\/div>\n\t\n\t\t\n\n\n\n\t<div class=\"publication-card  pad-2 shadow\"> \n\n\n\n\t\t<h3> &#8220;Numerical tensor method for atomic and exotic three-particle systems&#8221;<\/h3>\n\n\t\t<p class=\"pub-content\"> \n<p>Kammegne Tcheugam Brice, Michael Melgaard, Marilia Pavlidou, and Hazel Cox<\/p>\n<\/p>\n\n\n\n<a class=\"btn-prime bg-alt\" target=\"_blank\" href=\"https:\/\/doi.org\/10.1103\/PhysRevA.111.022812\"> Afficher le document <\/a>\n\n\t<\/div>\n\n\n\t\t\n\n\n\n\n\n\n\n\n\n\n\n\n\n\t\t\t\n\n\n\n\t<div class=\"publication-card  pad-2 shadow\"> \n\n\n\n\t\t<h3> &#8220;Can the Kohn\u2013Sham gap be larger than the fundamental gap?&#8221;<\/h3>\n\n\t\t<p class=\"pub-content\"> \n<p>Kossi Kety  and\u00a0 Daniel Joubert \u00a0<\/p>\n<\/p>\n\n\n\n<a class=\"btn-prime bg-alt\" target=\"_blank\" href=\"https:\/\/doi.org\/10.1039\/D4CP02688H\"> Afficher le document <\/a>\n\n\t<\/div>\n\n\n\t\t\n\n\n\n\n\n\n\n\n\n\n\n\n\n\t\t\t\n\n\n\n\t<div class=\"publication-card  pad-2 shadow\"> \n\n\n\n\t\t<h3> &#8220;Bound-state stability of Coulomb three-body systems using numerical tensor methods&#8221;<\/h3>\n\n\t\t<p class=\"pub-content\"> \n<p>Kammegne Tcheugam Brice, Michael Melgaard, and Hazel Cox<\/p>\n<\/p>\n\n\n\n<a class=\"btn-prime bg-alt\" target=\"_blank\" href=\"https:\/\/doi.org\/10.1103\/PhysRevA.109.062812\"> Afficher le document <\/a>\n\n\t<\/div>\n\n\n\t\t\n\n\n\n\n\n\n\n\n\n\n\n\n\n\t\t\t\n\n\n\n\t<div class=\"publication-card  pad-2 shadow\"> \n\n\n\n\t\t<h3> &#8220;A maximum-likelihood method to estimate haplotype frequencies and prevalence alongside multiplicity of infection from SNP data&#8221;<\/h3>\n\n\t\t<p class=\"pub-content\"> \n<p>Henri Christian Junior Tsoungui Obama, Kristan Alexander Schneider<\/p>\n<\/p>\n\n\n\n<a class=\"btn-prime bg-alt\" target=\"_blank\" href=\"https:\/\/doi.org\/10.3389\/fepid.2022.943625\"> Afficher le document <\/a>\n\n\t<\/div>\n\n\n\t\t\n\n\n\n\n\n\n\n\n\n\n\n\n\n\t\t\t\n\n\n\n\t<div class=\"publication-card  pad-2 shadow\"> \n\n\n\n\t\t<h3> &#8220;A Non-Synonymous Mutation at DHFR Codon 50 is Preventing the Return of Sulfadoxine-Pyrimethamine Sensitivity in Plasmodium Falciparum after the Drug&#8217;s Discontinuation&#8221;<\/h3>\n\n\t\t<p class=\"pub-content\"> \n<p>Carola Salas, Nessma Adil Mahmoud Yousif, Stephen E. Lizewski, Christie A. Joya, Hugo O. Valdivia,David J. Bacon, Kristan Schneider<\/p>\n<\/p>\n\n\n\n<a class=\"btn-prime bg-alt\" target=\"_blank\" href=\"https:\/\/dx.doi.org\/10.2139\/ssrn.4472095\"> Afficher le document <\/a>\n\n\t<\/div>\n\n\n\t\t\n\n\n\n\n\n\n\n\n\n\n\n\n\n\t\t\t\n\n\n\n\t<div class=\"publication-card  pad-2 shadow\"> \n\n\n\n\t\t<h3> &#8220;The many definitions of multiplicity of infection&#8221;<\/h3>\n\n\t\t<p class=\"pub-content\"> \n<p>Kristan Alexander Schneider, Henri Christian Junior Tsoungui Obama, George Kamanga, Loyce Kayanula, Nessma Adil Mahmoud Yousif<\/p>\n<\/p>\n\n\n\n<a class=\"btn-prime bg-alt\" target=\"_blank\" href=\"https:\/\/doi.org\/10.3389\/fepid.2022.961593\"> Afficher le document <\/a>\n\n\t<\/div>\n\n\n\t\t\n\n\n\n\n\n\n\n\n\n\n\n\n\n\t\t\t\n\t<div class=\"pagination\">\n<div class=\"paginate-inner\">\t<span class=\"page-tag\"><\/span>\n\t\t<span aria-current=\"page\" class=\"page-numbers current\">1<\/span>\n<a class=\"page-numbers\" href=\"https:\/\/aims-cameroon.org\/fr\/alumni-publications\/?sf_paged=2\">2<\/a>\n<a class=\"page-numbers\" href=\"https:\/\/aims-cameroon.org\/fr\/alumni-publications\/?sf_paged=3\">3<\/a>\n<span class=\"page-numbers dots\">\u2026<\/span>\n<a class=\"page-numbers\" href=\"https:\/\/aims-cameroon.org\/fr\/alumni-publications\/?sf_paged=12\">12<\/a>\n<a class=\"next page-numbers\" href=\"https:\/\/aims-cameroon.org\/fr\/alumni-publications\/?sf_paged=2\">Suivant &quot;<\/a><\/div>\n\t<\/div>\n\t<\/div>\n<\/div><\/div>\n<\/div><\/div>","protected":false},"excerpt":{"rendered":"<p>AIMS-Cameroon Alumni est dynamique depuis 2014 dans le monde entier avec des publications acad\u00e9miques et des articles de recherche qui contribuent \u00e0 la compr\u00e9hension des d\u00e9fis de d\u00e9veloppement rencontr\u00e9s en particulier en Afrique, pour des solutions pratiques.<\/p>","protected":false},"author":1,"featured_media":0,"parent":0,"menu_order":0,"comment_status":"closed","ping_status":"closed","template":"","meta":{"advgb_blocks_editor_width":"","advgb_blocks_columns_visual_guide":""},"acf":[],"coauthors":[],"author_meta":{"author_link":"https:\/\/aims-cameroon.org\/fr\/author\/chris\/","display_name":"chris"},"relative_dates":{"created":"Publi\u00e9 6 ans il y a","modified":"Mis \u00e0 jour 2 ans il y a"},"absolute_dates":{"created":"Publi\u00e9 le septembre 21, 2020","modified":"Mise \u00e0 jour le janvier 20, 2024"},"absolute_dates_time":{"created":"Publi\u00e9 le septembre 21, 2020 8:07  ","modified":"Mise \u00e0 jour le janvier 20, 2024 9:42  "},"featured_img_caption":"","featured_img":false,"series_order":"","_links":{"self":[{"href":"https:\/\/aims-cameroon.org\/fr\/wp-json\/wp\/v2\/pages\/166"}],"collection":[{"href":"https:\/\/aims-cameroon.org\/fr\/wp-json\/wp\/v2\/pages"}],"about":[{"href":"https:\/\/aims-cameroon.org\/fr\/wp-json\/wp\/v2\/types\/page"}],"author":[{"embeddable":true,"href":"https:\/\/aims-cameroon.org\/fr\/wp-json\/wp\/v2\/users\/1"}],"replies":[{"embeddable":true,"href":"https:\/\/aims-cameroon.org\/fr\/wp-json\/wp\/v2\/comments?post=166"}],"version-history":[{"count":47,"href":"https:\/\/aims-cameroon.org\/fr\/wp-json\/wp\/v2\/pages\/166\/revisions"}],"predecessor-version":[{"id":7796,"href":"https:\/\/aims-cameroon.org\/fr\/wp-json\/wp\/v2\/pages\/166\/revisions\/7796"}],"wp:attachment":[{"href":"https:\/\/aims-cameroon.org\/fr\/wp-json\/wp\/v2\/media?parent=166"}],"curies":[{"name":"wp","href":"https:\/\/api.w.org\/{rel}","templated":true}]}}