{"id":178,"date":"2020-09-21T21:23:08","date_gmt":"2020-09-21T21:23:08","guid":{"rendered":"https:\/\/aims-cameroon.org\/?page_id=178"},"modified":"2021-07-19T09:04:37","modified_gmt":"2021-07-19T09:04:37","slug":"our-partners","status":"publish","type":"page","link":"https:\/\/aims-cameroon.org\/fr\/our-partners\/","title":{"rendered":"Nos partenaires"},"content":{"rendered":"<div class=\"wp-block-cover has-background-dim-30 has-background-dim has-custom-content-position is-position-bottom-left pad-5\" style=\"background-color:#161228;min-height:600px\"><img decoding=\"async\" loading=\"lazy\" width=\"700\" height=\"467\" class=\"wp-block-cover__image-background wp-image-1653\" alt=\"\" src=\"https:\/\/aims-cameroon.org\/wp-content\/uploads\/sites\/6\/2021\/02\/DSC_0052.jpg\" data-object-fit=\"cover\" srcset=\"https:\/\/aims-cameroon.org\/wp-content\/uploads\/sites\/6\/2021\/02\/DSC_0052.jpg 700w, https:\/\/aims-cameroon.org\/wp-content\/uploads\/sites\/6\/2021\/02\/DSC_0052-300x200.jpg 300w, https:\/\/aims-cameroon.org\/wp-content\/uploads\/sites\/6\/2021\/02\/DSC_0052-16x12.jpg 16w\" sizes=\"(max-width: 700px) 100vw, 700px\" \/><div class=\"wp-block-cover__inner-container\">\n<h1>Nos partenaires<\/h1>\n<\/div><\/div>\n\n\n\n<div class=\"is-layout-flow wp-block-group pad-5\"><div class=\"wp-block-group__inner-container\">\n<div class=\"wp-block-advgb-adv-tabs advgb-tabs-wrapper advgb-tab-horz-desktop advgb-tab-vert-tablet advgb-tab-stack-mobile advgb-tabs-e5d50654-f842-40b0-85c9-a2f61bfa4470\" data-tab-active=\"2\"><ul class=\"advgb-tabs-panel\"><li class=\"advgb-tab\" style=\"background-color:#161328;border-style:solid;border-width:1px;border-radius:0px\"><a href=\"#advgb-tabs-tab0\" style=\"color:#ffffff\"><span>Partenaires de l&#039;industrie<\/span><\/a><\/li><li class=\"advgb-tab\" style=\"background-color:#161328;border-style:solid;border-width:1px;border-radius:0px\"><a href=\"#advgb-tabs-tab1\" style=\"color:#ffffff\"><span>Partenaires acad\u00e9miques<\/span><\/a><\/li><li class=\"advgb-tab\" style=\"background-color:#161328;border-style:solid;border-width:1px;border-radius:0px\"><a href=\"#advgb-tabs-tab2\" style=\"color:#ffffff\"><span>Partenaires institutionnels<\/span><\/a><\/li><\/ul><div class=\"advgb-tab-body-wrapper\" style=\"border-style:solid;border-width:1px;border-radius:0px\">\n<div class=\"wp-block-advgb-tab advgb-tab-body-container\"><div class=\"advgb-tab-body-header\">Partenaires de l&#039;industrie<\/div><div class=\"advgb-tab-_ba75da-69 advgb-tab-body\" aria-labelledby=\"advgb-tabs-tab0\">\n<p>le <strong>Initiative de l&#039;industrie AIMS<\/strong> met les sciences math\u00e9matiques au service de la promotion \u00e9conomique des pays h\u00f4tes de l&#039;AIMS, gr\u00e2ce \u00e0 la fourniture d&#039;un capital humain de qualit\u00e9, au transfert de connaissances et \u00e0 la recherche appliqu\u00e9e au d\u00e9veloppement. Les partenaires industriels de l&#039;AIMS sont de v\u00e9ritables laboratoires dans lesquels les \u00e9tudiants AIMS testent des solutions innovantes pour booster les performances de l&#039;entreprise. L&#039;initiative industrielle AIMS vise \u00e0 \u00e9largir et \u00e0 diversifier la base de partenaires de l&#039;organisation pour favoriser une plus grande implication directe de l&#039;industrie dans notre mod\u00e8le de formation. Voici quelques-uns de nos partenaires industriels. <\/p>\n\n\n\n<div class=\"row w-00\">         \n\n\n<div class=\"col-md-3 partner-box\"> \n\n<img decoding=\"async\" src=\"https:\/\/aims-cameroon.org\/wp-content\/uploads\/sites\/6\/2021\/03\/Picture12.png\"\/>\n\n\n<\/div>\n\n\n\n        \n\n\n<div class=\"col-md-3 partner-box\"> \n\n<img decoding=\"async\" src=\"https:\/\/aims-cameroon.org\/wp-content\/uploads\/sites\/6\/2021\/03\/Group-1-Holding.png\"\/>\n\n\n<\/div>\n\n\n\n        \n\n\n<div class=\"col-md-3 partner-box\"> \n\n<img decoding=\"async\" src=\"https:\/\/aims-cameroon.org\/wp-content\/uploads\/sites\/6\/2021\/03\/LCC.png\"\/>\n\n\n<\/div>\n\n\n\n        \n\n\n<div class=\"col-md-3 partner-box\"> \n\n<img decoding=\"async\" src=\"https:\/\/aims-cameroon.org\/wp-content\/uploads\/sites\/6\/2021\/03\/RH-LIMBE.png\"\/>\n\n\n<\/div>\n\n\n\n        \n\n\n<div class=\"col-md-3 partner-box\"> \n\n<img decoding=\"async\" src=\"https:\/\/aims-cameroon.org\/wp-content\/uploads\/sites\/6\/2021\/03\/ECCAS.png\"\/>\n\n\n<\/div>\n\n\n\n        \n\n\n<div class=\"col-md-3 partner-box\"> \n\n<img decoding=\"async\" src=\"https:\/\/aims-cameroon.org\/wp-content\/uploads\/sites\/6\/2021\/03\/ZUOIX.png\"\/>\n\n\n<\/div>\n\n\n\n        \n\n\n<div class=\"col-md-3 partner-box\"> \n\n<img decoding=\"async\" src=\"https:\/\/aims-cameroon.org\/wp-content\/uploads\/sites\/6\/2020\/09\/cameroon-logos-17.png\"\/>\n\n\n<\/div>\n\n\n\n        \n\n\n<div class=\"col-md-3 partner-box\"> \n\n<img decoding=\"async\" src=\"https:\/\/aims-cameroon.org\/wp-content\/uploads\/sites\/6\/2020\/09\/download.jpg\"\/>\n\n\n<\/div>\n\n\n\n    \n<\/div><\/div><\/div>\n\n\n\n<div class=\"wp-block-advgb-tab advgb-tab-body-container\"><div class=\"advgb-tab-body-header\">Partenaires acad\u00e9miques<\/div><div class=\"advgb-tab-_dafd83-c8 advgb-tab-body\" aria-labelledby=\"advgb-tabs-tab1\">\n<p>L&#039;AIMS a une culture de collaboration qui am\u00e9liore la d\u00e9couverte scientifique, le partage des connaissances et l&#039;apprentissage, gr\u00e2ce \u00e0 des partenariats strat\u00e9giques avec des institutions acad\u00e9miques en Afrique et dans le monde entier. Les partenariats peuvent prendre la forme de programmes d&#039;\u00e9change de professeurs, de programmes d&#039;\u00e9change de recherche, de bourses post AIMS, ainsi que de conf\u00e9rences, d&#039;ateliers et d&#039;\u00e9coles d&#039;\u00e9t\u00e9 \/ d&#039;hiver.<\/p>\n\n\n\n<div class=\"row w-00\">         \n\n\n<div class=\"col-md-3 partner-box\"> \n\n<img decoding=\"async\" src=\"https:\/\/aims-cameroon.org\/wp-content\/uploads\/sites\/6\/2021\/04\/university-of-Buea.png\"\/>\n\n\n<\/div>\n\n\n\n        \n\n\n<div class=\"col-md-3 partner-box\"> \n\n<img decoding=\"async\" src=\"https:\/\/aims-cameroon.org\/wp-content\/uploads\/sites\/6\/2021\/03\/ROYAL-STATISTICAL-SOCIETY.png\"\/>\n\n\n<\/div>\n\n\n\n        \n\n\n<div class=\"col-md-3 partner-box\"> \n\n<img decoding=\"async\" src=\"https:\/\/aims-cameroon.org\/wp-content\/uploads\/sites\/6\/2021\/03\/Picture3.png\"\/>\n\n\n<\/div>\n\n\n\n        \n\n\n<div class=\"col-md-3 partner-box\"> \n\n<img decoding=\"async\" src=\"https:\/\/aims-cameroon.org\/wp-content\/uploads\/sites\/6\/2021\/03\/Picture13.png\"\/>\n\n\n<\/div>\n\n\n\n        \n\n\n<div class=\"col-md-3 partner-box\"> \n\n<img decoding=\"async\" src=\"https:\/\/aims-cameroon.org\/wp-content\/uploads\/sites\/6\/2021\/03\/Unikassel.png\"\/>\n\n\n<\/div>\n\n\n\n        \n\n\n<div class=\"col-md-3 partner-box\"> \n\n<img decoding=\"async\" src=\"https:\/\/aims-cameroon.org\/wp-content\/uploads\/sites\/6\/2021\/03\/btu.png\"\/>\n\n\n<\/div>\n\n\n\n        \n\n\n<div class=\"col-md-3 partner-box\"> \n\n<img decoding=\"async\" src=\"https:\/\/aims-cameroon.org\/wp-content\/uploads\/sites\/6\/2021\/03\/universite-de-maroua.jpg\"\/>\n\n\n<\/div>\n\n\n\n        \n\n\n<div class=\"col-md-3 partner-box\"> \n\n<img decoding=\"async\" src=\"https:\/\/aims-cameroon.org\/wp-content\/uploads\/sites\/6\/2021\/03\/iai.png\"\/>\n\n\n<\/div>\n\n\n\n        \n\n\n<div class=\"col-md-3 partner-box\"> \n\n<img decoding=\"async\" src=\"https:\/\/aims-cameroon.org\/wp-content\/uploads\/sites\/6\/2021\/03\/University_of_Bamenda_logo.png\"\/>\n\n\n<\/div>\n\n\n\n        \n\n\n<div class=\"col-md-3 partner-box\"> \n\n<img decoding=\"async\" src=\"https:\/\/aims-cameroon.org\/wp-content\/uploads\/sites\/6\/2021\/03\/university-of-Yaounde-I.jpg\"\/>\n\n\n<\/div>\n\n\n\n        \n\n\n<div class=\"col-md-3 partner-box\"> \n\n<img decoding=\"async\" src=\"https:\/\/aims-cameroon.org\/wp-content\/uploads\/sites\/6\/2021\/03\/univ-douala.jpeg\"\/>\n\n\n<\/div>\n\n\n\n        \n\n\n<div class=\"col-md-3 partner-box\"> \n\n<img decoding=\"async\" src=\"https:\/\/aims-cameroon.org\/wp-content\/uploads\/sites\/6\/2020\/09\/cameroon-logos-14.png\"\/>\n\n\n<\/div>\n\n\n\n    \n<\/div><\/div><\/div>\n\n\n\n<div class=\"wp-block-advgb-tab advgb-tab-body-container\"><div class=\"advgb-tab-body-header\">Partenaires institutionnels<\/div><div class=\"advgb-tab-_d50654-f8 advgb-tab-body\" aria-labelledby=\"advgb-tabs-tab2\">\n<p>Depuis sa cr\u00e9ation en 2013, la mission d&#039;AIMS Cameroun a b\u00e9n\u00e9fici\u00e9 du soutien de plusieurs partenaires institutionnels. Leur financier. Les apports techniques, administratifs et logistiques ont rendu notre objectif de former les futurs r\u00e9solveurs de probl\u00e8mes de l&#039;Afrique r\u00e9alisable et passionnant.<\/p>\n\n\n\n<figure class=\"wp-block-image size-large\"><img decoding=\"async\" loading=\"lazy\" width=\"265\" height=\"300\" src=\"https:\/\/aims-cameroon.org\/wp-content\/uploads\/sites\/6\/2021\/03\/CameroonLogo1-265x300-1.png\" alt=\"\" class=\"wp-image-3051\" srcset=\"https:\/\/aims-cameroon.org\/wp-content\/uploads\/sites\/6\/2021\/03\/CameroonLogo1-265x300-1.png 265w, https:\/\/aims-cameroon.org\/wp-content\/uploads\/sites\/6\/2021\/03\/CameroonLogo1-265x300-1-11x12.png 11w\" sizes=\"(max-width: 265px) 100vw, 265px\" \/><\/figure>\n\n\n\n<div class=\"row w-00\">         \n\n\n<div class=\"col-md-3 partner-box\"> \n\n<img decoding=\"async\" src=\"https:\/\/aims-cameroon.org\/wp-content\/uploads\/sites\/6\/2020\/09\/cameroon-logos-07.png\"\/>\n\n\n<\/div>\n\n\n\n        \n\n\n<div class=\"col-md-3 partner-box\"> \n\n<img decoding=\"async\" src=\"https:\/\/aims-cameroon.org\/wp-content\/uploads\/sites\/6\/2020\/09\/cameroon-logos-08.png\"\/>\n\n\n<\/div>\n\n\n\n        \n\n\n<div class=\"col-md-3 partner-box\"> \n\n<img decoding=\"async\" src=\"https:\/\/aims-cameroon.org\/wp-content\/uploads\/sites\/6\/2020\/09\/cameroon-logos-10.png\"\/>\n\n\n<\/div>\n\n\n\n        \n\n\n<div class=\"col-md-3 partner-box\"> \n\n<img decoding=\"async\" src=\"https:\/\/aims-cameroon.org\/wp-content\/uploads\/sites\/6\/2020\/09\/cameroon-logos-06.png\"\/>\n\n\n<\/div>\n\n\n\n        \n\n\n<div class=\"col-md-3 partner-box\"> \n\n<img decoding=\"async\" src=\"https:\/\/aims-cameroon.org\/wp-content\/uploads\/sites\/6\/2020\/09\/cameroon-logos-05.png\"\/>\n\n\n<\/div>\n\n\n\n    \n<\/div><\/div><\/div>\n<\/div><\/div>\n<\/div><\/div>\n\n\n\n<p><\/p>\n<style class=\"advgb-styles-renderer\">.advgb-tabs-e5d50654-f842-40b0-85c9-a2f61bfa4470 ul.advgb-tabs-panel li.advgb-tab.advgb-tab-active {background-color:#f08c21 !important;color:#ffffff !important;}#advgb-tabs-e5d50654-f842-40b0-85c9-a2f61bfa4470 .advgb-tab-body-header.header-active, .advgb-tabs-e5d50654-f842-40b0-85c9-a2f61bfa4470 .advgb-tab-body-header.header-active{background-color:#f08c21 !important;color:#ffffff !important;}<\/style>","protected":false},"excerpt":{"rendered":"","protected":false},"author":1,"featured_media":0,"parent":0,"menu_order":0,"comment_status":"closed","ping_status":"closed","template":"","meta":{"advgb_blocks_editor_width":"","advgb_blocks_columns_visual_guide":""},"acf":[],"coauthors":[],"author_meta":{"author_link":"https:\/\/aims-cameroon.org\/fr\/author\/chris\/","display_name":"chris"},"relative_dates":{"created":"Publi\u00e9 6 ans il y a","modified":"Mis \u00e0 jour 5 ans il y a"},"absolute_dates":{"created":"Publi\u00e9 le septembre 21, 2020","modified":"Mise \u00e0 jour le juillet 19, 2021"},"absolute_dates_time":{"created":"Publi\u00e9 le septembre 21, 2020 9:23  ","modified":"Mise \u00e0 jour le juillet 19, 2021 9:04  "},"featured_img_caption":"","featured_img":false,"series_order":"","_links":{"self":[{"href":"https:\/\/aims-cameroon.org\/fr\/wp-json\/wp\/v2\/pages\/178"}],"collection":[{"href":"https:\/\/aims-cameroon.org\/fr\/wp-json\/wp\/v2\/pages"}],"about":[{"href":"https:\/\/aims-cameroon.org\/fr\/wp-json\/wp\/v2\/types\/page"}],"author":[{"embeddable":true,"href":"https:\/\/aims-cameroon.org\/fr\/wp-json\/wp\/v2\/users\/1"}],"replies":[{"embeddable":true,"href":"https:\/\/aims-cameroon.org\/fr\/wp-json\/wp\/v2\/comments?post=178"}],"version-history":[{"count":38,"href":"https:\/\/aims-cameroon.org\/fr\/wp-json\/wp\/v2\/pages\/178\/revisions"}],"predecessor-version":[{"id":4480,"href":"https:\/\/aims-cameroon.org\/fr\/wp-json\/wp\/v2\/pages\/178\/revisions\/4480"}],"wp:attachment":[{"href":"https:\/\/aims-cameroon.org\/fr\/wp-json\/wp\/v2\/media?parent=178"}],"curies":[{"name":"wp","href":"https:\/\/api.w.org\/{rel}","templated":true}]}}