{"id":199,"date":"2020-09-21T21:49:25","date_gmt":"2020-09-21T21:49:25","guid":{"rendered":"https:\/\/aims-cameroon.org\/?page_id=199"},"modified":"2021-07-19T09:04:37","modified_gmt":"2021-07-19T09:04:37","slug":"annual-reports","status":"publish","type":"page","link":"https:\/\/aims-cameroon.org\/fr\/annual-reports\/","title":{"rendered":"Annual Reports"},"content":{"rendered":"<div class=\"wp-block-cover has-background-dim-30 has-background-dim has-custom-content-position is-position-bottom-left pad-5\" style=\"background-color:#161228;min-height:600px\"><div class=\"wp-block-cover__inner-container\">\n<h1>Annual Reports<\/h1>\n<\/div><\/div>\n\n\n\n<div class=\"is-layout-flow wp-block-group pad-5\"><div class=\"wp-block-group__inner-container\">\n<p>Annual Report (Under Review)<\/p>\n<\/div><\/div>\n\n\n\n<p><\/p>","protected":false},"excerpt":{"rendered":"<p>Annual Report (Under Review)<\/p>","protected":false},"author":1,"featured_media":0,"parent":0,"menu_order":0,"comment_status":"closed","ping_status":"closed","template":"","meta":{"advgb_blocks_editor_width":"","advgb_blocks_columns_visual_guide":""},"acf":[],"coauthors":[],"author_meta":{"author_link":"https:\/\/aims-cameroon.org\/fr\/author\/chris\/","display_name":"chris"},"relative_dates":{"created":"Publi\u00e9 6 ans il y a","modified":"Mis \u00e0 jour 5 ans il y a"},"absolute_dates":{"created":"Publi\u00e9 le septembre 21, 2020","modified":"Mise \u00e0 jour le juillet 19, 2021"},"absolute_dates_time":{"created":"Publi\u00e9 le septembre 21, 2020 9:49  ","modified":"Mise \u00e0 jour le juillet 19, 2021 9:04  "},"featured_img_caption":"","featured_img":false,"series_order":"","_links":{"self":[{"href":"https:\/\/aims-cameroon.org\/fr\/wp-json\/wp\/v2\/pages\/199"}],"collection":[{"href":"https:\/\/aims-cameroon.org\/fr\/wp-json\/wp\/v2\/pages"}],"about":[{"href":"https:\/\/aims-cameroon.org\/fr\/wp-json\/wp\/v2\/types\/page"}],"author":[{"embeddable":true,"href":"https:\/\/aims-cameroon.org\/fr\/wp-json\/wp\/v2\/users\/1"}],"replies":[{"embeddable":true,"href":"https:\/\/aims-cameroon.org\/fr\/wp-json\/wp\/v2\/comments?post=199"}],"version-history":[{"count":6,"href":"https:\/\/aims-cameroon.org\/fr\/wp-json\/wp\/v2\/pages\/199\/revisions"}],"predecessor-version":[{"id":3359,"href":"https:\/\/aims-cameroon.org\/fr\/wp-json\/wp\/v2\/pages\/199\/revisions\/3359"}],"wp:attachment":[{"href":"https:\/\/aims-cameroon.org\/fr\/wp-json\/wp\/v2\/media?parent=199"}],"curies":[{"name":"wp","href":"https:\/\/api.w.org\/{rel}","templated":true}]}}