{"id":220,"date":"2020-09-22T06:46:47","date_gmt":"2020-09-22T06:46:47","guid":{"rendered":"https:\/\/aims-cameroon.org\/?page_id=220"},"modified":"2021-07-19T09:04:37","modified_gmt":"2021-07-19T09:04:37","slug":"aims-masters-in-mathematical-sciences","status":"publish","type":"page","link":"https:\/\/aims-cameroon.org\/fr\/aims-masters-in-mathematical-sciences\/","title":{"rendered":"Master AIMS en sciences math\u00e9matiques"},"content":{"rendered":"<div class=\"wp-block-cover has-background-dim-30 has-background-dim has-custom-content-position is-position-bottom-left pad-5\" style=\"background-image:url(https:\/\/aims-cameroon.org\/wp-content\/uploads\/sites\/6\/2020\/09\/Amended-Layouts_Page_13_Image_0002.jpg);background-color:#161228;min-height:600px\"><div class=\"wp-block-cover__inner-container\">\n<h1>Master AIMS en sciences math\u00e9matiques<\/h1>\n<\/div><\/div>\n\n\n\n<div style=\"height:40px\" aria-hidden=\"true\" class=\"wp-block-spacer\"><\/div>\n\n\n\n<div class=\"wp-block-advgb-columns advgb-columns-wrapper\" id=\"advgb-cols-eeee02ee-087a-4d02-b4a6-793ae17f4c85\"><div class=\"advgb-columns-container\"><div class=\"advgb-columns advgb-columns-row advgb-is-mobile advgb-columns-2 layout-12-12 mbl-layout-stacked vgutter-10\">\n<div class=\"wp-block-advgb-column advgb-column advgb-is-half-tablet advgb-is-full-mobile\" id=\"advgb-col-dfe55014-26a5-4132-b517-6f48db56c722\"><div class=\"advgb-column-inner\" style=\"border-style:none;border-width:1px\">\n<div class=\"wp-block-cover\" style=\"background-image:url(https:\/\/aims-cameroon.org\/wp-content\/uploads\/sites\/6\/2020\/09\/Amended-Layouts_Page_14_Image_0003.jpg);min-height:500px\"><div class=\"wp-block-cover__inner-container\">\n<p class=\"has-text-align-center has-large-font-size\"><\/p>\n<\/div><\/div>\n<\/div><\/div>\n\n\n\n<div class=\"wp-block-advgb-column advgb-column advgb-is-half-tablet advgb-is-full-mobile\" id=\"advgb-col-2d926031-8bc5-4d55-ab22-cd26ccd44fce\"><div class=\"advgb-column-inner\" style=\"border-style:none;border-width:1px\">\n<div class=\"is-layout-flow wp-block-group pad-5-10\"><div class=\"wp-block-group__inner-container\">\n<h2>Programme de ma\u00eetrise structur\u00e9<\/h2>\n\n\n\n<p>Lorem ipsum dolor sit amet, consectetur adipiscing elit, sed do eiusmod tempor incididunt ut labore et dolore magna aliqua. Ut enim ad minim veniam, quis nostrud exercice ullamco laboris nisi ut aliquip ex ea commodo cons\u00e9quat. Duis aute irure dolor in reprehenderit in voluptate velit esse cillum dolore eu fugiat nulla pariatur. Excepteur sint occaecat cupidatat non proident, sunt in culpa qui officia deserunt mollit anim id est laborum.<\/p>\n\n\n\n<div style=\"height:20px\" aria-hidden=\"true\" class=\"wp-block-spacer\"><\/div>\n\n\n\n<div class=\"is-layout-flex wp-block-buttons\">\n<div class=\"wp-block-button bg-alt\"><a class=\"wp-block-button__link no-border-radius\" href=\"..\/structured-masters-program\/\">Lire la suite<\/a><\/div>\n<\/div>\n<\/div><\/div>\n<\/div><\/div>\n<\/div><\/div><\/div>\n\n\n\n<div class=\"wp-block-advgb-columns advgb-columns-wrapper\" id=\"advgb-cols-e78941e8-2dc0-4214-88f0-4df566312dc6\"><div class=\"advgb-columns-container\"><div class=\"advgb-columns advgb-columns-row advgb-is-mobile columns-valign-full advgb-columns-2 layout-12-12 mbl-layout-stacked vgutter-10\">\n<div class=\"wp-block-advgb-column advgb-column advgb-is-half-tablet advgb-is-full-mobile\" id=\"advgb-col-cf644a15-8896-4d95-9280-b891f365b00a\"><div class=\"advgb-column-inner\" style=\"border-style:none;border-width:1px\">\n<div class=\"is-layout-flow wp-block-group pad-5-10\"><div class=\"wp-block-group__inner-container\">\n<h2>Programme d&#039;\u00e9ducation coop\u00e9rative<\/h2>\n\n\n\n<p>Lorem ipsum dolor sit amet, consectetur adipiscing elit, sed do eiusmod tempor incididunt ut labore et dolore magna aliqua. Ut enim ad minim veniam, quis nostrud exercice ullamco laboris nisi ut aliquip ex ea commodo cons\u00e9quat. Duis aute irure dolor in reprehenderit in voluptate velit esse cillum dolore eu fugiat nulla pariatur. Excepteur sint occaecat cupidatat non proident, sunt in culpa qui officia deserunt mollit anim id est laborum.<\/p>\n\n\n\n<div style=\"height:20px\" aria-hidden=\"true\" class=\"wp-block-spacer\"><\/div>\n\n\n\n<div class=\"is-layout-flex wp-block-buttons\">\n<div class=\"wp-block-button bg-alt\"><a class=\"wp-block-button__link\" href=\"..\/co-operative-education-program\/\">Lire la suite<\/a><\/div>\n<\/div>\n<\/div><\/div>\n<\/div><\/div>\n\n\n\n<div class=\"wp-block-advgb-column advgb-column advgb-is-half-tablet advgb-is-full-mobile\" id=\"advgb-col-3bbfa405-7640-44a2-9a1f-343132880e7b\"><div class=\"advgb-column-inner\" style=\"border-style:none;border-width:1px\">\n<div class=\"wp-block-cover\" style=\"background-image:url(https:\/\/aims-cameroon.org\/wp-content\/uploads\/sites\/6\/2020\/09\/Amended-Layouts_Page_14_Image_0001.jpg);min-height:500px\"><div class=\"wp-block-cover__inner-container\">\n<p class=\"has-text-align-center has-large-font-size\"><\/p>\n<\/div><\/div>\n<\/div><\/div>\n<\/div><\/div><\/div>\n\n\n\n<div class=\"wp-block-advgb-columns advgb-columns-wrapper\" id=\"advgb-cols-6e54ef6b-140a-4359-9400-4d2238b3d5a2\"><div class=\"advgb-columns-container\"><div class=\"advgb-columns advgb-columns-row advgb-is-mobile advgb-columns-2 layout-12-12 mbl-layout-stacked vgutter-10\">\n<div class=\"wp-block-advgb-column advgb-column advgb-is-half-tablet advgb-is-full-mobile\" id=\"advgb-col-89efb78f-c47b-445a-ba74-21adbd9683cc\"><div class=\"advgb-column-inner\" style=\"border-style:none;border-width:1px\">\n<div class=\"wp-block-cover\" style=\"background-image:url(https:\/\/aims-cameroon.org\/wp-content\/uploads\/sites\/6\/2020\/09\/Amended-Layouts_Page_13_Image_0005.jpg);min-height:500px\"><div class=\"wp-block-cover__inner-container\">\n<p class=\"has-text-align-center has-large-font-size\"><\/p>\n<\/div><\/div>\n<\/div><\/div>\n\n\n\n<div class=\"wp-block-advgb-column advgb-column advgb-is-half-tablet advgb-is-full-mobile\" id=\"advgb-col-105017f4-3811-4a02-8dd8-eab3de55026a\"><div class=\"advgb-column-inner\" style=\"border-style:none;border-width:1px\">\n<div class=\"is-layout-flow wp-block-group pad-5-10\"><div class=\"wp-block-group__inner-container\">\n<h2>Programme de bourses Mastercard Foundation<\/h2>\n\n\n\n<p>Lorem ipsum dolor sit amet, consectetur adipiscing elit, sed do eiusmod tempor incididunt ut labore et dolore magna aliqua. Ut enim ad minim veniam, quis nostrud exercice ullamco laboris nisi ut aliquip ex ea commodo cons\u00e9quat. Duis aute irure dolor in reprehenderit in voluptate velit esse cillum dolore eu fugiat nulla pariatur. Excepteur sint occaecat cupidatat non proident, sunt in culpa qui officia deserunt mollit anim id est laborum.<\/p>\n\n\n\n<div style=\"height:20px\" aria-hidden=\"true\" class=\"wp-block-spacer\"><\/div>\n\n\n\n<div class=\"is-layout-flex wp-block-buttons\">\n<div class=\"wp-block-button bg-alt\"><a class=\"wp-block-button__link\">Visitez MFS<\/a><\/div>\n<\/div>\n<\/div><\/div>\n<\/div><\/div>\n<\/div><\/div><\/div>\n\n\n\n<div class=\"wp-block-advgb-columns advgb-columns-wrapper\" id=\"advgb-cols-e441d088-d397-48b7-9128-15587052e4fb\"><div class=\"advgb-columns-container\"><div class=\"advgb-columns advgb-columns-row advgb-is-mobile columns-valign-full advgb-columns-2 layout-12-12 mbl-layout-stacked vgutter-10\">\n<div class=\"wp-block-advgb-column advgb-column advgb-is-half-tablet advgb-is-full-mobile\" id=\"advgb-col-65c2efff-d55d-4153-a0c0-490f1f7da306\"><div class=\"advgb-column-inner\" style=\"border-style:none;border-width:1px\">\n<div class=\"is-layout-flow wp-block-group pad-5-10\"><div class=\"wp-block-group__inner-container\">\n<h2>Master africain en intelligence artificielle<\/h2>\n\n\n\n<p>Lorem ipsum dolor sit amet, consectetur adipiscing elit, sed do eiusmod tempor incididunt ut labore et dolore magna aliqua. Ut enim ad minim veniam, quis nostrud exercice ullamco laboris nisi ut aliquip ex ea commodo cons\u00e9quat. Duis aute irure dolor in reprehenderit in voluptate velit esse cillum dolore eu fugiat nulla pariatur. Excepteur sint occaecat cupidatat non proident, sunt in culpa qui officia deserunt mollit anim id est laborum.<\/p>\n\n\n\n<div style=\"height:20px\" aria-hidden=\"true\" class=\"wp-block-spacer\"><\/div>\n\n\n\n<div class=\"is-layout-flex wp-block-buttons\">\n<div class=\"wp-block-button bg-alt\"><a class=\"wp-block-button__link\" href=\"..\/african-masters-in-machine-learning\/\">Lire la suite<\/a><\/div>\n<\/div>\n<\/div><\/div>\n<\/div><\/div>\n\n\n\n<div class=\"wp-block-advgb-column advgb-column advgb-is-half-tablet advgb-is-full-mobile\" id=\"advgb-col-b164b6cc-8062-4010-a464-ace238e0950d\"><div class=\"advgb-column-inner\" style=\"border-style:none;border-width:1px\">\n<div class=\"wp-block-cover\" style=\"background-image:url(https:\/\/aims-cameroon.org\/wp-content\/uploads\/sites\/6\/2020\/09\/Amended-Layouts_Page_14_Image_0004.jpg);min-height:500px\"><div class=\"wp-block-cover__inner-container\">\n<p class=\"has-text-align-center has-large-font-size\"><\/p>\n<\/div><\/div>\n<\/div><\/div>\n<\/div><\/div><\/div>\n\n\n\n<div class=\"wp-block-advgb-columns advgb-columns-wrapper\" id=\"advgb-cols-4042d0de-c13c-4c1f-8c1b-09f81dd0e39b\"><div class=\"advgb-columns-container\"><div class=\"advgb-columns advgb-columns-row advgb-is-mobile advgb-columns-2 layout-12-12 mbl-layout-stacked vgutter-10\">\n<div class=\"wp-block-advgb-column advgb-column advgb-is-half-tablet advgb-is-full-mobile\" id=\"advgb-col-dbfebcad-7864-4896-bc58-ba2ea78acbd0\"><div class=\"advgb-column-inner\" style=\"border-style:none;border-width:1px\">\n<div class=\"wp-block-cover\" style=\"background-image:url(https:\/\/aims-cameroon.org\/wp-content\/uploads\/sites\/6\/2020\/09\/Amended-Layouts_Page_03_Image_0001.jpg);min-height:500px\"><div class=\"wp-block-cover__inner-container\">\n<p class=\"has-text-align-center has-large-font-size\"><\/p>\n<\/div><\/div>\n<\/div><\/div>\n\n\n\n<div class=\"wp-block-advgb-column advgb-column advgb-is-half-tablet advgb-is-full-mobile\" id=\"advgb-col-bed0943b-9692-4129-9012-b2aa02d4e119\"><div class=\"advgb-column-inner\" style=\"border-style:none;border-width:1px\">\n<div class=\"is-layout-flow wp-block-group pad-5-10\"><div class=\"wp-block-group__inner-container\">\n<h2>Ressources<\/h2>\n\n\n\n<p>Lorem ipsum dolor sit amet, consectetur adipiscing elit, sed do eiusmod tempor incididunt ut labore et dolore magna aliqua. Ut enim ad minim veniam, quis nostrud exercice ullamco laboris nisi ut aliquip ex ea commodo cons\u00e9quat. Duis aute irure dolor in reprehenderit in voluptate velit esse cillum dolore eu fugiat nulla pariatur. Excepteur sint occaecat cupidatat non proident, sunt in culpa qui officia deserunt mollit anim id est laborum.<\/p>\n\n\n\n<div style=\"height:20px\" aria-hidden=\"true\" class=\"wp-block-spacer\"><\/div>\n\n\n\n<div class=\"is-layout-flow wp-block-group flex-grp\"><div class=\"wp-block-group__inner-container\">\n<div class=\"is-layout-flex wp-block-buttons\">\n<div class=\"wp-block-button bg-alt\"><a class=\"wp-block-button__link no-border-radius\">Lire la suite<\/a><\/div>\n<\/div>\n<\/div><\/div>\n<\/div><\/div>\n<\/div><\/div>\n<\/div><\/div><\/div>\n<style class=\"advgb-styles-renderer\">#advgb-cols-eeee02ee-087a-4d02-b4a6-793ae17f4c85{}@media screen and (max-width: 1023px) {#advgb-cols-eeee02ee-087a-4d02-b4a6-793ae17f4c85{}}@media screen and (max-width: 767px) {#advgb-cols-eeee02ee-087a-4d02-b4a6-793ae17f4c85{}}#advgb-col-dfe55014-26a5-4132-b517-6f48db56c722>.advgb-column-inner{}@media screen and (max-width: 1023px) {#advgb-col-dfe55014-26a5-4132-b517-6f48db56c722>.advgb-column-inner{}}@media screen and (max-width: 767px) {#advgb-col-dfe55014-26a5-4132-b517-6f48db56c722>.advgb-column-inner{}}#advgb-col-2d926031-8bc5-4d55-ab22-cd26ccd44fce>.advgb-column-inner{}@media screen and (max-width: 1023px) {#advgb-col-2d926031-8bc5-4d55-ab22-cd26ccd44fce>.advgb-column-inner{}}@media screen and (max-width: 767px) {#advgb-col-2d926031-8bc5-4d55-ab22-cd26ccd44fce>.advgb-column-inner{}}#advgb-cols-e78941e8-2dc0-4214-88f0-4df566312dc6{}@media screen and (max-width: 1023px) {#advgb-cols-e78941e8-2dc0-4214-88f0-4df566312dc6{}}@media screen and (max-width: 767px) {#advgb-cols-e78941e8-2dc0-4214-88f0-4df566312dc6{}}#advgb-col-cf644a15-8896-4d95-9280-b891f365b00a>.advgb-column-inner{}@media screen and (max-width: 1023px) {#advgb-col-cf644a15-8896-4d95-9280-b891f365b00a>.advgb-column-inner{}}@media screen and (max-width: 767px) {#advgb-col-cf644a15-8896-4d95-9280-b891f365b00a>.advgb-column-inner{}}#advgb-col-3bbfa405-7640-44a2-9a1f-343132880e7b>.advgb-column-inner{}@media screen and (max-width: 1023px) {#advgb-col-3bbfa405-7640-44a2-9a1f-343132880e7b>.advgb-column-inner{}}@media screen and (max-width: 767px) {#advgb-col-3bbfa405-7640-44a2-9a1f-343132880e7b>.advgb-column-inner{}}#advgb-cols-6e54ef6b-140a-4359-9400-4d2238b3d5a2{}@media screen and (max-width: 1023px) {#advgb-cols-6e54ef6b-140a-4359-9400-4d2238b3d5a2{}}@media screen and (max-width: 767px) {#advgb-cols-6e54ef6b-140a-4359-9400-4d2238b3d5a2{}}#advgb-col-89efb78f-c47b-445a-ba74-21adbd9683cc>.advgb-column-inner{}@media screen and (max-width: 1023px) {#advgb-col-89efb78f-c47b-445a-ba74-21adbd9683cc>.advgb-column-inner{}}@media screen and (max-width: 767px) {#advgb-col-89efb78f-c47b-445a-ba74-21adbd9683cc>.advgb-column-inner{}}#advgb-col-105017f4-3811-4a02-8dd8-eab3de55026a>.advgb-column-inner{}@media screen and (max-width: 1023px) {#advgb-col-105017f4-3811-4a02-8dd8-eab3de55026a>.advgb-column-inner{}}@media screen and (max-width: 767px) {#advgb-col-105017f4-3811-4a02-8dd8-eab3de55026a>.advgb-column-inner{}}#advgb-cols-e441d088-d397-48b7-9128-15587052e4fb{}@media screen and (max-width: 1023px) {#advgb-cols-e441d088-d397-48b7-9128-15587052e4fb{}}@media screen and (max-width: 767px) {#advgb-cols-e441d088-d397-48b7-9128-15587052e4fb{}}#advgb-col-65c2efff-d55d-4153-a0c0-490f1f7da306>.advgb-column-inner{}@media screen and (max-width: 1023px) {#advgb-col-65c2efff-d55d-4153-a0c0-490f1f7da306>.advgb-column-inner{}}@media screen and (max-width: 767px) {#advgb-col-65c2efff-d55d-4153-a0c0-490f1f7da306>.advgb-column-inner{}}#advgb-col-b164b6cc-8062-4010-a464-ace238e0950d>.advgb-column-inner{}@media screen and (max-width: 1023px) {#advgb-col-b164b6cc-8062-4010-a464-ace238e0950d>.advgb-column-inner{}}@media screen and (max-width: 767px) {#advgb-col-b164b6cc-8062-4010-a464-ace238e0950d>.advgb-column-inner{}}#advgb-cols-4042d0de-c13c-4c1f-8c1b-09f81dd0e39b{}@media screen and (max-width: 1023px) {#advgb-cols-4042d0de-c13c-4c1f-8c1b-09f81dd0e39b{}}@media screen and (max-width: 767px) {#advgb-cols-4042d0de-c13c-4c1f-8c1b-09f81dd0e39b{}}#advgb-col-dbfebcad-7864-4896-bc58-ba2ea78acbd0>.advgb-column-inner{}@media screen and (max-width: 1023px) {#advgb-col-dbfebcad-7864-4896-bc58-ba2ea78acbd0>.advgb-column-inner{}}@media screen and (max-width: 767px) {#advgb-col-dbfebcad-7864-4896-bc58-ba2ea78acbd0>.advgb-column-inner{}}#advgb-col-bed0943b-9692-4129-9012-b2aa02d4e119>.advgb-column-inner{}@media screen and (max-width: 1023px) {#advgb-col-bed0943b-9692-4129-9012-b2aa02d4e119>.advgb-column-inner{}}@media screen and (max-width: 767px) {#advgb-col-bed0943b-9692-4129-9012-b2aa02d4e119>.advgb-column-inner{}}<\/style>","protected":false},"excerpt":{"rendered":"","protected":false},"author":1,"featured_media":0,"parent":0,"menu_order":0,"comment_status":"closed","ping_status":"closed","template":"","meta":{"advgb_blocks_editor_width":"","advgb_blocks_columns_visual_guide":""},"acf":[],"coauthors":[],"author_meta":{"author_link":"https:\/\/aims-cameroon.org\/fr\/author\/chris\/","display_name":"chris"},"relative_dates":{"created":"Publi\u00e9 6 ans il y a","modified":"Mis \u00e0 jour 5 ans il y a"},"absolute_dates":{"created":"Publi\u00e9 le septembre 22, 2020","modified":"Mise \u00e0 jour le juillet 19, 2021"},"absolute_dates_time":{"created":"Publi\u00e9 le septembre 22, 2020 6:46  ","modified":"Mise \u00e0 jour le juillet 19, 2021 9:04  "},"featured_img_caption":"","featured_img":false,"series_order":"","_links":{"self":[{"href":"https:\/\/aims-cameroon.org\/fr\/wp-json\/wp\/v2\/pages\/220"}],"collection":[{"href":"https:\/\/aims-cameroon.org\/fr\/wp-json\/wp\/v2\/pages"}],"about":[{"href":"https:\/\/aims-cameroon.org\/fr\/wp-json\/wp\/v2\/types\/page"}],"author":[{"embeddable":true,"href":"https:\/\/aims-cameroon.org\/fr\/wp-json\/wp\/v2\/users\/1"}],"replies":[{"embeddable":true,"href":"https:\/\/aims-cameroon.org\/fr\/wp-json\/wp\/v2\/comments?post=220"}],"version-history":[{"count":6,"href":"https:\/\/aims-cameroon.org\/fr\/wp-json\/wp\/v2\/pages\/220\/revisions"}],"predecessor-version":[{"id":841,"href":"https:\/\/aims-cameroon.org\/fr\/wp-json\/wp\/v2\/pages\/220\/revisions\/841"}],"wp:attachment":[{"href":"https:\/\/aims-cameroon.org\/fr\/wp-json\/wp\/v2\/media?parent=220"}],"curies":[{"name":"wp","href":"https:\/\/api.w.org\/{rel}","templated":true}]}}