{"id":257,"date":"2020-09-22T08:52:28","date_gmt":"2020-09-22T08:52:28","guid":{"rendered":"https:\/\/aims-cameroon.org\/?page_id=257"},"modified":"2021-07-19T09:04:37","modified_gmt":"2021-07-19T09:04:37","slug":"aims-library","status":"publish","type":"page","link":"https:\/\/aims-cameroon.org\/fr\/aims-library\/","title":{"rendered":"Biblioth\u00e8que AIMS"},"content":{"rendered":"<div class=\"wp-block-cover has-background-dim-30 has-background-dim has-custom-content-position is-position-bottom-left pad-5\" style=\"background-color:#161228;min-height:600px\"><img decoding=\"async\" loading=\"lazy\" width=\"2560\" height=\"1707\" class=\"wp-block-cover__image-background wp-image-1898\" alt=\"\" src=\"https:\/\/aims-cameroon.org\/wp-content\/uploads\/sites\/6\/2021\/03\/DSC_0416-scaled.jpg\" data-object-fit=\"cover\" srcset=\"https:\/\/aims-cameroon.org\/wp-content\/uploads\/sites\/6\/2021\/03\/DSC_0416-scaled.jpg 2560w, https:\/\/aims-cameroon.org\/wp-content\/uploads\/sites\/6\/2021\/03\/DSC_0416-300x200.jpg 300w, https:\/\/aims-cameroon.org\/wp-content\/uploads\/sites\/6\/2021\/03\/DSC_0416-1024x683.jpg 1024w, https:\/\/aims-cameroon.org\/wp-content\/uploads\/sites\/6\/2021\/03\/DSC_0416-768x512.jpg 768w, https:\/\/aims-cameroon.org\/wp-content\/uploads\/sites\/6\/2021\/03\/DSC_0416-1536x1024.jpg 1536w, https:\/\/aims-cameroon.org\/wp-content\/uploads\/sites\/6\/2021\/03\/DSC_0416-2048x1365.jpg 2048w, https:\/\/aims-cameroon.org\/wp-content\/uploads\/sites\/6\/2021\/03\/DSC_0416-16x12.jpg 16w\" sizes=\"(max-width: 2560px) 100vw, 2560px\" \/><div class=\"wp-block-cover__inner-container\">\n<h1>Biblioth\u00e8que AIMS<\/h1>\n<\/div><\/div>\n\n\n\n<div class=\"is-layout-flow wp-block-group pad-5\"><div class=\"wp-block-group__inner-container\">\n<p>La biblioth\u00e8que d&#039;AIMS Cameroun est \u00e9quip\u00e9e d&#039;une grande vari\u00e9t\u00e9 de publications qui permettent aux \u00e9tudiants de chercher plus loin non seulement plus d&#039;informations pour compl\u00e9ter leurs devoirs quotidiens, mais aussi d&#039;explorer les recherches publi\u00e9es qui pourraient les guider dans leurs futurs r\u00f4les de r\u00e9solveurs de probl\u00e8mes en Afrique.<\/p>\n\n\n\n<p>La direction d&#039;AIMS Cameroun s&#039;efforce de faire en sorte que davantage de livres soient ajout\u00e9s \u00e0 la biblioth\u00e8que \u00e0 chaque occasion. En 2019-2020, AIMS Cameroun a postul\u00e9 avec succ\u00e8s au programme de volontariat des enseignants de l&#039;Union math\u00e9matique internationale et a re\u00e7u des livres d&#039;une valeur de plus de 1000 \u20ac pour la biblioth\u00e8que. Des plans sont \u00e9galement en cours pour acqu\u00e9rir plus de livres pour la biblioth\u00e8que. <\/p>\n\n\n\n<p>AIMS Cameroun a \u00e9galement cr\u00e9\u00e9 une biblioth\u00e8que num\u00e9rique qui compte d\u00e9sormais plus de 360 publications li\u00e9es \u00e0 divers domaines d&#039;\u00e9tudes scientifiques et accessible aux \u00e9tudiants d&#039;AIMS Cameroun. . <\/p>\n<\/div><\/div>\n\n\n\n<div class=\"wp-block-cover has-background-dim search-filters\"><img decoding=\"async\" loading=\"lazy\" width=\"700\" height=\"431\" class=\"wp-block-cover__image-background wp-image-1717\" alt=\"\" src=\"https:\/\/aims-cameroon.org\/wp-content\/uploads\/sites\/6\/2021\/02\/DSC06130.jpg\" data-object-fit=\"cover\" srcset=\"https:\/\/aims-cameroon.org\/wp-content\/uploads\/sites\/6\/2021\/02\/DSC06130.jpg 700w, https:\/\/aims-cameroon.org\/wp-content\/uploads\/sites\/6\/2021\/02\/DSC06130-300x185.jpg 300w, https:\/\/aims-cameroon.org\/wp-content\/uploads\/sites\/6\/2021\/02\/DSC06130-16x10.jpg 16w\" sizes=\"(max-width: 700px) 100vw, 700px\" \/><div class=\"wp-block-cover__inner-container\"><form data-sf-form-id='256' data-is-rtl='0' data-maintain-state='' data-results-url='https:\/\/aims-cameroon.org\/aims-library' data-ajax-url='https:\/\/aims-cameroon.org\/fr\/?sfid=256&amp;sf_action=get_data&amp;sf_data=results' data-ajax-form-url='https:\/\/aims-cameroon.org\/fr\/?sfid=256&amp;sf_action=get_data&amp;sf_data=form' data-display-result-method='shortcode' data-use-history-api='1' data-template-loaded='0' data-lang-code='fr' data-ajax='1' data-ajax-data-type='json' data-ajax-links-selector='.pagination a' data-ajax-target='#search-filter-results-256' data-ajax-pagination-type='normal' data-update-ajax-url='1' data-only-results-ajax='1' data-scroll-to-pos='0' data-init-paged='1' data-auto-update='1' action='https:\/\/aims-cameroon.org\/fr\/aims-library\/' method='post' class='searchandfilter' id='search-filter-form-256' autocomplete='off' data-instance-count='1' data-trp-original-action=\"https:\/\/aims-cameroon.org\/aims-library\"><ul><li class=\"sf-field-taxonomy-subject_types\" data-sf-field-name=\"_sft_subject_types\" data-sf-field-type=\"taxonomy\" data-sf-field-input-type=\"select\">\t\t<label>\r\n\t\t\t\t<select name=\"_sft_subject_types[]\" class=\"sf-input-select\" title=\"\">\r\n\t\t\t\r\n\t\t\t\t\t\t<option class=\"sf-level-0 sf-item-0 sf-option-active\" selected=\"selected\" data-sf-count=\"0\" data-sf-depth=\"0\" value=\"\">Mati\u00e8re<\/option>\r\n\t\t\t\t\t\t<option class=\"sf-level-0 sf-item-74\" data-sf-count=\"2\" data-sf-depth=\"0\" value=\"atomic-molecular-structures\">Atomic &amp; Molecular Structures<\/option>\r\n\t\t\t\t\t\t<option class=\"sf-level-0 sf-item-21\" data-sf-count=\"0\" data-sf-depth=\"0\" value=\"computer-science\">L&#039;informatique<\/option>\r\n\t\t\t\t\t\t<option class=\"sf-level-0 sf-item-69\" data-sf-count=\"0\" data-sf-depth=\"0\" value=\"machine-learning\">Machine Learning<\/option>\r\n\t\t\t\t\t\t<option class=\"sf-level-0 sf-item-72\" data-sf-count=\"1\" data-sf-depth=\"0\" value=\"machine-learning-and-data-science\">Machine Learning and Data Science<\/option>\r\n\t\t\t\t\t\t<option class=\"sf-level-0 sf-item-71\" data-sf-count=\"9\" data-sf-depth=\"0\" value=\"mathematical-modelling\">Mathematical Modelling<\/option>\r\n\t\t\t\t\t\t<option class=\"sf-level-0 sf-item-20\" data-sf-count=\"21\" data-sf-depth=\"0\" value=\"mathematics\">Math\u00e9matiques<\/option>\r\n\t\t\t\t\t\t<option class=\"sf-level-0 sf-item-73\" data-sf-count=\"3\" data-sf-depth=\"0\" value=\"physics\">La physique<\/option>\r\n\t\t\t\t\t<\/select>\r\n\t\t<\/label>\t\t<\/li><li class=\"sf-field-taxonomy-library_types\" data-sf-field-name=\"_sft_library_types\" data-sf-field-type=\"taxonomy\" data-sf-field-input-type=\"select\">\t\t<label>\r\n\t\t\t\t<select name=\"_sft_library_types[]\" class=\"sf-input-select\" title=\"\">\r\n\t\t\t\r\n\t\t\t\t\t\t<option class=\"sf-level-0 sf-item-0 sf-option-active\" selected=\"selected\" data-sf-count=\"0\" data-sf-depth=\"0\" value=\"\">Taper<\/option>\r\n\t\t\t\t\t\t<option class=\"sf-level-0 sf-item-18\" data-sf-count=\"0\" data-sf-depth=\"0\" value=\"pdf\">PDF<\/option>\r\n\t\t\t\t\t\t<option class=\"sf-level-0 sf-item-19\" data-sf-count=\"0\" data-sf-depth=\"0\" value=\"word\">Mot<\/option>\r\n\t\t\t\t\t<\/select>\r\n\t\t<\/label>\t\t<\/li><li class=\"sf-field-search\" data-sf-field-name=\"search\" data-sf-field-type=\"search\" data-sf-field-input-type=\"\">\t\t<label><input placeholder=\"Chercher \u2026\" name=\"_sf_search[]\" class=\"sf-input-text\" type=\"text\" value=\"\" title=\"\"><\/label>\t\t<\/li><\/ul><input type=\"hidden\" name=\"trp-form-language\" value=\"fr\"\/><\/form>\n<\/div><\/div>\n\n\n\n<div class=\"is-layout-flow wp-block-group pad-5\"><div class=\"wp-block-group__inner-container\"><div class=\"search-filter-results\" id=\"search-filter-results-256\">\t\n\t\n\t<div class=\"pagination\">\n\t\t\t<\/div>\n\t\n\t\t\n\n\n\n\t\t\n\n\n\n\t<div class=\"publication-card  pad-2 shadow\"> \n\n\n\n\t\t<h3> Alg\u00e8bre abstraite avanc\u00e9e<\/h3>\n\n\t\t<p class=\"pub-content\"> \n<p>Universit\u00e9 Manonmaniam Sundaranar<\/p>\n<\/p>\n\n\n\n\n<a class=\"btn-prime bg-alt\" target=\"_blank\" href=\"https:\/\/aims-cameroon.org\/wp-content\/uploads\/sites\/6\/2021\/05\/Advanced-Abstract-Algebra-by-Manonmaniam-Sundaranar-University.pdf\"> Afficher le document <\/a>\n\n\t<\/div>\n\n\n\n\n\n\n\n\n\n\n\n\n\t\t\t\n\n\n\n\t\t\n\n\n\n\t<div class=\"publication-card  pad-2 shadow\"> \n\n\n\n\t\t<h3> Introduction aux \u00e9quations diff\u00e9rentielles<\/h3>\n\n\t\t<p class=\"pub-content\"> \n<p>Jeffrey R. Chasnov<\/p>\n<\/p>\n\n\n\n\n<a class=\"btn-prime bg-alt\" target=\"_blank\" href=\"https:\/\/aims-cameroon.org\/wp-content\/uploads\/sites\/6\/2021\/05\/Introduction-to-Differential-Equations.pdf\"> Afficher le document <\/a>\n\n\t<\/div>\n\n\n\n\n\n\n\n\n\n\n\n\n\t\t\t\n\n\n\n\t\t\n\n\n\n\t<div class=\"publication-card  pad-2 shadow\"> \n\n\n\n\t\t<h3> Les fondements des math\u00e9matiques<\/h3>\n\n\t\t<p class=\"pub-content\"> \n<p>Kenneth Kunen<\/p>\n<\/p>\n\n\n\n\n<a class=\"btn-prime bg-alt\" target=\"_blank\" href=\"https:\/\/aims-cameroon.org\/wp-content\/uploads\/sites\/6\/2021\/05\/The-Foundations-of-Mathematics.pdf\"> Afficher le document <\/a>\n\n\t<\/div>\n\n\n\n\n\n\n\n\n\n\n\n\n\t\t\t\n\n\n\n\t\t\n\n\n\n\t<div class=\"publication-card  pad-2 shadow\"> \n\n\n\n\t\t<h3> Collecteurs riemanniens avec structures g\u00e9om\u00e9triques<\/h3>\n\n\t\t<p class=\"pub-content\"> \n<p>Alexander A. Ermolitski<\/p>\n<\/p>\n\n\n\n\n<a class=\"btn-prime bg-alt\" target=\"_blank\" href=\"https:\/\/aims-cameroon.org\/wp-content\/uploads\/sites\/6\/2021\/05\/Riemannian-manifolds-with-geometric-structures.pdf\"> Afficher le document <\/a>\n\n\t<\/div>\n\n\n\n\n\n\n\n\n\n\n\n\n\t\t\t\n\n\n\n\t\t\n\n\n\n\t<div class=\"publication-card  pad-2 shadow\"> \n\n\n\n\t\t<h3> Introduction \u00e0 l&#039;analyse math\u00e9matique<\/h3>\n\n\t\t<p class=\"pub-content\"> \n<p>John E. Hutchinson<\/p>\n<\/p>\n\n\n\n\n<a class=\"btn-prime bg-alt\" target=\"_blank\" href=\"https:\/\/aims-cameroon.org\/wp-content\/uploads\/sites\/6\/2021\/05\/Introduction-To-Mathematical-Analysis.pdf\"> Afficher le document <\/a>\n\n\t<\/div>\n\n\n\n\n\n\n\n\n\n\n\n\n\t\t\t\n\t<div class=\"pagination\">\n<div class=\"paginate-inner\">\t<span class=\"page-tag\"><\/span>\n\t\t<\/div>\n\t<\/div>\n\t<\/div>\n<\/div><\/div>","protected":false},"excerpt":{"rendered":"<p>AIMS Cameroon\u2019s library is equipped with a wide variety of publications that enable the students search further not only for more information to complete their daily assignments but also to explore published research which could guide them in their future roles as problem solvers in Africa. The management of AIMS Cameroon endeavours to ensure that<\/p>","protected":false},"author":1,"featured_media":0,"parent":0,"menu_order":0,"comment_status":"closed","ping_status":"closed","template":"","meta":{"advgb_blocks_editor_width":"","advgb_blocks_columns_visual_guide":""},"acf":[],"coauthors":[],"author_meta":{"author_link":"https:\/\/aims-cameroon.org\/fr\/author\/chris\/","display_name":"chris"},"relative_dates":{"created":"Publi\u00e9 6 ans il y a","modified":"Mis \u00e0 jour 5 ans il y a"},"absolute_dates":{"created":"Publi\u00e9 le septembre 22, 2020","modified":"Mise \u00e0 jour le juillet 19, 2021"},"absolute_dates_time":{"created":"Publi\u00e9 le septembre 22, 2020 8:52  ","modified":"Mise \u00e0 jour le juillet 19, 2021 9:04  "},"featured_img_caption":"","featured_img":false,"series_order":"","_links":{"self":[{"href":"https:\/\/aims-cameroon.org\/fr\/wp-json\/wp\/v2\/pages\/257"}],"collection":[{"href":"https:\/\/aims-cameroon.org\/fr\/wp-json\/wp\/v2\/pages"}],"about":[{"href":"https:\/\/aims-cameroon.org\/fr\/wp-json\/wp\/v2\/types\/page"}],"author":[{"embeddable":true,"href":"https:\/\/aims-cameroon.org\/fr\/wp-json\/wp\/v2\/users\/1"}],"replies":[{"embeddable":true,"href":"https:\/\/aims-cameroon.org\/fr\/wp-json\/wp\/v2\/comments?post=257"}],"version-history":[{"count":14,"href":"https:\/\/aims-cameroon.org\/fr\/wp-json\/wp\/v2\/pages\/257\/revisions"}],"predecessor-version":[{"id":4815,"href":"https:\/\/aims-cameroon.org\/fr\/wp-json\/wp\/v2\/pages\/257\/revisions\/4815"}],"wp:attachment":[{"href":"https:\/\/aims-cameroon.org\/fr\/wp-json\/wp\/v2\/media?parent=257"}],"curies":[{"name":"wp","href":"https:\/\/api.w.org\/{rel}","templated":true}]}}