{"id":2712,"date":"2021-03-28T10:54:27","date_gmt":"2021-03-28T10:54:27","guid":{"rendered":"https:\/\/aims-cameroon.org\/?page_id=2712"},"modified":"2025-05-05T06:21:31","modified_gmt":"2025-05-05T06:21:31","slug":"colloquiums","status":"publish","type":"page","link":"https:\/\/aims-cameroon.org\/fr\/colloquiums\/","title":{"rendered":"COLLOQUES"},"content":{"rendered":"<div class=\"wp-block-cover is-light has-custom-content-position is-position-bottom-left pad-5 page-banner\" style=\"min-height:600px\"><span aria-hidden=\"true\" class=\"wp-block-cover__background has-background-dim-30 has-background-dim\" style=\"background-color:#161228\"><\/span><img decoding=\"async\" loading=\"lazy\" width=\"1869\" height=\"934\" class=\"wp-block-cover__image-background wp-image-2252\" alt=\"\" src=\"https:\/\/aims-cameroon.org\/wp-content\/uploads\/sites\/6\/2021\/03\/Romario_Landry_Maryse_Djida-2.png\" data-object-fit=\"cover\" srcset=\"https:\/\/aims-cameroon.org\/wp-content\/uploads\/sites\/6\/2021\/03\/Romario_Landry_Maryse_Djida-2.png 1869w, https:\/\/aims-cameroon.org\/wp-content\/uploads\/sites\/6\/2021\/03\/Romario_Landry_Maryse_Djida-2-300x150.png 300w, https:\/\/aims-cameroon.org\/wp-content\/uploads\/sites\/6\/2021\/03\/Romario_Landry_Maryse_Djida-2-1024x512.png 1024w, https:\/\/aims-cameroon.org\/wp-content\/uploads\/sites\/6\/2021\/03\/Romario_Landry_Maryse_Djida-2-768x384.png 768w, https:\/\/aims-cameroon.org\/wp-content\/uploads\/sites\/6\/2021\/03\/Romario_Landry_Maryse_Djida-2-1536x768.png 1536w, https:\/\/aims-cameroon.org\/wp-content\/uploads\/sites\/6\/2021\/03\/Romario_Landry_Maryse_Djida-2-16x8.png 16w\" sizes=\"(max-width: 1869px) 100vw, 1869px\" \/><div class=\"wp-block-cover__inner-container\">\n<h1><strong>Past and Forthcoming Colloquiums\/Workshops<\/strong><\/h1>\n\n\n\n<p><\/p>\n<\/div><\/div>\n\n\n\n<div class=\"is-layout-flow wp-block-group pad-5\"><div class=\"wp-block-group__inner-container\">\n<p style=\"font-size:30px\">Forthcoming Workshop <\/p>\n\n\n\n<p class=\"has-red-color has-text-color\" style=\"font-size:30px\"><strong>AIMS -Cameroon Mathematics and its Applications Meeting (ACMAM) Holds in January 2022<\/strong><\/p>\n\n\n\n<p>AIMS Cameroon Research Center will organize the maiden edition of its annual scientific event named AIMS-Cameroon Mathematics and its Applications Meeting (ACMAM) from the 12<sup>e<\/sup>&nbsp;to the 14<sup>e<\/sup>&nbsp;of January, 2022. Lectures take place at the AIMS Cameroon Research Center in Limbe South West Region.<\/p>\n\n\n\n<p>The AIMS-Cameroon Mathematics and its Applications Meeting (ACMAM) is an initiative to introduce students and early-career researchers to the current trends in Mathematics and its application in Data sciences as well as to create a strong networking environment among academia, industry, and the national laboratories.&nbsp; This hybrid (face-to-face and online) workshop will be held annually under the title \u201cAIMS-Cameroon Mathematics and its Applications Meeting\u201d (ACMAM) and will see three distinguished speakers give lectures on their research topics.<\/p>\n\n\n<div class=\"wp-block-image\">\n<figure class=\"aligncenter size-large\"><img decoding=\"async\" loading=\"lazy\" width=\"724\" height=\"1024\" src=\"https:\/\/aims-cameroon.org\/wp-content\/uploads\/sites\/6\/2021\/11\/ACMAM-724x1024.jpg\" alt=\"\" class=\"wp-image-6058\" srcset=\"https:\/\/aims-cameroon.org\/wp-content\/uploads\/sites\/6\/2021\/11\/ACMAM-724x1024.jpg 724w, https:\/\/aims-cameroon.org\/wp-content\/uploads\/sites\/6\/2021\/11\/ACMAM-212x300.jpg 212w, https:\/\/aims-cameroon.org\/wp-content\/uploads\/sites\/6\/2021\/11\/ACMAM-768x1086.jpg 768w, https:\/\/aims-cameroon.org\/wp-content\/uploads\/sites\/6\/2021\/11\/ACMAM-1086x1536.jpg 1086w, https:\/\/aims-cameroon.org\/wp-content\/uploads\/sites\/6\/2021\/11\/ACMAM-8x12.jpg 8w, https:\/\/aims-cameroon.org\/wp-content\/uploads\/sites\/6\/2021\/11\/ACMAM.jpg 1240w\" sizes=\"(max-width: 724px) 100vw, 724px\" \/><\/figure><\/div>\n\n\n<p>The focus of the first ACMAM will be on&nbsp;<strong>Fundamental Sciences (Mathematics) and its applications to Data Sciences.<\/strong>&nbsp;Researchers from all Mathematics and its Applications areas will be encouraged to participate.<br><br>The meeting will comprise mini-courses targeted toward students and early career researchers as well as Public Lectures. There will be other talks and contributions by guest speakers.<\/p>\n\n\n\n<p><strong>DESCRIPTION<\/strong><\/p>\n\n\n\n<p>This workshop will introduce students and early-career researchers to the current trends in Mathematics ( Optimization, Optimal transport, PDEs, Calculus of variations, Mean Field Games, and Optimal control) and its Applications, specifically to the fields of Data Sciences (Machine learning, Neural Network etc.), and will lay out various research interests in the field. It also aimed to create a strong networking environment among academia, industry, and national laboratories.<\/p>\n\n\n\n<p>The extensive successful use of machine learning, Digital twin, Deep learning, Neural networks in communications and information theory, and Climate Sciences in recent years has been remarkable. However, from a mathematical viewpoint, an adequate theoretical understanding of its primary governing principles is still missing in many situations.<\/p>\n\n\n\n<p>For example, a new continuous viewpoint of artificial neural networks has recently risen, intending to enlighten computing systems\u2019 understanding. As noticed by Fernandez Real and Alessio Figalli in their survey (<a href=\"https:\/\/sma.epfl.ch\/~xafernan\/Documents\/Fernandez-Real_Figalli_Flows_Survey.pdf\">https:\/\/sma.epfl.ch\/~xafernan\/Documents\/Fernandez-Real_Figalli_Flows_Survey.pdf&nbsp;<\/a>), this theoretical approach has already been developed and shown noticeable and consists in viewing the gradient descent used to optimize parameters in a neural network as a gradient flow in the Wasserstein distance for their empirical measure.<\/p>\n\n\n\n<p>Most of this study has been conducted from a modeling and numerical point of view. There are still many open questions that are also interesting from a purely theoretical perspective.&nbsp; In this framework, new mathematical problems and PDE systems have arisen, which have not yet been fully adopted by the mathematical community.<\/p>\n\n\n\n<p>The Workshop (meeting) aims to discuss this relation, focusing on the associated theoretical aspects appealing to the mathematical community, raising awareness to young researchers, Ph.D. and Masters\u2019s students, and providing a list of interesting open problems related to industry and flourishing local companies.<\/p>\n\n\n\n<p>However, mathematical theory supporting the most work in Machine learning is missing, and mathematicians are starting to consider this challenging problem of significant importance. The Workshop aims to introduce participants to some of the mathematical foundations of data science in general and Machine Learning in particular. By the end of this annual meeting, participants would be sufficiently armed with the mathematical tools and techniques to potentially undertake theoretical research in Mathematics and its applications in Machine Learning.<\/p>\n\n\n\n<p><strong>Target Audience<br><\/strong>Researchers, Postdocs, Ph.D., and Master\u2019s students.<\/p>\n\n\n\n<h3>Keynote Speakers<\/h3>\n\n\n\n<ul>\n<li><a href=\"http:\/\/math.gmu.edu\/~hantil\/\">Harbir Antil<\/a>&nbsp;(CMAI-George Mason University, USA)<\/li>\n\n\n\n<li><a href=\"https:\/\/people.math.ethz.ch\/~afigalli\/\">Alessio Figalli<\/a>&nbsp;&nbsp;&nbsp;&nbsp;&nbsp; (ETH, Zurich)<\/li>\n\n\n\n<li><a href=\"https:\/\/en.www.math.fau.de\/person\/zuazua\/\">Enrique Zuazua<\/a>&nbsp;(FAU, Germany)<\/li>\n\n\n\n<li><a href=\"http:\/\/www.gpeyre.com\/\">Gabriel Peyr\u00e9<\/a>&nbsp;(CNRS and Ecole Normale Sup\u00e9rieure, France )<\/li>\n\n\n\n<li><a href=\"https:\/\/marcocuturi.net\/\">Marco Cuturi<\/a>&nbsp;(Google Brain \/ CREST-ENSAE)<\/li>\n\n\n\n<li><a href=\"http:\/\/quentin.mrgt.fr\/\">Quentin Merigot<\/a>&nbsp;(Universit\u00e9 Paris-Saclay)<\/li>\n<\/ul>\n\n\n\n<h3>Guest Speakers<\/h3>\n\n\n\n<ul>\n<li><a href=\"https:\/\/science.gmu.edu\/directory\/mahamadi-warma\">Mahamadi Warma<\/a>&nbsp;(CMAI-George Mason University, USA)<\/li>\n\n\n\n<li><a href=\"https:\/\/aims.ac.rw\/researcher\/prof-franca-hoffmann\/\">Franca Hoffmann<\/a>&nbsp; (Aims-Rwanda, Rwanda)<\/li>\n\n\n\n<li><a href=\"https:\/\/aims.ac.za\/researcher\/dr-marc-sedjro\/\">Marc Sedjro<\/a>&nbsp;(Aims-South Africa, South Africa)<\/li>\n\n\n\n<li><a href=\"https:\/\/tu-dresden.de\/mn\/math\/analysis\/chill\/die-professur\/inhaber\">Ralph Chill<\/a>&nbsp;(Technische Universit\u00e4t Dresden, Germany)<\/li>\n\n\n\n<li><a href=\"https:\/\/www.liverpool.ac.uk\/mathematical-sciences\/staff\/oliver-menoukeu-pamen\/?\">Olivier Menoukeu Pamen<\/a>&nbsp;(University of Liverpool, UK)<\/li>\n\n\n\n<li><a href=\"https:\/\/nexteinstein.org\/person\/mouhamed-moustapha-fall\/\">Mouhamed Moustapha Fall<\/a>&nbsp; (AIMS-Senegal, Senegal)<\/li>\n<\/ul>\n\n\n\n<h3>Contribution Talks<\/h3>\n\n\n\n<ul>\n<li><strong>Speaker 1&nbsp;<\/strong>(see Marc Sedjro)<\/li>\n\n\n\n<li><strong>Speaker 2<\/strong>&nbsp;(see Marc Sedjro)<\/li>\n<\/ul>\n\n\n\n<h3>Organizing Committee<\/h3>\n\n\n\n<ul>\n<li><a href=\"https:\/\/aims-cameroon.org\/fr\/research-chairs\/\">The AIMS-Cameroon Research Centre<\/a>\u00a0(Aims-Cameroon, Cameroon)<\/li>\n\n\n\n<li><a href=\"https:\/\/aims.ac.za\/researcher\/dr-marc-sedjro\/\">Marc Sedjro<\/a>&nbsp;(Aims-South Africa, South Africa)<\/li>\n<\/ul>\n\n\n\n<p><strong>Local Support Team<\/strong>: Mama Foupouagnigni, Boniface Nkemzi, Landry Djomegne, Floriane Mefo Kue, Jake Leonark Nkeck.<\/p>\n\n\n\n<p><strong>Schedule:<\/strong>&nbsp;<a href=\"https:\/\/drive.google.com\/file\/d\/1ftPYAQxO53p4ZB77a7CMaODueltj-j23\/view?usp=sharing\">Click Here<\/a>&nbsp;<strong>Scientific Program<\/strong>:&nbsp;<a href=\"https:\/\/drive.google.com\/file\/d\/1HLaO03Z4sQXmxyTWGmMhOE-s18_STKPY\/view?usp=sharing\">Click Here<\/a><\/p>\n\n\n\n<h3>Inscription<\/h3>\n\n\n\n<ul>\n<li>Registration is mandatory. Please register&nbsp;<a href=\"https:\/\/my.forms.app\/jean-danieldjida\/acman-registration-form\">Here<\/a>.<\/li>\n\n\n\n<li>Travel support is available for students and early researchers. Details can be found&nbsp;<a href=\"https:\/\/drive.google.com\/file\/d\/1jkoO4pRKc1lBnTZHJSxKly4SU6Jiyw9q\/view?usp=sharing\">Here<\/a>.<\/li>\n\n\n\n<li>Questions and concerns should be addressed to researchcenter-conf [at] aims-cameroon.org<\/li>\n\n\n\n<li>Please note: Travel funding is limited and applicants are required to seek alternative sources of funding.<\/li>\n<\/ul>\n\n\n\n<p><strong>Support<\/strong><\/p>\n\n\n\n<figure class=\"wp-block-image size-full\"><img decoding=\"async\" loading=\"lazy\" width=\"1010\" height=\"99\" src=\"https:\/\/aims-cameroon.org\/wp-content\/uploads\/sites\/6\/2021\/10\/logos-.jpg\" alt=\"\" class=\"wp-image-5992\" srcset=\"https:\/\/aims-cameroon.org\/wp-content\/uploads\/sites\/6\/2021\/10\/logos-.jpg 1010w, https:\/\/aims-cameroon.org\/wp-content\/uploads\/sites\/6\/2021\/10\/logos--300x29.jpg 300w, https:\/\/aims-cameroon.org\/wp-content\/uploads\/sites\/6\/2021\/10\/logos--768x75.jpg 768w, https:\/\/aims-cameroon.org\/wp-content\/uploads\/sites\/6\/2021\/10\/logos--18x2.jpg 18w\" sizes=\"(max-width: 1010px) 100vw, 1010px\" \/><\/figure>\n\n\n\n<p><\/p>\n\n\n\n<p><\/p>\n\n\n\n<p><\/p>\n\n\n\n<p style=\"font-size:30px\"><strong>Colloques  <\/strong><\/p>\n\n\n\n<p>Nous nous r\u00e9unissons g\u00e9n\u00e9ralement (\u00e0 quelques exceptions pr\u00e8s, voir ci-dessous) le mardi \u00e0 17h00 (heure de l&#039;Afrique de l&#039;Ouest). Si vous souhaitez devenir membre, veuillez remplir le\u00a0<a href=\"https:\/\/forms.gle\/sh7HSoSAmjwUo97x8\">Formulaire d&#039;inscription<\/a>. <\/p>\n\n\n\n<h2>Past and Forthcoming Colloquiums <\/h2>\n\n\n\n<figure class=\"wp-block-table is-style-stripes\"><table><tbody><tr><td><strong>DATE<\/strong><\/td><td><strong>ORATEUR<\/strong><\/td><td><strong>AFFILIATION<\/strong><\/td><td><strong>TITRE et R\u00c9SUM\u00c9<\/strong><\/td><td><strong>DES DOSSIERS<\/strong><\/td><\/tr><tr><td>December 14, 2021 <\/td><td> Mouhamed Moustapha Fall <\/td><td>Aims-Senegal, Senegal <\/td><td>TBA<\/td><td><\/td><\/tr><tr><td>December 07, 2021<\/td><td> Mary Vaughan <\/td><td> University of Texas, Austin, USA   <\/td><td><a href=\"https:\/\/drive.google.com\/file\/d\/1nsoZXrV2v16ItWjIPwgog8-mL5YLayv-\/view?usp=sharing\">Harnack inequality for fractional elliptic equations in<br>nondivergence form<\/a><\/td><td><\/td><\/tr><tr><td>November 30, 2021   <\/td><td>Luciano Abadias Ullod<\/td><td>Universidad  de Zaragoza,  Spain <\/td><td><a href=\"https:\/\/drive.google.com\/file\/d\/1aPY_yxo3HcTwzwCmTyOvgWyTVKQaVts6\/view?usp=sharing\">Discrete H\u00f6lder spaces and their characterization via semigroups associated to the discrete Laplacian<\/a><\/td><td><\/td><\/tr><tr><td>November 23, 2021  <\/td><td>TBA<\/td><td>TBA<\/td><td>TBA<\/td><td><\/td><\/tr><tr><td>November 16, 2021   <\/td><td>Connor Mooney<\/td><td>University of California, Davis, USA<\/td><td><a href=\"https:\/\/drive.google.com\/file\/d\/1-ykguSs71VdMfqaTnEx_7ZXXBGBOrCcd\/view?usp=sharing\">Solutions to the Monge-Ampere equation with polyhedral<br>and Y -shaped singularities<\/a><\/td><td><\/td><\/tr><tr><td>November 09, 2021  <\/td><td>Enrico Valdinoci<\/td><td>University of Western Australia, Australia<\/td><td><a href=\"https:\/\/drive.google.com\/file\/d\/1H9c7HhFFSuCV3_VblvycLXi8zkN6gOK8\/view?usp=sharing\">The stickiness property of nonlocal minimal surfaces<\/a> <\/td><td><\/td><\/tr><tr><td>November 02, 2021 <\/td><td>Xavier Fernandez Real<\/td><td>EPFL Lausanne, Switzerland<\/td><td><a href=\"https:\/\/drive.google.com\/file\/d\/1G7f0lStXsgpXD8dETVvW8MOPIU4HCYjN\/view?usp=sharing\">Generic Regularity  in the Fractional Obstacle Problem<\/a><\/td><td> <a href=\"https:\/\/drive.google.com\/file\/d\/1IeaeiEksB8k5GtuKPLE3jYMWivC-1IhP\/view?usp=sharing\">SLIDES <\/a><\/td><\/tr><tr><td>October 26,<br>2021 <\/td><td>Alejandro J. Castro Castilla <\/td><td>University of Nazarbayev, Kazahstan<\/td><td><a href=\"https:\/\/drive.google.com\/file\/d\/1Ojiz95vgs1ZlLFdsCsMspxAA27QHsAuV\/view\">Well-posedness of Non-Linear Partial Differential Equations in Weighted Sobolev Spaces<\/a><\/td><td> <a href=\"https:\/\/drive.google.com\/file\/d\/1WdXV3KZGPxhsvNGMwPbhziJMQnEfv3rH\/view?usp=sharing\">SLIDES <\/a><\/td><\/tr><tr><td>October 19,<br>2021<\/td><td>Maria Sorria-Carro<\/td><td>University of Texas, Austin, USA <\/td><td><a href=\"https:\/\/drive.google.com\/file\/d\/1N0O0I5XCpkjtPnMupIK4WjesSh3kIw9B\/view?usp=sharing\">Regularity for C^{1,\\alpha} interface transmission problems<\/a><\/td><td> <a href=\"https:\/\/drive.google.com\/file\/d\/1xKLvWjU1ggWL1DpTgAV87Ur4lTuW1xoo\/view?usp=sharing\">SLIDES <\/a><\/td><\/tr><tr><td>October 12,<br>2021<\/td><td>Animesh Biswa <\/td><td>University of Nebraska-Lincoln, USA<\/td><td><a href=\"https:\/\/bit.ly\/3h7j6Td\">Regularity Estimate for nonlocal space-time master equations<\/a><\/td><td> <a href=\"https:\/\/drive.google.com\/file\/d\/1p3Wxh8ZbVzNFmewOUFp_PL_1BAPH4vIq\/view?usp=sharing\">SLIDES <\/a><\/td><\/tr><tr><td>October 5,<br>2021<\/td><td>Alexis Vasseur<\/td><td>University of Texas, Austin, USA<\/td><td><a href=\"https:\/\/bit.ly\/2WV4i2Z\">Instability of finite time blow-up for incompressible Euler<\/a><\/td><td><strong><a href=\"https:\/\/drive.google.com\/file\/d\/1P_i6ncUjZqt2Xsjq6QsVh2ikR-O7MUKy\/view?usp=sharing\"> <\/a><\/strong><a href=\"https:\/\/drive.google.com\/file\/d\/1P_i6ncUjZqt2Xsjq6QsVh2ikR-O7MUKy\/view?usp=sharing\">SLIDES <\/a><\/td><\/tr><tr><td>September 24,  2021<\/td><td>Virginia Naibo<\/td><td> Kansas State University, USA<\/td><td><a href=\"https:\/\/drive.google.com\/file\/d\/1sFt0GbfKVHZkSiwNXQFyJqnzHC46BYo-\/view?usp=sharing\">Boundedness Properties for Hermite Pseudo-multipliers<\/a><\/td><td><a href=\"https:\/\/drive.google.com\/file\/d\/1HGyiEldQ_-QByHnUR64-noeLP33N-rfv\/view?usp=sharing\">SLIDES<\/a><\/td><\/tr><tr><td>September 21,  2021<\/td><td>Mark  Allen<\/td><td>Brigham Young University, USA<\/td><td><a href=\"https:\/\/bit.ly\/2X05h1I\">Sharp Quantitative Faber-Krahn inequalities and the Alt-Caffarelli-Fredman Monotonicity Formula<\/a><\/td><td><a href=\"https:\/\/drive.google.com\/file\/d\/1eydD0B19T5DtKMCiV3oyAI-h7ozDL5Ct\/view?usp=sharing\">SLIDES<\/a><\/td><\/tr><tr><td>Wednesday, March 31, 2021<\/td><td>Guy Fabrice Foghem Gounoue<\/td><td>Technische Universit\u00e4t Dresden, Allemagne<\/td><td><a href=\"https:\/\/aims-cameroon.org\/wp-content\/uploads\/sites\/10\/2021\/03\/Guy-Fabrice-Foghem-Gounoue.pdf\">Caract\u00e9risation non locale des espaces de Sobolev et convergence des solutions vers les \u00e9quations int\u00e9grodif\u00e9rentielles elliptiques<\/a><\/td><td><a href=\"https:\/\/youtu.be\/uJtxkaGCfkY\">Vid\u00e9o<\/a><br><a href=\"https:\/\/aims-cameroon.org\/wp-content\/uploads\/sites\/6\/2021\/04\/Talk-Foghem-AIMS-Cameroun-31-03-2021.pdf\">Diapositives<\/a><\/td><\/tr><tr><td>Mercredi,<br>24 f\u00e9vrier<br>2021<\/td><td>Pablo Ra\u00fal Stinga<\/td><td>Universit\u00e9 d&#039;\u00c9tat de l&#039;Iowa, \u00c9tats-Unis<\/td><td><a href=\"https:\/\/drive.google.com\/file\/d\/1oFGYt31tCcsvu17pDjtNKztCYDQrE36W\/view?usp=sharing\">\u00c9quations fractionnelles de Monge \u2013 Amp\u00e8re non locales<\/a><\/td><td><a href=\"https:\/\/youtu.be\/rkFthy44wJE\">Vid\u00e9o<\/a><br><a href=\"https:\/\/aims-cameroon.org\/wp-content\/uploads\/sites\/10\/2021\/03\/Stinga-AIMS-Cameroon-2021-1.pdf\">Diapositives<\/a><\/td><\/tr><tr><td>Vendredi,<br>15 janvier<br>2021<\/td><td>Ralph Chill<\/td><td>Technische Universitat Dresden, Allemagne<\/td><td><a href=\"https:\/\/drive.google.com\/file\/d\/1PwPyjOMNl97GZzcQIyFAM7gbGdHCIRdP\/view?usp=sharing\">Syst\u00e8mes \u00e0 gradient d\u00e9g\u00e9n\u00e9r\u00e9: le probl\u00e8me du bidomaine et les op\u00e9rateurs de Dirichlet \u00e0 Neumann<\/a><\/td><td><a href=\"https:\/\/www.youtube.com\/watch?v=bSIfgCWrMRU\">Vid\u00e9o<\/a><br><a href=\"https:\/\/aims-cameroon.org\/wp-content\/uploads\/sites\/10\/2021\/03\/Talk-Ralph-Chill-2021.pdf\">Diapositives<\/a><\/td><\/tr><tr><td>Mardi,<br>13 octobre<br>2020<\/td><td>Mahamadi Warma<\/td><td>Universit\u00e9 George Mason, \u00c9tats-Unis<\/td><td><a href=\"https:\/\/drive.google.com\/file\/d\/1xNthYqs8DkRtHcq3KLFpwyupSou2mXZS\/view?usp=sharing\">Contr\u00f4labilit\u00e9 des \u00e9quations diffusives fractionnelles et super diffusives spatio-temporelles<\/a><\/td><td><a href=\"https:\/\/drive.google.com\/file\/d\/1BqFqbt1cd6jFTl7DW3vCeP4uz7cZbD3r\/view?usp=sharing\">Diapositives<\/a><\/td><\/tr><tr><td>Mardi,<br>22 septembre 2020<\/td><td>Harbir Antil<\/td><td>Universit\u00e9 George Mason, \u00c9tats-Unis<\/td><td><a href=\"https:\/\/drive.google.com\/file\/d\/1x7kdNYmy78GcWoKBYzwaC3H61I9glXj1\/view?usp=sharing\">Contr\u00f4le optimal et apprentissage en profondeur avec des op\u00e9rateurs fractionnaires<\/a><\/td><td><a href=\"https:\/\/youtu.be\/yb_6YD8RsrM\">Vid\u00e9o<\/a><\/td><\/tr><tr><td>Mardi,<br>01 septembre 2020<\/td><td>R\u00e9gion d&#039;Ivan<\/td><td>Universidad de Vigo, Spain<\/td><td><a href=\"https:\/\/drive.google.com\/file\/d\/1tinmBp3EwQMFFSp1aSrHacA-OvXms72N\/view?usp=sharing\">Mod\u00e9lisation math\u00e9matique de la dynamique de transmission du COVID-19<\/a><\/td><td><a href=\"https:\/\/drive.google.com\/file\/d\/1iMWp4B6RuIyUDYpnkjcqOwb7A8dZSd8t\/view?usp=sharing\">Diapositives<\/a><\/td><\/tr><tr><td>Mardi,<br>18 ao\u00fbt<br>2020<\/td><td>Arran Fernandez<\/td><td>Universit\u00e9 de la M\u00e9diterran\u00e9e orientale, Chypre du Nord<\/td><td><a href=\"https:\/\/drive.google.com\/file\/d\/130o75SyhxRr_ArrekPGgR98awDj19-YS\/view?usp=sharing\">Calcul fractionnaire et fonctions Zeta<\/a><\/td><td><a href=\"https:\/\/www.youtube.com\/watch?v=RA5rGDKqqYs\">Vid\u00e9o<br><\/a><a href=\"https:\/\/drive.google.com\/file\/d\/1tbZfVDTQhwRk7FNR9kwXG5K8KMYaFpLz\/view?usp=sharing\">Diapositives<br><\/a><a href=\"https:\/\/www.youtube.com\/watch?v=IPGbFGt05VE&amp;t=46s\">Entrevue<\/a><\/td><\/tr><\/tbody><\/table><\/figure>\n\n\n\n\n\n<div style=\"height:135px\" aria-hidden=\"true\" class=\"wp-block-spacer\"><\/div>\n<\/div><\/div>\n\n\n\n<p><\/p>","protected":false},"excerpt":{"rendered":"<p>Forthcoming Workshop AIMS -Cameroon Mathematics and its Applications Meeting (ACMAM) Holds in January 2022 AIMS Cameroon Research Center will organize the maiden edition of its annual scientific event named AIMS-Cameroon Mathematics and its Applications Meeting (ACMAM) from the 12th&nbsp;to the 14th&nbsp;of January, 2022. Lectures take place at the AIMS Cameroon Research Center in Limbe South<\/p>","protected":false},"author":2,"featured_media":0,"parent":0,"menu_order":0,"comment_status":"closed","ping_status":"closed","template":"","meta":{"advgb_blocks_editor_width":"","advgb_blocks_columns_visual_guide":""},"acf":[],"coauthors":[],"author_meta":{"author_link":"https:\/\/aims-cameroon.org\/fr\/author\/rose\/","display_name":"rose"},"relative_dates":{"created":"Publi\u00e9 5 ans il y a","modified":"Mis \u00e0 jour 11 mois il y a"},"absolute_dates":{"created":"Publi\u00e9 le mars 28, 2021","modified":"Mise \u00e0 jour le mai 5, 2025"},"absolute_dates_time":{"created":"Publi\u00e9 le mars 28, 2021 10:54  ","modified":"Mise \u00e0 jour le mai 5, 2025 6:21  "},"featured_img_caption":"","featured_img":false,"series_order":"","_links":{"self":[{"href":"https:\/\/aims-cameroon.org\/fr\/wp-json\/wp\/v2\/pages\/2712"}],"collection":[{"href":"https:\/\/aims-cameroon.org\/fr\/wp-json\/wp\/v2\/pages"}],"about":[{"href":"https:\/\/aims-cameroon.org\/fr\/wp-json\/wp\/v2\/types\/page"}],"author":[{"embeddable":true,"href":"https:\/\/aims-cameroon.org\/fr\/wp-json\/wp\/v2\/users\/2"}],"replies":[{"embeddable":true,"href":"https:\/\/aims-cameroon.org\/fr\/wp-json\/wp\/v2\/comments?post=2712"}],"version-history":[{"count":29,"href":"https:\/\/aims-cameroon.org\/fr\/wp-json\/wp\/v2\/pages\/2712\/revisions"}],"predecessor-version":[{"id":8745,"href":"https:\/\/aims-cameroon.org\/fr\/wp-json\/wp\/v2\/pages\/2712\/revisions\/8745"}],"wp:attachment":[{"href":"https:\/\/aims-cameroon.org\/fr\/wp-json\/wp\/v2\/media?parent=2712"}],"curies":[{"name":"wp","href":"https:\/\/api.w.org\/{rel}","templated":true}]}}