{"id":272,"date":"2020-09-22T09:09:36","date_gmt":"2020-09-22T09:09:36","guid":{"rendered":"https:\/\/aims-cameroon.org\/?page_id=272"},"modified":"2022-04-25T15:20:39","modified_gmt":"2022-04-25T15:20:39","slug":"research-project-archive","status":"publish","type":"page","link":"https:\/\/aims-cameroon.org\/fr\/research-project-archive\/","title":{"rendered":"Archive des projets de recherche"},"content":{"rendered":"<div class=\"wp-block-cover has-background-dim-30 has-background-dim has-custom-content-position is-position-bottom-left pad-5\" style=\"background-color:#161228;min-height:600px\"><img decoding=\"async\" loading=\"lazy\" width=\"2560\" height=\"1707\" class=\"wp-block-cover__image-background wp-image-2149\" alt=\"\" src=\"https:\/\/aims-cameroon.org\/wp-content\/uploads\/sites\/6\/2021\/03\/Research-Project-scaled.jpg\" data-object-fit=\"cover\" srcset=\"https:\/\/aims-cameroon.org\/wp-content\/uploads\/sites\/6\/2021\/03\/Research-Project-scaled.jpg 2560w, https:\/\/aims-cameroon.org\/wp-content\/uploads\/sites\/6\/2021\/03\/Research-Project-300x200.jpg 300w, https:\/\/aims-cameroon.org\/wp-content\/uploads\/sites\/6\/2021\/03\/Research-Project-1024x683.jpg 1024w, https:\/\/aims-cameroon.org\/wp-content\/uploads\/sites\/6\/2021\/03\/Research-Project-768x512.jpg 768w, https:\/\/aims-cameroon.org\/wp-content\/uploads\/sites\/6\/2021\/03\/Research-Project-1536x1024.jpg 1536w, https:\/\/aims-cameroon.org\/wp-content\/uploads\/sites\/6\/2021\/03\/Research-Project-2048x1365.jpg 2048w, https:\/\/aims-cameroon.org\/wp-content\/uploads\/sites\/6\/2021\/03\/Research-Project-16x12.jpg 16w\" sizes=\"(max-width: 2560px) 100vw, 2560px\" \/><div class=\"wp-block-cover__inner-container\">\n<h1>Archive des projets de recherche<\/h1>\n<\/div><\/div>\n\n\n\n<div class=\"is-layout-flow wp-block-group pad-5\"><div class=\"wp-block-group__inner-container\">\n<p>During the three-month-long project\/research phase students work on a research topic with a supervisor, usually from a local university. Students are not expected to do original work to achieve a passing grade. The criterion for an outstanding essay is broadly that it could constitute the early part of a Research Master\u2019s thesis. For example, it could be publishable in a journal, or form an outstanding introduction to the field that could be used by other students entering the area. During this phase targeted communication skills and computing classes may continue, at the lecturers\u2019 discretion. The purpose of a Master\u2019s research project is:<\/p>\n\n\n\n<p>\u2022 donner aux \u00e9tudiants la possibilit\u00e9 de travailler avec un superviseur expert sur un projet non trivial;<\/p>\n\n\n\n<p>\u2022 passer par le processus d&#039;examen, de compr\u00e9hension et d&#039;explication ind\u00e9pendant du mat\u00e9riel scientifique ou math\u00e9matique;<\/p>\n\n\n\n<p>\u2022 faire \u00e9ventuellement (g\u00e9n\u00e9ralement) des exp\u00e9riences - sur un ordinateur ou autrement - et rapporter les r\u00e9sultats;<\/p>\n\n\n\n<p>\u2022 r\u00e9diger un rapport scientifique.<\/p>\n\n\n\n<p><\/p>\n<\/div><\/div>\n\n\n\n<div class=\"wp-block-cover has-background-dim search-filters\"><img decoding=\"async\" loading=\"lazy\" width=\"2560\" height=\"1707\" class=\"wp-block-cover__image-background wp-image-2150\" alt=\"\" src=\"https:\/\/aims-cameroon.org\/wp-content\/uploads\/sites\/6\/2021\/03\/IMG_0514-scaled.jpg\" data-object-fit=\"cover\" srcset=\"https:\/\/aims-cameroon.org\/wp-content\/uploads\/sites\/6\/2021\/03\/IMG_0514-scaled.jpg 2560w, https:\/\/aims-cameroon.org\/wp-content\/uploads\/sites\/6\/2021\/03\/IMG_0514-300x200.jpg 300w, https:\/\/aims-cameroon.org\/wp-content\/uploads\/sites\/6\/2021\/03\/IMG_0514-1024x683.jpg 1024w, https:\/\/aims-cameroon.org\/wp-content\/uploads\/sites\/6\/2021\/03\/IMG_0514-768x512.jpg 768w, https:\/\/aims-cameroon.org\/wp-content\/uploads\/sites\/6\/2021\/03\/IMG_0514-1536x1024.jpg 1536w, https:\/\/aims-cameroon.org\/wp-content\/uploads\/sites\/6\/2021\/03\/IMG_0514-2048x1365.jpg 2048w, https:\/\/aims-cameroon.org\/wp-content\/uploads\/sites\/6\/2021\/03\/IMG_0514-16x12.jpg 16w\" sizes=\"(max-width: 2560px) 100vw, 2560px\" \/><div class=\"wp-block-cover__inner-container\"><form data-sf-form-id='266' data-is-rtl='0' data-maintain-state='' data-results-url='https:\/\/aims-cameroon.org\/research-project-archive' data-ajax-url='https:\/\/aims-cameroon.org\/fr\/?sfid=266&amp;sf_action=get_data&amp;sf_data=results' data-ajax-form-url='https:\/\/aims-cameroon.org\/fr\/?sfid=266&amp;sf_action=get_data&amp;sf_data=form' data-display-result-method='shortcode' data-use-history-api='1' data-template-loaded='0' data-lang-code='fr' data-ajax='1' data-ajax-data-type='json' data-ajax-links-selector='.pagination a' data-ajax-target='#search-filter-results-266' data-ajax-pagination-type='normal' data-update-ajax-url='1' data-only-results-ajax='1' data-scroll-to-pos='0' data-init-paged='1' data-auto-update='1' action='https:\/\/aims-cameroon.org\/fr\/research-project-archive\/' method='post' class='searchandfilter' id='search-filter-form-266' autocomplete='off' data-instance-count='1' data-trp-original-action=\"https:\/\/aims-cameroon.org\/research-project-archive\"><ul><li class=\"sf-field-taxonomy-project_subjects\" data-sf-field-name=\"_sft_project_subjects\" data-sf-field-type=\"taxonomy\" data-sf-field-input-type=\"select\">\t\t<label>\r\n\t\t\t\t<select name=\"_sft_project_subjects[]\" class=\"sf-input-select\" title=\"\">\r\n\t\t\t\r\n\t\t\t\t\t<\/select>\r\n\t\t<\/label>\t\t<\/li><li class=\"sf-field-taxonomy-project_types\" data-sf-field-name=\"_sft_project_types\" data-sf-field-type=\"taxonomy\" data-sf-field-input-type=\"select\">\t\t<label>\r\n\t\t\t\t<select name=\"_sft_project_types[]\" class=\"sf-input-select\" title=\"\">\r\n\t\t\t\r\n\t\t\t\t\t<\/select>\r\n\t\t<\/label>\t\t<\/li><li class=\"sf-field-search\" data-sf-field-name=\"search\" data-sf-field-type=\"search\" data-sf-field-input-type=\"\">\t\t<label><input placeholder=\"Chercher \u2026\" name=\"_sf_search[]\" class=\"sf-input-text\" type=\"text\" value=\"\" title=\"\"><\/label>\t\t<\/li><\/ul><input type=\"hidden\" name=\"trp-form-language\" value=\"fr\"\/><\/form>\n<\/div><\/div>\n\n\n\n<div class=\"is-layout-flow wp-block-group pad-5\"><div class=\"wp-block-group__inner-container\"><div class=\"search-filter-results\" id=\"search-filter-results-266\">\t\n\t\n\t<div class=\"pagination\">\n\t\t\t<\/div>\n\t\n\t\t\n\n\n\n\t\t\n\n\n\n\n\n\n\n\n\t<div class=\"publication-card  pad-2 shadow\"> \n\n\n\n\t\t<h3> Analogies entre gravit\u00e9 et dynamique des fluides<\/h3>\n\n\t\t<p class=\"pub-content\"> \n<p>Yvan Jordan Ngucho Mbeutchou<\/p>\n<\/p>\n\n\n\n<a class=\"btn-prime bg-alt\" target=\"_blank\" href=\"https:\/\/aims-cameroon.org\/wp-content\/uploads\/sites\/6\/2021\/04\/Yvan-Jordan-Ngucho-Mbeutchou_Analogies-Between-Gravity-and-Fluid-Dynamics.pdf\"> Afficher le document <\/a>\n\n\t<\/div>\n\n\n\n\n\n\n\n\n\n\n\t\t\t\n\n\n\n\t\t\n\n\n\n\n\n\n\n\n\t<div class=\"publication-card  pad-2 shadow\"> \n\n\n\n\t\t<h3> Contr\u00f4le optimal d&#039;une caisse de pension avec dotation al\u00e9atoire<\/h3>\n\n\t\t<p class=\"pub-content\"> \n<p>Paul Honor\u00e9 Takam<\/p>\n<\/p>\n\n\n\n<a class=\"btn-prime bg-alt\" target=\"_blank\" href=\"https:\/\/aims-cameroon.org\/wp-content\/uploads\/sites\/6\/2021\/04\/Takam_Optimal-Control-of-a-Pension-Fund-With-Random-Endowment.pdf\"> Afficher le document <\/a>\n\n\t<\/div>\n\n\n\n\n\n\n\n\n\n\n\t\t\t\n\n\n\n\t\t\n\n\n\n\n\n\n\n\n\t<div class=\"publication-card  pad-2 shadow\"> \n\n\n\n\t\t<h3> Calcul automatique des s\u00e9ries de puissance formelles<\/h3>\n\n\t\t<p class=\"pub-content\"> \n<p>SIMO Tao Lee Walter C\u00e9dric<\/p>\n<\/p>\n\n\n\n<a class=\"btn-prime bg-alt\" target=\"_blank\" href=\"https:\/\/aims-cameroon.org\/wp-content\/uploads\/sites\/6\/2021\/04\/SIMO-Automatic-Computation-of-Formal-Power-Series.pdf\"> Afficher le document <\/a>\n\n\t<\/div>\n\n\n\n\n\n\n\n\n\n\n\t\t\t\n\n\n\n\t\t\n\n\n\n\n\n\n\n\n\t<div class=\"publication-card  pad-2 shadow\"> \n\n\n\n\t\t<h3> G\u00e9om\u00e9trie riemannienne<\/h3>\n\n\t\t<p class=\"pub-content\"> \n<p>Romaric Kana Nguedia<\/p>\n<\/p>\n\n\n\n<a class=\"btn-prime bg-alt\" target=\"_blank\" href=\"https:\/\/aims-cameroon.org\/wp-content\/uploads\/sites\/6\/2021\/04\/Romaric_Kana_Nguedia_Riemannian-Geometry.pdf\"> Afficher le document <\/a>\n\n\t<\/div>\n\n\n\n\n\n\n\n\n\n\n\t\t\t\n\n\n\n\t\t\n\n\n\n\n\n\n\n\n\t<div class=\"publication-card  pad-2 shadow\"> \n\n\n\n\t\t<h3> Co\u00efncidence des connexions induites et truqu\u00e9es sur les hypersurfaces lumineuses des collecteurs semi-riemanniens<\/h3>\n\n\t\t<p class=\"pub-content\"> \n<p>Maryse Manuella Moutamal<\/p>\n<\/p>\n\n\n\n<a class=\"btn-prime bg-alt\" target=\"_blank\" href=\"https:\/\/aims-cameroon.org\/wp-content\/uploads\/sites\/6\/2021\/04\/Maryse-Moutamal-Essay-Coincidence-of-Induced-and-Rigged-Connections-on-Lightlike-Hypersurfaces-of-Semi-Riemannian-Manifolds.pdf\"> Afficher le document <\/a>\n\n\t<\/div>\n\n\n\n\n\n\n\n\n\n\n\t\t\t\n\n\n\n\t\t\n\n\n\n\n\n\n\n\n\t<div class=\"publication-card  pad-2 shadow\"> \n\n\n\n\t\t<h3> Apprentissage par renforcement pour les probl\u00e8mes de routage, de modulation et d&#039;attribution de spectre dans les r\u00e9seaux optiques \u00e9lastiques<\/h3>\n\n\t\t<p class=\"pub-content\"> \n<p>Junior Momo Ziazet<\/p>\n<\/p>\n\n\n\n<a class=\"btn-prime bg-alt\" target=\"_blank\" href=\"https:\/\/aims-cameroon.org\/wp-content\/uploads\/sites\/6\/2021\/04\/Junior-Momo-Ziazet-Reinforcement-Learning-for-Routing.pdf\"> Afficher le document <\/a>\n\n\t<\/div>\n\n\n\n\n\n\n\n\n\n\n\t\t\t\n\t<div class=\"pagination\">\n<div class=\"paginate-inner\">\t<span class=\"page-tag\"><\/span>\n\t\t<span aria-current=\"page\" class=\"page-numbers current\">1<\/span>\n<a class=\"page-numbers\" href=\"https:\/\/aims-cameroon.org\/fr\/research-project-archive\/?sf_paged=2\">2<\/a>\n<a class=\"next page-numbers\" href=\"https:\/\/aims-cameroon.org\/fr\/research-project-archive\/?sf_paged=2\">Suivant &quot;<\/a><\/div>\n\t<\/div>\n\t<\/div>\n<\/div><\/div>","protected":false},"excerpt":{"rendered":"<p>During the three-month-long project\/research phase students work on a research topic with a supervisor, usually from a local university. Students are not expected to do original work to achieve a passing grade. The criterion for an outstanding essay is broadly that it could constitute the early part of a Research Master\u2019s thesis. For example, it<\/p>","protected":false},"author":1,"featured_media":0,"parent":0,"menu_order":0,"comment_status":"closed","ping_status":"closed","template":"","meta":{"advgb_blocks_editor_width":"","advgb_blocks_columns_visual_guide":""},"acf":[],"coauthors":[],"author_meta":{"author_link":"https:\/\/aims-cameroon.org\/fr\/author\/chris\/","display_name":"chris"},"relative_dates":{"created":"Publi\u00e9 6 ans il y a","modified":"Mis \u00e0 jour 4 ans il y a"},"absolute_dates":{"created":"Publi\u00e9 le septembre 22, 2020","modified":"Mise \u00e0 jour le avril 25, 2022"},"absolute_dates_time":{"created":"Publi\u00e9 le septembre 22, 2020 9:09  ","modified":"Mise \u00e0 jour le avril 25, 2022 3:20  "},"featured_img_caption":"","featured_img":false,"series_order":"","_links":{"self":[{"href":"https:\/\/aims-cameroon.org\/fr\/wp-json\/wp\/v2\/pages\/272"}],"collection":[{"href":"https:\/\/aims-cameroon.org\/fr\/wp-json\/wp\/v2\/pages"}],"about":[{"href":"https:\/\/aims-cameroon.org\/fr\/wp-json\/wp\/v2\/types\/page"}],"author":[{"embeddable":true,"href":"https:\/\/aims-cameroon.org\/fr\/wp-json\/wp\/v2\/users\/1"}],"replies":[{"embeddable":true,"href":"https:\/\/aims-cameroon.org\/fr\/wp-json\/wp\/v2\/comments?post=272"}],"version-history":[{"count":4,"href":"https:\/\/aims-cameroon.org\/fr\/wp-json\/wp\/v2\/pages\/272\/revisions"}],"predecessor-version":[{"id":6220,"href":"https:\/\/aims-cameroon.org\/fr\/wp-json\/wp\/v2\/pages\/272\/revisions\/6220"}],"wp:attachment":[{"href":"https:\/\/aims-cameroon.org\/fr\/wp-json\/wp\/v2\/media?parent=272"}],"curies":[{"name":"wp","href":"https:\/\/api.w.org\/{rel}","templated":true}]}}