{"id":277,"date":"2020-09-22T09:25:54","date_gmt":"2020-09-22T09:25:54","guid":{"rendered":"https:\/\/aims-cameroon.org\/?page_id=277"},"modified":"2021-07-19T09:04:38","modified_gmt":"2021-07-19T09:04:38","slug":"software-archive","status":"publish","type":"page","link":"https:\/\/aims-cameroon.org\/fr\/software-archive\/","title":{"rendered":"Logiciel"},"content":{"rendered":"<div class=\"wp-block-cover has-background-dim-30 has-background-dim has-custom-content-position is-position-bottom-left pad-5\" style=\"background-image:url(https:\/\/aims-cameroon.org\/wp-content\/uploads\/sites\/6\/2021\/03\/Software.jpg);background-color:#161228;min-height:600px;background-position:44% 23%\"><div class=\"wp-block-cover__inner-container\">\n<h1>Logiciel<\/h1>\n<\/div><\/div>\n\n\n\n<div class=\"is-layout-flow wp-block-group pad-5\"><div class=\"wp-block-group__inner-container\">\n<h2>Aper\u00e7u<\/h2>\n\n\n\n<p>Brand transforming output from AIMS Cameroon Co-operative Master\u2019s students on their compulsory work placements with technology startups has been remarkable.<\/p>\n\n\n\n<p>Since the first cohort in 2016, the students have been outstanding in the development of software which offer innovative data management options in several companies or institutions where they spent 8 months to complete their program. The few examples of software below show to what extent the students mastered their working environments with problem-solving mindsets.<\/p>\n<\/div><\/div>\n\n\n\n<div class=\"is-layout-flow wp-block-group pad-5-no-top\"><div class=\"wp-block-group__inner-container\"><div id=\"ajax-load-more\" class=\"ajax-load-more-wrap default\" data-id=\"8843155723\" data-alm-id=\"\" data-canonical-url=\"https:\/\/aims-cameroon.org\/fr\/software-archive\/\" data-slug=\"software-archive\" data-post-id=\"277\"  data-localized=\"ajax_load_more_8843155723_vars\" data-alm-object=\"ajax_load_more_8843155723\"><div aria-live=\"polite\" aria-atomic=\"true\" class=\"alm-listing alm-ajax row\" data-container-type=\"div\" data-loading-style=\"default\" data-repeater=\"template_3\" data-post-type=\"software\" data-order=\"DESC\" data-orderby=\"date\" data-offset=\"0\" data-posts-per-page=\"6\" data-button-label=\"Load More\" data-prev-button-label=\"Load Previous\"><\/div><div class=\"alm-btn-wrap\" data-rel=\"ajax-load-more\"><button class=\"alm-load-more-btn more\" type=\"button\">Charger plus<\/button><\/div><\/div>\n<\/div><\/div>","protected":false},"excerpt":{"rendered":"<p>Overview Brand transforming output from AIMS Cameroon Co-operative Master\u2019s students on their compulsory work placements with technology startups has been remarkable. Since the first cohort in 2016, the students have been outstanding in the development of software which offer innovative data management options in several companies or institutions where they spent 8 months to complete<\/p>","protected":false},"author":1,"featured_media":0,"parent":0,"menu_order":0,"comment_status":"closed","ping_status":"closed","template":"","meta":{"advgb_blocks_editor_width":"","advgb_blocks_columns_visual_guide":""},"acf":[],"coauthors":[],"author_meta":{"author_link":"https:\/\/aims-cameroon.org\/fr\/author\/chris\/","display_name":"chris"},"relative_dates":{"created":"Publi\u00e9 6 ans il y a","modified":"Mis \u00e0 jour 5 ans il y a"},"absolute_dates":{"created":"Publi\u00e9 le septembre 22, 2020","modified":"Mise \u00e0 jour le juillet 19, 2021"},"absolute_dates_time":{"created":"Publi\u00e9 le septembre 22, 2020 9:25  ","modified":"Mise \u00e0 jour le juillet 19, 2021 9:04  "},"featured_img_caption":"","featured_img":false,"series_order":"","_links":{"self":[{"href":"https:\/\/aims-cameroon.org\/fr\/wp-json\/wp\/v2\/pages\/277"}],"collection":[{"href":"https:\/\/aims-cameroon.org\/fr\/wp-json\/wp\/v2\/pages"}],"about":[{"href":"https:\/\/aims-cameroon.org\/fr\/wp-json\/wp\/v2\/types\/page"}],"author":[{"embeddable":true,"href":"https:\/\/aims-cameroon.org\/fr\/wp-json\/wp\/v2\/users\/1"}],"replies":[{"embeddable":true,"href":"https:\/\/aims-cameroon.org\/fr\/wp-json\/wp\/v2\/comments?post=277"}],"version-history":[{"count":4,"href":"https:\/\/aims-cameroon.org\/fr\/wp-json\/wp\/v2\/pages\/277\/revisions"}],"predecessor-version":[{"id":2243,"href":"https:\/\/aims-cameroon.org\/fr\/wp-json\/wp\/v2\/pages\/277\/revisions\/2243"}],"wp:attachment":[{"href":"https:\/\/aims-cameroon.org\/fr\/wp-json\/wp\/v2\/media?parent=277"}],"curies":[{"name":"wp","href":"https:\/\/api.w.org\/{rel}","templated":true}]}}