{"id":285,"date":"2020-09-22T09:47:56","date_gmt":"2020-09-22T09:47:56","guid":{"rendered":"https:\/\/aims-cameroon.org\/?page_id=285"},"modified":"2021-07-19T09:04:38","modified_gmt":"2021-07-19T09:04:38","slug":"skills-for-employability-program-details","status":"publish","type":"page","link":"https:\/\/aims-cameroon.org\/fr\/skills-for-employability-program-details\/","title":{"rendered":"D\u00e9tails du programme Skills for Employability"},"content":{"rendered":"<div class=\"wp-block-cover has-background-dim-30 has-background-dim has-custom-content-position is-position-bottom-left pad-5\" style=\"background-image:url(https:\/\/aims-cameroon.org\/wp-content\/uploads\/sites\/6\/2020\/09\/Amended-Layouts_Page_13_Image_0004.jpg);background-color:#161228;min-height:600px\"><div class=\"wp-block-cover__inner-container\">\n<h1>Programme de comp\u00e9tences pour l&#039;employabilit\u00e9<\/h1>\n<\/div><\/div>\n\n\n\n<div class=\"is-layout-flow wp-block-group pad-5\"><div class=\"wp-block-group__inner-container\">\n<h2>Programme de comp\u00e9tences pour l&#039;employabilit\u00e9<\/h2>\n\n\n\n<p>Bien que pr\u00e8s d&#039;un million d&#039;\u00e9tudiants dipl\u00f4m\u00e9s des universit\u00e9s africaines chaque ann\u00e9e, les opportunit\u00e9s d&#039;emploi pour les nouveaux dipl\u00f4m\u00e9s sont rares et l&#039;inad\u00e9quation entre l&#039;\u00e9ducation offerte et les comp\u00e9tences de base n\u00e9cessaires sur le march\u00e9 du travail a contribu\u00e9 \u00e0 des taux de ch\u00f4mage \u00e9lev\u00e9s parmi les dipl\u00f4m\u00e9s \u00e0 travers l&#039;Afrique subsaharienne, y compris La Afrique francophone.<\/p>\n\n\n\n<p>Les jeunes repr\u00e9sentent 60% de tous les ch\u00f4meurs africains (avec des taux de ch\u00f4mage encore plus \u00e9lev\u00e9s pour les jeunes femmes), ce qui pose un risque important pour la coh\u00e9sion sociale et la stabilit\u00e9 politique de la r\u00e9gion si des opportunit\u00e9s \u00e9conomiques suffisantes ne sont pas disponibles.<\/p>\n\n\n\n<p>Malgr\u00e9 une main-d&#039;\u0153uvre mieux form\u00e9e et une meilleure pr\u00e9paration \u00e0 la transition \u00e9cole-carri\u00e8re avec un accent particulier sur les comp\u00e9tences fondamentales en sciences math\u00e9matiques, il existe une opportunit\u00e9 d&#039;am\u00e9liorer les chances de la jeunesse africaine, en particulier des femmes, de devenir des contributeurs actifs \u00e0 sa transformation. .<\/p>\n\n\n\n<p>Con\u00e7u pour une p\u00e9riode de cinq ans, le programme SFE, financ\u00e9 par Affaires mondiales Canada, vise \u00e0 contribuer \u00e0 des solutions aux grands d\u00e9fis du d\u00e9veloppement en Afrique francophone en r\u00e9pondant aux demandes des industries du savoir \u00e9mergentes dans la r\u00e9gion en fournissant des la formation et l&#039;am\u00e9lioration de la transition vers le travail pour les chercheurs en sciences, technologie, ing\u00e9nierie et math\u00e9matiques (STEM).<\/p>\n\n\n\n<p>Le programme cible un \u00e9chantillon repr\u00e9sentatif de b\u00e9n\u00e9ficiaires, dont 30% devraient \u00eatre des femmes: 200 \u00e9tudiants en master coop\u00e9ratif AIMS, 160 dipl\u00f4m\u00e9s du certificat d&#039;affaires post-AIMS et 2250 b\u00e9n\u00e9ficiaires qui suivront des cours en ligne ouverts massifs (MOOC), y compris des \u00e9tudiants de 13 institutions partenaires \u00e0 travers la Francophonie Afrique.<\/p>\n<\/div><\/div>\n\n\n\n<div class=\"wp-block-cover has-background-dim-70 has-background-dim has-custom-content-position is-position-top-left pad-5\" style=\"background-image:url(https:\/\/aims-cameroon.org\/wp-content\/uploads\/2020\/09\/African-Institute-for-Mathematical-Sciences-AIMS-Our-story-1.jpg);background-color:#161228\"><div class=\"wp-block-cover__inner-container\">\n<h2>Approcher<\/h2>\n\n\n\n<p>Les activit\u00e9s cl\u00e9s suivantes seront mises en \u0153uvre tout au long de la dur\u00e9e de vie du programme: <\/p>\n\n\n\n<ul><li>un nouveau certificat d&#039;affaires post-AIMS de 2 mois pour permettre aux \u00e9tudiants et anciens \u00e9l\u00e8ves de l&#039;AIMS de d\u00e9velopper des comp\u00e9tences commerciales et entrepreneuriales approfondies avec un stage de 4 mois en entreprise.<\/li><li>modules d&#039;apprentissage en ligne via la plate-forme d&#039;apprentissage num\u00e9rique de l&#039;Universit\u00e9 virtuelle africaine (UVA);<\/li><li>des forums de math\u00e9matiques ax\u00e9s sur l&#039;industrie qui r\u00e9unissent les math\u00e9maticiens et l&#039;industrie pour r\u00e9soudre les d\u00e9fis pratiques auxquels l&#039;industrie de la Francophonie est confront\u00e9e<\/li><li>partenariat strat\u00e9gique avec des \u00e9tablissements universitaires et le secteur priv\u00e9, y compris des entreprises d\u00e9tenues et dirig\u00e9es par des femmes, ainsi que des \u00e9v\u00e9nements Women in Science<\/li><\/ul>\n\n\n\n<p>Le r\u00e9sultat ultime attendu du programme est d&#039;accro\u00eetre la prosp\u00e9rit\u00e9 \u00e9conomique des populations cibles de la Francophonie en augmentant l&#039;acc\u00e8s aux comp\u00e9tences pour l&#039;emploi de ses \u00e9tudiants en plus de leurs comp\u00e9tences en sciences math\u00e9matiques. L&#039;AIMS d\u00e9veloppera et renforcera les partenariats avec les institutions concern\u00e9es, en particulier les industries et les entreprises appartenant ou dirig\u00e9es par des femmes afin d&#039;atteindre cet objectif.<\/p>\n\n\n\n<p>SFE s&#039;appuie sur le projet de Master Coop\u00e9ratif AIMS en cours de mise en \u0153uvre au S\u00e9n\u00e9gal, gr\u00e2ce au soutien de la Fondation Mastercard, et de l&#039;Initiative AIMS Industrie lanc\u00e9e en 2013.<\/p>\n<\/div><\/div>\n\n\n\n<p><\/p>","protected":false},"excerpt":{"rendered":"<p>Skills for Employability Program Although nearly one million students graduate from African universities each year, employment opportunities for new graduates are scarce and the mismatch between the education offered and the core skills needed in the job market has contributed to high unemployment rates among graduates across sub-Saharan Africa including La Francophone Africa. Youth account<\/p>","protected":false},"author":1,"featured_media":0,"parent":0,"menu_order":0,"comment_status":"closed","ping_status":"closed","template":"","meta":{"advgb_blocks_editor_width":"","advgb_blocks_columns_visual_guide":""},"acf":[],"coauthors":[],"author_meta":{"author_link":"https:\/\/aims-cameroon.org\/fr\/author\/chris\/","display_name":"chris"},"relative_dates":{"created":"Publi\u00e9 6 ans il y a","modified":"Mis \u00e0 jour 5 ans il y a"},"absolute_dates":{"created":"Publi\u00e9 le septembre 22, 2020","modified":"Mise \u00e0 jour le juillet 19, 2021"},"absolute_dates_time":{"created":"Publi\u00e9 le septembre 22, 2020 9:47  ","modified":"Mise \u00e0 jour le juillet 19, 2021 9:04  "},"featured_img_caption":"","featured_img":false,"series_order":"","_links":{"self":[{"href":"https:\/\/aims-cameroon.org\/fr\/wp-json\/wp\/v2\/pages\/285"}],"collection":[{"href":"https:\/\/aims-cameroon.org\/fr\/wp-json\/wp\/v2\/pages"}],"about":[{"href":"https:\/\/aims-cameroon.org\/fr\/wp-json\/wp\/v2\/types\/page"}],"author":[{"embeddable":true,"href":"https:\/\/aims-cameroon.org\/fr\/wp-json\/wp\/v2\/users\/1"}],"replies":[{"embeddable":true,"href":"https:\/\/aims-cameroon.org\/fr\/wp-json\/wp\/v2\/comments?post=285"}],"version-history":[{"count":3,"href":"https:\/\/aims-cameroon.org\/fr\/wp-json\/wp\/v2\/pages\/285\/revisions"}],"predecessor-version":[{"id":676,"href":"https:\/\/aims-cameroon.org\/fr\/wp-json\/wp\/v2\/pages\/285\/revisions\/676"}],"wp:attachment":[{"href":"https:\/\/aims-cameroon.org\/fr\/wp-json\/wp\/v2\/media?parent=285"}],"curies":[{"name":"wp","href":"https:\/\/api.w.org\/{rel}","templated":true}]}}