{"id":290,"date":"2020-09-22T09:58:19","date_gmt":"2020-09-22T09:58:19","guid":{"rendered":"https:\/\/aims-cameroon.org\/?page_id=290"},"modified":"2021-07-19T09:04:37","modified_gmt":"2021-07-19T09:04:37","slug":"big-data-for-development","status":"publish","type":"page","link":"https:\/\/aims-cameroon.org\/fr\/big-data-for-development\/","title":{"rendered":"Big Data pour le d\u00e9veloppement"},"content":{"rendered":"<div class=\"wp-block-cover has-background-dim-30 has-background-dim has-custom-content-position is-position-bottom-left pad-5\" style=\"background-image:url(https:\/\/aims-cameroon.org\/wp-content\/uploads\/sites\/6\/2020\/09\/Amended-Layouts_Page_13_Image_0006.jpg);background-color:#161228;min-height:600px\"><div class=\"wp-block-cover__inner-container\">\n<h1>Big Data pour le d\u00e9veloppement<\/h1>\n<\/div><\/div>\n\n\n\n<div class=\"is-layout-flow wp-block-group pad-5\"><div class=\"wp-block-group__inner-container\">\n<h1>\u00c0 propos<\/h1>\n\n\n\n<p>Lorem ipsum dolor sit amet, consectetur adipiscing elit, sed do eiusmod tempor incididunt ut labore et dolore magna aliqua. Ut enim ad minim veniam, quis nostrud exercice ullamco laboris nisi ut aliquip ex ea commodo cons\u00e9quat. Duis aute irure dolor in reprehenderit in voluptate velit esse cillum dolore eu fugiat nulla pariatur. Excepteur sint occaecat cupidatat non proident, sunt in culpa qui officia deserunt mollit anim id est laborum.<\/p>\n<\/div><\/div>\n\n\n\n<div class=\"wp-block-advgb-columns advgb-columns-wrapper\" id=\"advgb-cols-4008ed15-5891-4d60-9d49-e581aeec2364\"><div class=\"advgb-columns-container\"><div class=\"advgb-columns advgb-columns-row advgb-is-mobile advgb-columns-2 layout-12-12 mbl-layout-stacked vgutter-10\">\n<div class=\"wp-block-advgb-column advgb-column advgb-is-half-tablet advgb-is-full-mobile\" id=\"advgb-col-423ccd9f-d108-4e36-8839-7df6cf62116b\"><div class=\"advgb-column-inner\" style=\"border-style:none;border-width:1px\">\n<div class=\"wp-block-cover\" style=\"background-image:url(https:\/\/aims-cameroon.org\/wp-content\/uploads\/sites\/6\/2020\/09\/Amended-Layouts_Page_14_Image_0003.jpg);min-height:500px\"><div class=\"wp-block-cover__inner-container\">\n<p class=\"has-text-align-center has-large-font-size\"><\/p>\n<\/div><\/div>\n<\/div><\/div>\n\n\n\n<div class=\"wp-block-advgb-column advgb-column advgb-is-half-tablet advgb-is-full-mobile\" id=\"advgb-col-2c6033b3-0260-47c8-b86d-2def5d634a3b\"><div class=\"advgb-column-inner\" style=\"border-style:none;border-width:1px\">\n<div class=\"is-layout-flow wp-block-group pad-5-10\"><div class=\"wp-block-group__inner-container\">\n<h2>Initiative de l&#039;industrie AIMS<\/h2>\n\n\n\n<p>AIMS d\u00e9livre un dipl\u00f4me en sciences math\u00e9matiques de classe mondiale aux \u00e9tudiants recrut\u00e9s sur tout le continent africain. Chaque centre AIMS propose un master structur\u00e9 intensif d&#039;un an avec des cours dispens\u00e9s par des conf\u00e9renciers de classe mondiale du monde entier.<\/p>\n\n\n\n<div style=\"height:20px\" aria-hidden=\"true\" class=\"wp-block-spacer\"><\/div>\n\n\n\n<div class=\"is-layout-flex wp-block-buttons\">\n<div class=\"wp-block-button bg-alt\"><a class=\"wp-block-button__link no-border-radius\">Lire la suite<\/a><\/div>\n<\/div>\n<\/div><\/div>\n<\/div><\/div>\n<\/div><\/div><\/div>\n\n\n\n<div class=\"wp-block-advgb-columns advgb-columns-wrapper\" id=\"advgb-cols-fd2fe77f-3fb9-4714-8355-2a82d5de88c4\"><div class=\"advgb-columns-container\"><div class=\"advgb-columns advgb-columns-row advgb-is-mobile columns-valign-full advgb-columns-2 layout-12-12 mbl-layout-stacked vgutter-10\">\n<div class=\"wp-block-advgb-column advgb-column advgb-is-half-tablet advgb-is-full-mobile\" id=\"advgb-col-daede7a4-4c7d-4a15-bb79-59a2499fb6f9\"><div class=\"advgb-column-inner\" style=\"border-style:none;border-width:1px\">\n<div class=\"is-layout-flow wp-block-group pad-5-10\"><div class=\"wp-block-group__inner-container\">\n<h2>Big Data pour le d\u00e9veloppement<\/h2>\n\n\n\n<p>Apr\u00e8s avoir abouti \u00e0 la ma\u00eetrise AIMS en sciences math\u00e9matiques, AIMS propose \u00e9galement un programme de formation coop\u00e9rative d&#039;apprentissage int\u00e9gr\u00e9 au travail qui s&#039;appuie sur la ma\u00eetrise structur\u00e9e et ajoute une composante de stage en partenariat avec des partenaires de l&#039;industrie priv\u00e9e et publique. Le programme coop\u00e9ratif est offert \u00e0 AIMS Cameroun, AIMS Rwanda et AIMS S\u00e9n\u00e9gal<\/p>\n\n\n\n<div style=\"height:20px\" aria-hidden=\"true\" class=\"wp-block-spacer\"><\/div>\n\n\n\n<div class=\"is-layout-flex wp-block-buttons\">\n<div class=\"wp-block-button bg-alt\"><a class=\"wp-block-button__link no-border-radius\" href=\"..\/big-data-for-development-2\/\">Lire la suite<\/a><\/div>\n<\/div>\n<\/div><\/div>\n<\/div><\/div>\n\n\n\n<div class=\"wp-block-advgb-column advgb-column advgb-is-half-tablet advgb-is-full-mobile\" id=\"advgb-col-6467d2e2-3ef0-4c78-ba71-8a85b648ae53\"><div class=\"advgb-column-inner\" style=\"border-style:none;border-width:1px\">\n<div class=\"wp-block-cover\" style=\"background-image:url(https:\/\/aims-cameroon.org\/wp-content\/uploads\/sites\/6\/2020\/09\/Amended-Layouts_Page_14_Image_0001.jpg);min-height:500px\"><div class=\"wp-block-cover__inner-container\">\n<p class=\"has-text-align-center has-large-font-size\"><\/p>\n<\/div><\/div>\n<\/div><\/div>\n<\/div><\/div><\/div>\n\n\n\n<div class=\"wp-block-advgb-columns advgb-columns-wrapper\" id=\"advgb-cols-38dfce20-6020-4e5e-b5ef-fb601e3f14de\"><div class=\"advgb-columns-container\"><div class=\"advgb-columns advgb-columns-row advgb-is-mobile advgb-columns-2 layout-12-12 mbl-layout-stacked vgutter-10\">\n<div class=\"wp-block-advgb-column advgb-column advgb-is-half-tablet advgb-is-full-mobile\" id=\"advgb-col-1a045928-d677-478c-a184-c9c326eaad97\"><div class=\"advgb-column-inner\" style=\"border-style:none;border-width:1px\">\n<div class=\"wp-block-cover\" style=\"background-image:url(https:\/\/aims-cameroon.org\/wp-content\/uploads\/sites\/6\/2020\/09\/Amended-Layouts_Page_17_Image_0001.jpg);min-height:500px\"><div class=\"wp-block-cover__inner-container\">\n<p class=\"has-text-align-center has-large-font-size\"><\/p>\n<\/div><\/div>\n<\/div><\/div>\n\n\n\n<div class=\"wp-block-advgb-column advgb-column advgb-is-half-tablet advgb-is-full-mobile\" id=\"advgb-col-70df1894-190c-4e90-bf68-f12b76d8bebb\"><div class=\"advgb-column-inner\" style=\"border-style:none;border-width:1px\">\n<div class=\"is-layout-flow wp-block-group pad-5-10\"><div class=\"wp-block-group__inner-container\">\n<h2>MS4CR<\/h2>\n\n\n\n<p>En 2018, AIMS a lanc\u00e9 le premier master africain du genre en intelligence artificielle. AMMI est un programme de master intensif d&#039;un an enseign\u00e9 par les principaux experts en intelligence artificielle et en apprentissage automatique.<\/p>\n\n\n\n<div style=\"height:20px\" aria-hidden=\"true\" class=\"wp-block-spacer\"><\/div>\n\n\n\n<div class=\"is-layout-flex wp-block-buttons\">\n<div class=\"wp-block-button bg-alt\"><a class=\"wp-block-button__link no-border-radius\">Lire la suite<\/a><\/div>\n<\/div>\n<\/div><\/div>\n<\/div><\/div>\n<\/div><\/div><\/div>\n<style class=\"advgb-styles-renderer\">#advgb-cols-4008ed15-5891-4d60-9d49-e581aeec2364{}@media screen and (max-width: 1023px) {#advgb-cols-4008ed15-5891-4d60-9d49-e581aeec2364{}}@media screen and (max-width: 767px) {#advgb-cols-4008ed15-5891-4d60-9d49-e581aeec2364{}}#advgb-col-423ccd9f-d108-4e36-8839-7df6cf62116b>.advgb-column-inner{}@media screen and (max-width: 1023px) {#advgb-col-423ccd9f-d108-4e36-8839-7df6cf62116b>.advgb-column-inner{}}@media screen and (max-width: 767px) {#advgb-col-423ccd9f-d108-4e36-8839-7df6cf62116b>.advgb-column-inner{}}#advgb-col-2c6033b3-0260-47c8-b86d-2def5d634a3b>.advgb-column-inner{}@media screen and (max-width: 1023px) {#advgb-col-2c6033b3-0260-47c8-b86d-2def5d634a3b>.advgb-column-inner{}}@media screen and (max-width: 767px) {#advgb-col-2c6033b3-0260-47c8-b86d-2def5d634a3b>.advgb-column-inner{}}#advgb-cols-fd2fe77f-3fb9-4714-8355-2a82d5de88c4{}@media screen and (max-width: 1023px) {#advgb-cols-fd2fe77f-3fb9-4714-8355-2a82d5de88c4{}}@media screen and (max-width: 767px) {#advgb-cols-fd2fe77f-3fb9-4714-8355-2a82d5de88c4{}}#advgb-col-daede7a4-4c7d-4a15-bb79-59a2499fb6f9>.advgb-column-inner{}@media screen and (max-width: 1023px) {#advgb-col-daede7a4-4c7d-4a15-bb79-59a2499fb6f9>.advgb-column-inner{}}@media screen and (max-width: 767px) {#advgb-col-daede7a4-4c7d-4a15-bb79-59a2499fb6f9>.advgb-column-inner{}}#advgb-col-6467d2e2-3ef0-4c78-ba71-8a85b648ae53>.advgb-column-inner{}@media screen and (max-width: 1023px) {#advgb-col-6467d2e2-3ef0-4c78-ba71-8a85b648ae53>.advgb-column-inner{}}@media screen and (max-width: 767px) {#advgb-col-6467d2e2-3ef0-4c78-ba71-8a85b648ae53>.advgb-column-inner{}}#advgb-cols-38dfce20-6020-4e5e-b5ef-fb601e3f14de{}@media screen and (max-width: 1023px) {#advgb-cols-38dfce20-6020-4e5e-b5ef-fb601e3f14de{}}@media screen and (max-width: 767px) {#advgb-cols-38dfce20-6020-4e5e-b5ef-fb601e3f14de{}}#advgb-col-1a045928-d677-478c-a184-c9c326eaad97>.advgb-column-inner{}@media screen and (max-width: 1023px) {#advgb-col-1a045928-d677-478c-a184-c9c326eaad97>.advgb-column-inner{}}@media screen and (max-width: 767px) {#advgb-col-1a045928-d677-478c-a184-c9c326eaad97>.advgb-column-inner{}}#advgb-col-70df1894-190c-4e90-bf68-f12b76d8bebb>.advgb-column-inner{}@media screen and (max-width: 1023px) {#advgb-col-70df1894-190c-4e90-bf68-f12b76d8bebb>.advgb-column-inner{}}@media screen and (max-width: 767px) {#advgb-col-70df1894-190c-4e90-bf68-f12b76d8bebb>.advgb-column-inner{}}<\/style>","protected":false},"excerpt":{"rendered":"<p>About Lorem ipsum dolor sit amet, consectetur adipiscing elit, sed do eiusmod tempor incididunt ut labore et dolore magna aliqua. Ut enim ad minim veniam, quis nostrud exercitation ullamco laboris nisi ut aliquip ex ea commodo consequat. Duis aute irure dolor in reprehenderit in voluptate velit esse cillum dolore eu fugiat nulla pariatur. Excepteur sint<\/p>","protected":false},"author":1,"featured_media":0,"parent":0,"menu_order":0,"comment_status":"closed","ping_status":"closed","template":"","meta":{"advgb_blocks_editor_width":"","advgb_blocks_columns_visual_guide":""},"acf":[],"coauthors":[],"author_meta":{"author_link":"https:\/\/aims-cameroon.org\/fr\/author\/chris\/","display_name":"chris"},"relative_dates":{"created":"Publi\u00e9 6 ans il y a","modified":"Mis \u00e0 jour 5 ans il y a"},"absolute_dates":{"created":"Publi\u00e9 le septembre 22, 2020","modified":"Mise \u00e0 jour le juillet 19, 2021"},"absolute_dates_time":{"created":"Publi\u00e9 le septembre 22, 2020 9:58  ","modified":"Mise \u00e0 jour le juillet 19, 2021 9:04  "},"featured_img_caption":"","featured_img":false,"series_order":"","_links":{"self":[{"href":"https:\/\/aims-cameroon.org\/fr\/wp-json\/wp\/v2\/pages\/290"}],"collection":[{"href":"https:\/\/aims-cameroon.org\/fr\/wp-json\/wp\/v2\/pages"}],"about":[{"href":"https:\/\/aims-cameroon.org\/fr\/wp-json\/wp\/v2\/types\/page"}],"author":[{"embeddable":true,"href":"https:\/\/aims-cameroon.org\/fr\/wp-json\/wp\/v2\/users\/1"}],"replies":[{"embeddable":true,"href":"https:\/\/aims-cameroon.org\/fr\/wp-json\/wp\/v2\/comments?post=290"}],"version-history":[{"count":4,"href":"https:\/\/aims-cameroon.org\/fr\/wp-json\/wp\/v2\/pages\/290\/revisions"}],"predecessor-version":[{"id":831,"href":"https:\/\/aims-cameroon.org\/fr\/wp-json\/wp\/v2\/pages\/290\/revisions\/831"}],"wp:attachment":[{"href":"https:\/\/aims-cameroon.org\/fr\/wp-json\/wp\/v2\/media?parent=290"}],"curies":[{"name":"wp","href":"https:\/\/api.w.org\/{rel}","templated":true}]}}