{"id":297,"date":"2020-09-22T10:47:56","date_gmt":"2020-09-22T10:47:56","guid":{"rendered":"https:\/\/aims-cameroon.org\/?page_id=297"},"modified":"2025-05-09T20:51:38","modified_gmt":"2025-05-09T20:51:38","slug":"about-the-research-centre","status":"publish","type":"page","link":"https:\/\/aims-cameroon.org\/fr\/about-the-research-centre\/","title":{"rendered":"\u00c0 propos du centre de recherche"},"content":{"rendered":"<div class=\"wp-block-cover is-light has-custom-content-position is-position-bottom-left pad-5\" style=\"min-height:600px\"><span aria-hidden=\"true\" class=\"wp-block-cover__background has-background-dim-30 has-background-dim\" style=\"background-color:#161228\"><\/span><img decoding=\"async\" loading=\"lazy\" width=\"2560\" height=\"1707\" class=\"wp-block-cover__image-background wp-image-3358\" alt=\"\" src=\"https:\/\/aims-cameroon.org\/wp-content\/uploads\/sites\/6\/2021\/03\/giveback-Saker-Baptist-college-Limbe--scaled.jpg\" style=\"object-position:30% 15%\" data-object-fit=\"cover\" data-object-position=\"30% 15%\" srcset=\"https:\/\/aims-cameroon.org\/wp-content\/uploads\/sites\/6\/2021\/03\/giveback-Saker-Baptist-college-Limbe--scaled.jpg 2560w, https:\/\/aims-cameroon.org\/wp-content\/uploads\/sites\/6\/2021\/03\/giveback-Saker-Baptist-college-Limbe--300x200.jpg 300w, https:\/\/aims-cameroon.org\/wp-content\/uploads\/sites\/6\/2021\/03\/giveback-Saker-Baptist-college-Limbe--1024x683.jpg 1024w, https:\/\/aims-cameroon.org\/wp-content\/uploads\/sites\/6\/2021\/03\/giveback-Saker-Baptist-college-Limbe--768x512.jpg 768w, https:\/\/aims-cameroon.org\/wp-content\/uploads\/sites\/6\/2021\/03\/giveback-Saker-Baptist-college-Limbe--1536x1024.jpg 1536w, https:\/\/aims-cameroon.org\/wp-content\/uploads\/sites\/6\/2021\/03\/giveback-Saker-Baptist-college-Limbe--2048x1365.jpg 2048w, https:\/\/aims-cameroon.org\/wp-content\/uploads\/sites\/6\/2021\/03\/giveback-Saker-Baptist-college-Limbe--16x12.jpg 16w\" sizes=\"(max-width: 2560px) 100vw, 2560px\" \/><div class=\"wp-block-cover__inner-container\">\n<h1>\u00c0 propos du centre de recherche<\/h1>\n<\/div><\/div>\n\n\n\n<div class=\"is-layout-flow wp-block-group pad-5\"><div class=\"wp-block-group__inner-container\">\n<h1>Aper\u00e7u<\/h1>\n\n\n\n<p>Le Centre de Recherche AIMS-Cameroun est situ\u00e9 sur le campus d&#039;AIMS-Cameroun \u00e0 Crystal Garden \u00e0 Limbe, Cameroun. Le Centre a vu le jour en 2017 avec la nomination du professeur Gis\u00e8le Mophou en tant que Chaire de recherche allemande en math\u00e9matiques et ses applications, soutenue par Alexander von Humboldt et le DAAD en collaboration avec des universit\u00e9s du Cameroun et financ\u00e9e par le minist\u00e8re f\u00e9d\u00e9ral allemand de l&#039;\u00e9ducation et de la recherche ( BMBF).<\/p>\n\n\n\n<p>Sa mission est de mener et de favoriser des recherches exceptionnelles ainsi que des collaborations nationales en laboratoire, avec l&#039;industrie, continentales et internationales. Les domaines de recherche comprennent l&#039;analyse math\u00e9matique, l&#039;analyse non lin\u00e9aire, les \u00e9quations aux d\u00e9riv\u00e9es partielles, les sciences du climat, l&#039;optimisation de la forme, la th\u00e9orie du contr\u00f4le, l&#039;apprentissage en profondeur et le Big Data, avec un large \u00e9ventail d&#039;applications \u00e0 des probl\u00e8mes r\u00e9els tels que la pollution de l&#039;environnement, l&#039;\u00e9rosion c\u00f4ti\u00e8re, , r\u00e9seaux et probl\u00e8mes rencontr\u00e9s dans certaines entreprises locales.<\/p>\n\n\n\n<p>Le Centre est \u00e9quip\u00e9 du WIFI et dispose d&#039;un environnement propice \u00e0 la recherche. Depuis 2017, le Centre de recherche a accueilli plus de 200 visiteurs dans des \u00e9coles d&#039;\u00e9t\u00e9, des ateliers, des s\u00e9minaires, des conf\u00e9rences internationales, de courtes visites de recherche (1 \u00e0 2 semaines) et des visites de recherche de longue dur\u00e9e (2 \u00e0 4 semaines).<\/p>\n\n\n\n<p style=\"font-size:34px\"><strong>But<\/strong><\/p>\n\n\n\n<ol type=\"1\">\n<li>Offrir des exp\u00e9riences d&#039;apprentissage uniques aux \u00e9tudiants et aux chercheurs<\/li>\n\n\n\n<li>Offrir un espace aux math\u00e9maticiens pour travailler et interagir avec les chercheurs locaux du pays et les \u00e9tudiants de l&#039;AIMS.<\/li>\n\n\n\n<li>Favoriser les liens entre les universit\u00e9s, les laboratoires nationaux, l&#039;industrie et le gouvernement.<\/li>\n<\/ol>\n<\/div><\/div>","protected":false},"excerpt":{"rendered":"<p>Overview The AIMS-Cameroon Research Centre is located in the campus of AIMS-Cameroon at Crystal Garden in Limbe, Cameroon. The Centre came into existence in 2017 with the appointment of Prof. Gis\u00e8le Mophou as German Research Chair in Mathematics and its Applications, supported by Alexander von Humboldt and DAAD in collaboration with universities in Cameroon and<\/p>","protected":false},"author":1,"featured_media":0,"parent":0,"menu_order":0,"comment_status":"closed","ping_status":"closed","template":"","meta":{"advgb_blocks_editor_width":"","advgb_blocks_columns_visual_guide":""},"acf":[],"coauthors":[],"author_meta":{"author_link":"https:\/\/aims-cameroon.org\/fr\/author\/chris\/","display_name":"chris"},"relative_dates":{"created":"Publi\u00e9 6 ans il y a","modified":"Mis \u00e0 jour 12 mois il y a"},"absolute_dates":{"created":"Publi\u00e9 le septembre 22, 2020","modified":"Mise \u00e0 jour le mai 9, 2025"},"absolute_dates_time":{"created":"Publi\u00e9 le septembre 22, 2020 10:47  ","modified":"Mise \u00e0 jour le mai 9, 2025 8:51  "},"featured_img_caption":"","featured_img":false,"series_order":"","_links":{"self":[{"href":"https:\/\/aims-cameroon.org\/fr\/wp-json\/wp\/v2\/pages\/297"}],"collection":[{"href":"https:\/\/aims-cameroon.org\/fr\/wp-json\/wp\/v2\/pages"}],"about":[{"href":"https:\/\/aims-cameroon.org\/fr\/wp-json\/wp\/v2\/types\/page"}],"author":[{"embeddable":true,"href":"https:\/\/aims-cameroon.org\/fr\/wp-json\/wp\/v2\/users\/1"}],"replies":[{"embeddable":true,"href":"https:\/\/aims-cameroon.org\/fr\/wp-json\/wp\/v2\/comments?post=297"}],"version-history":[{"count":25,"href":"https:\/\/aims-cameroon.org\/fr\/wp-json\/wp\/v2\/pages\/297\/revisions"}],"predecessor-version":[{"id":8761,"href":"https:\/\/aims-cameroon.org\/fr\/wp-json\/wp\/v2\/pages\/297\/revisions\/8761"}],"wp:attachment":[{"href":"https:\/\/aims-cameroon.org\/fr\/wp-json\/wp\/v2\/media?parent=297"}],"curies":[{"name":"wp","href":"https:\/\/api.w.org\/{rel}","templated":true}]}}