{"id":30,"date":"2020-09-19T14:31:15","date_gmt":"2020-09-19T14:31:15","guid":{"rendered":"https:\/\/aims-cameroon.org\/?page_id=30"},"modified":"2021-08-26T11:23:03","modified_gmt":"2021-08-26T11:23:03","slug":"home","status":"publish","type":"page","link":"https:\/\/aims-cameroon.org\/fr\/home\/","title":{"rendered":"Accueil"},"content":{"rendered":"<div id=\"front-page-splash\"> \n\n\n<div id=\"main-carousel\" class=\"carousel slide\" data-ride=\"carousel\">\n    <div class=\"slider-overlay\" style=\"z-index: 1\"><\/div>\n    <div class=\"video-container\">\n        <video autoplay muted loop id=\"myVideo\">\n            <source src=\"https:\/\/aims-cameroon.org\/wp-content\/uploads\/sites\/6\/2021\/04\/AIMS-HOMEPAGE.mp4\" type=\"video\/mp4\">\n        <\/video>\n    <\/div>\n    <div class=\"carousel-inner\">\n        <div class=\"carousel-item active img-bg\">\n            <div class=\"img-bg header-banner\">\n                <h1 class=\"white-text\">Nous croyons que le prochain Einstein sera africain<\/h1>\n            <\/div>\n        <\/div>\n    <\/div>\n<\/div>\n\n\n<\/div>\n\n\n\n<div class=\"is-layout-flow wp-block-group pad-5\"><div class=\"wp-block-group__inner-container\">\n<div class=\"wp-block-advgb-columns advgb-columns-wrapper\" id=\"advgb-cols-b5c5229b-5c1e-44f4-b322-8b45b0b9572a\"><div class=\"advgb-columns-container\"><div class=\"advgb-columns advgb-columns-row advgb-is-mobile advgb-columns-2 layout-13-23 mbl-layout-stacked vgutter-10\">\n<div class=\"wp-block-advgb-column advgb-column advgb-is-one-third-tablet advgb-is-full-mobile\" id=\"advgb-col-27f1bff3-e4cd-4f6c-9caa-61cda27896db\"><div class=\"advgb-column-inner\" style=\"border-style:none;border-width:1px\">\n<h2>Pourquoi AIMS?<\/h2>\n<\/div><\/div>\n\n\n\n<div class=\"wp-block-advgb-column advgb-column advgb-is-two-thirds-tablet advgb-is-full-mobile is-relative pad-5-no-top\" id=\"advgb-col-a56dc8a9-8059-4961-872f-c2578a8402da\"><div class=\"advgb-column-inner\" style=\"border-style:none;border-width:1px\">\n<p>L'Institut Africain des Sciences Math\u00e9matiques (AIMS) est un r\u00e9seau panafricain de centres d'excellence pour la formation postuniversitaire en sciences math\u00e9matiques, la recherche et l'engagement du public dans les sciences, la technologie, l'ing\u00e9nierie et les math\u00e9matiques (STEM). AIMS permet aux \u00e9tudiants talentueux d'Afrique de devenir des innovateurs, favorisant l'autosuffisance scientifique, \u00e9ducative et \u00e9conomique du continent<\/p>\n\n\n\n<div class=\"wp-block-advgb-button alignnone\"><a class=\"wp-block-advgb-button_link advgbbtn-fe0a0657-0a98-47d5-814e-aaf50e255406\" href=\"..\/alumni-success-stories\/\" target=\"_self\" rel=\"noopener noreferrer\">Success Stories<\/a><\/div>\n\n\n\n<div style=\"position:absolute;top:0;left:0;height:40px;width:6px;background-color:#f08c21\"> <\/div>\n<\/div><\/div>\n<\/div><\/div><\/div>\n<\/div><\/div>\n\n\n\n<div class=\"is-layout-flow wp-block-group pad-5 bg-alt\"><div class=\"wp-block-group__inner-container\">\n<h2 class=\"has-white-color has-text-color\">Nouvelles<\/h2>\n\n\n\n<div style=\"height:20px\" aria-hidden=\"true\" class=\"wp-block-spacer\"><\/div>\n\n\n     \n\n\n\n\n\n<div class=\"container-fluid\">\n\n    <div class=\"row mx-auto my-auto\">\n        <div id=\"newsCarousel\" class=\"carousel is-relative slide w-100\" data-ride=\"carousel\">\n              <a class=\"carousel-control-prev\" href=\"#newsCarousel\" role=\"button\" data-slide=\"prev\">\n                <span class=\"carousel-control-prev-icon\" aria-hidden=\"true\"><\/span>\n                <span class=\"sr-only\">Pr\u00e9c\u00e9dent<\/span>\n            <\/a>\n            <a class=\"carousel-control-next\" href=\"#newsCarousel\" role=\"button\" data-slide=\"next\">\n                <span class=\"carousel-control-next-icon\" aria-hidden=\"true\"><\/span>\n                <span class=\"sr-only\">Suivant<\/span>\n            <\/a>\n            <div class=\"carousel-inner is-relative w-100\" >\n       \n   \n\n\n\n\n\n\n    \n\n <div class=\"carousel-item\">\n<div class=\"col-md-6 col-lg-4 blog-card\"><div class=\"blog-card-inner shadow25\">\n\n\n\n\n    <div class=\"blog-card-top img-bg\" style=\"background-image: url(https:\/\/aims-cameroon.org\/wp-content\/uploads\/sites\/6\/2026\/03\/dongho-joseph.jpeg )\"> <div class=\"article-tag post\">  <\/div><\/div>\n\n\n\n<div class=\"blog-card-bottom pad-5\"> \n\n    <h3 class=\"center-text\"> Condolence Message &#8211; Passing of Professor Joseph Dongho <\/h3>\n    \n     <p>Limbe, 2 March 2026 The African Institute for Mathematical Sciences (AIMS) has learned with profound sorrow of the passing of Professor Joseph Dongho on 26 February 2026 in Bafoussam. On&#8230;<\/p>                <a data-no-translation aria-label=\"Condolence\" message &#8211; passing of professor joseph dongho href='https:\/\/aims-cameroon.org\/fr\/condolence-message-passing-of-professor-joseph-dongho\/' title='Read Full Article' class=\"link-button\"> Read More <\/a>\n\n\n\n<\/div>\n\n\n\n<\/div><\/div>\n<\/div>\n\n\n\n\n  \n    \n\n <div class=\"carousel-item\">\n<div class=\"col-md-6 col-lg-4 blog-card\"><div class=\"blog-card-inner shadow25\">\n\n\n\n\n    <div class=\"blog-card-top img-bg\" style=\"background-image: url(https:\/\/aims-cameroon.org\/wp-content\/uploads\/sites\/6\/2025\/11\/baobab.jpeg )\"> <div class=\"article-tag post\">  <\/div><\/div>\n\n\n\n<div class=\"blog-card-bottom pad-5\"> \n\n    <h3 class=\"center-text\"> R\u00e9flexions issues du Sommet Baobab 2025\u00a0: \u00ab\u00a0L\u2019essor du baobab \u2013 Cultiver l\u2019avenir gr\u00e2ce \u00e0 la jeunesse africaine\u00a0\u00bb <\/h3>\n    \n     <p>From October 17\u201319, 2025, Nairobi, Kenya became a vibrant hub of innovation and inspiration as 698 Mastercard Foundation Scholars, Alumni, partner institutions, and industry leaders came together for the Baobab&#8230;<\/p>                <a data-no-translation aria-label=\"Reflections\" from the baobab summit 2025: \u201cbaobab rising \u2013 nurturing future through africa\u2019s youth\u201d href =\"https:\/\/aims-cameroon.org\/fr\/baobab-summit-2025\/\" title='Read Full Article' class='link-button'> Read More <\/a>\n\n\n\n<\/div>\n\n\n\n<\/div><\/div>\n<\/div>\n\n\n\n\n  \n    \n\n <div class=\"carousel-item\">\n<div class=\"col-md-6 col-lg-4 blog-card\"><div class=\"blog-card-inner shadow25\">\n\n\n\n\n    <div class=\"blog-card-top img-bg\" style=\"background-image: url(https:\/\/aims-cameroon.org\/wp-content\/uploads\/sites\/6\/2025\/10\/Congratulations.jpg )\"> <div class=\"article-tag post\">  <\/div><\/div>\n\n\n\n<div class=\"blog-card-bottom pad-5\"> \n\n    <h3 class=\"center-text\"> <strong>Sonter Caleb et Tendresse D\u00e9sir\u00e9 \u00e9lus repr\u00e9sentants de classe pour la cohorte AIMS Cameroun 2025\/2026<\/strong> <\/h3>\n    \n     <p>AIMS Cameroon is proud to announce the election of Sonter Caleb and Tendresse D\u00e9sir\u00e9 as Class Representatives for the 2025\/2026 cohort. Their election, held on October 20, 2025, marked the&#8230;<\/p>                <a data-no-translation aria-label=\"<strong\">Sonter Caleb and Tendresse D\u00e9sir\u00e9 Elected as Class Representatives for AIMS Cameroon 2025\/2026 Cohort<\/strong> href=&#8217;https:\/\/aims-cameroon.org\/fr\/class-representatives-2025-2026-cohort\/&#8217; aria-label=&#8221;<strong>Sonter Caleb and Tendresse D\u00e9sir\u00e9 Elected as Class Representatives for AIMS Cameroon 2025\/2026 Cohort<\/strong>&#8221; title=&#8217;Read Full Article&#8217; class=link-button> Read More <\/a>\n\n\n\n<\/div>\n\n\n\n<\/div><\/div>\n<\/div>\n\n\n\n\n  \n    \n\n <div class=\"carousel-item\">\n<div class=\"col-md-6 col-lg-4 blog-card\"><div class=\"blog-card-inner shadow25\">\n\n\n\n\n    <div class=\"blog-card-top img-bg\" style=\"background-image: url(https:\/\/aims-cameroon.org\/wp-content\/uploads\/sites\/6\/2025\/07\/feature-students-laptops-tender-768x768.jpeg )\"> <div class=\"article-tag post\">  <\/div><\/div>\n\n\n\n<div class=\"blog-card-bottom pad-5\"> \n\n    <h3 class=\"center-text\"> Appel d&#039;offres : Fourniture d&#039;ordinateurs portables aux \u00e9tudiants <\/h3>\n    \n     <p>(brand-new or high quality professionally refurbished units welcome) [To equip the next cohort of students, AIMS Cameroon is inviting qualified vendors and oems to bid for the supply, delivery and&#8230;<\/p>                <a data-no-translation aria-label=\"Call\" for tenders: supply of laptops students href =\"https:\/\/aims-cameroon.org\/fr\/call-for-tenders-supply-of-laptops-for-students\/\" title='Read Full Article' class='link-button'> Read More <\/a>\n\n\n\n<\/div>\n\n\n\n<\/div><\/div>\n<\/div>\n\n\n\n\n  \n    \n\n <div class=\"carousel-item\">\n<div class=\"col-md-6 col-lg-4 blog-card\"><div class=\"blog-card-inner shadow25\">\n\n\n\n\n    <div class=\"blog-card-top img-bg\" style=\"background-image: url(https:\/\/aims-cameroon.org\/wp-content\/uploads\/sites\/6\/2025\/04\/WQD-small-768x768.png )\"> <div class=\"article-tag post\">  <\/div><\/div>\n\n\n\n<div class=\"blog-card-bottom pad-5\"> \n\n    <h3 class=\"center-text\"> C\u00e9l\u00e9bration de la Journ\u00e9e mondiale du quantique <strong>\u2013 L\u2019avenir quantique de l\u2019Afrique\u00a0: opportunit\u00e9s, d\u00e9fis et strat\u00e9gies<\/strong> <\/h3>\n    \n     <p>Join us on April 14th at 10 AM WAT to celebrate World Quantum Day, an event dedicated to promoting quantum science and technology. This year, we focus on Africa\u2019s growing&#8230;<\/p>                <a data-no-translation aria-label=\"World\" quantum day celebration <strong>\u2013 Africa&#8217;s Quantum Future: Opportunities, Challenges, and Strategies<\/strong> href=&#8217;https:\/\/aims-cameroon.org\/fr\/world-quantum-day-celebration\/&#8217; aria-label=&#8221;World Quantum Day Celebration <strong>\u2013 Africa&#8217;s Quantum Future: Opportunities, Challenges, and Strategies<\/strong>&#8221; title=&#8217;Read Full Article&#8217; class=link-button> Read More <\/a>\n\n\n\n<\/div>\n\n\n\n<\/div><\/div>\n<\/div>\n\n\n\n\n  \n    \n\n <div class=\"carousel-item\">\n<div class=\"col-md-6 col-lg-4 blog-card\"><div class=\"blog-card-inner shadow25\">\n\n\n\n\n    <div class=\"blog-card-top img-bg\" style=\"background-image: url(https:\/\/aims-cameroon.org\/wp-content\/uploads\/2020\/09\/African-Institute-for-Mathematical-Sciences-AIMS-Our-story-1.jpg )\"> <div class=\"article-tag post\">  <\/div><\/div>\n\n\n\n<div class=\"blog-card-bottom pad-5\"> \n\n    <h3 class=\"center-text\"> AIMS et AKADEMIYA2063 s&#039;associent pour faire progresser le programme de d\u00e9veloppement de l&#039;Afrique. <\/h3>\n    \n     <p>Kigali, March 28, 2025 \u2013 The African Institute for Mathematical Sciences (AIMS) and AKADEMIYA2063 have officially signed a Memorandum of Understanding (MoU) to promote evidence-based research, innovation, and technologies that&#8230;<\/p>                <a data-no-translation aria-label=\"AIMS\" and akademiya2063 partner to advance africa\u2019s development agenda href='https:\/\/aims-cameroon.org\/fr\/aims-and-akademiya2063-partner\/' title='Read Full Article' class=\"link-button\"> Read More <\/a>\n\n\n\n<\/div>\n\n\n\n<\/div><\/div>\n<\/div>\n\n\n\n\n  \n      \n\n\n\n            <\/div>\n         \n        <\/div>\n    <\/div>\n<\/div>\n\n\n\n<\/div><\/div>\n\n\n\n<div class=\"is-layout-flow wp-block-group pad-5\"><div class=\"wp-block-group__inner-container\">\n<h2>\u00c9v\u00e9nements<\/h2>\n\n\n\n<div style=\"height:20px\" aria-hidden=\"true\" class=\"wp-block-spacer\"><\/div>\n\n\n     \n\n\n\n\n\n<div class=\"container-fluid\">\n\n    <div class=\"row mx-auto my-auto\">\n        <div id=\"eventCarousel\" class=\"carousel is-relative slide w-100\" data-ride=\"carousel\">\n              <a class=\"carousel-control-prev\" href=\"#eventCarousel\" role=\"button\" data-slide=\"prev\">\n                <span class=\"carousel-control-prev-icon\" aria-hidden=\"true\"><\/span>\n                <span class=\"sr-only\">Pr\u00e9c\u00e9dent<\/span>\n            <\/a>\n            <a class=\"carousel-control-next\" href=\"#eventCarousel\" role=\"button\" data-slide=\"next\">\n                <span class=\"carousel-control-next-icon bg-dark border border-dark rounded-circle\" aria-hidden=\"true\"><\/span>\n                <span class=\"sr-only\">Suivant<\/span>\n            <\/a>\n            <div class=\"carousel-inner is-relative w-100\" role=\"listbox\">\n       \n   \n\n\n\n\n\n\n    \n\n <div class=\"carousel-item\">\n<div class=\"col-md-4  event-card\">\n<div class=\"blog-card-inner shadow\"><div class=\"event-card-top img-bg\" style=\"background-image: url( )\"> <div class=\"article-tag\">  <\/div><\/div>\n\n<div class=\"event-card-bottom pad-5 bg-primary\"> \n\n   <a href='https:\/\/aims-cameroon.org\/fr\/event\/geodesy-for-a-resilient-africa-summer-school\/'> <h5 class=\"white-text\"> Geodesy for a resilient Africa Summer School <\/h5><\/a>\n    \n<div class=\"event-meta\">     <i class=\"fa fa-map-marker\"> <\/i> <span><strong><\/strong><\/span> <\/div>\n\n    <div class=\"event-meta\"> <i class=\"fa fa-calendar\"> <\/i> <span> &#8211; <\/span><\/div>\n    <div class=\"event-meta\"> <i class=\"fa fa-clock-o\"> <\/i> <span> &#8211; <\/span> <\/div>\n               <\/div>               \n\n\n<\/div>\n\n\n\n\n<\/div><\/div>\n\n\n\n  \n    \n\n <div class=\"carousel-item\">\n<div class=\"col-md-4  event-card\">\n<div class=\"blog-card-inner shadow\"><div class=\"event-card-top img-bg\" style=\"background-image: url(https:\/\/aims-cameroon.org\/wp-content\/uploads\/sites\/6\/2025\/03\/WhatsApp-Image-2025-03-17-at-14.54.43.jpeg )\"> <div class=\"article-tag\">  <\/div><\/div>\n\n<div class=\"event-card-bottom pad-5 bg-primary\"> \n\n   <a href='https:\/\/aims-cameroon.org\/fr\/event\/workshop-on-geometry-and-topology\/'> <h5 class=\"white-text\"> Workshop On Geometry and Topology <\/h5><\/a>\n    \n<div class=\"event-meta\">     <i class=\"fa fa-map-marker\"> <\/i> <span><strong>AIMS-Cameroon, Crystal Gardens, Limbe<\/strong><\/span> <\/div>\n\n    <div class=\"event-meta\"> <i class=\"fa fa-calendar\"> <\/i> <span>20250702 &#8211; 20250705<\/span><\/div>\n    <div class=\"event-meta\"> <i class=\"fa fa-clock-o\"> <\/i> <span>08:00:00 &#8211; <\/span> <\/div>\n               <\/div>               \n\n\n<\/div>\n\n\n\n\n<\/div><\/div>\n\n\n\n  \n    \n\n <div class=\"carousel-item\">\n<div class=\"col-md-4  event-card\">\n<div class=\"blog-card-inner shadow\"><div class=\"event-card-top img-bg\" style=\"background-image: url(https:\/\/aims-cameroon.org\/wp-content\/uploads\/sites\/6\/2025\/02\/image-on-the-theme-Frontiers-in-Symplectic-Geometry.jpg )\"> <div class=\"article-tag\">  <\/div><\/div>\n\n<div class=\"event-card-bottom pad-5 bg-primary\"> \n\n   <a href='https:\/\/aims-cameroon.org\/fr\/event\/cimpa-school-frontiers-in-symplectic-geometry\/'> <h5 class=\"white-text\"> CIMPA School: Frontiers in Symplectic Geometry <\/h5><\/a>\n    \n<div class=\"event-meta\">     <i class=\"fa fa-map-marker\"> <\/i> <span><strong>AIMS-Cameroon, Limbe, Cameroon<\/strong><\/span> <\/div>\n\n    <div class=\"event-meta\"> <i class=\"fa fa-calendar\"> <\/i> <span>20260525 &#8211; 20260607<\/span><\/div>\n    <div class=\"event-meta\"> <i class=\"fa fa-clock-o\"> <\/i> <span>08:00:00 &#8211; 19:00:00<\/span> <\/div>\n               <\/div>               \n\n\n<\/div>\n\n\n\n\n<\/div><\/div>\n\n\n\n  \n    \n\n <div class=\"carousel-item\">\n<div class=\"col-md-4  event-card\">\n<div class=\"blog-card-inner shadow\"><div class=\"event-card-top img-bg\" style=\"background-image: url(https:\/\/aims-cameroon.org\/wp-content\/uploads\/sites\/6\/2025\/02\/STEMUP2025.jpeg )\"> <div class=\"article-tag\">  <\/div><\/div>\n\n<div class=\"event-card-bottom pad-5 bg-primary\"> \n\n   <a href='https:\/\/aims-cameroon.org\/fr\/event\/stemup-2025\/'> <h5 class=\"white-text\"> STEMUP 2025 <\/h5><\/a>\n    \n<div class=\"event-meta\">     <i class=\"fa fa-map-marker\"> <\/i> <span><strong>AIMS-Cameroon, Crystal Gardens, Limbe<\/strong><\/span> <\/div>\n\n    <div class=\"event-meta\"> <i class=\"fa fa-calendar\"> <\/i> <span>20250217 &#8211; 20250221<\/span><\/div>\n    <div class=\"event-meta\"> <i class=\"fa fa-clock-o\"> <\/i> <span>08:00:00 &#8211; 21:00:00<\/span> <\/div>\n               <\/div>               \n\n\n<\/div>\n\n\n\n\n<\/div><\/div>\n\n\n\n  \n    \n\n <div class=\"carousel-item\">\n<div class=\"col-md-4  event-card\">\n<div class=\"blog-card-inner shadow\"><div class=\"event-card-top img-bg\" style=\"background-image: url(https:\/\/aims-cameroon.org\/wp-content\/uploads\/sites\/6\/2024\/12\/WhatsApp-Image-2024-12-20-at-16.04.17.jpeg )\"> <div class=\"article-tag\">  <\/div><\/div>\n\n<div class=\"event-card-bottom pad-5 bg-primary\"> \n\n   <a href='https:\/\/aims-cameroon.org\/fr\/event\/fire-drill-exercise\/'> <h5 class=\"white-text\"> AIMS Cameroon Students, Tutors, Faculty and Staff Participate in October Fire Drill Exercise: A Commitment to Safety and Preparedness <\/h5><\/a>\n    \n<div class=\"event-meta\">     <i class=\"fa fa-map-marker\"> <\/i> <span><strong>AIMS-Cameroon, Crystal Gardens, Limbe<\/strong><\/span> <\/div>\n\n    <div class=\"event-meta\"> <i class=\"fa fa-calendar\"> <\/i> <span>20241006 &#8211; 20241006<\/span><\/div>\n    <div class=\"event-meta\"> <i class=\"fa fa-clock-o\"> <\/i> <span>08:00:00 &#8211; 15:00:00<\/span> <\/div>\n               <\/div>               \n\n\n<\/div>\n\n\n\n\n<\/div><\/div>\n\n\n\n  \n    \n\n <div class=\"carousel-item\">\n<div class=\"col-md-4  event-card\">\n<div class=\"blog-card-inner shadow\"><div class=\"event-card-top img-bg\" style=\"background-image: url(https:\/\/aims-cameroon.org\/wp-content\/uploads\/sites\/6\/2024\/12\/NEF.jpeg )\"> <div class=\"article-tag\">  <\/div><\/div>\n\n<div class=\"event-card-bottom pad-5 bg-primary\"> \n\n   <a href='https:\/\/aims-cameroon.org\/fr\/event\/nef-workshop\/'> <h5 class=\"white-text\"> NEF Workshop on the theme &#8220;Universities, STEM and Sustainable Development Goals 2030: Targets and Practices&#8221; In Partnership with WILLIAM AND FLORA HEWLETT FOUNDATION <\/h5><\/a>\n    \n<div class=\"event-meta\">     <i class=\"fa fa-map-marker\"> <\/i> <span><strong>Limbe, Cameroun<\/strong><\/span> <\/div>\n\n    <div class=\"event-meta\"> <i class=\"fa fa-calendar\"> <\/i> <span>20241016 &#8211; 20241016<\/span><\/div>\n    <div class=\"event-meta\"> <i class=\"fa fa-clock-o\"> <\/i> <span>10:00:00 &#8211; 20:00:00<\/span> <\/div>\n               <\/div>               \n\n\n<\/div>\n\n\n\n\n<\/div><\/div>\n\n\n\n  \n      \n\n\n\n            <\/div>\n         \n        <\/div>\n    <\/div>\n<\/div>\n\n\n\n<\/div><\/div>\n\n\n\n<div class=\"wp-block-advgb-columns advgb-columns-wrapper\" id=\"advgb-cols-279eae34-5135-4d79-92e6-992731ad6113\"><div class=\"advgb-columns-container\"><div class=\"advgb-columns advgb-columns-row advgb-is-mobile advgb-columns-2 layout-12-12 mbl-layout-stacked vgutter-10\">\n<div class=\"wp-block-advgb-column advgb-column advgb-is-half-tablet advgb-is-full-mobile\" id=\"advgb-col-de4cc7cc-0e5b-4cfe-9c2b-37f2f5e0c285\"><div class=\"advgb-column-inner\" style=\"border-style:none;border-width:1px\">\n<div class=\"wp-block-cover has-background-dim-70 has-background-dim\" style=\"background-color:#161228\"><img decoding=\"async\" class=\"wp-block-cover__image-background wp-image-10000040\" alt=\"\" src=\"http:\/\/www.maison-interactive.com\/aimsportal\/senegal\/wp-content\/uploads\/2020\/09\/African-Institute-for-Mathematical-Sciences-AIMS-Our-story.jpg\" data-object-fit=\"cover\" srcset=\"https:\/\/aims-cameroon.org\/wp-content\/uploads\/2020\/09\/African-Institute-for-Mathematical-Sciences-AIMS-Our-story.jpg 1600w, https:\/\/aims-cameroon.org\/wp-content\/uploads\/2020\/09\/African-Institute-for-Mathematical-Sciences-AIMS-Our-story-300x200.jpg 300w, https:\/\/aims-cameroon.org\/wp-content\/uploads\/2020\/09\/African-Institute-for-Mathematical-Sciences-AIMS-Our-story-1024x683.jpg 1024w, https:\/\/aims-cameroon.org\/wp-content\/uploads\/2020\/09\/African-Institute-for-Mathematical-Sciences-AIMS-Our-story-768x512.jpg 768w, https:\/\/aims-cameroon.org\/wp-content\/uploads\/2020\/09\/African-Institute-for-Mathematical-Sciences-AIMS-Our-story-1536x1024.jpg 1536w\" sizes=\"(max-width: 1600px) 100vw, 1600px\" \/><div class=\"wp-block-cover__inner-container\">\n<!-- Custom Twitter Feeds by Smash Balloon -->\n<div id=\"ctf\" class=\"ctf ctf-type-usertimeline ctf-rebranded ctf-feed-1  ctf-styles ctf-list ctf-regular-style\"   data-ctfshortcode=\"{&quot;feed&quot;:1}\"   data-ctfdisablelinks=\"false\" data-ctflinktextcolor=\"#\" data-header-size=\"small\" data-feedid=\"1\" data-postid=\"30\"  data-feed=\"1\" data-ctfintents=\"1\"  data-ctfneeded=\"0\">\n            <div id=\"ctf\" class=\"ctf\">\n            <div class=\"ctf-error\">\n                <div class=\"ctf-error-user\">\n\t\t\t\t\tLe flux Twitter n\u2019est pas disponible pour le moment.                <\/div>\n            <\/div>\n        <\/div>\n\t\t    <div class=\"ctf-tweets\">\n   \t\t    <\/div>\n    \n<\/div>\n\n<\/div><\/div>\n<\/div><\/div>\n\n\n\n<div class=\"wp-block-advgb-column advgb-column advgb-is-half-tablet advgb-is-full-mobile\" id=\"advgb-col-2e442281-169f-42e8-b296-1fd6037f7bbe\"><div class=\"advgb-column-inner\" style=\"border-style:none;border-width:1px\">\n<div class=\"is-layout-flow wp-block-group pad-5 bg-alt\"><div class=\"wp-block-group__inner-container\">\n<h2 class=\"has-text-align-center has-white-color has-text-color\">Abonnez-vous \u00e0 notre newsletter<\/h2>\n\n\n\n<div style=\"height:25px\" aria-hidden=\"true\" class=\"wp-block-spacer\"><\/div>\n\n\n<\/div><\/div>\n<\/div><\/div>\n<\/div><\/div><\/div>\n<style class=\"advgb-styles-renderer\">#advgb-cols-b5c5229b-5c1e-44f4-b322-8b45b0b9572a{}@media screen and (max-width: 1023px) {#advgb-cols-b5c5229b-5c1e-44f4-b322-8b45b0b9572a{}}@media screen and (max-width: 767px) {#advgb-cols-b5c5229b-5c1e-44f4-b322-8b45b0b9572a{}}#advgb-col-27f1bff3-e4cd-4f6c-9caa-61cda27896db>.advgb-column-inner{}@media screen and (max-width: 1023px) {#advgb-col-27f1bff3-e4cd-4f6c-9caa-61cda27896db>.advgb-column-inner{}}@media screen and (max-width: 767px) {#advgb-col-27f1bff3-e4cd-4f6c-9caa-61cda27896db>.advgb-column-inner{}}#advgb-col-a56dc8a9-8059-4961-872f-c2578a8402da>.advgb-column-inner{}@media screen and (max-width: 1023px) {#advgb-col-a56dc8a9-8059-4961-872f-c2578a8402da>.advgb-column-inner{}}@media screen and (max-width: 767px) {#advgb-col-a56dc8a9-8059-4961-872f-c2578a8402da>.advgb-column-inner{}}.advgbbtn-fe0a0657-0a98-47d5-814e-aaf50e255406{font-size:18px;color:#fff !important;background-color:#f08c21 !important;margin:0px 0px 0px 0px !important;padding:10px 30px 10px 30px;border-width:1px !important;border-style:none;border-radius:0px !important;}.advgbbtn-fe0a0657-0a98-47d5-814e-aaf50e255406:hover{box-shadow:1px 1px 12px 0px #ccc;opacity:1;transition:all 0.2s ease;}.advgbbtn-fe0a0657-0a98-47d5-814e-aaf50e255406 > i {display: none !important;}\n@media (max-width: 768px) {\n    .carousel-inner .carousel-item > div {\n        display: none;\n    }\n    .carousel-inner .carousel-item > div:first-child {\n        display: block;\n    }\n}\n\n.carousel-inner .carousel-item.active,\n.carousel-inner .carousel-item-next,\n.carousel-inner .carousel-item-prev {\n    display: flex;\n}\n\n\/* display 3 *\/\n@media (min-width: 768px) {\n    \n    .carousel-inner .carousel-item-right.active,\n    .carousel-inner .carousel-item-next {\n      transform: translateX(33.333%);\n    }\n    \n    .carousel-inner .carousel-item-left.active, \n    .carousel-inner .carousel-item-prev {\n      transform: translateX(-33.333%);\n    }\n}\n\n.carousel-inner .carousel-item-right,\n.carousel-inner .carousel-item-left{ \n  transform: translateX(0);\n}\n\n\n\n\n\n \n@media (max-width: 767px) {\n    .carousel-inner .carousel-item > div {\n        display: none;\n    }\n    .carousel-inner .carousel-item > div:first-child {\n        display: block;\n    }\n}\n\n.carousel-inner .carousel-item.active,\n.carousel-inner .carousel-item-next,\n.carousel-inner .carousel-item-prev {\n    display: flex;\n}\n\n\/* display 3 *\/\n@media (min-width: 767px) {\n    \n    .carousel-inner .carousel-item-right.active,\n    .carousel-inner .carousel-item-next {\n      transform: translateX(33.333%);\n    }\n    \n    .carousel-inner .carousel-item-left.active, \n    .carousel-inner .carousel-item-prev {\n      transform: translateX(-33.333%);\n    }\n}\n\n.carousel-inner .carousel-item-right,\n.carousel-inner .carousel-item-left{ \n  transform: translateX(0);\n}\n\n\n\n\n\n #advgb-cols-279eae34-5135-4d79-92e6-992731ad6113{}@media screen and (max-width: 1023px) {#advgb-cols-279eae34-5135-4d79-92e6-992731ad6113{}}@media screen and (max-width: 767px) {#advgb-cols-279eae34-5135-4d79-92e6-992731ad6113{}}#advgb-col-de4cc7cc-0e5b-4cfe-9c2b-37f2f5e0c285>.advgb-column-inner{}@media screen and (max-width: 1023px) {#advgb-col-de4cc7cc-0e5b-4cfe-9c2b-37f2f5e0c285>.advgb-column-inner{}}@media screen and (max-width: 767px) {#advgb-col-de4cc7cc-0e5b-4cfe-9c2b-37f2f5e0c285>.advgb-column-inner{}}#advgb-col-2e442281-169f-42e8-b296-1fd6037f7bbe>.advgb-column-inner{}@media screen and (max-width: 1023px) {#advgb-col-2e442281-169f-42e8-b296-1fd6037f7bbe>.advgb-column-inner{}}@media screen and (max-width: 767px) {#advgb-col-2e442281-169f-42e8-b296-1fd6037f7bbe>.advgb-column-inner{}}<\/style>","protected":false},"excerpt":{"rendered":"<p>News Events<\/p>","protected":false},"author":1,"featured_media":0,"parent":0,"menu_order":0,"comment_status":"closed","ping_status":"closed","template":"","meta":{"advgb_blocks_editor_width":"","advgb_blocks_columns_visual_guide":""},"acf":[],"coauthors":[],"author_meta":{"author_link":"https:\/\/aims-cameroon.org\/fr\/author\/chris\/","display_name":"chris"},"relative_dates":{"created":"Publi\u00e9 6 ans il y a","modified":"Mis \u00e0 jour 5 ans il y a"},"absolute_dates":{"created":"Publi\u00e9 le septembre 19, 2020","modified":"Mise \u00e0 jour le ao\u00fbt 26, 2021"},"absolute_dates_time":{"created":"Publi\u00e9 le septembre 19, 2020 2:31  ","modified":"Mise \u00e0 jour le ao\u00fbt 26, 2021 11:23  "},"featured_img_caption":"","featured_img":false,"series_order":"","_links":{"self":[{"href":"https:\/\/aims-cameroon.org\/fr\/wp-json\/wp\/v2\/pages\/30"}],"collection":[{"href":"https:\/\/aims-cameroon.org\/fr\/wp-json\/wp\/v2\/pages"}],"about":[{"href":"https:\/\/aims-cameroon.org\/fr\/wp-json\/wp\/v2\/types\/page"}],"author":[{"embeddable":true,"href":"https:\/\/aims-cameroon.org\/fr\/wp-json\/wp\/v2\/users\/1"}],"replies":[{"embeddable":true,"href":"https:\/\/aims-cameroon.org\/fr\/wp-json\/wp\/v2\/comments?post=30"}],"version-history":[{"count":68,"href":"https:\/\/aims-cameroon.org\/fr\/wp-json\/wp\/v2\/pages\/30\/revisions"}],"predecessor-version":[{"id":5481,"href":"https:\/\/aims-cameroon.org\/fr\/wp-json\/wp\/v2\/pages\/30\/revisions\/5481"}],"wp:attachment":[{"href":"https:\/\/aims-cameroon.org\/fr\/wp-json\/wp\/v2\/media?parent=30"}],"curies":[{"name":"wp","href":"https:\/\/api.w.org\/{rel}","templated":true}]}}