{"id":304,"date":"2020-09-22T11:20:06","date_gmt":"2020-09-22T11:20:06","guid":{"rendered":"https:\/\/aims-cameroon.org\/?page_id=304"},"modified":"2022-11-29T16:02:22","modified_gmt":"2022-11-29T16:02:22","slug":"research-chairs","status":"publish","type":"page","link":"https:\/\/aims-cameroon.org\/fr\/research-chairs\/","title":{"rendered":"Chaire de recherche"},"content":{"rendered":"<div class=\"wp-block-cover has-background-dim-30 has-background-dim has-custom-content-position is-position-bottom-left pad-5\" style=\"background-color:#161228;min-height:600px\"><img decoding=\"async\" loading=\"lazy\" width=\"2560\" height=\"1707\" class=\"wp-block-cover__image-background wp-image-6346\" alt=\"\" src=\"https:\/\/aims-cameroon.org\/wp-content\/uploads\/sites\/6\/2022\/11\/bd4d-scaled.jpg\" data-object-fit=\"cover\" srcset=\"https:\/\/aims-cameroon.org\/wp-content\/uploads\/sites\/6\/2022\/11\/bd4d-scaled.jpg 2560w, https:\/\/aims-cameroon.org\/wp-content\/uploads\/sites\/6\/2022\/11\/bd4d-300x200.jpg 300w, https:\/\/aims-cameroon.org\/wp-content\/uploads\/sites\/6\/2022\/11\/bd4d-1024x683.jpg 1024w, https:\/\/aims-cameroon.org\/wp-content\/uploads\/sites\/6\/2022\/11\/bd4d-768x512.jpg 768w, https:\/\/aims-cameroon.org\/wp-content\/uploads\/sites\/6\/2022\/11\/bd4d-1536x1024.jpg 1536w, https:\/\/aims-cameroon.org\/wp-content\/uploads\/sites\/6\/2022\/11\/bd4d-2048x1365.jpg 2048w, https:\/\/aims-cameroon.org\/wp-content\/uploads\/sites\/6\/2022\/11\/bd4d-18x12.jpg 18w\" sizes=\"(max-width: 2560px) 100vw, 2560px\" \/><div class=\"wp-block-cover__inner-container\">\n<h1>Chaire de recherche<\/h1>\n\n\n\n<p><\/p>\n<\/div><\/div>\n\n\n<p><!-- \/wp:group --><\/p>\n<p><!-- wp:group {\"className\":\"pad-5\"} --><\/p>\n<div class=\"wp-block-group pad-5\">\n<div class=\"wp-block-group__inner-container\"><!-- wp:acf\/researcher-gallery {\n    \"id\": \"block_5f69e3e94738c\",\n    \"name\": \"acf\\\/researcher-gallery\",\n    \"data\": {\n        \"researcher_type\": \"research-chair\",\n        \"_researcher_type\": \"field_5f69e2af57bcf\"\n    },\n    \"mode\": \"auto\"\n} \/-->\n<p><strong data-rich-text-format-boundary=\"true\">Aper\u00e7u<\/strong><\/p>\n<p>The Chair is supported by the Deutscher Akademischer Austausch Dienst (DAAD).<\/p>\n<p><strong data-rich-text-format-boundary=\"true\">Activit\u00e9s de recherche<\/strong><\/p>\n<p>\u2022 Organisation de s\u00e9minaires, colloques, ateliers, conf\u00e9rences et \u00e9coles d&#039;\u00e9t\u00e9 conjointement avec les universit\u00e9s \/ institutions nationales et internationales de l&#039;AIMS-Cameroun.<\/p>\n<p>\u2022 Encadrement des doctorants travaillant comme assistants de la Chaire et participant aux activit\u00e9s acad\u00e9miques (cours de doctorat, s\u00e9minaires, colloques, ateliers, conf\u00e9rences, etc.) \u00e0 l&#039;Universit\u00e9 de Buea, Dschang, Douala, et la Technische Universitat Dresden en Allemagne. Le programme de doctorat est financ\u00e9 par le service allemand d&#039;\u00e9changes universitaires (DAAD).<\/p>\n<p><strong>Opportunit\u00e9s<\/strong><\/p>\n<p>\u2022 Visites de recherche de courte dur\u00e9e (1 \u00e0 2 semaines) \u00e0 AIMS Cameroun;<\/p>\n<p>\u2022 Initiative de recherche en bin\u00f4me: visites de 2 \u00e0 4 semaines par un chercheur camerounais et un partenaire de recherche local d&#039;une autre universit\u00e9; ou un international<br \/>partenaire de recherche; ou chercheur doctorant ou post-doctoral;<\/p>\n<p>\u2022 Co-organisation de cours de courte dur\u00e9e, colloques, conf\u00e9rences et ateliers;<\/p>\n<p><strong>Inscription<\/strong><\/p>\n<p>Les \u00e9tudiants en sciences math\u00e9matiques souhaitant rejoindre le Centre de recherche peuvent demander \u00e0 s&#039;inscrire au doctorat aupr\u00e8s de la Chaire. Toutes les recherches bonnes et pertinentes<br \/>les propositions seront examin\u00e9es.<\/p>\n<p>Veuillez envoyer un CV d\u00e9taill\u00e9 \u00e0 <strong>researchcenter-conf@aims-cameroon.org<\/strong>.<\/p>\n<p>\u00a0<\/p>\n<p>\u00a0<\/p>\n<p><!-- wp:paragraph --><\/p>\n<p><!-- \/wp:paragraph --><\/p>\n<\/div>\n<\/div>\n<p><!-- \/wp:group --><\/p>","protected":false},"excerpt":{"rendered":"<p>Overview The Chair is supported by the Deutscher Akademischer Austausch Dienst (DAAD). Research Activities \u2022Organisation of seminars, colloquiums, workshops, conferences, and summer schools jointly with national and international universities\/institutions at AIMS-Cameroon. \u2022 Supervising PhD students working as assistants of the Chair and participating in the academic activities (doctoral courses, seminars, colloquiums, workshops, conferences, etc.) at<\/p>","protected":false},"author":1,"featured_media":0,"parent":0,"menu_order":0,"comment_status":"closed","ping_status":"closed","template":"","meta":{"advgb_blocks_editor_width":"","advgb_blocks_columns_visual_guide":""},"acf":[],"coauthors":[],"author_meta":{"author_link":"https:\/\/aims-cameroon.org\/fr\/author\/chris\/","display_name":"chris"},"relative_dates":{"created":"Publi\u00e9 6 ans il y a","modified":"Mis \u00e0 jour 3 ans il y a"},"absolute_dates":{"created":"Publi\u00e9 le septembre 22, 2020","modified":"Mise \u00e0 jour le novembre 29, 2022"},"absolute_dates_time":{"created":"Publi\u00e9 le septembre 22, 2020 11:20  ","modified":"Mise \u00e0 jour le novembre 29, 2022 4:02  "},"featured_img_caption":"","featured_img":false,"series_order":"","_links":{"self":[{"href":"https:\/\/aims-cameroon.org\/fr\/wp-json\/wp\/v2\/pages\/304"}],"collection":[{"href":"https:\/\/aims-cameroon.org\/fr\/wp-json\/wp\/v2\/pages"}],"about":[{"href":"https:\/\/aims-cameroon.org\/fr\/wp-json\/wp\/v2\/types\/page"}],"author":[{"embeddable":true,"href":"https:\/\/aims-cameroon.org\/fr\/wp-json\/wp\/v2\/users\/1"}],"replies":[{"embeddable":true,"href":"https:\/\/aims-cameroon.org\/fr\/wp-json\/wp\/v2\/comments?post=304"}],"version-history":[{"count":21,"href":"https:\/\/aims-cameroon.org\/fr\/wp-json\/wp\/v2\/pages\/304\/revisions"}],"predecessor-version":[{"id":6352,"href":"https:\/\/aims-cameroon.org\/fr\/wp-json\/wp\/v2\/pages\/304\/revisions\/6352"}],"wp:attachment":[{"href":"https:\/\/aims-cameroon.org\/fr\/wp-json\/wp\/v2\/media?parent=304"}],"curies":[{"name":"wp","href":"https:\/\/api.w.org\/{rel}","templated":true}]}}