{"id":320,"date":"2020-09-22T11:57:16","date_gmt":"2020-09-22T11:57:16","guid":{"rendered":"https:\/\/aims-cameroon.org\/?page_id=320"},"modified":"2023-09-22T10:56:53","modified_gmt":"2023-09-22T10:56:53","slug":"research-fellows","status":"publish","type":"page","link":"https:\/\/aims-cameroon.org\/fr\/research-fellows\/","title":{"rendered":"Boursiers de recherche"},"content":{"rendered":"<div class=\"wp-block-cover is-light has-custom-content-position is-position-bottom-left pad-5 page-banner\" style=\"min-height:600px\"><span aria-hidden=\"true\" class=\"wp-block-cover__background has-background-dim-30 has-background-dim\" style=\"background-color:#161228\"><\/span><img decoding=\"async\" loading=\"lazy\" width=\"988\" height=\"741\" class=\"wp-block-cover__image-background wp-image-3701\" src=\"https:\/\/aims-cameroon.org\/wp-content\/uploads\/sites\/6\/2021\/04\/IMG_20180217_120514.jpg\" data-object-fit=\"cover\" srcset=\"https:\/\/aims-cameroon.org\/wp-content\/uploads\/sites\/6\/2021\/04\/IMG_20180217_120514.jpg 988w, https:\/\/aims-cameroon.org\/wp-content\/uploads\/sites\/6\/2021\/04\/IMG_20180217_120514-300x225.jpg 300w, https:\/\/aims-cameroon.org\/wp-content\/uploads\/sites\/6\/2021\/04\/IMG_20180217_120514-768x576.jpg 768w, https:\/\/aims-cameroon.org\/wp-content\/uploads\/sites\/6\/2021\/04\/IMG_20180217_120514-16x12.jpg 16w\" sizes=\"(max-width: 988px) 100vw, 988px\" \/><div class=\"wp-block-cover__inner-container\">\n<h1>Boursiers de recherche<\/h1>\n<\/div><\/div>\n\n\n\n<div class=\"is-layout-flow wp-block-group pad-5\"><div class=\"wp-block-group__inner-container\">\n<h2><\/h2>\n\n\n\n<p class=\"has-text-align-left\">The Research Centre currently hosts two Research Fellows funded by DAAD and IDRC.<\/p>\n\n\n\n<p><\/p>\n<\/div><\/div>\n\n\n\n<div class=\"is-layout-flow wp-block-group pad-5-no-top\"><div class=\"wp-block-group__inner-container\">\n<div class=\"row w-00\">    <!-- Content If No Posts -->\n\n<\/div>\n\n\n<h2>Boursiers de recherche<\/h2>\n\n\n\n<div class=\"row w-00\">        \n\n        <div class=\"col-md-4 col-lg-3\">  <a class=\"profile-card-link\" href=\"https:\/\/aims-cameroon.org\/fr\/researcher\/cyrille-kenne\/\"> \n\n<div class=\"profile-card-img img-bg\" style=\"background-image:url('https:\/\/aims-cameroon.org\/wp-content\/uploads\/sites\/6\/2021\/03\/Kenne-2.png')\">\n\n\n\n\n\n <\/div>\n<div class=\"profile-card-bottom bg-primary   center-text\"> \n\n<div class=\"profile-card-name pad-5 white-text sans-serif-bold\"> <strong> <p>Cyrille Kenne <\/strong><\/p>\n<p> doctorat Chercheur - Th\u00e9orie du contr\u00f4le et son application au changement climatique. <\/p>\n\n<\/div>\n\n\n<\/div>\n <\/a>\n<\/div>\n\n\n\n\n        \n\n        <div class=\"col-md-4 col-lg-3\">  <a class=\"profile-card-link\" href=\"https:\/\/aims-cameroon.org\/fr\/researcher\/camelle-kabiwa\/\"> \n\n<div class=\"profile-card-img img-bg\" style=\"background-image:url('https:\/\/aims-cameroon.org\/wp-content\/uploads\/sites\/6\/2021\/03\/Camelle1-scaled.jpg')\">\n\n\n\n\n\n <\/div>\n<div class=\"profile-card-bottom bg-primary   center-text\"> \n\n<div class=\"profile-card-name pad-5 white-text sans-serif-bold\"> <strong> <p>Camelle Kabiwa <\/strong><\/p>\n<p> doctorat Chercheur - Changement climatique et son impact sur la production de banane plantain <\/p>\n\n<\/div>\n\n\n<\/div>\n <\/a>\n<\/div>\n\n\n\n\n    \n<\/div>\n\n\n<p><\/p>\n<\/div><\/div>","protected":false},"excerpt":{"rendered":"<p>The Research Centre currently hosts two Research Fellows funded by DAAD and IDRC. Research Fellows<\/p>","protected":false},"author":1,"featured_media":0,"parent":0,"menu_order":0,"comment_status":"closed","ping_status":"closed","template":"","meta":{"advgb_blocks_editor_width":"","advgb_blocks_columns_visual_guide":""},"acf":[],"coauthors":[],"author_meta":{"author_link":"https:\/\/aims-cameroon.org\/fr\/author\/chris\/","display_name":"chris"},"relative_dates":{"created":"Publi\u00e9 6 ans il y a","modified":"Mis \u00e0 jour 3 ans il y a"},"absolute_dates":{"created":"Publi\u00e9 le septembre 22, 2020","modified":"Mise \u00e0 jour le septembre 22, 2023"},"absolute_dates_time":{"created":"Publi\u00e9 le septembre 22, 2020 11:57  ","modified":"Mise \u00e0 jour le septembre 22, 2023 10:56  "},"featured_img_caption":"","featured_img":false,"series_order":"","_links":{"self":[{"href":"https:\/\/aims-cameroon.org\/fr\/wp-json\/wp\/v2\/pages\/320"}],"collection":[{"href":"https:\/\/aims-cameroon.org\/fr\/wp-json\/wp\/v2\/pages"}],"about":[{"href":"https:\/\/aims-cameroon.org\/fr\/wp-json\/wp\/v2\/types\/page"}],"author":[{"embeddable":true,"href":"https:\/\/aims-cameroon.org\/fr\/wp-json\/wp\/v2\/users\/1"}],"replies":[{"embeddable":true,"href":"https:\/\/aims-cameroon.org\/fr\/wp-json\/wp\/v2\/comments?post=320"}],"version-history":[{"count":24,"href":"https:\/\/aims-cameroon.org\/fr\/wp-json\/wp\/v2\/pages\/320\/revisions"}],"predecessor-version":[{"id":7389,"href":"https:\/\/aims-cameroon.org\/fr\/wp-json\/wp\/v2\/pages\/320\/revisions\/7389"}],"wp:attachment":[{"href":"https:\/\/aims-cameroon.org\/fr\/wp-json\/wp\/v2\/media?parent=320"}],"curies":[{"name":"wp","href":"https:\/\/api.w.org\/{rel}","templated":true}]}}