{"id":346,"date":"2020-09-22T12:26:20","date_gmt":"2020-09-22T12:26:20","guid":{"rendered":"https:\/\/aims-cameroon.org\/?page_id=346"},"modified":"2021-07-19T09:04:37","modified_gmt":"2021-07-19T09:04:37","slug":"research-conferences-and-workshops","status":"publish","type":"page","link":"https:\/\/aims-cameroon.org\/fr\/research-conferences-and-workshops\/","title":{"rendered":"Ev\u00e9nements publics"},"content":{"rendered":"<div class=\"wp-block-cover has-background-dim-30 has-background-dim has-custom-content-position is-position-bottom-left pad-5 page-banner\" style=\"background-image:url(https:\/\/aims-cameroon.org\/wp-content\/uploads\/sites\/6\/2021\/03\/IDM.jpg);background-color:#161228;min-height:600px\"><div class=\"wp-block-cover__inner-container\">\n<h1>Ev\u00e9nements publics<\/h1>\n<\/div><\/div>\n\n\n\n<div class=\"is-layout-flow wp-block-group pad-5\"><div class=\"wp-block-group__inner-container\">\n<h2>Aper\u00e7u<\/h2>\n\n\n\n<p>L&#039;AIMS se concentre sur la vulgarisation des math\u00e9matiques et des sciences math\u00e9matiques pour tous les \u00e2ges, en utilisant des conf\u00e9rences publiques pour changer les c\u0153urs et les esprits, en organisant des expositions scientifiques pertinentes et engageantes et en d\u00e9montrant la pertinence des sciences math\u00e9matiques pour le d\u00e9veloppement de l&#039;Afrique. <\/p>\n<\/div><\/div>\n\n\n\n<div class=\"is-layout-flow wp-block-group pad-5-no-top\"><div class=\"wp-block-group__inner-container\">\n<h2>\u00c9v\u00e9nements du centre<\/h2>\n\n\n\n<div style=\"height:20px\" aria-hidden=\"true\" class=\"wp-block-spacer\"><\/div>\n\n\n<div id=\"ajax-load-more\" class=\"ajax-load-more-wrap default\" data-id=\"7239903576\" data-alm-id=\"\" data-canonical-url=\"https:\/\/aims-cameroon.org\/fr\/research-conferences-and-workshops\/\" data-slug=\"research-conferences-and-workshops\" data-post-id=\"346\"  data-localized=\"ajax_load_more_7239903576_vars\" data-alm-object=\"ajax_load_more_7239903576\"><div aria-live=\"polite\" aria-atomic=\"true\" class=\"alm-listing alm-ajax row\" data-container-type=\"div\" data-loading-style=\"default\" data-repeater=\"template_4\" data-post-type=\"event\" data-taxonomy=\"event_types\" data-taxonomy-terms=\"public\" data-taxonomy-operator=\"IN\" data-order=\"DESC\" data-orderby=\"date\" data-offset=\"0\" data-posts-per-page=\"6\" data-button-label=\"Load More\" data-prev-button-label=\"Load Previous\"><\/div><div class=\"alm-btn-wrap\" data-rel=\"ajax-load-more\"><button class=\"alm-load-more-btn more\" type=\"button\">Charger plus<\/button><\/div><\/div>\n<\/div><\/div>","protected":false},"excerpt":{"rendered":"<p>Overview AIMS is focused on popularising mathematics and mathematical sciences for all ages, using public lectures to change hearts and minds, by hosting relevant and engaging scientific expositions and demonstrating the relevance of mathematical sciences to Africa\u2019s development. Centre Events<\/p>","protected":false},"author":1,"featured_media":0,"parent":0,"menu_order":0,"comment_status":"closed","ping_status":"closed","template":"","meta":{"advgb_blocks_editor_width":"","advgb_blocks_columns_visual_guide":""},"acf":[],"coauthors":[],"author_meta":{"author_link":"https:\/\/aims-cameroon.org\/fr\/author\/chris\/","display_name":"chris"},"relative_dates":{"created":"Publi\u00e9 6 ans il y a","modified":"Mis \u00e0 jour 5 ans il y a"},"absolute_dates":{"created":"Publi\u00e9 le septembre 22, 2020","modified":"Mise \u00e0 jour le juillet 19, 2021"},"absolute_dates_time":{"created":"Publi\u00e9 le septembre 22, 2020 12:26  ","modified":"Mise \u00e0 jour le juillet 19, 2021 9:04  "},"featured_img_caption":"","featured_img":false,"series_order":"","_links":{"self":[{"href":"https:\/\/aims-cameroon.org\/fr\/wp-json\/wp\/v2\/pages\/346"}],"collection":[{"href":"https:\/\/aims-cameroon.org\/fr\/wp-json\/wp\/v2\/pages"}],"about":[{"href":"https:\/\/aims-cameroon.org\/fr\/wp-json\/wp\/v2\/types\/page"}],"author":[{"embeddable":true,"href":"https:\/\/aims-cameroon.org\/fr\/wp-json\/wp\/v2\/users\/1"}],"replies":[{"embeddable":true,"href":"https:\/\/aims-cameroon.org\/fr\/wp-json\/wp\/v2\/comments?post=346"}],"version-history":[{"count":9,"href":"https:\/\/aims-cameroon.org\/fr\/wp-json\/wp\/v2\/pages\/346\/revisions"}],"predecessor-version":[{"id":2493,"href":"https:\/\/aims-cameroon.org\/fr\/wp-json\/wp\/v2\/pages\/346\/revisions\/2493"}],"wp:attachment":[{"href":"https:\/\/aims-cameroon.org\/fr\/wp-json\/wp\/v2\/media?parent=346"}],"curies":[{"name":"wp","href":"https:\/\/api.w.org\/{rel}","templated":true}]}}