{"id":370,"date":"2020-09-22T14:11:59","date_gmt":"2020-09-22T14:11:59","guid":{"rendered":"https:\/\/aims-cameroon.org\/?page_id=370"},"modified":"2023-01-16T09:48:44","modified_gmt":"2023-01-16T09:48:44","slug":"support","status":"publish","type":"page","link":"https:\/\/aims-cameroon.org\/fr\/support\/","title":{"rendered":"Support"},"content":{"rendered":"<div class=\"wp-block-cover has-background-dim-30 has-background-dim has-custom-content-position is-position-bottom-left pad-5 page-banner\" style=\"background-color:#161228;min-height:600px\"><img decoding=\"async\" loading=\"lazy\" width=\"1050\" height=\"700\" class=\"wp-block-cover__image-background wp-image-2554\" alt=\"\" src=\"https:\/\/aims-cameroon.org\/wp-content\/uploads\/sites\/6\/2021\/03\/Support.jpg\" style=\"object-position:45% 16%\" data-object-fit=\"cover\" data-object-position=\"45% 16%\" srcset=\"https:\/\/aims-cameroon.org\/wp-content\/uploads\/sites\/6\/2021\/03\/Support.jpg 1050w, https:\/\/aims-cameroon.org\/wp-content\/uploads\/sites\/6\/2021\/03\/Support-300x200.jpg 300w, https:\/\/aims-cameroon.org\/wp-content\/uploads\/sites\/6\/2021\/03\/Support-1024x683.jpg 1024w, https:\/\/aims-cameroon.org\/wp-content\/uploads\/sites\/6\/2021\/03\/Support-768x512.jpg 768w, https:\/\/aims-cameroon.org\/wp-content\/uploads\/sites\/6\/2021\/03\/Support-16x12.jpg 16w\" sizes=\"(max-width: 1050px) 100vw, 1050px\" \/><div class=\"wp-block-cover__inner-container\">\n<h1>Support<\/h1>\n<\/div><\/div>\n\n\n\n<div class=\"wp-block-advgb-columns advgb-columns-wrapper\" id=\"advgb-cols-7bca7955-ff5c-4eb3-9b07-253f59369fee\"><div class=\"advgb-columns-container\"><div class=\"advgb-columns advgb-columns-row advgb-is-mobile advgb-columns-2 layout-12-12 mbl-layout-stacked vgutter-10\">\n<div class=\"wp-block-advgb-column advgb-column advgb-is-half-tablet advgb-is-full-mobile pad-5\" id=\"advgb-col-5987ffb9-a268-44a6-9e4b-f39933287ace\"><div class=\"advgb-column-inner\" style=\"border-style:none;border-width:1px\">\n<h2>Soyez la solution!<\/h2>\n\n\n\n<p>Participez \u00e0 la transformation. Donner aux jeunes africains les moyens de mener une nouvelle r\u00e9volution dans les domaines de la science, de la technologie, de l&#039;ing\u00e9nierie et des math\u00e9matiques. Les Africains qui d\u00e9veloppent des solutions qui traversent les fronti\u00e8res et changent des vies seront les prochains Einstein. Exploitez le potentiel de jeunes scientifiques passionn\u00e9s par la d\u00e9couverte et inspir\u00e9s par la promesse d&#039;un nouvel avenir pour l&#039;Afrique.<\/p>\n\n\n\n<p>Votre don peut \u00eatre compl\u00e9t\u00e9 en quelques clics rapides. Un petit pas pour vous, mais un grand pas pour les jeunes en Afrique. Faites vos dons maintenant. Faites une meilleure Afrique.<\/p>\n<\/div><\/div>\n\n\n\n<div class=\"wp-block-advgb-column advgb-column advgb-is-half-tablet advgb-is-full-mobile\" id=\"advgb-col-7ffbbb77-34d0-456a-9985-65922d68b76a\"><div class=\"advgb-column-inner\" style=\"border-style:none;border-width:1px\">\n<div class=\"wp-block-cover\"><img decoding=\"async\" loading=\"lazy\" width=\"2560\" height=\"1707\" class=\"wp-block-cover__image-background wp-image-2555\" alt=\"\" src=\"https:\/\/aims-cameroon.org\/wp-content\/uploads\/sites\/6\/2021\/03\/Support7-scaled.jpg\" data-object-fit=\"cover\" srcset=\"https:\/\/aims-cameroon.org\/wp-content\/uploads\/sites\/6\/2021\/03\/Support7-scaled.jpg 2560w, https:\/\/aims-cameroon.org\/wp-content\/uploads\/sites\/6\/2021\/03\/Support7-300x200.jpg 300w, https:\/\/aims-cameroon.org\/wp-content\/uploads\/sites\/6\/2021\/03\/Support7-1024x683.jpg 1024w, https:\/\/aims-cameroon.org\/wp-content\/uploads\/sites\/6\/2021\/03\/Support7-768x512.jpg 768w, https:\/\/aims-cameroon.org\/wp-content\/uploads\/sites\/6\/2021\/03\/Support7-1536x1024.jpg 1536w, https:\/\/aims-cameroon.org\/wp-content\/uploads\/sites\/6\/2021\/03\/Support7-2048x1365.jpg 2048w, https:\/\/aims-cameroon.org\/wp-content\/uploads\/sites\/6\/2021\/03\/Support7-16x12.jpg 16w\" sizes=\"(max-width: 2560px) 100vw, 2560px\" \/><div class=\"wp-block-cover__inner-container\">\n<p class=\"has-text-align-center has-large-font-size\"><\/p>\n<\/div><\/div>\n<\/div><\/div>\n<\/div><\/div><\/div>\n\n\n\n<div class=\"wp-block-advgb-columns advgb-columns-wrapper\" id=\"advgb-cols-7276a28d-b3eb-4402-8736-bd1d39c6f73b\"><div class=\"advgb-columns-container\"><div class=\"advgb-columns advgb-columns-row advgb-is-mobile advgb-columns-2 layout-12-12 mbl-layout-stacked vgutter-10\">\n<div class=\"wp-block-advgb-column advgb-column advgb-is-half-tablet advgb-is-full-mobile\" id=\"advgb-col-5e0cf0f5-febd-40e2-b574-eea8511ef1a2\"><div class=\"advgb-column-inner\" style=\"border-style:none;border-width:1px\">\n<div class=\"wp-block-cover\" style=\"min-height:300px\"><img decoding=\"async\" loading=\"lazy\" width=\"2560\" height=\"1707\" class=\"wp-block-cover__image-background wp-image-2556\" alt=\"\" src=\"https:\/\/aims-cameroon.org\/wp-content\/uploads\/sites\/6\/2021\/03\/Support4-scaled.jpg\" data-object-fit=\"cover\" srcset=\"https:\/\/aims-cameroon.org\/wp-content\/uploads\/sites\/6\/2021\/03\/Support4-scaled.jpg 2560w, https:\/\/aims-cameroon.org\/wp-content\/uploads\/sites\/6\/2021\/03\/Support4-300x200.jpg 300w, https:\/\/aims-cameroon.org\/wp-content\/uploads\/sites\/6\/2021\/03\/Support4-1024x683.jpg 1024w, https:\/\/aims-cameroon.org\/wp-content\/uploads\/sites\/6\/2021\/03\/Support4-768x512.jpg 768w, https:\/\/aims-cameroon.org\/wp-content\/uploads\/sites\/6\/2021\/03\/Support4-1536x1024.jpg 1536w, https:\/\/aims-cameroon.org\/wp-content\/uploads\/sites\/6\/2021\/03\/Support4-2048x1365.jpg 2048w, https:\/\/aims-cameroon.org\/wp-content\/uploads\/sites\/6\/2021\/03\/Support4-16x12.jpg 16w\" sizes=\"(max-width: 2560px) 100vw, 2560px\" \/><div class=\"wp-block-cover__inner-container\">\n<p class=\"has-text-align-center has-large-font-size\"><\/p>\n<\/div><\/div>\n<\/div><\/div>\n\n\n\n<div class=\"wp-block-advgb-column advgb-column advgb-is-half-tablet advgb-is-full-mobile pad-5\" id=\"advgb-col-2adfa815-4050-4bce-aaf5-7488e39bf230\"><div class=\"advgb-column-inner\" style=\"border-style:none;border-width:1px\">\n<div class=\"wp-block-cover has-white-background-color has-background-dim\" style=\"min-height:300px\"><div class=\"wp-block-cover__inner-container\">\n<p class=\"has-text-align-center has-black-color has-text-color has-normal-font-size\">Donate today to support youth in Africa to meet their greatest potential. We are sure of the impact we are making, and your donations go a long way to support us.<\/p>\n\n\n\n<div style=\"height:25px\" aria-hidden=\"true\" class=\"wp-block-spacer\"><\/div>\n\n\n\n<div class=\"is-layout-flex wp-block-buttons is-content-justification-center\">\n<div class=\"wp-block-button bg-alt\"><a class=\"wp-block-button__link no-border-radius\" href=\"https:\/\/give.nexteinstein.org\/\" target=\"_blank\" rel=\"noreferrer noopener\">FAIRE UN DON<\/a><\/div>\n<\/div>\n<\/div><\/div>\n<\/div><\/div>\n<\/div><\/div><\/div>\n<style class=\"advgb-styles-renderer\">#advgb-cols-7bca7955-ff5c-4eb3-9b07-253f59369fee{}@media screen and (max-width: 1023px) {#advgb-cols-7bca7955-ff5c-4eb3-9b07-253f59369fee{}}@media screen and (max-width: 767px) {#advgb-cols-7bca7955-ff5c-4eb3-9b07-253f59369fee{}}#advgb-col-5987ffb9-a268-44a6-9e4b-f39933287ace>.advgb-column-inner{}@media screen and (max-width: 1023px) {#advgb-col-5987ffb9-a268-44a6-9e4b-f39933287ace>.advgb-column-inner{}}@media screen and (max-width: 767px) {#advgb-col-5987ffb9-a268-44a6-9e4b-f39933287ace>.advgb-column-inner{}}#advgb-col-7ffbbb77-34d0-456a-9985-65922d68b76a>.advgb-column-inner{}@media screen and (max-width: 1023px) {#advgb-col-7ffbbb77-34d0-456a-9985-65922d68b76a>.advgb-column-inner{}}@media screen and (max-width: 767px) {#advgb-col-7ffbbb77-34d0-456a-9985-65922d68b76a>.advgb-column-inner{}}#advgb-cols-7276a28d-b3eb-4402-8736-bd1d39c6f73b{}@media screen and (max-width: 1023px) {#advgb-cols-7276a28d-b3eb-4402-8736-bd1d39c6f73b{}}@media screen and (max-width: 767px) {#advgb-cols-7276a28d-b3eb-4402-8736-bd1d39c6f73b{}}#advgb-col-5e0cf0f5-febd-40e2-b574-eea8511ef1a2>.advgb-column-inner{}@media screen and (max-width: 1023px) {#advgb-col-5e0cf0f5-febd-40e2-b574-eea8511ef1a2>.advgb-column-inner{}}@media screen and (max-width: 767px) {#advgb-col-5e0cf0f5-febd-40e2-b574-eea8511ef1a2>.advgb-column-inner{}}#advgb-col-2adfa815-4050-4bce-aaf5-7488e39bf230>.advgb-column-inner{}@media screen and (max-width: 1023px) {#advgb-col-2adfa815-4050-4bce-aaf5-7488e39bf230>.advgb-column-inner{}}@media screen and (max-width: 767px) {#advgb-col-2adfa815-4050-4bce-aaf5-7488e39bf230>.advgb-column-inner{}}<\/style>","protected":false},"excerpt":{"rendered":"","protected":false},"author":1,"featured_media":0,"parent":0,"menu_order":0,"comment_status":"closed","ping_status":"closed","template":"","meta":{"advgb_blocks_editor_width":"","advgb_blocks_columns_visual_guide":""},"acf":[],"coauthors":[],"author_meta":{"author_link":"https:\/\/aims-cameroon.org\/fr\/author\/chris\/","display_name":"chris"},"relative_dates":{"created":"Publi\u00e9 6 ans il y a","modified":"Mis \u00e0 jour 3 ans il y a"},"absolute_dates":{"created":"Publi\u00e9 le septembre 22, 2020","modified":"Mise \u00e0 jour le janvier 16, 2023"},"absolute_dates_time":{"created":"Publi\u00e9 le septembre 22, 2020 2:11  ","modified":"Mise \u00e0 jour le janvier 16, 2023 9:48  "},"featured_img_caption":"","featured_img":false,"series_order":"","_links":{"self":[{"href":"https:\/\/aims-cameroon.org\/fr\/wp-json\/wp\/v2\/pages\/370"}],"collection":[{"href":"https:\/\/aims-cameroon.org\/fr\/wp-json\/wp\/v2\/pages"}],"about":[{"href":"https:\/\/aims-cameroon.org\/fr\/wp-json\/wp\/v2\/types\/page"}],"author":[{"embeddable":true,"href":"https:\/\/aims-cameroon.org\/fr\/wp-json\/wp\/v2\/users\/1"}],"replies":[{"embeddable":true,"href":"https:\/\/aims-cameroon.org\/fr\/wp-json\/wp\/v2\/comments?post=370"}],"version-history":[{"count":9,"href":"https:\/\/aims-cameroon.org\/fr\/wp-json\/wp\/v2\/pages\/370\/revisions"}],"predecessor-version":[{"id":6372,"href":"https:\/\/aims-cameroon.org\/fr\/wp-json\/wp\/v2\/pages\/370\/revisions\/6372"}],"wp:attachment":[{"href":"https:\/\/aims-cameroon.org\/fr\/wp-json\/wp\/v2\/media?parent=370"}],"curies":[{"name":"wp","href":"https:\/\/api.w.org\/{rel}","templated":true}]}}