{"id":386,"date":"2020-09-22T14:26:49","date_gmt":"2020-09-22T14:26:49","guid":{"rendered":"https:\/\/aims-cameroon.org\/?page_id=386"},"modified":"2021-10-19T11:35:50","modified_gmt":"2021-10-19T11:35:50","slug":"note-from-centre-president","status":"publish","type":"page","link":"https:\/\/aims-cameroon.org\/fr\/note-from-centre-president\/","title":{"rendered":"Note du pr\u00e9sident du centre"},"content":{"rendered":"<div class=\"wp-block-cover has-background-dim-30 has-background-dim has-custom-content-position is-position-bottom-left pad-5 page-banner\" style=\"background-color:#161228;min-height:600px\"><img decoding=\"async\" loading=\"lazy\" width=\"1009\" height=\"545\" class=\"wp-block-cover__image-background wp-image-5623\" alt=\"\" src=\"https:\/\/aims-cameroon.org\/wp-content\/uploads\/sites\/6\/2021\/09\/Picture10.jpg\" style=\"object-position:49% 40%\" data-object-fit=\"cover\" data-object-position=\"49% 40%\" srcset=\"https:\/\/aims-cameroon.org\/wp-content\/uploads\/sites\/6\/2021\/09\/Picture10.jpg 1009w, https:\/\/aims-cameroon.org\/wp-content\/uploads\/sites\/6\/2021\/09\/Picture10-300x162.jpg 300w, https:\/\/aims-cameroon.org\/wp-content\/uploads\/sites\/6\/2021\/09\/Picture10-768x415.jpg 768w, https:\/\/aims-cameroon.org\/wp-content\/uploads\/sites\/6\/2021\/09\/Picture10-18x10.jpg 18w\" sizes=\"(max-width: 1009px) 100vw, 1009px\" \/><div class=\"wp-block-cover__inner-container\">\n<h1>Note du pr\u00e9sident du centre<\/h1>\n<\/div><\/div>\n\n\n\n<div class=\"is-layout-flow wp-block-group pad-5\"><div class=\"wp-block-group__inner-container\">\n<div class=\"wp-block-image float-img\"><figure class=\"aligncenter size-large is-resized\"><img decoding=\"async\" loading=\"lazy\" src=\"https:\/\/aims-cameroon.org\/wp-content\/uploads\/sites\/6\/2020\/09\/2.png\" alt=\"\" class=\"wp-image-869\" width=\"453\" height=\"485\" srcset=\"https:\/\/aims-cameroon.org\/wp-content\/uploads\/sites\/6\/2020\/09\/2.png 424w, https:\/\/aims-cameroon.org\/wp-content\/uploads\/sites\/6\/2020\/09\/2-280x300.png 280w\" sizes=\"(max-width: 453px) 100vw, 453px\" \/><figcaption>Prof. Dr. Mama Foupouagnigni <br>Pr\u00e9sident du centre<\/figcaption><\/figure><\/div>\n\n\n\n<p><\/p>\n\n\n\n<p>Bienvenue au Cameroun, l&#039;Afrique en miniature! Au nom du r\u00e9seau mondial AIMS, je tiens \u00e0 vous souhaiter chaleureusement la bienvenue \u00e0 AIMS Cameroun, un prestigieux centre d&#039;excellence dans le cadre de l&#039;initiative AIMS-Next Einstein.<\/p>\n\n\n\n<p>Nous sommes convaincus que votre s\u00e9jour ici sera enrichissant, plein de surprises, pas \u00e0 court de d\u00e9fis, mais agr\u00e9able et r\u00e9ussi. En tant que nouveaux \u00e9tudiants qui r\u00e9fl\u00e9chissent \u00e0 votre r\u00e9ussite future, vous avez l&#039;opportunit\u00e9 de votre vie, la chance de travailler avec des personnes \u00e9galement motiv\u00e9es, qui ont donn\u00e9 de leur temps pour transmettre des connaissances et apprendre \u00e9galement de vous. A vous de profiter au maximum de chaque instant. Nous nous attendons \u00e0 ce que votre contribution en classe et la qualit\u00e9 de votre travail \u00e9crit refl\u00e8tent fid\u00e8lement l&#039;engagement que vous avez pris envers cette \u00e9tude de troisi\u00e8me cycle. Gardez une attitude positive, travaillez dur et soyez de bons gestionnaires du temps. Si vous rencontrez des difficult\u00e9s pendant votre s\u00e9jour \u00e0 AIMS Cameroun, il existe des m\u00e9canismes de soutien - le personnel et l&#039;\u00e9quipe acad\u00e9mique ici se sont engag\u00e9s \u00e0 vous assurer d&#039;exceller. N&#039;h\u00e9sitez pas \u00e0 les contacter pour toute question ou pr\u00e9occupation que vous pourriez avoir pendant votre s\u00e9jour ici.<\/p>\n\n\n\n<p>In addition to your academic experience, you will find opportunities\u00a0to learn outside of the classroom. Through the rich mix of interlocutors, you will be exposed to new perspectives, lifestyles, and approaches to learning.\u00a0\u00a0 Respect, inclusion, collaboration, intellectual and personal growth, innovation and entrepreneurship, plus excellence, should all shape your daily life at AIMS. The policies and procedures outlined in the welcome pack will provide you with information on how to thrive as a responsible member of the AIMS community.<\/p>\n\n\n\n<p>Profitez de votre s\u00e9jour, impliquez-vous et personnalisez AIMS Cameroun. Je vous souhaite une agr\u00e9able p\u00e9riode d&#039;\u00e9tude et de r\u00e9ussite \u00e0 AIMS Cameroun et au-del\u00e0. Bonne chance!<\/p>\n<\/div><\/div>\n\n\n\n<p><\/p>","protected":false},"excerpt":{"rendered":"<p>Welcome to Cameroon, Africa in miniature! On behalf of the AIMS global network, I want to heartily welcome you to AIMS Cameroon, a prestigious Centre of Excellence under the AIMS-Next Einstein Initiative framework. We are confident that your stay here will be rewarding, full of surprises, not short of challenges, yet enjoyable and successful. As<\/p>","protected":false},"author":1,"featured_media":0,"parent":0,"menu_order":0,"comment_status":"closed","ping_status":"closed","template":"","meta":{"advgb_blocks_editor_width":"","advgb_blocks_columns_visual_guide":""},"acf":[],"coauthors":[],"author_meta":{"author_link":"https:\/\/aims-cameroon.org\/fr\/author\/chris\/","display_name":"chris"},"relative_dates":{"created":"Publi\u00e9 6 ans il y a","modified":"Mis \u00e0 jour 5 ans il y a"},"absolute_dates":{"created":"Publi\u00e9 le septembre 22, 2020","modified":"Mise \u00e0 jour le octobre 19, 2021"},"absolute_dates_time":{"created":"Publi\u00e9 le septembre 22, 2020 2:26  ","modified":"Mise \u00e0 jour le octobre 19, 2021 11:35  "},"featured_img_caption":"","featured_img":false,"series_order":"","_links":{"self":[{"href":"https:\/\/aims-cameroon.org\/fr\/wp-json\/wp\/v2\/pages\/386"}],"collection":[{"href":"https:\/\/aims-cameroon.org\/fr\/wp-json\/wp\/v2\/pages"}],"about":[{"href":"https:\/\/aims-cameroon.org\/fr\/wp-json\/wp\/v2\/types\/page"}],"author":[{"embeddable":true,"href":"https:\/\/aims-cameroon.org\/fr\/wp-json\/wp\/v2\/users\/1"}],"replies":[{"embeddable":true,"href":"https:\/\/aims-cameroon.org\/fr\/wp-json\/wp\/v2\/comments?post=386"}],"version-history":[{"count":19,"href":"https:\/\/aims-cameroon.org\/fr\/wp-json\/wp\/v2\/pages\/386\/revisions"}],"predecessor-version":[{"id":5957,"href":"https:\/\/aims-cameroon.org\/fr\/wp-json\/wp\/v2\/pages\/386\/revisions\/5957"}],"wp:attachment":[{"href":"https:\/\/aims-cameroon.org\/fr\/wp-json\/wp\/v2\/media?parent=386"}],"curies":[{"name":"wp","href":"https:\/\/api.w.org\/{rel}","templated":true}]}}