{"id":395,"date":"2020-09-22T14:39:40","date_gmt":"2020-09-22T14:39:40","guid":{"rendered":"https:\/\/aims-cameroon.org\/?page_id=395"},"modified":"2021-07-19T09:04:37","modified_gmt":"2021-07-19T09:04:37","slug":"meet-the-tutors","status":"publish","type":"page","link":"https:\/\/aims-cameroon.org\/fr\/meet-the-tutors\/","title":{"rendered":"Rencontrez les tuteurs"},"content":{"rendered":"<div class=\"wp-block-cover has-background-dim-30 has-background-dim has-custom-content-position is-position-bottom-left pad-5 page-banner\" style=\"background-image:url(https:\/\/aims-cameroon.org\/wp-content\/uploads\/sites\/6\/2021\/03\/maths-class.jpg);background-color:#161228;min-height:600px\"><div class=\"wp-block-cover__inner-container\">\n<h1>Rencontrez les tuteurs<\/h1>\n<\/div><\/div>\n\n\n\n<div class=\"is-layout-flow wp-block-group pad-5\"><div class=\"wp-block-group__inner-container\">\n<p>Le tutorat dans les centres AIMS est une opportunit\u00e9 fantastique de rencontrer et de travailler en \u00e9troite collaboration avec des scientifiques hautement respect\u00e9s du monde entier, ainsi qu&#039;avec des \u00e9tudiants brillants et tr\u00e8s motiv\u00e9s de toute l&#039;Afrique. Les \u00e9tudiants qui viennent \u00e0 AIMS ont de solides ant\u00e9c\u00e9dents en sciences math\u00e9matiques (y compris les math\u00e9matiques pures et appliqu\u00e9es, la physique, l&#039;informatique, la biologie math\u00e9matique et d&#039;autres domaines). <\/p>\n\n\n\n<p>Alors que des conf\u00e9renciers invit\u00e9s exceptionnels sont recrut\u00e9s dans le monde entier pour enseigner et pr\u00e9parer les \u00e9tudiants \u00e0 la recherche de troisi\u00e8me cycle avanc\u00e9e, les cours ont une port\u00e9e inhabituellement large et utilisent les derni\u00e8res m\u00e9thodes p\u00e9dagogiques pour stimuler la pens\u00e9e critique et cr\u00e9ative. Chaque centre propose une bourse de tutorat pour faciliter la participation et le suivi des \u00e9tudiants, ce qui permet aux chercheurs postdoctoraux et doctorants de travailler en tant qu&#039;assistants p\u00e9dagogiques d\u00e9vou\u00e9s, avec la responsabilit\u00e9 de renforcer les capacit\u00e9s des \u00e9tudiants 24\/7. Le caract\u00e8re r\u00e9sidentiel unique de l&#039;institut permet une interaction maximale entre \u00e9tudiants et tuteurs dans un environnement harmonieux \u00e0 toute heure. <\/p>\n\n\n\n<p>Depuis 2018, AIMS Cameroun a embauch\u00e9 des tuteurs de plusieurs pays.<\/p>\n\n\n\n<ul><li><strong>Ann\u00e9e acad\u00e9mique 2018-2019<\/strong>: 10 tuteurs (quatre femmes) du Cameroun, de l&#039;\u00c9thiopie, du Ghana et du Liban.<\/li><li><strong>Ann\u00e9e acad\u00e9mique 2019-2020<\/strong>: Neuf tuteurs (trois femmes) du Cameroun, de la R\u00e9publique centrafricaine, de l&#039;\u00c9thiopie et du Ghana.<\/li><li><strong>Ann\u00e9e acad\u00e9mique 2020-2021<\/strong>: Six tuteurs (deux femmes) du Cameroun, de la RDC et de l&#039;\u00c9thiopie.<\/li><\/ul>\n\n\n\n<p><\/p>\n\n\n\n<p><\/p>\n<\/div><\/div>\n\n\n\n<div class=\"is-layout-flow wp-block-group pad-5-no-top\"><div class=\"wp-block-group__inner-container\">\n<div class=\"row w-00\">        \n\n        <div class=\"col-md-4 col-lg-3 no-class-spacer\"> \n\n<div class=\"profile-card-img img-bg\" style=\"background-image:url('https:\/\/aims-cameroon.org\/wp-content\/uploads\/sites\/6\/2020\/09\/44.jpg')\">\n\n\n\n\n\n <\/div>\n<div class=\"profile-card-bottom bg-primary   center-text\"> \n\n<div class=\"profile-card-name pad-5 white-text sans-serif-bold\"> <strong> <p>Annette Ngo Babem <\/strong><\/p>\n<p> Alg\u00e8bre et topologie <\/p>\n\n<\/div>\n\n\n<\/div>\n\n<\/div>\n\n\n\n\n        \n\n        <div class=\"col-md-4 col-lg-3 no-class-spacer\"> \n\n<div class=\"profile-card-img img-bg\" style=\"background-image:url('https:\/\/aims-cameroon.org\/wp-content\/uploads\/sites\/6\/2021\/03\/berthine.jpg')\">\n\n\n\n\n\n <\/div>\n<div class=\"profile-card-bottom bg-primary   center-text\"> \n\n<div class=\"profile-card-name pad-5 white-text sans-serif-bold\"> <strong> <p>Berthine Nyunga <\/strong><\/p>\n<p> Math\u00e9matiques appliqu\u00e9es et intelligence artificielle <\/p>\n\n<\/div>\n\n\n<\/div>\n\n<\/div>\n\n\n\n\n        \n\n        <div class=\"col-md-4 col-lg-3 no-class-spacer\"> \n\n<div class=\"profile-card-img img-bg\" style=\"background-image:url('https:\/\/aims-cameroon.org\/wp-content\/uploads\/sites\/6\/2021\/03\/TUTOR-Sylvain-Wagoum-Nodem-PHYSICS-and-COMPUTER-SCIENCE-Cameroon.png')\">\n\n\n\n\n\n <\/div>\n<div class=\"profile-card-bottom bg-primary   center-text\"> \n\n<div class=\"profile-card-name pad-5 white-text sans-serif-bold\"> <strong> <p>Sylvain Wagoum Nodem <\/strong><\/p>\n<p> Physique et informatique <\/p>\n\n<\/div>\n\n\n<\/div>\n\n<\/div>\n\n\n\n\n        \n\n        <div class=\"col-md-4 col-lg-3 no-class-spacer\"> \n\n<div class=\"profile-card-img img-bg\" style=\"background-image:url('https:\/\/aims-cameroon.org\/wp-content\/uploads\/sites\/6\/2021\/03\/Girma.jpg')\">\n\n\n\n\n\n <\/div>\n<div class=\"profile-card-bottom bg-primary   center-text\"> \n\n<div class=\"profile-card-name pad-5 white-text sans-serif-bold\"> <strong> <p>Girma Zelleke <\/strong><\/p>\n<p> Mod\u00e9lisation math\u00e9matique <\/p>\n\n<\/div>\n\n\n<\/div>\n\n<\/div>\n\n\n\n\n        \n\n        <div class=\"col-md-4 col-lg-3 no-class-spacer\"> \n\n<div class=\"profile-card-img img-bg\" style=\"background-image:url('https:\/\/aims-cameroon.org\/wp-content\/uploads\/sites\/6\/2021\/03\/Njong-1.png')\">\n\n\n\n\n\n <\/div>\n<div class=\"profile-card-bottom bg-primary   center-text\"> \n\n<div class=\"profile-card-name pad-5 white-text sans-serif-bold\"> <strong> <p>James Jr. Njong <\/strong><\/p>\n<p> Finance math\u00e9matique <\/p>\n\n<\/div>\n\n\n<\/div>\n\n<\/div>\n\n\n\n\n        \n\n        <div class=\"col-md-4 col-lg-3 no-class-spacer\"> \n\n<div class=\"profile-card-img img-bg\" style=\"background-image:url('https:\/\/aims-cameroon.org\/wp-content\/uploads\/sites\/6\/2021\/03\/Armand1.jpeg')\">\n\n\n\n\n\n <\/div>\n<div class=\"profile-card-bottom bg-primary   center-text\"> \n\n<div class=\"profile-card-name pad-5 white-text sans-serif-bold\"> <strong> <p>Armand Noubissie <\/strong><\/p>\n<p> La th\u00e9orie du nombre <\/p>\n\n<\/div>\n\n\n<\/div>\n\n<\/div>\n\n\n\n\n    \n<\/div><\/div><\/div>\n\n\n\n<p><\/p>","protected":false},"excerpt":{"rendered":"<p>Le tutorat dans les centres AIMS est une opportunit\u00e9 fantastique de rencontrer et de travailler en \u00e9troite collaboration avec des scientifiques hautement respect\u00e9s du monde entier, ainsi qu&#039;avec des \u00e9tudiants brillants et tr\u00e8s motiv\u00e9s de toute l&#039;Afrique. Les \u00e9tudiants qui viennent \u00e0 AIMS ont de solides ant\u00e9c\u00e9dents en sciences math\u00e9matiques (y compris les math\u00e9matiques pures et appliqu\u00e9es, la physique, l&#039;informatique, la biologie math\u00e9matique et d&#039;autres domaines).<\/p>","protected":false},"author":1,"featured_media":0,"parent":0,"menu_order":0,"comment_status":"closed","ping_status":"closed","template":"","meta":{"advgb_blocks_editor_width":"","advgb_blocks_columns_visual_guide":""},"acf":[],"coauthors":[],"author_meta":{"author_link":"https:\/\/aims-cameroon.org\/fr\/author\/chris\/","display_name":"chris"},"relative_dates":{"created":"Publi\u00e9 6 ans il y a","modified":"Mis \u00e0 jour 5 ans il y a"},"absolute_dates":{"created":"Publi\u00e9 le septembre 22, 2020","modified":"Mise \u00e0 jour le juillet 19, 2021"},"absolute_dates_time":{"created":"Publi\u00e9 le septembre 22, 2020 2:39  ","modified":"Mise \u00e0 jour le juillet 19, 2021 9:04  "},"featured_img_caption":"","featured_img":false,"series_order":"","_links":{"self":[{"href":"https:\/\/aims-cameroon.org\/fr\/wp-json\/wp\/v2\/pages\/395"}],"collection":[{"href":"https:\/\/aims-cameroon.org\/fr\/wp-json\/wp\/v2\/pages"}],"about":[{"href":"https:\/\/aims-cameroon.org\/fr\/wp-json\/wp\/v2\/types\/page"}],"author":[{"embeddable":true,"href":"https:\/\/aims-cameroon.org\/fr\/wp-json\/wp\/v2\/users\/1"}],"replies":[{"embeddable":true,"href":"https:\/\/aims-cameroon.org\/fr\/wp-json\/wp\/v2\/comments?post=395"}],"version-history":[{"count":10,"href":"https:\/\/aims-cameroon.org\/fr\/wp-json\/wp\/v2\/pages\/395\/revisions"}],"predecessor-version":[{"id":3736,"href":"https:\/\/aims-cameroon.org\/fr\/wp-json\/wp\/v2\/pages\/395\/revisions\/3736"}],"wp:attachment":[{"href":"https:\/\/aims-cameroon.org\/fr\/wp-json\/wp\/v2\/media?parent=395"}],"curies":[{"name":"wp","href":"https:\/\/api.w.org\/{rel}","templated":true}]}}