{"id":419,"date":"2020-09-22T16:57:31","date_gmt":"2020-09-22T16:57:31","guid":{"rendered":"https:\/\/aims-cameroon.org\/?page_id=419"},"modified":"2021-07-19T09:04:38","modified_gmt":"2021-07-19T09:04:38","slug":"research-opportunities","status":"publish","type":"page","link":"https:\/\/aims-cameroon.org\/fr\/research-opportunities\/","title":{"rendered":"Opportunit\u00e9s de recherche"},"content":{"rendered":"<div class=\"wp-block-cover has-background-dim-30 has-background-dim has-custom-content-position is-position-bottom-left pad-5 page-banner\" style=\"background-image:url(https:\/\/aims-cameroon.org\/wp-content\/uploads\/sites\/6\/2020\/09\/Amended-Layouts_Page_46_Image_0001.jpg);background-color:#161228;min-height:600px\"><div class=\"wp-block-cover__inner-container\">\n<h1>Opportunit\u00e9s de recherche<\/h1>\n<\/div><\/div>\n\n\n\n<div class=\"is-layout-flow wp-block-group pad-5\"><div class=\"wp-block-group__inner-container\">\n<h2>Aper\u00e7u<\/h2>\n<\/div><\/div>\n\n\n\n<div class=\"wp-block-advgb-columns advgb-columns-wrapper\" id=\"advgb-cols-3aeba328-c877-4cd8-9219-a72d5590076d\"><div class=\"advgb-columns-container\"><div class=\"advgb-columns advgb-columns-row advgb-is-mobile advgb-columns-2 layout-12-12 mbl-layout-stacked vgutter-10\">\n<div class=\"wp-block-advgb-column advgb-column advgb-is-half-tablet advgb-is-full-mobile\" id=\"advgb-col-1bda17cf-7005-408c-8aed-10103b04d769\"><div class=\"advgb-column-inner\" style=\"border-style:none;border-width:1px\">\n<div class=\"wp-block-cover\" style=\"background-image:url(https:\/\/aims-cameroon.org\/wp-content\/uploads\/sites\/6\/2020\/09\/Amended-Layouts_Page_47_Image_0001.jpg)\"><div class=\"wp-block-cover__inner-container\">\n<p class=\"has-text-align-center has-large-font-size\"><\/p>\n<\/div><\/div>\n<\/div><\/div>\n\n\n\n<div class=\"wp-block-advgb-column advgb-column advgb-is-half-tablet advgb-is-full-mobile pad-5\" id=\"advgb-col-448f578f-acc1-4732-9095-dd6e67b9e3ab\"><div class=\"advgb-column-inner\" style=\"border-style:none;border-width:1px\">\n<h2>Programme de recherche postdoctorale et postdoctorale AIMS<\/h2>\n\n\n\n<p>Lorem ipsum dolor sit amet, consectetur adipiscing elit, sed do eiusmod tempor incididunt ut labore et dolore magna aliqua. Ut enim ad minim veniam, quis nostrud exercice ullamco laboris nisi ut aliquip ex ea commodo cons\u00e9quat. Duis aute irure dolor in reprehenderit in voluptate velit esse cillum dolore eu fugiat nulla pariatur. Excepteur sint occaecat cupidatat non proident, sunt in culpa qui officia deserunt mollit anim id est laborum.<\/p>\n\n\n\n<div class=\"is-layout-flex wp-block-buttons\">\n<div class=\"wp-block-button bg-alt\"><a class=\"wp-block-button__link no-border-radius\">Lire la suite<\/a><\/div>\n<\/div>\n<\/div><\/div>\n<\/div><\/div><\/div>\n\n\n\n<div class=\"wp-block-advgb-columns advgb-columns-wrapper\" id=\"advgb-cols-ba923a8d-e82d-46e4-9fce-695929c930fe\"><div class=\"advgb-columns-container\"><div class=\"advgb-columns advgb-columns-row advgb-is-mobile advgb-columns-2 layout-12-12 mbl-layout-stacked vgutter-10\">\n<div class=\"wp-block-advgb-column advgb-column advgb-is-half-tablet advgb-is-full-mobile pad-5\" id=\"advgb-col-6fba9f03-1fb6-46f6-ad62-6844e4ca2f31\"><div class=\"advgb-column-inner\" style=\"border-style:none;border-width:1px\">\n<h2>AIMS Opportunit\u00e9s de recherche postdoctorale et postdoctorale dans les sciences du changement climatique<\/h2>\n\n\n\n<p>Gr\u00e2ce \u00e0 une subvention du Centre de recherches pour le d\u00e9veloppement international, Ottawa, Canada, www.idrc.ca, et un soutien financier du gouvernement du Canada fourni par le biais d&#039;Affaires mondiales Canada (AMC), www.international.gc.ca, dans le cadre des sciences math\u00e9matiques pour Programme de r\u00e9silience au changement climatique, l&#039;Institut africain des sciences math\u00e9matiques - recherche (recherche AIMS) est heureux d&#039;inviter les futurs boursiers postdoctoraux (titulaires de doctorat) et les \u00e9tudiants de troisi\u00e8me cycle (doctorat et ma\u00eetrise) \u00e0 postuler pour l&#039;une des 15 bourses postdoctorales, huit doctorats et 16 bourses de ma\u00eetrise par recherche en sciences du changement climatique et leurs disciplines connexes<\/p>\n\n\n\n<div class=\"is-layout-flex wp-block-buttons\">\n<div class=\"wp-block-button bg-alt\"><a class=\"wp-block-button__link no-border-radius\" href=\"https:\/\/aims-cameroon.org\/fr\/application\/aims-postgraduate-and-postdoctoral-research-opportunities-in-the-climate-change-sciences\/\" target=\"_blank\" rel=\"noreferrer noopener\">Lire la suite<\/a><\/div>\n<\/div>\n<\/div><\/div>\n\n\n\n<div class=\"wp-block-advgb-column advgb-column advgb-is-half-tablet advgb-is-full-mobile\" id=\"advgb-col-eebaaa69-d2a2-493e-9cba-79079e8d151f\"><div class=\"advgb-column-inner\" style=\"border-style:none;border-width:1px\">\n<div class=\"wp-block-cover\" style=\"background-image:url(https:\/\/aims-cameroon.org\/wp-content\/uploads\/sites\/6\/2020\/09\/Amended-Layouts_Page_48_Image_0002.jpg)\"><div class=\"wp-block-cover__inner-container\">\n<p class=\"has-text-align-center has-large-font-size\"><\/p>\n<\/div><\/div>\n<\/div><\/div>\n<\/div><\/div><\/div>\n<style class=\"advgb-styles-renderer\">#advgb-cols-3aeba328-c877-4cd8-9219-a72d5590076d{}@media screen and (max-width: 1023px) {#advgb-cols-3aeba328-c877-4cd8-9219-a72d5590076d{}}@media screen and (max-width: 767px) {#advgb-cols-3aeba328-c877-4cd8-9219-a72d5590076d{}}#advgb-col-1bda17cf-7005-408c-8aed-10103b04d769>.advgb-column-inner{}@media screen and (max-width: 1023px) {#advgb-col-1bda17cf-7005-408c-8aed-10103b04d769>.advgb-column-inner{}}@media screen and (max-width: 767px) {#advgb-col-1bda17cf-7005-408c-8aed-10103b04d769>.advgb-column-inner{}}#advgb-col-448f578f-acc1-4732-9095-dd6e67b9e3ab>.advgb-column-inner{}@media screen and (max-width: 1023px) {#advgb-col-448f578f-acc1-4732-9095-dd6e67b9e3ab>.advgb-column-inner{}}@media screen and (max-width: 767px) {#advgb-col-448f578f-acc1-4732-9095-dd6e67b9e3ab>.advgb-column-inner{}}#advgb-cols-ba923a8d-e82d-46e4-9fce-695929c930fe{}@media screen and (max-width: 1023px) {#advgb-cols-ba923a8d-e82d-46e4-9fce-695929c930fe{}}@media screen and (max-width: 767px) {#advgb-cols-ba923a8d-e82d-46e4-9fce-695929c930fe{}}#advgb-col-6fba9f03-1fb6-46f6-ad62-6844e4ca2f31>.advgb-column-inner{}@media screen and (max-width: 1023px) {#advgb-col-6fba9f03-1fb6-46f6-ad62-6844e4ca2f31>.advgb-column-inner{}}@media screen and (max-width: 767px) {#advgb-col-6fba9f03-1fb6-46f6-ad62-6844e4ca2f31>.advgb-column-inner{}}#advgb-col-eebaaa69-d2a2-493e-9cba-79079e8d151f>.advgb-column-inner{}@media screen and (max-width: 1023px) {#advgb-col-eebaaa69-d2a2-493e-9cba-79079e8d151f>.advgb-column-inner{}}@media screen and (max-width: 767px) {#advgb-col-eebaaa69-d2a2-493e-9cba-79079e8d151f>.advgb-column-inner{}}<\/style>","protected":false},"excerpt":{"rendered":"<p>Aper\u00e7u<\/p>","protected":false},"author":1,"featured_media":0,"parent":0,"menu_order":0,"comment_status":"closed","ping_status":"closed","template":"","meta":{"advgb_blocks_editor_width":"","advgb_blocks_columns_visual_guide":""},"acf":[],"coauthors":[],"author_meta":{"author_link":"https:\/\/aims-cameroon.org\/fr\/author\/chris\/","display_name":"chris"},"relative_dates":{"created":"Publi\u00e9 6 ans il y a","modified":"Mis \u00e0 jour 5 ans il y a"},"absolute_dates":{"created":"Publi\u00e9 le septembre 22, 2020","modified":"Mise \u00e0 jour le juillet 19, 2021"},"absolute_dates_time":{"created":"Publi\u00e9 le septembre 22, 2020 4:57  ","modified":"Mise \u00e0 jour le juillet 19, 2021 9:04  "},"featured_img_caption":"","featured_img":false,"series_order":"","_links":{"self":[{"href":"https:\/\/aims-cameroon.org\/fr\/wp-json\/wp\/v2\/pages\/419"}],"collection":[{"href":"https:\/\/aims-cameroon.org\/fr\/wp-json\/wp\/v2\/pages"}],"about":[{"href":"https:\/\/aims-cameroon.org\/fr\/wp-json\/wp\/v2\/types\/page"}],"author":[{"embeddable":true,"href":"https:\/\/aims-cameroon.org\/fr\/wp-json\/wp\/v2\/users\/1"}],"replies":[{"embeddable":true,"href":"https:\/\/aims-cameroon.org\/fr\/wp-json\/wp\/v2\/comments?post=419"}],"version-history":[{"count":5,"href":"https:\/\/aims-cameroon.org\/fr\/wp-json\/wp\/v2\/pages\/419\/revisions"}],"predecessor-version":[{"id":3795,"href":"https:\/\/aims-cameroon.org\/fr\/wp-json\/wp\/v2\/pages\/419\/revisions\/3795"}],"wp:attachment":[{"href":"https:\/\/aims-cameroon.org\/fr\/wp-json\/wp\/v2\/media?parent=419"}],"curies":[{"name":"wp","href":"https:\/\/api.w.org\/{rel}","templated":true}]}}