{"id":4203,"date":"2021-04-15T16:30:38","date_gmt":"2021-04-15T16:30:38","guid":{"rendered":"https:\/\/aims-cameroon.org\/?page_id=4203"},"modified":"2021-09-06T04:49:33","modified_gmt":"2021-09-06T04:49:33","slug":"public-lectures","status":"publish","type":"page","link":"https:\/\/aims-cameroon.org\/fr\/public-lectures\/","title":{"rendered":"Conf\u00e9rences publiques"},"content":{"rendered":"<div class=\"wp-block-cover has-background-dim\"><img decoding=\"async\" loading=\"lazy\" width=\"844\" height=\"563\" class=\"wp-block-cover__image-background wp-image-3723\" alt=\"\" src=\"https:\/\/aims-cameroon.org\/wp-content\/uploads\/sites\/6\/2021\/04\/IMG_1900.jpg\" data-object-fit=\"cover\" srcset=\"https:\/\/aims-cameroon.org\/wp-content\/uploads\/sites\/6\/2021\/04\/IMG_1900.jpg 844w, https:\/\/aims-cameroon.org\/wp-content\/uploads\/sites\/6\/2021\/04\/IMG_1900-300x200.jpg 300w, https:\/\/aims-cameroon.org\/wp-content\/uploads\/sites\/6\/2021\/04\/IMG_1900-768x512.jpg 768w, https:\/\/aims-cameroon.org\/wp-content\/uploads\/sites\/6\/2021\/04\/IMG_1900-16x12.jpg 16w\" sizes=\"(max-width: 844px) 100vw, 844px\" \/><div class=\"wp-block-cover__inner-container\">\n<p class=\"has-large-font-size\"><strong>Conf\u00e9rences publiques<\/strong><\/p>\n<\/div><\/div>\n\n\n\n<div style=\"height:100px\" aria-hidden=\"true\" class=\"wp-block-spacer\"><\/div>\n\n\n\n<div class=\"row w-00\">        \n\n        <div class=\"col-md-4 col-lg-3\">  <a class=\"profile-card-link\" href=\"https:\/\/aims-cameroon.org\/fr\/researcher\/valedictorian-romaric-kana-delivers-a-public-lecture-on-riemannian-geometry\/\"> \n\n<div class=\"profile-card-img img-bg\" style=\"background-image:url('https:\/\/aims-cameroon.org\/wp-content\/uploads\/sites\/6\/2021\/09\/Romarc-1.jpg')\">\n\n\n\n\n\n <\/div>\n<div class=\"profile-card-bottom bg-primary   center-text\"> \n\n<div class=\"profile-card-name pad-5 white-text sans-serif-bold\"> <strong> <p>Valedictorian ROMARIC KANA Delivers A Public Lecture on Riemannian Geometry <\/strong><\/p>\n<p>  <\/p>\n\n<\/div>\n\n\n<\/div>\n <\/a>\n<\/div>\n\n\n\n\n        \n\n        <div class=\"col-md-4 col-lg-3\">  <a class=\"profile-card-link\" href=\"https:\/\/aims-cameroon.org\/fr\/researcher\/girma-zelleke-introduces-students-to-the-role-of-mathematical-modeling-in-immunology-2\/\"> \n\n<div class=\"profile-card-img img-bg\" style=\"background-image:url('https:\/\/aims-cameroon.org\/wp-content\/uploads\/sites\/6\/2021\/02\/maths-class1-1.jpg')\">\n\n\n\n\n\n <\/div>\n<div class=\"profile-card-bottom bg-primary   center-text\"> \n\n<div class=\"profile-card-name pad-5 white-text sans-serif-bold\"> <strong> <p>GIRMA ZELLEKE pr\u00e9sente aux \u00e9tudiants le r\u00f4le de la mod\u00e9lisation math\u00e9matique en immunologie <\/strong><\/p>\n<p>  <\/p>\n\n<\/div>\n\n\n<\/div>\n <\/a>\n<\/div>\n\n\n\n\n        \n\n        <div class=\"col-md-4 col-lg-3\">  <a class=\"profile-card-link\" href=\"https:\/\/aims-cameroon.org\/fr\/researcher\/2021-alumnus-allassan-nkeng-lectures-students-on-data-prediction-in-wireless-sensor-networks\/\"> \n\n<div class=\"profile-card-img img-bg\" style=\"background-image:url('https:\/\/aims-cameroon.org\/wp-content\/uploads\/sites\/6\/2021\/10\/DSC_0057.jpg')\">\n\n\n\n\n\n <\/div>\n<div class=\"profile-card-bottom bg-primary   center-text\"> \n\n<div class=\"profile-card-name pad-5 white-text sans-serif-bold\"> <strong> <p>2021 Alumnus ALLASSAN NKEN Lectures Students On Data Prediction In Wireless Sensor Networks <\/strong><\/p>\n<p>  <\/p>\n\n<\/div>\n\n\n<\/div>\n <\/a>\n<\/div>\n\n\n\n\n        \n\n        <div class=\"col-md-4 col-lg-3\">  <a class=\"profile-card-link\" href=\"https:\/\/aims-cameroon.org\/fr\/researcher\/prof-dr-kristan-schneider-opens-2021-2022-public-lectures-with-talk-on-the-evolutionary-generic-modelling-of-malaria\/\"> \n\n<div class=\"profile-card-img img-bg\" style=\"background-image:url('https:\/\/aims-cameroon.org\/wp-content\/uploads\/sites\/6\/2021\/09\/242269289_655649805839044_4937832493047905526_n-1.jpg')\">\n\n\n\n\n\n <\/div>\n<div class=\"profile-card-bottom bg-primary   center-text\"> \n\n<div class=\"profile-card-name pad-5 white-text sans-serif-bold\"> <strong> <p>Prof. Dr. Kristan Schneider Opens 2021-2022 Public Lectures with a Talk on the &#8220;EVOLUTIONARY GENERIC MODELLING OF MALARIA&#8221; <\/strong><\/p>\n<p>  <\/p>\n\n<\/div>\n\n\n<\/div>\n <\/a>\n<\/div>\n\n\n\n\n    \n<\/div>\n\n\n<p class=\"has-large-font-size\"><strong>Conf\u00e9rences publiques<\/strong><\/p>\n\n\n\n<p>AIMS Cameroun accueille des conf\u00e9rences publiques chaque semaine et le choix des orateurs est tr\u00e8s al\u00e9atoire. Dans le pass\u00e9, la pr\u00e9f\u00e9rence \u00e9tait donn\u00e9e aux enseignants du campus qui enseignaient un cours. Comme plus de trois conf\u00e9renciers sont toujours pr\u00e9sents pour des conf\u00e9rences de trois semaines, ils se relaient chaque semaine pour donner des s\u00e9minaires sur des sujets dans leurs domaines de recherche. Le but est toujours de pr\u00e9senter aux \u00e9tudiants ces domaines de recherche et de les aider \u00e0 choisir le chemin de recherche acad\u00e9mique \u00e0 suivre. \u00a0<\/p>","protected":false},"excerpt":{"rendered":"<p>Public Lectures AIMS Cameroon hosts Public Lectures every week and the choice of Speakers is very random. Preference in the past was given to lecturers on campus teaching a course. Since more than three lecturers are always present for three-week lectures, they take turns every week giving seminars on topics in their research areas. The<\/p>","protected":false},"author":15,"featured_media":0,"parent":0,"menu_order":0,"comment_status":"closed","ping_status":"closed","template":"","meta":{"advgb_blocks_editor_width":"","advgb_blocks_columns_visual_guide":""},"acf":[],"coauthors":[],"author_meta":{"author_link":"https:\/\/aims-cameroon.org\/fr\/author\/roger\/","display_name":"roger"},"relative_dates":{"created":"Publi\u00e9 5 ans il y a","modified":"Mis \u00e0 jour 5 ans il y a"},"absolute_dates":{"created":"Publi\u00e9 le avril 15, 2021","modified":"Mise \u00e0 jour le septembre 6, 2021"},"absolute_dates_time":{"created":"Publi\u00e9 le avril 15, 2021 4:30  ","modified":"Mise \u00e0 jour le septembre 6, 2021 4:49  "},"featured_img_caption":"","featured_img":false,"series_order":"","_links":{"self":[{"href":"https:\/\/aims-cameroon.org\/fr\/wp-json\/wp\/v2\/pages\/4203"}],"collection":[{"href":"https:\/\/aims-cameroon.org\/fr\/wp-json\/wp\/v2\/pages"}],"about":[{"href":"https:\/\/aims-cameroon.org\/fr\/wp-json\/wp\/v2\/types\/page"}],"author":[{"embeddable":true,"href":"https:\/\/aims-cameroon.org\/fr\/wp-json\/wp\/v2\/users\/15"}],"replies":[{"embeddable":true,"href":"https:\/\/aims-cameroon.org\/fr\/wp-json\/wp\/v2\/comments?post=4203"}],"version-history":[{"count":12,"href":"https:\/\/aims-cameroon.org\/fr\/wp-json\/wp\/v2\/pages\/4203\/revisions"}],"predecessor-version":[{"id":5543,"href":"https:\/\/aims-cameroon.org\/fr\/wp-json\/wp\/v2\/pages\/4203\/revisions\/5543"}],"wp:attachment":[{"href":"https:\/\/aims-cameroon.org\/fr\/wp-json\/wp\/v2\/media?parent=4203"}],"curies":[{"name":"wp","href":"https:\/\/api.w.org\/{rel}","templated":true}]}}