{"id":449,"date":"2020-09-22T18:31:37","date_gmt":"2020-09-22T18:31:37","guid":{"rendered":"https:\/\/aims-cameroon.org\/?page_id=449"},"modified":"2021-07-19T09:04:37","modified_gmt":"2021-07-19T09:04:37","slug":"faqs","status":"publish","type":"page","link":"https:\/\/aims-cameroon.org\/fr\/faqs\/","title":{"rendered":"FAQ"},"content":{"rendered":"<div class=\"wp-block-cover has-background-dim-30 has-background-dim has-custom-content-position is-position-bottom-left pad-5 page-banner\" style=\"background-image:url(https:\/\/aims-cameroon.org\/wp-content\/uploads\/sites\/6\/2021\/03\/Takam.jpg);background-color:#161228;min-height:600px\"><div class=\"wp-block-cover__inner-container\">\n<h1>FAQ<\/h1>\n<\/div><\/div>\n\n\n\n<div class=\"is-layout-flow wp-block-group pad-5\"><div class=\"wp-block-group__inner-container\">\n  <div class=\"card\">\n    <div class=\"card-header\" id=\"headingOne\">\n      <h2 class=\"mb-0\">\n        <button class=\"btn btn-link collapsed\" type=\"button\" data-toggle=\"collapse\" style=\"color:black; text-align:left; \" aria-expanded=\"true\" aria-controls=\"collapseOne\"><span class=\"disappear-date\">\n          Quand les applications AIMS s&#039;ouvrent-elles?<\/span>\n        <\/button>\n\n        <button class=\"btn btn-link accordion-btn\" type=\"button\" data-toggle=\"collapse\" style=\"text-align:left; \" aria-expanded=\"true\" aria-controls=\"collapseOne\"> \n\n        <i class=\"accordion-toggle fa fa-plus\"> <\/i>\n        <\/button>\n      <\/h2>\n    <\/div>\n\n    <div id=\"collapseOne\" class=\"collapse\" aria-labelledby=\"headingOne\" >\n      <div class=\"card-body\">\n       <div class=\"row\">\n\n       \n       <div class=\"day-event-inner col-md-12\"> <p class=\"answer\">Les demandes d&#039;admission dans tous les centres AIMS sont ouvertes le 1er d\u00e9cembre de chaque ann\u00e9e. Les candidats sont encourag\u00e9s \u00e0 postuler le plus t\u00f4t possible pour am\u00e9liorer leurs chances d&#039;acceptation. Les candidatures se cl\u00f4tureront le 23 mars de chaque ann\u00e9e.<\/p><\/div>\n\n<\/div>             <\/div>\n    <\/div>\n  <\/div>\n \n\n\n  <div class=\"card\">\n    <div class=\"card-header\" id=\"headingOne\">\n      <h2 class=\"mb-0\">\n        <button class=\"btn btn-link collapsed\" type=\"button\" data-toggle=\"collapse\" style=\"color:black; text-align:left; \" aria-expanded=\"true\" aria-controls=\"collapseOne\"><span class=\"disappear-date\">\n          De quoi ai-je besoin pour remplir une demande AIMS?<\/span>\n        <\/button>\n\n        <button class=\"btn btn-link accordion-btn\" type=\"button\" data-toggle=\"collapse\" style=\"text-align:left; \" aria-expanded=\"true\" aria-controls=\"collapseOne\"> \n\n        <i class=\"accordion-toggle fa fa-plus\"> <\/i>\n        <\/button>\n      <\/h2>\n    <\/div>\n\n    <div id=\"collapseOne\" class=\"collapse\" aria-labelledby=\"headingOne\" >\n      <div class=\"card-body\">\n       <div class=\"row\">\n\n       \n       <div class=\"day-event-inner col-md-12\"> <p class=\"answer\">Les candidats devront remplir un formulaire de candidature en ligne (qui comprend des r\u00e9ponses aux questions les concernant), les coordonn\u00e9es de deux arbitres (que l&#039;AIMS contactera) et fournir des copies de leurs relev\u00e9s de notes.<\/p><\/div>\n\n<\/div>             <\/div>\n    <\/div>\n  <\/div>\n \n\n\n  <div class=\"card\">\n    <div class=\"card-header\" id=\"headingOne\">\n      <h2 class=\"mb-0\">\n        <button class=\"btn btn-link collapsed\" type=\"button\" data-toggle=\"collapse\" style=\"color:black; text-align:left; \" aria-expanded=\"true\" aria-controls=\"collapseOne\"><span class=\"disappear-date\">\n          Dois-je passer un test GRE ou TOEFL?<\/span>\n        <\/button>\n\n        <button class=\"btn btn-link accordion-btn\" type=\"button\" data-toggle=\"collapse\" style=\"text-align:left; \" aria-expanded=\"true\" aria-controls=\"collapseOne\"> \n\n        <i class=\"accordion-toggle fa fa-plus\"> <\/i>\n        <\/button>\n      <\/h2>\n    <\/div>\n\n    <div id=\"collapseOne\" class=\"collapse\" aria-labelledby=\"headingOne\" >\n      <div class=\"card-body\">\n       <div class=\"row\">\n\n       \n       <div class=\"day-event-inner col-md-12\"> <p class=\"answer\">Non.<\/p><\/div>\n\n<\/div>             <\/div>\n    <\/div>\n  <\/div>\n \n\n\n  <div class=\"card\">\n    <div class=\"card-header\" id=\"headingOne\">\n      <h2 class=\"mb-0\">\n        <button class=\"btn btn-link collapsed\" type=\"button\" data-toggle=\"collapse\" style=\"color:black; text-align:left; \" aria-expanded=\"true\" aria-controls=\"collapseOne\"><span class=\"disappear-date\">\n          Dois-je traduire mes relev\u00e9s de notes s&#039;ils ne sont ni en anglais ni en fran\u00e7ais?<\/span>\n        <\/button>\n\n        <button class=\"btn btn-link accordion-btn\" type=\"button\" data-toggle=\"collapse\" style=\"text-align:left; \" aria-expanded=\"true\" aria-controls=\"collapseOne\"> \n\n        <i class=\"accordion-toggle fa fa-plus\"> <\/i>\n        <\/button>\n      <\/h2>\n    <\/div>\n\n    <div id=\"collapseOne\" class=\"collapse\" aria-labelledby=\"headingOne\" >\n      <div class=\"card-body\">\n       <div class=\"row\">\n\n       \n       <div class=\"day-event-inner col-md-12\"> <p class=\"answer\">Pas n\u00e9cessaire, mais nous vous recommandons de le faire.<\/p><\/div>\n\n<\/div>             <\/div>\n    <\/div>\n  <\/div>\n \n\n\n  <div class=\"card\">\n    <div class=\"card-header\" id=\"headingOne\">\n      <h2 class=\"mb-0\">\n        <button class=\"btn btn-link collapsed\" type=\"button\" data-toggle=\"collapse\" style=\"color:black; text-align:left; \" aria-expanded=\"true\" aria-controls=\"collapseOne\"><span class=\"disappear-date\">\n          Quel programme \/ dipl\u00f4me me qualifie pour postuler \u00e0 l&#039;AIMS?<\/span>\n        <\/button>\n\n        <button class=\"btn btn-link accordion-btn\" type=\"button\" data-toggle=\"collapse\" style=\"text-align:left; \" aria-expanded=\"true\" aria-controls=\"collapseOne\"> \n\n        <i class=\"accordion-toggle fa fa-plus\"> <\/i>\n        <\/button>\n      <\/h2>\n    <\/div>\n\n    <div id=\"collapseOne\" class=\"collapse\" aria-labelledby=\"headingOne\" >\n      <div class=\"card-body\">\n       <div class=\"row\">\n\n       \n       <div class=\"day-event-inner col-md-12\"> <p class=\"answer\">Les candidats doivent d\u00e9tenir, ou pr\u00e9voir terminer avant la date de d\u00e9but du cours AIMS, un dipl\u00f4me universitaire de 4 ans en math\u00e9matiques ou toute mati\u00e8re scientifique ou technique comportant une composante math\u00e9matique importante.<\/p><\/div>\n\n<\/div>             <\/div>\n    <\/div>\n  <\/div>\n \n\n\n  <div class=\"card\">\n    <div class=\"card-header\" id=\"headingOne\">\n      <h2 class=\"mb-0\">\n        <button class=\"btn btn-link collapsed\" type=\"button\" data-toggle=\"collapse\" style=\"color:black; text-align:left; \" aria-expanded=\"true\" aria-controls=\"collapseOne\"><span class=\"disappear-date\">\n          Quand commence la s\u00e9lection et combien de temps puis-je esp\u00e9rer avoir connaissance des r\u00e9sultats?<\/span>\n        <\/button>\n\n        <button class=\"btn btn-link accordion-btn\" type=\"button\" data-toggle=\"collapse\" style=\"text-align:left; \" aria-expanded=\"true\" aria-controls=\"collapseOne\"> \n\n        <i class=\"accordion-toggle fa fa-plus\"> <\/i>\n        <\/button>\n      <\/h2>\n    <\/div>\n\n    <div id=\"collapseOne\" class=\"collapse\" aria-labelledby=\"headingOne\" >\n      <div class=\"card-body\">\n       <div class=\"row\">\n\n       \n       <div class=\"day-event-inner col-md-12\"> <p class=\"answer\">Les candidats accept\u00e9s au programme seront inform\u00e9s au d\u00e9but d&#039;avril 2013. Tous les candidats conna\u00eetront le r\u00e9sultat de leur candidature au plus tard le 31 mai de chaque ann\u00e9e.<\/p><\/div>\n\n<\/div>             <\/div>\n    <\/div>\n  <\/div>\n \n\n\n  <div class=\"card\">\n    <div class=\"card-header\" id=\"headingOne\">\n      <h2 class=\"mb-0\">\n        <button class=\"btn btn-link collapsed\" type=\"button\" data-toggle=\"collapse\" style=\"color:black; text-align:left; \" aria-expanded=\"true\" aria-controls=\"collapseOne\"><span class=\"disappear-date\">\n          Dois-je payer les frais de scolarit\u00e9, de d\u00e9placement et de pension pour \u00e9tudier \u00e0 l&#039;AIMS?<\/span>\n        <\/button>\n\n        <button class=\"btn btn-link accordion-btn\" type=\"button\" data-toggle=\"collapse\" style=\"text-align:left; \" aria-expanded=\"true\" aria-controls=\"collapseOne\"> \n\n        <i class=\"accordion-toggle fa fa-plus\"> <\/i>\n        <\/button>\n      <\/h2>\n    <\/div>\n\n    <div id=\"collapseOne\" class=\"collapse\" aria-labelledby=\"headingOne\" >\n      <div class=\"card-body\">\n       <div class=\"row\">\n\n       \n       <div class=\"day-event-inner col-md-12\"> <p class=\"answer\">Gr\u00e2ce au g\u00e9n\u00e9reux soutien de nos donateurs, tous les \u00e9tudiants africains re\u00e7oivent des bourses compl\u00e8tes qui pr\u00e9voient pleinement les voyages, la pension et une petite allocation. Il n&#039;y a pas de frais de scolarit\u00e9 \u00e0 l&#039;AIMS.<\/p><\/div>\n\n<\/div>             <\/div>\n    <\/div>\n  <\/div>\n \n\n\n  <div class=\"card\">\n    <div class=\"card-header\" id=\"headingOne\">\n      <h2 class=\"mb-0\">\n        <button class=\"btn btn-link collapsed\" type=\"button\" data-toggle=\"collapse\" style=\"color:black; text-align:left; \" aria-expanded=\"true\" aria-controls=\"collapseOne\"><span class=\"disappear-date\">\n          Si accept\u00e9 dans le programme AIMS, puis-je amener ma famille avec moi?<\/span>\n        <\/button>\n\n        <button class=\"btn btn-link accordion-btn\" type=\"button\" data-toggle=\"collapse\" style=\"text-align:left; \" aria-expanded=\"true\" aria-controls=\"collapseOne\"> \n\n        <i class=\"accordion-toggle fa fa-plus\"> <\/i>\n        <\/button>\n      <\/h2>\n    <\/div>\n\n    <div id=\"collapseOne\" class=\"collapse\" aria-labelledby=\"headingOne\" >\n      <div class=\"card-body\">\n       <div class=\"row\">\n\n       \n       <div class=\"day-event-inner col-md-12\"> <p class=\"answer\">Non.<\/p><\/div>\n\n<\/div>             <\/div>\n    <\/div>\n  <\/div>\n \n\n\n  <div class=\"card\">\n    <div class=\"card-header\" id=\"headingOne\">\n      <h2 class=\"mb-0\">\n        <button class=\"btn btn-link collapsed\" type=\"button\" data-toggle=\"collapse\" style=\"color:black; text-align:left; \" aria-expanded=\"true\" aria-controls=\"collapseOne\"><span class=\"disappear-date\">\n          Quelle qualification puis-je obtenir apr\u00e8s avoir termin\u00e9 avec succ\u00e8s le programme AIMS?<\/span>\n        <\/button>\n\n        <button class=\"btn btn-link accordion-btn\" type=\"button\" data-toggle=\"collapse\" style=\"text-align:left; \" aria-expanded=\"true\" aria-controls=\"collapseOne\"> \n\n        <i class=\"accordion-toggle fa fa-plus\"> <\/i>\n        <\/button>\n      <\/h2>\n    <\/div>\n\n    <div id=\"collapseOne\" class=\"collapse\" aria-labelledby=\"headingOne\" >\n      <div class=\"card-body\">\n       <div class=\"row\">\n\n       \n       <div class=\"day-event-inner col-md-12\"> <p class=\"answer\">AIMS propose un cours intensif de troisi\u00e8me cycle d&#039;un an menant \u00e0 une ma\u00eetrise en sciences math\u00e9matiques. Les qualifications sp\u00e9cifiques (et l&#039;institution dipl\u00f4mante) d\u00e9pendront du centre AIMS que vous fr\u00e9quentez, pour plus d&#039;informations, visitez: AIMS-Afrique du Sud, AIMS-S\u00e9n\u00e9gal, AIMS-Ghana, AIMS-Cameroun et AIMS-Tanzanie (\u00e0 confirmer).<\/p><\/div>\n\n<\/div>             <\/div>\n    <\/div>\n  <\/div>\n \n\n\n  <div class=\"card\">\n    <div class=\"card-header\" id=\"headingOne\">\n      <h2 class=\"mb-0\">\n        <button class=\"btn btn-link collapsed\" type=\"button\" data-toggle=\"collapse\" style=\"color:black; text-align:left; \" aria-expanded=\"true\" aria-controls=\"collapseOne\"><span class=\"disappear-date\">\n          Puis-je modifier les d\u00e9tails de ma candidature apr\u00e8s avoir soumis ma candidature?<\/span>\n        <\/button>\n\n        <button class=\"btn btn-link accordion-btn\" type=\"button\" data-toggle=\"collapse\" style=\"text-align:left; \" aria-expanded=\"true\" aria-controls=\"collapseOne\"> \n\n        <i class=\"accordion-toggle fa fa-plus\"> <\/i>\n        <\/button>\n      <\/h2>\n    <\/div>\n\n    <div id=\"collapseOne\" class=\"collapse\" aria-labelledby=\"headingOne\" >\n      <div class=\"card-body\">\n       <div class=\"row\">\n\n       \n       <div class=\"day-event-inner col-md-12\"> <p class=\"answer\">Non. Cependant, si votre adresse e-mail change, veuillez nous en informer par e-mail: applications2014@nexteinstein.org. Pour \u00e9viter tout retard dans l&#039;\u00e9valuation de votre candidature, veuillez prendre le temps de remplir le formulaire de candidature avec des informations correctes et exactes.<\/p><\/div>\n\n<\/div>             <\/div>\n    <\/div>\n  <\/div>\n <\/div><\/div>","protected":false},"excerpt":{"rendered":"","protected":false},"author":1,"featured_media":0,"parent":0,"menu_order":0,"comment_status":"closed","ping_status":"closed","template":"","meta":{"advgb_blocks_editor_width":"","advgb_blocks_columns_visual_guide":""},"acf":[],"coauthors":[],"author_meta":{"author_link":"https:\/\/aims-cameroon.org\/fr\/author\/chris\/","display_name":"chris"},"relative_dates":{"created":"Publi\u00e9 6 ans il y a","modified":"Mis \u00e0 jour 5 ans il y a"},"absolute_dates":{"created":"Publi\u00e9 le septembre 22, 2020","modified":"Mise \u00e0 jour le juillet 19, 2021"},"absolute_dates_time":{"created":"Publi\u00e9 le septembre 22, 2020 6:31  ","modified":"Mise \u00e0 jour le juillet 19, 2021 9:04  "},"featured_img_caption":"","featured_img":false,"series_order":"","_links":{"self":[{"href":"https:\/\/aims-cameroon.org\/fr\/wp-json\/wp\/v2\/pages\/449"}],"collection":[{"href":"https:\/\/aims-cameroon.org\/fr\/wp-json\/wp\/v2\/pages"}],"about":[{"href":"https:\/\/aims-cameroon.org\/fr\/wp-json\/wp\/v2\/types\/page"}],"author":[{"embeddable":true,"href":"https:\/\/aims-cameroon.org\/fr\/wp-json\/wp\/v2\/users\/1"}],"replies":[{"embeddable":true,"href":"https:\/\/aims-cameroon.org\/fr\/wp-json\/wp\/v2\/comments?post=449"}],"version-history":[{"count":4,"href":"https:\/\/aims-cameroon.org\/fr\/wp-json\/wp\/v2\/pages\/449\/revisions"}],"predecessor-version":[{"id":3432,"href":"https:\/\/aims-cameroon.org\/fr\/wp-json\/wp\/v2\/pages\/449\/revisions\/3432"}],"wp:attachment":[{"href":"https:\/\/aims-cameroon.org\/fr\/wp-json\/wp\/v2\/media?parent=449"}],"curies":[{"name":"wp","href":"https:\/\/api.w.org\/{rel}","templated":true}]}}