{"id":454,"date":"2020-09-23T09:43:54","date_gmt":"2020-09-23T09:43:54","guid":{"rendered":"https:\/\/aims-cameroon.org\/?page_id=454"},"modified":"2021-07-19T09:04:38","modified_gmt":"2021-07-19T09:04:38","slug":"work-at-aims","status":"publish","type":"page","link":"https:\/\/aims-cameroon.org\/fr\/work-at-aims\/","title":{"rendered":"Travailler chez AIMS"},"content":{"rendered":"<div class=\"wp-block-cover has-background-dim-30 has-background-dim has-custom-content-position is-position-bottom-left pad-5\" style=\"background-image:url(https:\/\/aims-cameroon.org\/wp-content\/uploads\/sites\/6\/2021\/03\/123766646_824682571599552_2739575505728957361_n.jpg);background-color:#161228;min-height:600px;background-position:60% 30%\"><div class=\"wp-block-cover__inner-container\">\n<h1>Travailler chez AIMS<\/h1>\n<\/div><\/div>\n\n\n\n<div class=\"is-layout-flow wp-block-group pad-5\"><div class=\"wp-block-group__inner-container\">\n<p><\/p>\n\n\n\n<p>L&#039;Institut Africain des Sciences Math\u00e9matiques (AIMS) est un centre panafricain innovant pour l&#039;enseignement post-universitaire, la recherche et la sensibilisation qui a acquis une reconnaissance mondiale depuis son ouverture en Afrique du Sud en 2003. AIMS-Cameroun fait partie du r\u00e9seau AIMS-NEI L&#039;AIMS centre et propose chaque ann\u00e9e une ma\u00eetrise d&#039;un an en sciences math\u00e9matiques aux dipl\u00f4m\u00e9s africains en sciences. Les \u00e9tudiants de l&#039;AIMS ont \u00e9tudi\u00e9 les sciences math\u00e9matiques au sens large dans une universit\u00e9 africaine pendant 4 ans avant de rejoindre l&#039;AIMS.<\/p>\n\n\n\n<p>Autres - les possibilit\u00e9s sont infinies et si vous avez une id\u00e9e ou un CV int\u00e9ressant, s&#039;il vous pla\u00eet&nbsp;<a rel=\"noreferrer noopener\" href=\"mailto:talent@nexteinstein.org\" target=\"_blank\">envoyez-le nous<\/a>&nbsp;avec une description en deux paragraphes de la mani\u00e8re dont vous pensez pouvoir nous aider dans notre mission. AIMS-Cameroun est un employeur offrant l&#039;\u00e9galit\u00e9 des chances et tous les postes offrent des salaires comp\u00e9titifs et des opportunit\u00e9s de croissance personnelle et professionnelle exceptionnelles.<\/p>\n\n\n\n<p>Rejoignez-nous et faites partie d&#039;une \u00e9quipe anim\u00e9e par la passion et un objectif commun de transformer l&#039;\u00e9ducation en Afrique et au-del\u00e0. Pour plus d&#039;emplois, visitez le site Web du r\u00e9seau AIMS \u00e0&nbsp;<a href=\"https:\/\/www.nexteinstein.org\/about-us\/workataims\/\" target=\"_blank\" rel=\"noreferrer noopener\">ici<\/a>.<\/p>\n<\/div><\/div>\n\n\n\n<div class=\"is-layout-flow wp-block-group pad-5-no-top\"><div class=\"wp-block-group__inner-container\">\n<div class=\"wp-block-advgb-adv-tabs advgb-tabs-wrapper advgb-tab-horz-desktop advgb-tab-horz-tablet advgb-tab-horz-mobile advgb-tabs-0dd79838-d92b-4ce7-8d01-777b3a841110\" data-tab-active=\"0\"><ul class=\"advgb-tabs-panel\"><li class=\"advgb-tab\" style=\"background-color:#161228;border-style:solid;border-width:1px;border-radius:0px\"><a href=\"#advgb-tabs-tab0\" style=\"color:#fff\"><span>Carri\u00e8res<\/span><\/a><\/li><li class=\"advgb-tab\" style=\"background-color:#161228;border-style:solid;border-width:1px;border-radius:0px\"><a href=\"#advgb-tabs-tab1\" style=\"color:#fff\"><span>Appels \u00e0 candidatures<\/span><\/a><\/li><\/ul><div class=\"advgb-tab-body-wrapper\" style=\"border-style:solid;border-width:1px;border-radius:0px\">\n<div class=\"wp-block-advgb-tab advgb-tab-body-container\"><div class=\"advgb-tab-body-header\">Carri\u00e8res<\/div><div class=\"advgb-tab-_d79838-d9 advgb-tab-body\" aria-labelledby=\"advgb-tabs-tab0\"><div id=\"ajax-load-more\" class=\"ajax-load-more-wrap default\" data-id=\"8966270288\" data-alm-id=\"\" data-canonical-url=\"https:\/\/aims-cameroon.org\/fr\/work-at-aims\/\" data-slug=\"work-at-aims\" data-post-id=\"454\"  data-localized=\"ajax_load_more_8966270288_vars\" data-alm-object=\"ajax_load_more_8966270288\"><div aria-live=\"polite\" aria-atomic=\"true\" class=\"alm-listing alm-ajax row\" data-container-type=\"div\" data-loading-style=\"default\" data-repeater=\"template_5\" data-post-type=\"career\" data-taxonomy=\"career_types\" data-taxonomy-terms=\"career\" data-taxonomy-operator=\"IN\" data-order=\"DESC\" data-orderby=\"date\" data-offset=\"0\" data-posts-per-page=\"5\" data-button-label=\"Load More\" data-prev-button-label=\"Load Previous\"><\/div><div class=\"alm-btn-wrap\" data-rel=\"ajax-load-more\"><button class=\"alm-load-more-btn more\" type=\"button\">Charger plus<\/button><\/div><\/div>\n<\/div><\/div>\n\n\n\n<div class=\"wp-block-advgb-tab advgb-tab-body-container\"><div class=\"advgb-tab-body-header\">Appels \u00e0 candidatures<\/div><div class=\"advgb-tab-_6f47fb-b9 advgb-tab-body\" aria-labelledby=\"advgb-tabs-tab1\"><div id=\"ajax-load-more-2\" class=\"ajax-load-more-wrap default\" data-id=\"8966270288\" data-alm-id=\"\" data-canonical-url=\"https:\/\/aims-cameroon.org\/fr\/work-at-aims\/\" data-slug=\"work-at-aims\" data-post-id=\"454\"  data-localized=\"ajax_load_more_8966270288_vars\" data-alm-object=\"ajax_load_more_8966270288\"><div aria-live=\"polite\" aria-atomic=\"true\" class=\"alm-listing alm-ajax row\" data-container-type=\"div\" data-loading-style=\"default\" data-repeater=\"template_5\" data-post-type=\"career\" data-taxonomy=\"career_types\" data-taxonomy-terms=\"call-for-application\" data-taxonomy-operator=\"IN\" data-order=\"DESC\" data-orderby=\"date\" data-offset=\"0\" data-posts-per-page=\"5\" data-button-label=\"Load More\" data-prev-button-label=\"Load Previous\"><\/div><div class=\"alm-btn-wrap\" data-rel=\"ajax-load-more-2\"><button class=\"alm-load-more-btn more\" type=\"button\">Charger plus<\/button><\/div><\/div>\n<\/div><\/div>\n<\/div><\/div>\n<\/div><\/div>\n\n\n\n<p><\/p>\n<style class=\"advgb-styles-renderer\">.advgb-tabs-0dd79838-d92b-4ce7-8d01-777b3a841110 ul.advgb-tabs-panel li.advgb-tab.advgb-tab-active {background-color:#f08c21 !important;color:#fff !important;}#advgb-tabs-0dd79838-d92b-4ce7-8d01-777b3a841110 .advgb-tab-body-header.header-active, .advgb-tabs-0dd79838-d92b-4ce7-8d01-777b3a841110 .advgb-tab-body-header.header-active{background-color:#f08c21 !important;color:#fff !important;}<\/style>","protected":false},"excerpt":{"rendered":"<p>The African Institute for Mathematical Sciences (AIMS)&nbsp;is an innovative, pan-African centre for Post Graduate education, research and outreach which has achieved global recognition since opening in South Africa in 2003. AIMS-Cameroon is part of the AIMS-NEI network of AIMS centers and offers a 1 year Masters degree in mathematical sciences to African science graduates every<\/p>","protected":false},"author":1,"featured_media":0,"parent":0,"menu_order":0,"comment_status":"closed","ping_status":"closed","template":"","meta":{"advgb_blocks_editor_width":"","advgb_blocks_columns_visual_guide":""},"acf":[],"coauthors":[],"author_meta":{"author_link":"https:\/\/aims-cameroon.org\/fr\/author\/chris\/","display_name":"chris"},"relative_dates":{"created":"Publi\u00e9 6 ans il y a","modified":"Mis \u00e0 jour 5 ans il y a"},"absolute_dates":{"created":"Publi\u00e9 le septembre 23, 2020","modified":"Mise \u00e0 jour le juillet 19, 2021"},"absolute_dates_time":{"created":"Publi\u00e9 le septembre 23, 2020 9:43  ","modified":"Mise \u00e0 jour le juillet 19, 2021 9:04  "},"featured_img_caption":"","featured_img":false,"series_order":"","_links":{"self":[{"href":"https:\/\/aims-cameroon.org\/fr\/wp-json\/wp\/v2\/pages\/454"}],"collection":[{"href":"https:\/\/aims-cameroon.org\/fr\/wp-json\/wp\/v2\/pages"}],"about":[{"href":"https:\/\/aims-cameroon.org\/fr\/wp-json\/wp\/v2\/types\/page"}],"author":[{"embeddable":true,"href":"https:\/\/aims-cameroon.org\/fr\/wp-json\/wp\/v2\/users\/1"}],"replies":[{"embeddable":true,"href":"https:\/\/aims-cameroon.org\/fr\/wp-json\/wp\/v2\/comments?post=454"}],"version-history":[{"count":8,"href":"https:\/\/aims-cameroon.org\/fr\/wp-json\/wp\/v2\/pages\/454\/revisions"}],"predecessor-version":[{"id":3771,"href":"https:\/\/aims-cameroon.org\/fr\/wp-json\/wp\/v2\/pages\/454\/revisions\/3771"}],"wp:attachment":[{"href":"https:\/\/aims-cameroon.org\/fr\/wp-json\/wp\/v2\/media?parent=454"}],"curies":[{"name":"wp","href":"https:\/\/api.w.org\/{rel}","templated":true}]}}