{"id":485,"date":"2020-09-23T11:04:27","date_gmt":"2020-09-23T11:04:27","guid":{"rendered":"https:\/\/aims-cameroon.org\/?page_id=485"},"modified":"2024-06-14T09:28:17","modified_gmt":"2024-06-14T09:28:17","slug":"aims-tutoring-fellowship","status":"publish","type":"page","link":"https:\/\/aims-cameroon.org\/fr\/aims-tutoring-fellowship\/","title":{"rendered":"Bourse de tutorat AIMS"},"content":{"rendered":"<div class=\"wp-block-cover is-light has-custom-content-position is-position-bottom-left pad-5\" style=\"min-height:600px\"><span aria-hidden=\"true\" class=\"wp-block-cover__background has-background-dim-30 has-background-dim\" style=\"background-color:#161228\"><\/span><img decoding=\"async\" loading=\"lazy\" width=\"2560\" height=\"1707\" class=\"wp-block-cover__image-background wp-image-3358\" alt=\"\" src=\"https:\/\/aims-cameroon.org\/wp-content\/uploads\/sites\/6\/2021\/03\/giveback-Saker-Baptist-college-Limbe--scaled.jpg\" data-object-fit=\"cover\" srcset=\"https:\/\/aims-cameroon.org\/wp-content\/uploads\/sites\/6\/2021\/03\/giveback-Saker-Baptist-college-Limbe--scaled.jpg 2560w, https:\/\/aims-cameroon.org\/wp-content\/uploads\/sites\/6\/2021\/03\/giveback-Saker-Baptist-college-Limbe--300x200.jpg 300w, https:\/\/aims-cameroon.org\/wp-content\/uploads\/sites\/6\/2021\/03\/giveback-Saker-Baptist-college-Limbe--1024x683.jpg 1024w, https:\/\/aims-cameroon.org\/wp-content\/uploads\/sites\/6\/2021\/03\/giveback-Saker-Baptist-college-Limbe--768x512.jpg 768w, https:\/\/aims-cameroon.org\/wp-content\/uploads\/sites\/6\/2021\/03\/giveback-Saker-Baptist-college-Limbe--1536x1024.jpg 1536w, https:\/\/aims-cameroon.org\/wp-content\/uploads\/sites\/6\/2021\/03\/giveback-Saker-Baptist-college-Limbe--2048x1365.jpg 2048w, https:\/\/aims-cameroon.org\/wp-content\/uploads\/sites\/6\/2021\/03\/giveback-Saker-Baptist-college-Limbe--16x12.jpg 16w\" sizes=\"(max-width: 2560px) 100vw, 2560px\" \/><div class=\"wp-block-cover__inner-container\">\n<h1>Bourse de tutorat AIMS<\/h1>\n\n\n\n<p><\/p>\n<\/div><\/div>\n\n\n\n<div class=\"is-layout-flow wp-block-group pad-5\"><div class=\"wp-block-group__inner-container\">\n<p>The African Institute for Mathematical Sciences (AIMS) centres are unique postgraduate educational centres recruiting students from the whole of Africa and preparing them for careers in the quantitative sciences. The current network has centres in South Africa (since 2003), Senegal (since 2011), Ghana (since 2012), Cameroon (October 2013) and Rwanda (2016, and 2023 &#8211; Research and Innovation Centre).<\/p>\n\n\n\n<p>The AIMS programme is a 10-month course, intended to prepare African graduates with mathematically-based degrees for postgraduate study and employment. To achieve this, AIMS Cameroon (located in Limbe, Cameroon) is seeking enthusiastic individuals with backgrounds in mathematical sciences (including pure and applied mathematics, statistics and data science, physics, computer science, mathematical biology and other fields) who would like to volunteer as tutor (teaching assistant), from September 2024 to&nbsp; June 2025. The call is open to PhD students, holding or approaching completion of a PhD is an advantage. The minimum requirement is an M.Sc at distinction level.<\/p>\n\n\n\n<p>Applicants should demonstrate experience in teaching university mathematics or related subjects, including grading and providing constructive feedback, good communication and social skills, as well as administrative and time management competence.  Furthermore,  applicants are expected to be fluent in English.<\/p>\n\n\n\n<p>Tutoring at an AIMS centre is a great opportunity to meet and work closely with prestigious scientists from around the world. Indeed, outstanding lecturers are recruited from all over the world to teach a one-year Master\u2019s degree in mathematical sciences, preparing students for advanced postgraduate research. The course is unusually broad in scope and employs the latest pedagogical methods in order to stimulate critical and creative thinking. This is a unique opportunity for tutors to gain significant experience in teaching in higher education given that there is currently no school preparing teachers for higher education worldwide.<\/p>\n\n\n\n<p>Travel, visa, accommodation expenses and meals will be covered by AIMS Cameroon. The tutor will additionally receive a monthly stipend.<\/p>\n\n\n\n<p>To submit an application, candidates should email their CV <strong>with at least two references<\/strong>, a statement letter of no more than 500 words to the AIMS-Cameroon academic team at <strong><a href=\"mailto:academia-ml@aims-cameroon.org\">academia-ml@aims-cameroon.org<\/a><\/strong>. In the letter, the applicant should state the period of their availability and provide evidence of what makes them an ideal candidate by drawing from their experience and qualifications.<\/p>\n\n\n\n<div style=\"height:30px\" aria-hidden=\"true\" class=\"wp-block-spacer\"><\/div>\n\n\n\n<div class=\"is-layout-flex wp-block-buttons\">\n<div class=\"wp-block-button bg-alt\"><a class=\"wp-block-button__link wp-element-button\">Appliquer<\/a><\/div>\n<\/div>\n<\/div><\/div>","protected":false},"excerpt":{"rendered":"<p>The African Institute for Mathematical Sciences (AIMS) centres are unique postgraduate educational centres recruiting students from the whole of Africa and preparing them for careers in the quantitative sciences. The current network has centres in South Africa (since 2003), Senegal (since 2011), Ghana (since 2012), Cameroon (October 2013) and Rwanda (2016, and 2023 &#8211; Research<\/p>","protected":false},"author":1,"featured_media":0,"parent":0,"menu_order":0,"comment_status":"closed","ping_status":"closed","template":"","meta":{"advgb_blocks_editor_width":"","advgb_blocks_columns_visual_guide":""},"acf":[],"coauthors":[],"author_meta":{"author_link":"https:\/\/aims-cameroon.org\/fr\/author\/chris\/","display_name":"chris"},"relative_dates":{"created":"Publi\u00e9 6 ans il y a","modified":"Mis \u00e0 jour 2 ans il y a"},"absolute_dates":{"created":"Publi\u00e9 le septembre 23, 2020","modified":"Mise \u00e0 jour le juin 14, 2024"},"absolute_dates_time":{"created":"Publi\u00e9 le septembre 23, 2020 11:04  ","modified":"Mise \u00e0 jour le juin 14, 2024 9:28  "},"featured_img_caption":"","featured_img":false,"series_order":"","_links":{"self":[{"href":"https:\/\/aims-cameroon.org\/fr\/wp-json\/wp\/v2\/pages\/485"}],"collection":[{"href":"https:\/\/aims-cameroon.org\/fr\/wp-json\/wp\/v2\/pages"}],"about":[{"href":"https:\/\/aims-cameroon.org\/fr\/wp-json\/wp\/v2\/types\/page"}],"author":[{"embeddable":true,"href":"https:\/\/aims-cameroon.org\/fr\/wp-json\/wp\/v2\/users\/1"}],"replies":[{"embeddable":true,"href":"https:\/\/aims-cameroon.org\/fr\/wp-json\/wp\/v2\/comments?post=485"}],"version-history":[{"count":8,"href":"https:\/\/aims-cameroon.org\/fr\/wp-json\/wp\/v2\/pages\/485\/revisions"}],"predecessor-version":[{"id":8201,"href":"https:\/\/aims-cameroon.org\/fr\/wp-json\/wp\/v2\/pages\/485\/revisions\/8201"}],"wp:attachment":[{"href":"https:\/\/aims-cameroon.org\/fr\/wp-json\/wp\/v2\/media?parent=485"}],"curies":[{"name":"wp","href":"https:\/\/api.w.org\/{rel}","templated":true}]}}