{"id":511,"date":"2020-09-16T22:58:19","date_gmt":"2020-09-16T22:58:19","guid":{"rendered":"https:\/\/aims-cameroon.org\/our-chapters\/"},"modified":"2021-07-19T09:04:37","modified_gmt":"2021-07-19T09:04:37","slug":"our-chapters","status":"publish","type":"page","link":"https:\/\/aims-cameroon.org\/fr\/our-chapters\/","title":{"rendered":"Chapitres AIMS"},"content":{"rendered":"<div class=\"wp-block-cover has-background-dim-30 has-background-dim has-custom-content-position is-position-bottom-left pad-5\" style=\"background-image:url(https:\/\/aims-cameroon.org\/wp-content\/uploads\/sites\/6\/2021\/04\/Group-AIMS.jpg);background-color:#161228;min-height:600px\"><div class=\"wp-block-cover__inner-container\">\n<h1>Chapitres AIMS<\/h1>\n\n\n\n<p><\/p>\n<\/div><\/div>\n\n\n\n<div class=\"is-layout-flow wp-block-group pad-5\"><div class=\"wp-block-group__inner-container\">\n<div class=\"wp-block-advgb-columns advgb-columns-wrapper\" id=\"advgb-cols-920fb190-b6a4-4f7e-8449-66f8766d996d\"><div class=\"advgb-columns-container\"><div class=\"advgb-columns advgb-columns-row advgb-is-mobile advgb-columns-2 layout-13-23 mbl-layout-stacked vgutter-10\">\n<div class=\"wp-block-advgb-column advgb-column advgb-is-one-third-tablet advgb-is-full-mobile\" id=\"advgb-col-0c1f9bc6-9400-4380-a7c0-f844e1614a73\" style=\"flex:none\"><div class=\"advgb-column-inner\" style=\"border-style:none;border-width:1px\">\n<div class=\"is-layout-flow wp-block-group pad-top-5\"><div class=\"wp-block-group__inner-container\">\n<figure class=\"wp-block-image size-large\"><img decoding=\"async\" loading=\"lazy\" width=\"800\" height=\"400\" src=\"https:\/\/aims-cameroon.org\/wp-content\/uploads\/sites\/6\/2020\/09\/Amended-Layouts_Page_58_Image_0002.jpg\" alt=\"\" class=\"wp-image-514\" srcset=\"https:\/\/aims-cameroon.org\/wp-content\/uploads\/sites\/6\/2020\/09\/Amended-Layouts_Page_58_Image_0002.jpg 800w, https:\/\/aims-cameroon.org\/wp-content\/uploads\/sites\/6\/2020\/09\/Amended-Layouts_Page_58_Image_0002-300x150.jpg 300w, https:\/\/aims-cameroon.org\/wp-content\/uploads\/sites\/6\/2020\/09\/Amended-Layouts_Page_58_Image_0002-768x384.jpg 768w\" sizes=\"(max-width: 800px) 100vw, 800px\" \/><\/figure>\n<\/div><\/div>\n<\/div><\/div>\n\n\n\n<div class=\"wp-block-advgb-column advgb-column advgb-is-two-thirds-tablet advgb-is-full-mobile\" id=\"advgb-col-db6068f8-c8d2-4c04-bda0-c0d160591855\"><div class=\"advgb-column-inner\" style=\"border-style:none;border-width:1px\">\n<div class=\"is-layout-flow wp-block-group pad-5\"><div class=\"wp-block-group__inner-container\">\n<h2>AIMS UK<\/h2>\n\n\n\n<p>AIMS UK, with offices in London acts as a base in the United Kingdom to drive partnerships, resource mobilization and public engagement activities aimed at supporting the growth of the network.<\/p>\n\n\n\n<p class=\"has-medium-font-size\"><strong>Contact<\/strong><\/p>\n\n\n\n<p>Audrey Namdiero-Walsh<\/p>\n\n\n\n<p>European Operations Director<\/p>\n\n\n\n<p>De Morgan House, 57-58 Russell Square<\/p>\n\n\n\n<p>London WC1B 4HS<\/p>\n\n\n\n<p><\/p>\n\n\n\n<p><strong>E-mail:<\/strong> <a href=\"mailto:info-uk@nexteinstein.org\">info-uk@nexteinstein.org<\/a><\/p>\n\n\n\n<p><strong>Tel:<\/strong> +49 157 5532 0456<\/p>\n\n\n\n<div style=\"height:20px\" aria-hidden=\"true\" class=\"wp-block-spacer\"><\/div>\n\n\n\n<div class=\"is-layout-flex wp-block-buttons\">\n<div class=\"wp-block-button bg-alt\"><a class=\"wp-block-button__link no-border-radius\">T\u00e9l\u00e9charger<\/a><\/div>\n<\/div>\n<\/div><\/div>\n<\/div><\/div>\n<\/div><\/div><\/div>\n\n\n\n<div style=\"height:45px\" aria-hidden=\"true\" class=\"wp-block-spacer\"><\/div>\n\n\n\n<div class=\"wp-block-advgb-columns advgb-columns-wrapper\" id=\"advgb-cols-272398ca-9666-4673-b50f-596814852ccf\"><div class=\"advgb-columns-container\"><div class=\"advgb-columns advgb-columns-row advgb-is-mobile advgb-columns-2 layout-13-23 mbl-layout-stacked vgutter-10\">\n<div class=\"wp-block-advgb-column advgb-column advgb-is-one-third-tablet advgb-is-full-mobile\" id=\"advgb-col-774b28ca-c39b-4fa4-9168-39634fead2c9\" style=\"flex:none\"><div class=\"advgb-column-inner\" style=\"border-style:none;border-width:1px\">\n<div class=\"is-layout-flow wp-block-group pad-top-5\"><div class=\"wp-block-group__inner-container\">\n<figure class=\"wp-block-image size-large\"><img decoding=\"async\" loading=\"lazy\" width=\"799\" height=\"400\" src=\"https:\/\/aims-cameroon.org\/wp-content\/uploads\/sites\/6\/2020\/09\/Amended-Layouts_Page_58_Image_0003.jpg\" alt=\"\" class=\"wp-image-513\" srcset=\"https:\/\/aims-cameroon.org\/wp-content\/uploads\/sites\/6\/2020\/09\/Amended-Layouts_Page_58_Image_0003.jpg 799w, https:\/\/aims-cameroon.org\/wp-content\/uploads\/sites\/6\/2020\/09\/Amended-Layouts_Page_58_Image_0003-300x150.jpg 300w, https:\/\/aims-cameroon.org\/wp-content\/uploads\/sites\/6\/2020\/09\/Amended-Layouts_Page_58_Image_0003-768x384.jpg 768w\" sizes=\"(max-width: 799px) 100vw, 799px\" \/><\/figure>\n<\/div><\/div>\n<\/div><\/div>\n\n\n\n<div class=\"wp-block-advgb-column advgb-column advgb-is-two-thirds-tablet advgb-is-full-mobile\" id=\"advgb-col-979da2e6-56dd-4ae8-9d8f-e3a0e571115f\"><div class=\"advgb-column-inner\" style=\"border-style:none;border-width:1px\">\n<div class=\"is-layout-flow wp-block-group pad-5\"><div class=\"wp-block-group__inner-container\">\n<h2>AIMS Canada<\/h2>\n\n\n\n<p>Based in Toronto, the AIMS Canada Chapter supports in resource mobilization, stakeholder relations and securing important academic and policy partnerships.<\/p>\n\n\n\n<p class=\"has-medium-font-size\"><strong>Contact<\/strong><\/p>\n\n\n\n<p>Mathias Goldstein<\/p>\n\n\n\n<p>Head of the AIMS Canada Office and Director, Advancement and Partnerships &#8211; AIMS Global Secretariat<\/p>\n\n\n\n<p>4711 Yonge Street, 10th Floor, Toronto<\/p>\n\n\n\n<p>ON M2N 6KB,<\/p>\n\n\n\n<p>Canada<\/p>\n\n\n\n<p><\/p>\n\n\n\n<p><\/p>\n\n\n\n<p><strong>E-mail:<\/strong> <a href=\"mailto:info-uk@nexteinstein.org\">info-canada@nexteinstein.org<\/a><\/p>\n\n\n\n<p><strong>Tel:<\/strong> +416-218-5564<\/p>\n\n\n\n<div style=\"height:20px\" aria-hidden=\"true\" class=\"wp-block-spacer\"><\/div>\n\n\n\n<div class=\"is-layout-flex wp-block-buttons\">\n<div class=\"wp-block-button bg-alt\"><a class=\"wp-block-button__link no-border-radius\">T\u00e9l\u00e9charger<\/a><\/div>\n<\/div>\n<\/div><\/div>\n<\/div><\/div>\n<\/div><\/div><\/div>\n\n\n\n<div style=\"height:45px\" aria-hidden=\"true\" class=\"wp-block-spacer\"><\/div>\n\n\n\n<div class=\"wp-block-advgb-columns advgb-columns-wrapper\" id=\"advgb-cols-dab97782-bebd-44f9-affd-759c8c567a19\"><div class=\"advgb-columns-container\"><div class=\"advgb-columns advgb-columns-row advgb-is-mobile advgb-columns-2 layout-13-23 mbl-layout-stacked vgutter-10\">\n<div class=\"wp-block-advgb-column advgb-column advgb-is-one-third-tablet advgb-is-full-mobile\" id=\"advgb-col-d36ccfb5-0ee3-4a5f-be7d-190d56d9a957\" style=\"flex:none\"><div class=\"advgb-column-inner\" style=\"border-style:none;border-width:1px\">\n<div class=\"is-layout-flow wp-block-group pad-top-5\"><div class=\"wp-block-group__inner-container\">\n<figure class=\"wp-block-image size-large\"><img decoding=\"async\" loading=\"lazy\" width=\"800\" height=\"480\" src=\"https:\/\/aims-cameroon.org\/wp-content\/uploads\/sites\/6\/2020\/09\/Amended-Layouts_Page_58_Image_0004.jpg\" alt=\"\" class=\"wp-image-512\" srcset=\"https:\/\/aims-cameroon.org\/wp-content\/uploads\/sites\/6\/2020\/09\/Amended-Layouts_Page_58_Image_0004.jpg 800w, https:\/\/aims-cameroon.org\/wp-content\/uploads\/sites\/6\/2020\/09\/Amended-Layouts_Page_58_Image_0004-300x180.jpg 300w, https:\/\/aims-cameroon.org\/wp-content\/uploads\/sites\/6\/2020\/09\/Amended-Layouts_Page_58_Image_0004-768x461.jpg 768w\" sizes=\"(max-width: 800px) 100vw, 800px\" \/><\/figure>\n<\/div><\/div>\n<\/div><\/div>\n\n\n\n<div class=\"wp-block-advgb-column advgb-column advgb-is-two-thirds-tablet advgb-is-full-mobile\" id=\"advgb-col-8b0683d8-1b02-47da-a4ce-f6dcbdb4a4eb\"><div class=\"advgb-column-inner\" style=\"border-style:none;border-width:1px\">\n<div class=\"is-layout-flow wp-block-group pad-5\"><div class=\"wp-block-group__inner-container\">\n<h2>AIMS Germany<\/h2>\n\n\n\n<p>The AIMS representative office in Berlin, Germany works closely with the German, Austrian, and Swiss institutions.<\/p>\n\n\n\n<p class=\"has-medium-font-size\"><strong>Contact<\/strong><\/p>\n\n\n\n<p>Audrey Namdiero-Walsh<\/p>\n\n\n\n<p>European Operations Director &#8211; AIMS Germany gGmbH<\/p>\n\n\n\n<p>Schulestr. 16 10625 Berlin <\/p>\n\n\n\n<p>Allemagne<\/p>\n\n\n\n<p><\/p>\n\n\n\n<p><\/p>\n\n\n\n<p><strong>E-mail:<\/strong> <a href=\"mailto:info-de@nexteinstein.org\">info-de@nexteinstein.org<\/a><\/p>\n\n\n\n<p><strong>Tel:<\/strong> +49 1575 5320 456<\/p>\n\n\n\n<div style=\"height:20px\" aria-hidden=\"true\" class=\"wp-block-spacer\"><\/div>\n\n\n\n<div class=\"is-layout-flex wp-block-buttons\">\n<div class=\"wp-block-button bg-alt\"><a class=\"wp-block-button__link no-border-radius\">T\u00e9l\u00e9charger<\/a><\/div>\n<\/div>\n<\/div><\/div>\n<\/div><\/div>\n<\/div><\/div><\/div>\n<\/div><\/div>\n<style class=\"advgb-styles-renderer\">#advgb-cols-920fb190-b6a4-4f7e-8449-66f8766d996d{}@media screen and (max-width: 1023px) {#advgb-cols-920fb190-b6a4-4f7e-8449-66f8766d996d{}}@media screen and (max-width: 767px) {#advgb-cols-920fb190-b6a4-4f7e-8449-66f8766d996d{}}#advgb-col-0c1f9bc6-9400-4380-a7c0-f844e1614a73>.advgb-column-inner{}#advgb-col-0c1f9bc6-9400-4380-a7c0-f844e1614a73{width: 40%;}@media screen and (max-width: 1023px) {#advgb-col-0c1f9bc6-9400-4380-a7c0-f844e1614a73>.advgb-column-inner{}}@media screen and (max-width: 767px) {#advgb-col-0c1f9bc6-9400-4380-a7c0-f844e1614a73>.advgb-column-inner{}}#advgb-col-db6068f8-c8d2-4c04-bda0-c0d160591855>.advgb-column-inner{}@media screen and (max-width: 1023px) {#advgb-col-db6068f8-c8d2-4c04-bda0-c0d160591855>.advgb-column-inner{}}@media screen and (max-width: 767px) {#advgb-col-db6068f8-c8d2-4c04-bda0-c0d160591855>.advgb-column-inner{}}#advgb-cols-272398ca-9666-4673-b50f-596814852ccf{}@media screen and (max-width: 1023px) {#advgb-cols-272398ca-9666-4673-b50f-596814852ccf{}}@media screen and (max-width: 767px) {#advgb-cols-272398ca-9666-4673-b50f-596814852ccf{}}#advgb-col-774b28ca-c39b-4fa4-9168-39634fead2c9>.advgb-column-inner{}#advgb-col-774b28ca-c39b-4fa4-9168-39634fead2c9{width: 40%;}@media screen and (max-width: 1023px) {#advgb-col-774b28ca-c39b-4fa4-9168-39634fead2c9>.advgb-column-inner{}}@media screen and (max-width: 767px) {#advgb-col-774b28ca-c39b-4fa4-9168-39634fead2c9>.advgb-column-inner{}}#advgb-col-979da2e6-56dd-4ae8-9d8f-e3a0e571115f>.advgb-column-inner{}@media screen and (max-width: 1023px) {#advgb-col-979da2e6-56dd-4ae8-9d8f-e3a0e571115f>.advgb-column-inner{}}@media screen and (max-width: 767px) {#advgb-col-979da2e6-56dd-4ae8-9d8f-e3a0e571115f>.advgb-column-inner{}}#advgb-cols-dab97782-bebd-44f9-affd-759c8c567a19{}@media screen and (max-width: 1023px) {#advgb-cols-dab97782-bebd-44f9-affd-759c8c567a19{}}@media screen and (max-width: 767px) {#advgb-cols-dab97782-bebd-44f9-affd-759c8c567a19{}}#advgb-col-d36ccfb5-0ee3-4a5f-be7d-190d56d9a957>.advgb-column-inner{}#advgb-col-d36ccfb5-0ee3-4a5f-be7d-190d56d9a957{width: 40%;}@media screen and (max-width: 1023px) {#advgb-col-d36ccfb5-0ee3-4a5f-be7d-190d56d9a957>.advgb-column-inner{}}@media screen and (max-width: 767px) {#advgb-col-d36ccfb5-0ee3-4a5f-be7d-190d56d9a957>.advgb-column-inner{}}#advgb-col-8b0683d8-1b02-47da-a4ce-f6dcbdb4a4eb>.advgb-column-inner{}@media screen and (max-width: 1023px) {#advgb-col-8b0683d8-1b02-47da-a4ce-f6dcbdb4a4eb>.advgb-column-inner{}}@media screen and (max-width: 767px) {#advgb-col-8b0683d8-1b02-47da-a4ce-f6dcbdb4a4eb>.advgb-column-inner{}}<\/style>","protected":false},"excerpt":{"rendered":"","protected":false},"author":1,"featured_media":0,"parent":0,"menu_order":0,"comment_status":"closed","ping_status":"closed","template":"","meta":{"advgb_blocks_editor_width":"","advgb_blocks_columns_visual_guide":""},"acf":[],"coauthors":[],"author_meta":{"author_link":"https:\/\/aims-cameroon.org\/fr\/author\/chris\/","display_name":"chris"},"relative_dates":{"created":"Publi\u00e9 6 ans il y a","modified":"Mis \u00e0 jour 5 ans il y a"},"absolute_dates":{"created":"Publi\u00e9 le septembre 16, 2020","modified":"Mise \u00e0 jour le juillet 19, 2021"},"absolute_dates_time":{"created":"Publi\u00e9 le septembre 16, 2020 10:58  ","modified":"Mise \u00e0 jour le juillet 19, 2021 9:04  "},"featured_img_caption":"","featured_img":false,"series_order":"","_links":{"self":[{"href":"https:\/\/aims-cameroon.org\/fr\/wp-json\/wp\/v2\/pages\/511"}],"collection":[{"href":"https:\/\/aims-cameroon.org\/fr\/wp-json\/wp\/v2\/pages"}],"about":[{"href":"https:\/\/aims-cameroon.org\/fr\/wp-json\/wp\/v2\/types\/page"}],"author":[{"embeddable":true,"href":"https:\/\/aims-cameroon.org\/fr\/wp-json\/wp\/v2\/users\/1"}],"replies":[{"embeddable":true,"href":"https:\/\/aims-cameroon.org\/fr\/wp-json\/wp\/v2\/comments?post=511"}],"version-history":[{"count":4,"href":"https:\/\/aims-cameroon.org\/fr\/wp-json\/wp\/v2\/pages\/511\/revisions"}],"predecessor-version":[{"id":3757,"href":"https:\/\/aims-cameroon.org\/fr\/wp-json\/wp\/v2\/pages\/511\/revisions\/3757"}],"wp:attachment":[{"href":"https:\/\/aims-cameroon.org\/fr\/wp-json\/wp\/v2\/media?parent=511"}],"curies":[{"name":"wp","href":"https:\/\/api.w.org\/{rel}","templated":true}]}}