{"id":522,"date":"2020-09-23T11:54:09","date_gmt":"2020-09-23T11:54:09","guid":{"rendered":"https:\/\/aims-cameroon.org\/?page_id=522"},"modified":"2023-11-07T13:20:07","modified_gmt":"2023-11-07T13:20:07","slug":"contact-us","status":"publish","type":"page","link":"https:\/\/aims-cameroon.org\/fr\/contact-us\/","title":{"rendered":"Nous contacter"},"content":{"rendered":"<div class=\"wp-block-cover has-custom-content-position is-position-bottom-left pad-5\" style=\"min-height:600px\"><span aria-hidden=\"true\" class=\"wp-block-cover__background has-background-dim-30 has-background-dim\" style=\"background-color:#161228\"><\/span><img decoding=\"async\" loading=\"lazy\" width=\"563\" height=\"375\" class=\"wp-block-cover__image-background wp-image-3725\" alt=\"\" src=\"https:\/\/aims-cameroon.org\/wp-content\/uploads\/sites\/6\/2021\/04\/IMG_1898.jpg\" data-object-fit=\"cover\" srcset=\"https:\/\/aims-cameroon.org\/wp-content\/uploads\/sites\/6\/2021\/04\/IMG_1898.jpg 563w, https:\/\/aims-cameroon.org\/wp-content\/uploads\/sites\/6\/2021\/04\/IMG_1898-300x200.jpg 300w, https:\/\/aims-cameroon.org\/wp-content\/uploads\/sites\/6\/2021\/04\/IMG_1898-16x12.jpg 16w\" sizes=\"(max-width: 563px) 100vw, 563px\" \/><div class=\"wp-block-cover__inner-container\">\n<h1>Nous pensons que le prochain Einstein sera africain!<\/h1>\n<\/div><\/div>\n\n\n\n<h3>AIMS CAMEROON NEWS<\/h3>\n\n\n\n<p>This mailing list is a low traffic list to stay informed about major events in the programme at AIMS Cameroon and across the network. We will announce vacancies, study opportunities, research positions, or a major event like our annual graduation or annual report. We will also inform you of the arrival of academic visitors, weekly seminars, and general news of interest to those near AIMS Cameroon. <\/p>\n\n\n\n<p>Click on <strong><a href=\"https:\/\/groups.google.com\/a\/aims-cameroon.org\/g\/news\">this link<\/a><\/strong> to join or view past newsletters.<\/p>\n\n\n\n<div class=\"wp-block-advgb-columns advgb-columns-wrapper\" id=\"advgb-cols-4dd0ce73-9959-44b7-b593-bd92d350112b\"><div class=\"advgb-columns-container\"><div class=\"advgb-columns advgb-columns-row advgb-is-mobile advgb-columns-2 layout-12-12 mbl-layout-stacked vgutter-10\">\n<div class=\"wp-block-advgb-column advgb-column advgb-is-half-tablet advgb-is-full-mobile\" id=\"advgb-col-db7e5bee-3968-4f65-9a7b-f0bce1cb49d7\" style=\"flex:none\"><div class=\"advgb-column-inner\" style=\"border-style:none;border-width:1px\">\n<div class=\"wp-block-cover is-light is-position-center-center bg-alt\" id=\"pad-5\"><span aria-hidden=\"true\" class=\"wp-block-cover__background has-white-background-color has-background-dim-100 has-background-dim\"><\/span><div class=\"wp-block-cover__inner-container\">\n<p><\/p>\n\n\n\n<h2>parle-nous<\/h2>\n\n\n\n<div style=\"height:35px\" aria-hidden=\"true\" class=\"wp-block-spacer\"><\/div>\n\n\n\n<p>For questions regarding applications, please refer to the FAQS or send an e-mail to info@aims-cameroon.org. <\/p>\n\n\n\n<p>AIMS-Cameroon est situ\u00e9 \u00e0 Limb\u00e9 en utilisant un b\u00e2timent anciennement connu sous le nom de Jagemn Palace Hotel<\/p>\n\n\n\n<p>AIMS Cameroun<\/p>\n\n\n\n<p>Bo\u00eete postale 608<br>Jardin de cristal, Limb\u00e9<br>Cameroun (+237) 2 33 33 33 63<br><a href=\"mailto:info@aims-cameroon.org\">info@aims-cameroon.org<\/a><\/p>\n\n\n\n<p> Pour toute autre question, veuillez remplir le formulaire ci-dessous.<\/p>\n<\/div><\/div>\n<\/div><\/div>\n\n\n\n<div class=\"wp-block-advgb-column advgb-column advgb-is-half-tablet advgb-is-full-mobile\" id=\"advgb-col-ef6875d6-03c8-456a-9c8d-779dd7e60e66\" style=\"flex:none\"><div class=\"advgb-column-inner\" style=\"border-style:none;border-width:1px\">\n<div class=\"wp-block-advgb-map advgb-map-block full-height\" style=\"margin:10px auto\"><div class=\"advgb-map-content\" id=\"advgbmap-75e312ff-1515-4966-8228-87bda7c6391c\" style=\"height:350px\" data-default=\"https:\/\/maps.gstatic.com\/mapfiles\/api-3\/images\/spotlight-poi2.png\" data-lat=\"4.020071562843429\" data-lng=\"9.196414979763265\" data-zoom=\"14\" data-title=\"AIMS Cameroon\" data-desc=\"\" data-shown=\"true\" data-style=\"\"><\/div><\/div>\n<\/div><\/div>\n<\/div><\/div><\/div>\n\n\n\n<div class=\"is-layout-flow wp-block-group pad-5 has-black-color has-text-color has-background\" style=\"background-color:#e6e6e6\"><div class=\"wp-block-group__inner-container\"><\/div><\/div>\n<style class=\"advgb-styles-renderer\">#advgb-cols-4dd0ce73-9959-44b7-b593-bd92d350112b{}@media screen and (max-width: 1023px) {#advgb-cols-4dd0ce73-9959-44b7-b593-bd92d350112b{}}@media screen and (max-width: 767px) {#advgb-cols-4dd0ce73-9959-44b7-b593-bd92d350112b{}}#advgb-col-db7e5bee-3968-4f65-9a7b-f0bce1cb49d7>.advgb-column-inner{}#advgb-col-db7e5bee-3968-4f65-9a7b-f0bce1cb49d7{width: 40%;}@media screen and (max-width: 1023px) {#advgb-col-db7e5bee-3968-4f65-9a7b-f0bce1cb49d7>.advgb-column-inner{}}@media screen and (max-width: 767px) {#advgb-col-db7e5bee-3968-4f65-9a7b-f0bce1cb49d7>.advgb-column-inner{}}#advgb-col-ef6875d6-03c8-456a-9c8d-779dd7e60e66>.advgb-column-inner{}#advgb-col-ef6875d6-03c8-456a-9c8d-779dd7e60e66{width: 60%;}@media screen and (max-width: 1023px) {#advgb-col-ef6875d6-03c8-456a-9c8d-779dd7e60e66>.advgb-column-inner{}}@media screen and (max-width: 767px) {#advgb-col-ef6875d6-03c8-456a-9c8d-779dd7e60e66>.advgb-column-inner{}}<\/style>","protected":false},"excerpt":{"rendered":"<p>AIMS CAMEROON NEWS This mailing list is a low traffic list to stay informed about major events in the programme at AIMS Cameroon and across the network. We will announce vacancies, study opportunities, research positions, or a major event like our annual graduation or annual report. We will also inform you of the arrival of<\/p>","protected":false},"author":1,"featured_media":0,"parent":0,"menu_order":0,"comment_status":"closed","ping_status":"closed","template":"","meta":{"advgb_blocks_editor_width":"","advgb_blocks_columns_visual_guide":""},"acf":[],"coauthors":[],"author_meta":{"author_link":"https:\/\/aims-cameroon.org\/fr\/author\/chris\/","display_name":"chris"},"relative_dates":{"created":"Publi\u00e9 6 ans il y a","modified":"Mis \u00e0 jour 2 ans il y a"},"absolute_dates":{"created":"Publi\u00e9 le septembre 23, 2020","modified":"Mise \u00e0 jour le novembre 7, 2023"},"absolute_dates_time":{"created":"Publi\u00e9 le septembre 23, 2020 11:54  ","modified":"Mise \u00e0 jour le novembre 7, 2023 1:20  "},"featured_img_caption":"","featured_img":false,"series_order":"","_links":{"self":[{"href":"https:\/\/aims-cameroon.org\/fr\/wp-json\/wp\/v2\/pages\/522"}],"collection":[{"href":"https:\/\/aims-cameroon.org\/fr\/wp-json\/wp\/v2\/pages"}],"about":[{"href":"https:\/\/aims-cameroon.org\/fr\/wp-json\/wp\/v2\/types\/page"}],"author":[{"embeddable":true,"href":"https:\/\/aims-cameroon.org\/fr\/wp-json\/wp\/v2\/users\/1"}],"replies":[{"embeddable":true,"href":"https:\/\/aims-cameroon.org\/fr\/wp-json\/wp\/v2\/comments?post=522"}],"version-history":[{"count":28,"href":"https:\/\/aims-cameroon.org\/fr\/wp-json\/wp\/v2\/pages\/522\/revisions"}],"predecessor-version":[{"id":7606,"href":"https:\/\/aims-cameroon.org\/fr\/wp-json\/wp\/v2\/pages\/522\/revisions\/7606"}],"wp:attachment":[{"href":"https:\/\/aims-cameroon.org\/fr\/wp-json\/wp\/v2\/media?parent=522"}],"curies":[{"name":"wp","href":"https:\/\/api.w.org\/{rel}","templated":true}]}}