{"id":574,"date":"2020-09-23T18:15:45","date_gmt":"2020-09-23T18:15:45","guid":{"rendered":"https:\/\/aims-cameroon.org\/?page_id=574"},"modified":"2022-11-29T16:05:05","modified_gmt":"2022-11-29T16:05:05","slug":"research-conferences-and-workshops-2","status":"publish","type":"page","link":"https:\/\/aims-cameroon.org\/fr\/research-conferences-and-workshops-2\/","title":{"rendered":"Conf\u00e9rences et ateliers de recherche"},"content":{"rendered":"<div class=\"wp-block-cover has-background-dim-30 has-background-dim has-custom-content-position is-position-bottom-left pad-5 page-banner\" style=\"background-color:#161228;min-height:600px\"><img decoding=\"async\" loading=\"lazy\" width=\"1869\" height=\"934\" class=\"wp-block-cover__image-background wp-image-2252\" alt=\"\" src=\"https:\/\/aims-cameroon.org\/wp-content\/uploads\/sites\/6\/2021\/03\/Romario_Landry_Maryse_Djida-2.png\" data-object-fit=\"cover\" srcset=\"https:\/\/aims-cameroon.org\/wp-content\/uploads\/sites\/6\/2021\/03\/Romario_Landry_Maryse_Djida-2.png 1869w, https:\/\/aims-cameroon.org\/wp-content\/uploads\/sites\/6\/2021\/03\/Romario_Landry_Maryse_Djida-2-300x150.png 300w, https:\/\/aims-cameroon.org\/wp-content\/uploads\/sites\/6\/2021\/03\/Romario_Landry_Maryse_Djida-2-1024x512.png 1024w, https:\/\/aims-cameroon.org\/wp-content\/uploads\/sites\/6\/2021\/03\/Romario_Landry_Maryse_Djida-2-768x384.png 768w, https:\/\/aims-cameroon.org\/wp-content\/uploads\/sites\/6\/2021\/03\/Romario_Landry_Maryse_Djida-2-1536x768.png 1536w, https:\/\/aims-cameroon.org\/wp-content\/uploads\/sites\/6\/2021\/03\/Romario_Landry_Maryse_Djida-2-16x8.png 16w\" sizes=\"(max-width: 1869px) 100vw, 1869px\" \/><div class=\"wp-block-cover__inner-container\">\n<h1>Conf\u00e9rences et ateliers de recherche<\/h1>\n\n\n\n<p><\/p>\n<\/div><\/div>\n\n\n\n<div class=\"is-layout-flow wp-block-group pad-5\"><div class=\"wp-block-group__inner-container\">\n<h2>Aper\u00e7u<\/h2>\n\n\n\n<p>Le Centre de Recherche AIMS-Cameroun accueille r\u00e9guli\u00e8rement des ateliers et des conf\u00e9rences en Sciences Math\u00e9matiques et en particulier dans des domaines li\u00e9s \u00e0 nos axes de recherche. Le th\u00e8me g\u00e9n\u00e9ral du centre de recherche est les sciences fondamentales et la mod\u00e9lisation math\u00e9matique dans un contexte multidisciplinaire, avec un accent particulier sur le changement climatique, l&#039;analyse des donn\u00e9es et le calcul.<\/p>\n\n\n\n<div class=\"wp-block-advgb-adv-tabs advgb-tabs-wrapper advgb-tab-horz-desktop advgb-tab-vert-tablet advgb-tab-stack-mobile advgb-tabs-fbe96c76-3930-4500-9705-3a7bfa4ddbea\" data-tab-active=\"0\"><ul class=\"advgb-tabs-panel\"><li class=\"advgb-tab\" style=\"background-color:#e0e0e0;border-style:solid;border-width:1px;border-radius:10px\"><a href=\"#advgb-tabs-tab0\" style=\"color:#fff\"><span>Past and Forthcoming Workshops<\/span><\/a><\/li><li class=\"advgb-tab\" style=\"background-color:#e0e0e0;border-style:solid;border-width:1px;border-radius:10px\"><a href=\"#advgb-tabs-tab1\" style=\"color:#fff\"><span>Organiser un atelier<\/span><\/a><\/li><\/ul><div class=\"advgb-tab-body-wrapper\" style=\"border-style:solid;border-width:1px;border-radius:10px\">\n<div class=\"wp-block-advgb-tab advgb-tab-body-container\"><div class=\"advgb-tab-body-header\">Past and Forthcoming Workshops<\/div><div class=\"advgb-tab-_02f0ca-8c advgb-tab-body\" aria-labelledby=\"advgb-tabs-tab0\">\n<p>Le Centre de recherche AIMS-Cameroun a particip\u00e9 aux \u00e9coles et ateliers suivants:<\/p>\n\n\n\n<ul><li>Tous les membres du Centre de Recherche AIMS-Cameroun ont assist\u00e9 \u00e0 la&nbsp;<strong>Conf\u00e9rence internationale sur l&#039;optimisation continue (ICCOPT)&nbsp;<\/strong>du 3 au 8 ao\u00fbt 2019, \u00e0 la Hochschule Mittweida University of Applied Sciences, Berlin, Allemagne.<\/li><li>&nbsp;<\/li><li><strong>\u00abBiennale de math\u00e9matiques: g\u00e9om\u00e9trie et application de l&#039;analyse non lin\u00e9aire\u00bb (NLAGA), Dakar:&nbsp;<\/strong>Le doctorat Le chercheur, Landry Djomegne, a donn\u00e9 une conf\u00e9rence lors de l&#039;\u00c9cole \u00abBiennale de Math\u00e9matiques: G\u00e9om\u00e9trie de l&#039;Analyse Non Lin\u00e9aire et Applications (NLAGA)\u00bb organis\u00e9e \u00e0 l&#039;Universit\u00e9 Cheikh Anta Diop de Dakar, S\u00e9n\u00e9gal du 24 au 28 juin 2019. Il a \u00e9galement donn\u00e9 une conf\u00e9rence \u00e0 la&nbsp;<strong>Colloque de math\u00e9matiques et d&#039;informatique (CMC)&nbsp;<\/strong>organis\u00e9 du 8 au 12 avril 2019 par l&#039;Universit\u00e9 de Dschang, Cameroun.<\/li><li><strong>Forum des laur\u00e9ats de Heidelberg, Allemagne:<\/strong>&nbsp;Le doctorat La chercheuse Maryse Manuela Moutamal, a particip\u00e9 au Heidelberg Laureate Forum, \u00e0 Heidelberg, Allemagne, du 22 au 27 septembre 2019. Elle a \u00e9galement particip\u00e9 \u00e0 la formation DAAD-ITOCA e-Resources au Nig\u00e9ria du 19 au 23 octobre 2019.<\/li><\/ul>\n<\/div><\/div>\n\n\n\n<div class=\"wp-block-advgb-tab advgb-tab-body-container\"><div class=\"advgb-tab-body-header\">Organiser un atelier<\/div><div class=\"advgb-tab-_1e1230-62 advgb-tab-body\" aria-labelledby=\"advgb-tabs-tab1\">\n<p>Le Centre de Recherche de l&#039;AIMS Cameroun accueille des ateliers et des conf\u00e9rences en sciences math\u00e9matiques et notamment dans des domaines li\u00e9s \u00e0 nos axes de recherche. Le Centre se concentre sur les \u00e9quations aux d\u00e9riv\u00e9es partielles non lin\u00e9aires, l&#039;intelligence artificielle, les sciences du climat, le contr\u00f4le, l&#039;optimisation, la diffusion anormale (non locale), avec un large \u00e9ventail d&#039;applications, avec un accent particulier sur l&#039;analyse et le calcul des donn\u00e9es.<\/p>\n\n\n\n<p><strong>Planification:<\/strong><\/p>\n\n\n\n<p>Les ateliers durent g\u00e9n\u00e9ralement de 3 \u00e0 5 jours et sont programm\u00e9s \u00e0 des moments o\u00f9 le programme acad\u00e9mique est moins charg\u00e9 ou ne fonctionne pas.<\/p>\n\n\n\n<p><strong>Installations:<\/strong><\/p>\n\n\n\n<p>Le lieu de notre atelier est la salle de conf\u00e9rence principale. Il peut accueillir jusqu&#039;\u00e0 100 participants et est \u00e9quip\u00e9 de tableaux blancs, de tableaux noirs et d&#039;un projecteur. Des salles plus petites pour des ateliers plus petits ou des groupes s\u00e9par\u00e9s sont \u00e9galement disponibles au Centre de recherche. Tous les repas sont servis \u00e0 la cantine. La disponibilit\u00e9 des logements dans le b\u00e2timent variera tout au long de l&#039;ann\u00e9e. Mais avec les mesures Covid-19, un h\u00e9bergement appropri\u00e9 (h\u00f4tels) est \u00e9galement disponible hors site dans divers \u00e9tablissements de la r\u00e9gion. Un espace de bureau est disponible pour les conf\u00e9renciers et les organisateurs d&#039;ateliers.<\/p>\n\n\n\n<p><strong>Financement:<\/strong><\/p>\n\n\n\n<p>L&#039;AIMS-Cameroun peut contribuer au co\u00fbt de l&#039;atelier \u00e0 condition que des fonds soient disponibles et que l&#039;atelier s&#039;inscrive dans l&#039;un de ses domaines de recherche. Cette contribution prend g\u00e9n\u00e9ralement la forme de frais de lieu, d&#039;h\u00e9bergement ou de repas.<\/p>\n\n\n\n<p><strong>Planification et administration:<\/strong><\/p>\n\n\n\n<p>Les organisateurs de l&#039;atelier travaillent avec l&#039;administration d&#039;AIMS Cameroun pour planifier, pr\u00e9parer et coordonner l&#039;\u00e9v\u00e9nement.<\/p>\n\n\n\n<p><strong>Processus de candidature:<\/strong><\/p>\n\n\n\n<p>Veuillez remplir le formulaire en ligne (ins\u00e9rer le lien pour le formulaire de demande en ligne ici)<\/p>\n\n\n\n<p>Pour plus d&#039;informations, veuillez contacter: researchcenter-conf@aims-cameroon.org<\/p>\n<\/div><\/div>\n<\/div><\/div>\n\n\n\n<h3>Colloques<\/h3>\n\n\n\n<p>We usually meet (with a few exceptions, please see below) on Tuesday at 5:00 pm (West African Time). If you are interested in joining, please fill out the Registration Form. For questions please contact AIMS Cameroon <a href=\"mailto:info@aims-cameroon.org\">info@aims-cameroon.org<\/a>).<\/p>\n\n\n\n<div style=\"height:39px\" aria-hidden=\"true\" class=\"wp-block-spacer\"><\/div>\n\n\n\n<div class=\"wp-block-advgb-button alignleft\"><a class=\"wp-block-advgb-button_link advgbbtn-c3a601f6-031b-4e25-9a86-d6a46a144790\" href=\"https:\/\/docs.google.com\/forms\/d\/e\/1FAIpQLSfKi4eERtrAjoxJiLnvnIa_CNE5N0VLARROFrheYM5lUUOQ7Q\/viewform\" target=\"_blank\" rel=\"noopener noreferrer\">Inscrivez-vous au prochain colloque<\/a><\/div>\n\n\n\n<div class=\"wp-block-advgb-button alignleft\"><a class=\"wp-block-advgb-button_link advgbbtn-44713567-f8c8-411b-bb83-91e4524595ca\" href=\"..\/colloquiums\/\" target=\"_self\" rel=\"noopener noreferrer\">Past and Forthcoming Colloquiums<\/a><\/div>\n\n\n\n<div style=\"height:76px\" aria-hidden=\"true\" class=\"wp-block-spacer\"><\/div>\n\n\n\n<h2><\/h2>\n\n\n\n<div style=\"height:52px\" aria-hidden=\"true\" class=\"wp-block-spacer\"><\/div>\n\n\n<div id=\"ajax-load-more\" class=\"ajax-load-more-wrap default\" data-id=\"7239903576\" data-alm-id=\"\" data-canonical-url=\"https:\/\/aims-cameroon.org\/fr\/research-conferences-and-workshops-2\/\" data-slug=\"research-conferences-and-workshops-2\" data-post-id=\"574\"  data-localized=\"ajax_load_more_7239903576_vars\" data-alm-object=\"ajax_load_more_7239903576\"><div aria-live=\"polite\" aria-atomic=\"true\" class=\"alm-listing alm-ajax row\" data-container-type=\"div\" data-loading-style=\"default\" data-repeater=\"template_4\" data-post-type=\"event\" data-taxonomy=\"event_types\" data-taxonomy-terms=\"workshop\" data-taxonomy-operator=\"IN\" data-order=\"DESC\" data-orderby=\"date\" data-offset=\"0\" data-posts-per-page=\"6\" data-button-label=\"Load More\" data-prev-button-label=\"Load Previous\"><\/div><div class=\"alm-btn-wrap\" data-rel=\"ajax-load-more\"><button class=\"alm-load-more-btn more\" type=\"button\">Charger plus<\/button><\/div><\/div>\n<\/div><\/div>\n\n\n\n<p><\/p>\n\n\n\n<p><\/p>\n<style class=\"advgb-styles-renderer\">.advgb-tabs-fbe96c76-3930-4500-9705-3a7bfa4ddbea ul.advgb-tabs-panel li.advgb-tab.advgb-tab-active {background-color:#5954d6 !important;color:#fff !important;}#advgb-tabs-fbe96c76-3930-4500-9705-3a7bfa4ddbea .advgb-tab-body-header.header-active, .advgb-tabs-fbe96c76-3930-4500-9705-3a7bfa4ddbea .advgb-tab-body-header.header-active{background-color:#5954d6 !important;color:#fff !important;}.advgbbtn-c3a601f6-031b-4e25-9a86-d6a46a144790{font-size:18px;color:#fff !important;background-color:#ef8d21 !important;margin:0px 0px 0px 0px !important;padding:10px 30px 10px 30px;border-width:1px !important;border-style:none;border-radius:0px !important;}.advgbbtn-c3a601f6-031b-4e25-9a86-d6a46a144790:hover{box-shadow:1px 1px 12px 0px #ccc;opacity:1;transition:all 0.2s ease;}.advgbbtn-c3a601f6-031b-4e25-9a86-d6a46a144790 > i {display: none !important;}.advgbbtn-44713567-f8c8-411b-bb83-91e4524595ca{font-size:18px;color:#fff !important;background-color:#ef8d21 !important;margin:0px 0px 0px 0px !important;padding:10px 30px 10px 30px;border-width:1px !important;border-style:none;border-radius:0px !important;}.advgbbtn-44713567-f8c8-411b-bb83-91e4524595ca:hover{box-shadow:1px 1px 12px 0px #ccc;opacity:1;transition:all 0.2s ease;}.advgbbtn-44713567-f8c8-411b-bb83-91e4524595ca > i {display: none !important;}<\/style>","protected":false},"excerpt":{"rendered":"<p>Overview The AIMS-Cameroon Research Centre regularly hosts workshops and conferences in Mathematical Sciences and particularly in areas related to our research foci. The broad theme of the Research Centre is Fundamental Sciences and Mathematical Modelling in a multidisciplinary context, with a special emphasis on Climate Change, Data Analysis and Computation. Colloquiums We usually meet (with<\/p>","protected":false},"author":1,"featured_media":0,"parent":0,"menu_order":0,"comment_status":"closed","ping_status":"closed","template":"","meta":{"advgb_blocks_editor_width":"","advgb_blocks_columns_visual_guide":""},"acf":[],"coauthors":[],"author_meta":{"author_link":"https:\/\/aims-cameroon.org\/fr\/author\/chris\/","display_name":"chris"},"relative_dates":{"created":"Publi\u00e9 6 ans il y a","modified":"Mis \u00e0 jour 3 ans il y a"},"absolute_dates":{"created":"Publi\u00e9 le septembre 23, 2020","modified":"Mise \u00e0 jour le novembre 29, 2022"},"absolute_dates_time":{"created":"Publi\u00e9 le septembre 23, 2020 6:15  ","modified":"Mise \u00e0 jour le novembre 29, 2022 4:05  "},"featured_img_caption":"","featured_img":false,"series_order":"","_links":{"self":[{"href":"https:\/\/aims-cameroon.org\/fr\/wp-json\/wp\/v2\/pages\/574"}],"collection":[{"href":"https:\/\/aims-cameroon.org\/fr\/wp-json\/wp\/v2\/pages"}],"about":[{"href":"https:\/\/aims-cameroon.org\/fr\/wp-json\/wp\/v2\/types\/page"}],"author":[{"embeddable":true,"href":"https:\/\/aims-cameroon.org\/fr\/wp-json\/wp\/v2\/users\/1"}],"replies":[{"embeddable":true,"href":"https:\/\/aims-cameroon.org\/fr\/wp-json\/wp\/v2\/comments?post=574"}],"version-history":[{"count":37,"href":"https:\/\/aims-cameroon.org\/fr\/wp-json\/wp\/v2\/pages\/574\/revisions"}],"predecessor-version":[{"id":8746,"href":"https:\/\/aims-cameroon.org\/fr\/wp-json\/wp\/v2\/pages\/574\/revisions\/8746"}],"wp:attachment":[{"href":"https:\/\/aims-cameroon.org\/fr\/wp-json\/wp\/v2\/media?parent=574"}],"curies":[{"name":"wp","href":"https:\/\/api.w.org\/{rel}","templated":true}]}}