{"id":6432,"date":"2023-02-14T08:07:27","date_gmt":"2023-02-14T08:07:27","guid":{"rendered":"https:\/\/aims-cameroon.org\/?page_id=6432"},"modified":"2023-02-14T08:07:28","modified_gmt":"2023-02-14T08:07:28","slug":"2022-2023-academic-year","status":"publish","type":"page","link":"https:\/\/aims-cameroon.org\/fr\/2022-2023-academic-year\/","title":{"rendered":"Ann\u00e9e acad\u00e9mique 2022\/2023"},"content":{"rendered":"","protected":false},"excerpt":{"rendered":"","protected":false},"author":20,"featured_media":0,"parent":0,"menu_order":0,"comment_status":"closed","ping_status":"closed","template":"","meta":{"advgb_blocks_editor_width":"","advgb_blocks_columns_visual_guide":""},"acf":[],"coauthors":[],"author_meta":{"author_link":"https:\/\/aims-cameroon.org\/fr\/author\/nathalie\/","display_name":"nathalie"},"relative_dates":{"created":"Publi\u00e9 3 ans il y a","modified":"Mis \u00e0 jour 3 ans il y a"},"absolute_dates":{"created":"Publi\u00e9 le f\u00e9vrier 14, 2023","modified":"Mise \u00e0 jour le f\u00e9vrier 14, 2023"},"absolute_dates_time":{"created":"Publi\u00e9 le f\u00e9vrier 14, 2023 8:07  ","modified":"Mise \u00e0 jour le f\u00e9vrier 14, 2023 8:07  "},"featured_img_caption":"","featured_img":false,"series_order":"","_links":{"self":[{"href":"https:\/\/aims-cameroon.org\/fr\/wp-json\/wp\/v2\/pages\/6432"}],"collection":[{"href":"https:\/\/aims-cameroon.org\/fr\/wp-json\/wp\/v2\/pages"}],"about":[{"href":"https:\/\/aims-cameroon.org\/fr\/wp-json\/wp\/v2\/types\/page"}],"author":[{"embeddable":true,"href":"https:\/\/aims-cameroon.org\/fr\/wp-json\/wp\/v2\/users\/20"}],"replies":[{"embeddable":true,"href":"https:\/\/aims-cameroon.org\/fr\/wp-json\/wp\/v2\/comments?post=6432"}],"version-history":[{"count":1,"href":"https:\/\/aims-cameroon.org\/fr\/wp-json\/wp\/v2\/pages\/6432\/revisions"}],"predecessor-version":[{"id":6433,"href":"https:\/\/aims-cameroon.org\/fr\/wp-json\/wp\/v2\/pages\/6432\/revisions\/6433"}],"wp:attachment":[{"href":"https:\/\/aims-cameroon.org\/fr\/wp-json\/wp\/v2\/media?parent=6432"}],"curies":[{"name":"wp","href":"https:\/\/api.w.org\/{rel}","templated":true}]}}