{"id":6437,"date":"2023-02-14T08:51:47","date_gmt":"2023-02-14T08:51:47","guid":{"rendered":"https:\/\/aims-cameroon.org\/?page_id=6437"},"modified":"2023-02-14T15:13:06","modified_gmt":"2023-02-14T15:13:06","slug":"meet-the-tutors-2022-2023","status":"publish","type":"page","link":"https:\/\/aims-cameroon.org\/fr\/meet-the-tutors-2022-2023\/","title":{"rendered":"Meet the tutors 2022\/2023"},"content":{"rendered":"<figure class=\"is-layout-flex wp-block-gallery-1 wp-block-gallery columns-1 is-cropped\"><ul class=\"blocks-gallery-grid\"><li class=\"blocks-gallery-item\"><figure><img decoding=\"async\" loading=\"lazy\" width=\"1024\" height=\"780\" src=\"https:\/\/aims-cameroon.org\/wp-content\/uploads\/sites\/6\/2023\/02\/tutors2223-1024x780.png\" alt=\"\" data-id=\"6460\" data-full-url=\"https:\/\/aims-cameroon.org\/wp-content\/uploads\/sites\/6\/2023\/02\/tutors2223.png\" data-link=\"https:\/\/aims-cameroon.org\/meet-the-tutors-2022-2023\/tutors2223\/\" class=\"wp-image-6460\" srcset=\"https:\/\/aims-cameroon.org\/wp-content\/uploads\/sites\/6\/2023\/02\/tutors2223-1024x780.png 1024w, https:\/\/aims-cameroon.org\/wp-content\/uploads\/sites\/6\/2023\/02\/tutors2223-300x229.png 300w, https:\/\/aims-cameroon.org\/wp-content\/uploads\/sites\/6\/2023\/02\/tutors2223-768x585.png 768w, https:\/\/aims-cameroon.org\/wp-content\/uploads\/sites\/6\/2023\/02\/tutors2223-1536x1171.png 1536w, https:\/\/aims-cameroon.org\/wp-content\/uploads\/sites\/6\/2023\/02\/tutors2223-2048x1561.png 2048w, https:\/\/aims-cameroon.org\/wp-content\/uploads\/sites\/6\/2023\/02\/tutors2223-16x12.png 16w\" sizes=\"(max-width: 1024px) 100vw, 1024px\" \/><\/figure><\/li><\/ul><\/figure>","protected":false},"excerpt":{"rendered":"","protected":false},"author":20,"featured_media":0,"parent":0,"menu_order":0,"comment_status":"closed","ping_status":"closed","template":"","meta":{"advgb_blocks_editor_width":"","advgb_blocks_columns_visual_guide":""},"acf":[],"coauthors":[],"author_meta":{"author_link":"https:\/\/aims-cameroon.org\/fr\/author\/nathalie\/","display_name":"nathalie"},"relative_dates":{"created":"Publi\u00e9 3 ans il y a","modified":"Mis \u00e0 jour 3 ans il y a"},"absolute_dates":{"created":"Publi\u00e9 le f\u00e9vrier 14, 2023","modified":"Mise \u00e0 jour le f\u00e9vrier 14, 2023"},"absolute_dates_time":{"created":"Publi\u00e9 le f\u00e9vrier 14, 2023 8:51  ","modified":"Mise \u00e0 jour le f\u00e9vrier 14, 2023 3:13  "},"featured_img_caption":"","featured_img":false,"series_order":"","_links":{"self":[{"href":"https:\/\/aims-cameroon.org\/fr\/wp-json\/wp\/v2\/pages\/6437"}],"collection":[{"href":"https:\/\/aims-cameroon.org\/fr\/wp-json\/wp\/v2\/pages"}],"about":[{"href":"https:\/\/aims-cameroon.org\/fr\/wp-json\/wp\/v2\/types\/page"}],"author":[{"embeddable":true,"href":"https:\/\/aims-cameroon.org\/fr\/wp-json\/wp\/v2\/users\/20"}],"replies":[{"embeddable":true,"href":"https:\/\/aims-cameroon.org\/fr\/wp-json\/wp\/v2\/comments?post=6437"}],"version-history":[{"count":3,"href":"https:\/\/aims-cameroon.org\/fr\/wp-json\/wp\/v2\/pages\/6437\/revisions"}],"predecessor-version":[{"id":6462,"href":"https:\/\/aims-cameroon.org\/fr\/wp-json\/wp\/v2\/pages\/6437\/revisions\/6462"}],"wp:attachment":[{"href":"https:\/\/aims-cameroon.org\/fr\/wp-json\/wp\/v2\/media?parent=6437"}],"curies":[{"name":"wp","href":"https:\/\/api.w.org\/{rel}","templated":true}]}}