{"id":6439,"date":"2023-02-14T08:47:30","date_gmt":"2023-02-14T08:47:30","guid":{"rendered":"https:\/\/aims-cameroon.org\/?page_id=6439"},"modified":"2023-02-14T08:55:30","modified_gmt":"2023-02-14T08:55:30","slug":"meet-the-students-2022-2023","status":"publish","type":"page","link":"https:\/\/aims-cameroon.org\/fr\/meet-the-students-2022-2023\/","title":{"rendered":"Pr\u00e9sentation des \u00e9tudiants 2022\/2023"},"content":{"rendered":"<figure class=\"wp-block-image size-large\"><img decoding=\"async\" loading=\"lazy\" width=\"809\" height=\"1024\" src=\"https:\/\/aims-cameroon.org\/wp-content\/uploads\/sites\/6\/2023\/02\/students-2223-01-809x1024.png\" alt=\"\" class=\"wp-image-6442\" srcset=\"https:\/\/aims-cameroon.org\/wp-content\/uploads\/sites\/6\/2023\/02\/students-2223-01-809x1024.png 809w, https:\/\/aims-cameroon.org\/wp-content\/uploads\/sites\/6\/2023\/02\/students-2223-01-237x300.png 237w, https:\/\/aims-cameroon.org\/wp-content\/uploads\/sites\/6\/2023\/02\/students-2223-01-768x972.png 768w, https:\/\/aims-cameroon.org\/wp-content\/uploads\/sites\/6\/2023\/02\/students-2223-01-1214x1536.png 1214w, https:\/\/aims-cameroon.org\/wp-content\/uploads\/sites\/6\/2023\/02\/students-2223-01-1618x2048.png 1618w, https:\/\/aims-cameroon.org\/wp-content\/uploads\/sites\/6\/2023\/02\/students-2223-01-9x12.png 9w\" sizes=\"(max-width: 809px) 100vw, 809px\" \/><\/figure>\n\n\n\n<figure class=\"wp-block-image size-large\"><img decoding=\"async\" loading=\"lazy\" width=\"809\" height=\"1024\" src=\"https:\/\/aims-cameroon.org\/wp-content\/uploads\/sites\/6\/2023\/02\/students-2223-02-809x1024.png\" alt=\"\" class=\"wp-image-6444\" srcset=\"https:\/\/aims-cameroon.org\/wp-content\/uploads\/sites\/6\/2023\/02\/students-2223-02-809x1024.png 809w, https:\/\/aims-cameroon.org\/wp-content\/uploads\/sites\/6\/2023\/02\/students-2223-02-237x300.png 237w, https:\/\/aims-cameroon.org\/wp-content\/uploads\/sites\/6\/2023\/02\/students-2223-02-768x972.png 768w, https:\/\/aims-cameroon.org\/wp-content\/uploads\/sites\/6\/2023\/02\/students-2223-02-1214x1536.png 1214w, https:\/\/aims-cameroon.org\/wp-content\/uploads\/sites\/6\/2023\/02\/students-2223-02-1618x2048.png 1618w, https:\/\/aims-cameroon.org\/wp-content\/uploads\/sites\/6\/2023\/02\/students-2223-02-9x12.png 9w\" sizes=\"(max-width: 809px) 100vw, 809px\" \/><\/figure>\n\n\n\n<figure class=\"wp-block-image size-large\"><img decoding=\"async\" loading=\"lazy\" width=\"809\" height=\"1024\" src=\"https:\/\/aims-cameroon.org\/wp-content\/uploads\/sites\/6\/2023\/02\/students-2223-03-809x1024.png\" alt=\"\" class=\"wp-image-6446\" srcset=\"https:\/\/aims-cameroon.org\/wp-content\/uploads\/sites\/6\/2023\/02\/students-2223-03-809x1024.png 809w, https:\/\/aims-cameroon.org\/wp-content\/uploads\/sites\/6\/2023\/02\/students-2223-03-237x300.png 237w, https:\/\/aims-cameroon.org\/wp-content\/uploads\/sites\/6\/2023\/02\/students-2223-03-768x972.png 768w, https:\/\/aims-cameroon.org\/wp-content\/uploads\/sites\/6\/2023\/02\/students-2223-03-1214x1536.png 1214w, https:\/\/aims-cameroon.org\/wp-content\/uploads\/sites\/6\/2023\/02\/students-2223-03-1618x2048.png 1618w, https:\/\/aims-cameroon.org\/wp-content\/uploads\/sites\/6\/2023\/02\/students-2223-03-9x12.png 9w\" sizes=\"(max-width: 809px) 100vw, 809px\" \/><\/figure>\n\n\n\n<figure class=\"wp-block-image\"><img alt=\"\" \/><\/figure>","protected":false},"excerpt":{"rendered":"","protected":false},"author":20,"featured_media":0,"parent":0,"menu_order":0,"comment_status":"closed","ping_status":"closed","template":"","meta":{"advgb_blocks_editor_width":"","advgb_blocks_columns_visual_guide":""},"acf":[],"coauthors":[],"author_meta":{"author_link":"https:\/\/aims-cameroon.org\/fr\/author\/nathalie\/","display_name":"nathalie"},"relative_dates":{"created":"Publi\u00e9 3 ans il y a","modified":"Mis \u00e0 jour 3 ans il y a"},"absolute_dates":{"created":"Publi\u00e9 le f\u00e9vrier 14, 2023","modified":"Mise \u00e0 jour le f\u00e9vrier 14, 2023"},"absolute_dates_time":{"created":"Publi\u00e9 le f\u00e9vrier 14, 2023 8:47  ","modified":"Mise \u00e0 jour le f\u00e9vrier 14, 2023 8:55  "},"featured_img_caption":"","featured_img":false,"series_order":"","_links":{"self":[{"href":"https:\/\/aims-cameroon.org\/fr\/wp-json\/wp\/v2\/pages\/6439"}],"collection":[{"href":"https:\/\/aims-cameroon.org\/fr\/wp-json\/wp\/v2\/pages"}],"about":[{"href":"https:\/\/aims-cameroon.org\/fr\/wp-json\/wp\/v2\/types\/page"}],"author":[{"embeddable":true,"href":"https:\/\/aims-cameroon.org\/fr\/wp-json\/wp\/v2\/users\/20"}],"replies":[{"embeddable":true,"href":"https:\/\/aims-cameroon.org\/fr\/wp-json\/wp\/v2\/comments?post=6439"}],"version-history":[{"count":3,"href":"https:\/\/aims-cameroon.org\/fr\/wp-json\/wp\/v2\/pages\/6439\/revisions"}],"predecessor-version":[{"id":6448,"href":"https:\/\/aims-cameroon.org\/fr\/wp-json\/wp\/v2\/pages\/6439\/revisions\/6448"}],"wp:attachment":[{"href":"https:\/\/aims-cameroon.org\/fr\/wp-json\/wp\/v2\/media?parent=6439"}],"curies":[{"name":"wp","href":"https:\/\/api.w.org\/{rel}","templated":true}]}}