{"id":690,"date":"2020-09-16T22:16:05","date_gmt":"2020-09-16T22:16:05","guid":{"rendered":"https:\/\/aims-cameroon.org\/our-global-secretariat-2\/"},"modified":"2021-07-19T09:04:37","modified_gmt":"2021-07-19T09:04:37","slug":"our-global-secretariat-2","status":"publish","type":"page","link":"https:\/\/aims-cameroon.org\/fr\/our-global-secretariat-2\/","title":{"rendered":"Notre Secr\u00e9tariat mondial"},"content":{"rendered":"<div class=\"wp-block-cover has-background-dim-30 has-background-dim has-custom-content-position is-position-bottom-left pad-5\" style=\"background-image:url(https:\/\/aims-cameroon.org\/wp-content\/uploads\/sites\/6\/2020\/09\/Amended-Layouts_Page_56_Image_0001.jpg);background-color:#161228;background-position:51% 19%;min-height:600px\"><div class=\"wp-block-cover__inner-container\">\n<h1>AIMS Secretariat<\/h1>\n\n\n\n<p><\/p>\n<\/div><\/div>\n\n\n\n<div style=\"height:45px\" aria-hidden=\"true\" class=\"wp-block-spacer\"><\/div>\n\n\n\n<div class=\"wp-block-advgb-columns advgb-columns-wrapper\" id=\"advgb-cols-7cc2d509-b2af-4a38-a62d-0f29cd212941\"><div class=\"advgb-columns-container\"><div class=\"advgb-columns advgb-columns-row advgb-is-mobile advgb-columns-2 layout-12-12 mbl-layout-stacked vgutter-10\">\n<div class=\"wp-block-advgb-column advgb-column advgb-is-half-tablet advgb-is-full-mobile\" id=\"advgb-col-f65ac0ee-bf7d-474a-8e3b-4904b752b9a9\"><div class=\"advgb-column-inner\" style=\"border-style:none;border-width:1px\">\n<div class=\"wp-block-cover\" style=\"background-image:url(https:\/\/aims-cameroon.org\/wp-content\/uploads\/sites\/6\/2020\/09\/Amended-Layouts_Page_56_Image_0002.jpg)\"><div class=\"wp-block-cover__inner-container\">\n<p class=\"has-text-align-center has-large-font-size\"><\/p>\n<\/div><\/div>\n<\/div><\/div>\n\n\n\n<div class=\"wp-block-advgb-column advgb-column advgb-is-half-tablet advgb-is-full-mobile\" id=\"advgb-col-5796e6f3-1238-4958-aec1-5bc233430039\"><div class=\"advgb-column-inner\" style=\"border-style:none;border-width:1px\">\n<div class=\"is-layout-flow wp-block-group pad-5\"><div class=\"wp-block-group__inner-container\">\n<h2>AIMS Secretariat<\/h2>\n\n\n\n<p>Lorem ipsum dolor sit amet, consectetur adipiscing elit, sed do eiusmod tempor incididunt ut labore et dolore magna aliqua. Ut enim ad minim veniam, quis nostrud exercice ullamco laboris nisi ut aliquip ex ea commodo cons\u00e9quat. Duis aute irure dolor in reprehenderit in voluptate velit esse cillum dolore eu fugiat nulla pariatur. Excepteur sint occaecat cupidatat non proident, sunt in culpa qui officia deserunt mollit anim id est laborum.<\/p>\n\n\n\n<div class=\"is-layout-flex wp-block-buttons\">\n<div class=\"wp-block-button bg-alt\"><a class=\"wp-block-button__link no-border-radius\" href=\"https:\/\/nexteinstein.org\" target=\"_blank\" rel=\"noreferrer noopener\">Visit AIMS Secretariat<\/a><\/div>\n<\/div>\n<\/div><\/div>\n<\/div><\/div>\n<\/div><\/div><\/div>\n<style class=\"advgb-styles-renderer\">#advgb-cols-7cc2d509-b2af-4a38-a62d-0f29cd212941{}@media screen and (max-width: 1023px) {#advgb-cols-7cc2d509-b2af-4a38-a62d-0f29cd212941{}}@media screen and (max-width: 767px) {#advgb-cols-7cc2d509-b2af-4a38-a62d-0f29cd212941{}}#advgb-col-f65ac0ee-bf7d-474a-8e3b-4904b752b9a9>.advgb-column-inner{}@media screen and (max-width: 1023px) {#advgb-col-f65ac0ee-bf7d-474a-8e3b-4904b752b9a9>.advgb-column-inner{}}@media screen and (max-width: 767px) {#advgb-col-f65ac0ee-bf7d-474a-8e3b-4904b752b9a9>.advgb-column-inner{}}#advgb-col-5796e6f3-1238-4958-aec1-5bc233430039>.advgb-column-inner{}@media screen and (max-width: 1023px) {#advgb-col-5796e6f3-1238-4958-aec1-5bc233430039>.advgb-column-inner{}}@media screen and (max-width: 767px) {#advgb-col-5796e6f3-1238-4958-aec1-5bc233430039>.advgb-column-inner{}}<\/style>","protected":false},"excerpt":{"rendered":"","protected":false},"author":1,"featured_media":0,"parent":0,"menu_order":0,"comment_status":"closed","ping_status":"closed","template":"","meta":{"advgb_blocks_editor_width":"","advgb_blocks_columns_visual_guide":""},"acf":[],"coauthors":[],"author_meta":{"author_link":"https:\/\/aims-cameroon.org\/fr\/author\/chris\/","display_name":"chris"},"relative_dates":{"created":"Publi\u00e9 6 ans il y a","modified":"Mis \u00e0 jour 5 ans il y a"},"absolute_dates":{"created":"Publi\u00e9 le septembre 16, 2020","modified":"Mise \u00e0 jour le juillet 19, 2021"},"absolute_dates_time":{"created":"Publi\u00e9 le septembre 16, 2020 10:16  ","modified":"Mise \u00e0 jour le juillet 19, 2021 9:04  "},"featured_img_caption":"","featured_img":false,"series_order":"","_links":{"self":[{"href":"https:\/\/aims-cameroon.org\/fr\/wp-json\/wp\/v2\/pages\/690"}],"collection":[{"href":"https:\/\/aims-cameroon.org\/fr\/wp-json\/wp\/v2\/pages"}],"about":[{"href":"https:\/\/aims-cameroon.org\/fr\/wp-json\/wp\/v2\/types\/page"}],"author":[{"embeddable":true,"href":"https:\/\/aims-cameroon.org\/fr\/wp-json\/wp\/v2\/users\/1"}],"replies":[{"embeddable":true,"href":"https:\/\/aims-cameroon.org\/fr\/wp-json\/wp\/v2\/comments?post=690"}],"version-history":[{"count":3,"href":"https:\/\/aims-cameroon.org\/fr\/wp-json\/wp\/v2\/pages\/690\/revisions"}],"predecessor-version":[{"id":1258,"href":"https:\/\/aims-cameroon.org\/fr\/wp-json\/wp\/v2\/pages\/690\/revisions\/1258"}],"wp:attachment":[{"href":"https:\/\/aims-cameroon.org\/fr\/wp-json\/wp\/v2\/media?parent=690"}],"curies":[{"name":"wp","href":"https:\/\/api.w.org\/{rel}","templated":true}]}}