{"id":694,"date":"2020-09-16T22:24:48","date_gmt":"2020-09-16T22:24:48","guid":{"rendered":"https:\/\/aims-cameroon.org\/our-centres-2\/"},"modified":"2021-07-19T09:04:37","modified_gmt":"2021-07-19T09:04:37","slug":"our-centres-2","status":"publish","type":"page","link":"https:\/\/aims-cameroon.org\/fr\/our-centres-2\/","title":{"rendered":"Nos centres"},"content":{"rendered":"<div class=\"wp-block-cover has-background-dim-30 has-background-dim has-custom-content-position is-position-bottom-left pad-5\" style=\"background-image:url(https:\/\/aims-cameroon.org\/wp-content\/uploads\/sites\/6\/2020\/09\/Amended-Layouts_Page_57_Image_0001-1.jpg);background-color:#161228;background-position:60% 30%;min-height:600px\"><div class=\"wp-block-cover__inner-container\">\n<h1>Nos centres<\/h1>\n<\/div><\/div>\n\n\n\n<div class=\"is-layout-flow wp-block-group pad-5\"><div class=\"wp-block-group__inner-container\">\n<div class=\"wp-block-advgb-columns advgb-columns-wrapper\" id=\"advgb-cols-4ae543fe-c263-47ab-8c73-bf2a86a88069\"><div class=\"advgb-columns-container\"><div class=\"advgb-columns advgb-columns-row advgb-is-mobile advgb-columns-2 layout-12-12 mbl-layout-stacked vgutter-10\">\n<div class=\"wp-block-advgb-column advgb-column advgb-is-half-tablet advgb-is-full-mobile\" id=\"advgb-col-1072561d-bb0b-45dc-bc21-182d4a856176\"><div class=\"advgb-column-inner\" style=\"border-style:none;border-width:1px\">\n<div class=\"wp-block-advgb-columns advgb-columns-wrapper\" id=\"advgb-cols-1286d95e-3903-431c-b158-4d5fed32d214\"><div class=\"advgb-columns-container\"><div class=\"advgb-columns advgb-columns-row advgb-is-mobile advgb-columns-2 layout-13-23 mbl-layout-stacked vgutter-10\">\n<div class=\"wp-block-advgb-column advgb-column advgb-is-one-third-tablet advgb-is-full-mobile\" id=\"advgb-col-45cc22ea-9764-4d6c-8884-144ce467368d\"><div class=\"advgb-column-inner\" style=\"border-style:none;border-width:1px\">\n<div class=\"wp-block-cover\" style=\"background-image:url(https:\/\/aims-cameroon.org\/wp-content\/uploads\/sites\/6\/2020\/09\/Amended-Layouts_Page_56_Image_0002-1.jpg);min-height:300px\"><div class=\"wp-block-cover__inner-container\">\n<p class=\"has-text-align-center has-large-font-size\"><\/p>\n<\/div><\/div>\n<\/div><\/div>\n\n\n\n<div class=\"wp-block-advgb-column advgb-column advgb-is-two-thirds-tablet advgb-is-full-mobile\" id=\"advgb-col-6fa70ee1-4457-44d7-9ec5-89844615835e\"><div class=\"advgb-column-inner\" style=\"border-style:none;border-width:1px\">\n<div class=\"is-layout-flow wp-block-group pad-5\"><div class=\"wp-block-group__inner-container\">\n<h2>Cameroun<\/h2>\n\n\n\n<p>The AIMS Centre of Excellence in Cameroon is based in Limbe.<\/p>\n\n\n\n<div style=\"height:20px\" aria-hidden=\"true\" class=\"wp-block-spacer\"><\/div>\n\n\n\n<div class=\"is-layout-flex wp-block-buttons\">\n<div class=\"wp-block-button\"><a class=\"wp-block-button__link has-background no-border-radius\" style=\"background-color:#d82126\">Visit Centre<\/a><\/div>\n<\/div>\n<\/div><\/div>\n<\/div><\/div>\n<\/div><\/div><\/div>\n\n\n\n<div style=\"height:50px\" aria-hidden=\"true\" class=\"wp-block-spacer\"><\/div>\n\n\n\n<div class=\"wp-block-advgb-columns advgb-columns-wrapper\" id=\"advgb-cols-a69685cb-4c65-41e7-9ae5-69a0aac2133f\"><div class=\"advgb-columns-container\"><div class=\"advgb-columns advgb-columns-row advgb-is-mobile advgb-columns-2 layout-13-23 mbl-layout-stacked vgutter-10\">\n<div class=\"wp-block-advgb-column advgb-column advgb-is-one-third-tablet advgb-is-full-mobile\" id=\"advgb-col-6e626bd9-ef26-4f44-8b69-7e9ffff73a7b\"><div class=\"advgb-column-inner\" style=\"border-style:none;border-width:1px\">\n<div class=\"wp-block-cover\" style=\"background-image:url(https:\/\/centres.nexteinstein.org\/wp-content\/uploads\/2020\/09\/Amended-Layouts_Page_57_Image_0004-scaled.jpg);min-height:300px\"><div class=\"wp-block-cover__inner-container\">\n<p class=\"has-text-align-center has-large-font-size\"><\/p>\n<\/div><\/div>\n<\/div><\/div>\n\n\n\n<div class=\"wp-block-advgb-column advgb-column advgb-is-two-thirds-tablet advgb-is-full-mobile\" id=\"advgb-col-c7063ab3-1b3a-46e9-8c9b-4ea43b6a2b2e\"><div class=\"advgb-column-inner\" style=\"border-style:none;border-width:1px\">\n<div class=\"is-layout-flow wp-block-group pad-5\"><div class=\"wp-block-group__inner-container\">\n<h2>Ghana<\/h2>\n\n\n\n<p>The AIMS Centre of Excellence in Ghana is located at the scenic coastal town of Biriwa in the Central Region.<\/p>\n\n\n\n<div style=\"height:20px\" aria-hidden=\"true\" class=\"wp-block-spacer\"><\/div>\n\n\n\n<div class=\"is-layout-flex wp-block-buttons\">\n<div class=\"wp-block-button\"><a class=\"wp-block-button__link has-background no-border-radius\" style=\"background-color:#d82126\">Visit Centre<\/a><\/div>\n<\/div>\n<\/div><\/div>\n<\/div><\/div>\n<\/div><\/div><\/div>\n\n\n\n<div style=\"height:50px\" aria-hidden=\"true\" class=\"wp-block-spacer\"><\/div>\n\n\n\n<div class=\"wp-block-advgb-columns advgb-columns-wrapper\" id=\"advgb-cols-5d3ff773-b739-4f13-8155-6795ab12d776\"><div class=\"advgb-columns-container\"><div class=\"advgb-columns advgb-columns-row advgb-is-mobile advgb-columns-2 layout-13-23 mbl-layout-stacked vgutter-10\">\n<div class=\"wp-block-advgb-column advgb-column advgb-is-one-third-tablet advgb-is-full-mobile\" id=\"advgb-col-2e992f8a-d426-4c77-97e1-720c2a3d4326\"><div class=\"advgb-column-inner\" style=\"border-style:none;border-width:1px\">\n<div class=\"wp-block-cover\" style=\"background-image:url(https:\/\/centres.nexteinstein.org\/wp-content\/uploads\/2020\/09\/Amended-Layouts_Page_57_Image_0004-scaled.jpg);min-height:300px\"><div class=\"wp-block-cover__inner-container\">\n<p class=\"has-text-align-center has-large-font-size\"><\/p>\n<\/div><\/div>\n<\/div><\/div>\n\n\n\n<div class=\"wp-block-advgb-column advgb-column advgb-is-two-thirds-tablet advgb-is-full-mobile\" id=\"advgb-col-50a01945-c780-428e-936b-3917ddeb9d28\"><div class=\"advgb-column-inner\" style=\"border-style:none;border-width:1px\">\n<div class=\"is-layout-flow wp-block-group pad-5\"><div class=\"wp-block-group__inner-container\">\n<h2>AMMI<\/h2>\n\n\n\n<p>AMMI is a novel fully funded one-year intensive graduate program that provides brilliant young Africans with state-of-the-art training in machine learning and its applications.<\/p>\n\n\n\n<div style=\"height:20px\" aria-hidden=\"true\" class=\"wp-block-spacer\"><\/div>\n\n\n\n<div class=\"is-layout-flex wp-block-buttons\">\n<div class=\"wp-block-button\"><a class=\"wp-block-button__link has-background no-border-radius\" style=\"background-color:#d82126\">Visit Centre<\/a><\/div>\n<\/div>\n<\/div><\/div>\n<\/div><\/div>\n<\/div><\/div><\/div>\n<\/div><\/div>\n\n\n\n<div class=\"wp-block-advgb-column advgb-column advgb-is-half-tablet advgb-is-full-mobile\" id=\"advgb-col-eef5505c-e751-4a96-95cf-165255196a86\"><div class=\"advgb-column-inner\" style=\"border-style:none;border-width:1px\">\n<div class=\"wp-block-advgb-columns advgb-columns-wrapper\" id=\"advgb-cols-3b6d229d-0286-43ec-b20b-3fb8c20676b5\"><div class=\"advgb-columns-container\"><div class=\"advgb-columns advgb-columns-row advgb-is-mobile advgb-columns-2 layout-13-23 mbl-layout-stacked vgutter-10\">\n<div class=\"wp-block-advgb-column advgb-column advgb-is-one-third-tablet advgb-is-full-mobile\" id=\"advgb-col-08a3a87d-31b9-408a-ac87-2d70aaa43064\"><div class=\"advgb-column-inner\" style=\"border-style:none;border-width:1px\">\n<div class=\"wp-block-cover\" style=\"background-image:url(https:\/\/centres.nexteinstein.org\/wp-content\/uploads\/2020\/09\/Amended-Layouts_Page_57_Image_0003-scaled.jpg);min-height:300px\"><div class=\"wp-block-cover__inner-container\">\n<p class=\"has-text-align-center has-large-font-size\"><\/p>\n<\/div><\/div>\n<\/div><\/div>\n\n\n\n<div class=\"wp-block-advgb-column advgb-column advgb-is-two-thirds-tablet advgb-is-full-mobile\" id=\"advgb-col-d52f51fe-ba94-45b6-85c2-54d0713bb5d3\"><div class=\"advgb-column-inner\" style=\"border-style:none;border-width:1px\">\n<div class=\"is-layout-flow wp-block-group pad-5\"><div class=\"wp-block-group__inner-container\">\n<h2>Afrique du Sud<\/h2>\n\n\n\n<p>The AIMS Centre of Excellence in Cameroon islocated in Muizenberg, a small seaside suburb of Cape Town and an area of outstanding natural beauty.<\/p>\n\n\n\n<div style=\"height:20px\" aria-hidden=\"true\" class=\"wp-block-spacer\"><\/div>\n\n\n\n<div class=\"is-layout-flex wp-block-buttons\">\n<div class=\"wp-block-button\"><a class=\"wp-block-button__link has-background no-border-radius\" style=\"background-color:#d82126\">Visit Centre<\/a><\/div>\n<\/div>\n<\/div><\/div>\n<\/div><\/div>\n<\/div><\/div><\/div>\n\n\n\n<div style=\"height:50px\" aria-hidden=\"true\" class=\"wp-block-spacer\"><\/div>\n\n\n\n<div class=\"wp-block-advgb-columns advgb-columns-wrapper\" id=\"advgb-cols-f912ebf7-8639-476e-a641-af0d64cb2628\"><div class=\"advgb-columns-container\"><div class=\"advgb-columns advgb-columns-row advgb-is-mobile advgb-columns-2 layout-13-23 mbl-layout-stacked vgutter-10\">\n<div class=\"wp-block-advgb-column advgb-column advgb-is-one-third-tablet advgb-is-full-mobile\" id=\"advgb-col-9e374e8e-94b8-48df-a8a8-e6b5c6f81023\"><div class=\"advgb-column-inner\" style=\"border-style:none;border-width:1px\">\n<div class=\"wp-block-cover\" style=\"background-image:url(https:\/\/centres.nexteinstein.org\/wp-content\/uploads\/2020\/09\/Amended-Layouts_Page_57_Image_0003-scaled.jpg);min-height:300px\"><div class=\"wp-block-cover__inner-container\">\n<p class=\"has-text-align-center has-large-font-size\"><\/p>\n<\/div><\/div>\n<\/div><\/div>\n\n\n\n<div class=\"wp-block-advgb-column advgb-column advgb-is-two-thirds-tablet advgb-is-full-mobile\" id=\"advgb-col-d1bc1d1b-084c-45be-b18d-b411d5372272\"><div class=\"advgb-column-inner\" style=\"border-style:none;border-width:1px\">\n<div class=\"is-layout-flow wp-block-group pad-5\"><div class=\"wp-block-group__inner-container\">\n<h2>Rwanda<\/h2>\n\n\n\n<p>The AIMS Centre of Excellence in Cameroon is based in Kigali, Rwanda, a few kilometres from Kigali International Airport.<\/p>\n\n\n\n<div style=\"height:20px\" aria-hidden=\"true\" class=\"wp-block-spacer\"><\/div>\n\n\n\n<div class=\"is-layout-flex wp-block-buttons\">\n<div class=\"wp-block-button\"><a class=\"wp-block-button__link has-background no-border-radius\" style=\"background-color:#d82126\">Visit Centre<\/a><\/div>\n<\/div>\n<\/div><\/div>\n<\/div><\/div>\n<\/div><\/div><\/div>\n<\/div><\/div>\n<\/div><\/div><\/div>\n<\/div><\/div>\n<style class=\"advgb-styles-renderer\">#advgb-cols-4ae543fe-c263-47ab-8c73-bf2a86a88069{}@media screen and (max-width: 1023px) {#advgb-cols-4ae543fe-c263-47ab-8c73-bf2a86a88069{}}@media screen and (max-width: 767px) {#advgb-cols-4ae543fe-c263-47ab-8c73-bf2a86a88069{}}#advgb-col-1072561d-bb0b-45dc-bc21-182d4a856176>.advgb-column-inner{}@media screen and (max-width: 1023px) {#advgb-col-1072561d-bb0b-45dc-bc21-182d4a856176>.advgb-column-inner{}}@media screen and (max-width: 767px) {#advgb-col-1072561d-bb0b-45dc-bc21-182d4a856176>.advgb-column-inner{}}#advgb-cols-1286d95e-3903-431c-b158-4d5fed32d214{}@media screen and (max-width: 1023px) {#advgb-cols-1286d95e-3903-431c-b158-4d5fed32d214{}}@media screen and (max-width: 767px) {#advgb-cols-1286d95e-3903-431c-b158-4d5fed32d214{}}#advgb-col-45cc22ea-9764-4d6c-8884-144ce467368d>.advgb-column-inner{}@media screen and (max-width: 1023px) {#advgb-col-45cc22ea-9764-4d6c-8884-144ce467368d>.advgb-column-inner{}}@media screen and (max-width: 767px) {#advgb-col-45cc22ea-9764-4d6c-8884-144ce467368d>.advgb-column-inner{}}#advgb-col-6fa70ee1-4457-44d7-9ec5-89844615835e>.advgb-column-inner{}@media screen and (max-width: 1023px) {#advgb-col-6fa70ee1-4457-44d7-9ec5-89844615835e>.advgb-column-inner{}}@media screen and (max-width: 767px) {#advgb-col-6fa70ee1-4457-44d7-9ec5-89844615835e>.advgb-column-inner{}}#advgb-cols-a69685cb-4c65-41e7-9ae5-69a0aac2133f{}@media screen and (max-width: 1023px) {#advgb-cols-a69685cb-4c65-41e7-9ae5-69a0aac2133f{}}@media screen and (max-width: 767px) {#advgb-cols-a69685cb-4c65-41e7-9ae5-69a0aac2133f{}}#advgb-col-6e626bd9-ef26-4f44-8b69-7e9ffff73a7b>.advgb-column-inner{}@media screen and (max-width: 1023px) {#advgb-col-6e626bd9-ef26-4f44-8b69-7e9ffff73a7b>.advgb-column-inner{}}@media screen and (max-width: 767px) {#advgb-col-6e626bd9-ef26-4f44-8b69-7e9ffff73a7b>.advgb-column-inner{}}#advgb-col-c7063ab3-1b3a-46e9-8c9b-4ea43b6a2b2e>.advgb-column-inner{}@media screen and (max-width: 1023px) {#advgb-col-c7063ab3-1b3a-46e9-8c9b-4ea43b6a2b2e>.advgb-column-inner{}}@media screen and (max-width: 767px) {#advgb-col-c7063ab3-1b3a-46e9-8c9b-4ea43b6a2b2e>.advgb-column-inner{}}#advgb-cols-5d3ff773-b739-4f13-8155-6795ab12d776{}@media screen and (max-width: 1023px) {#advgb-cols-5d3ff773-b739-4f13-8155-6795ab12d776{}}@media screen and (max-width: 767px) {#advgb-cols-5d3ff773-b739-4f13-8155-6795ab12d776{}}#advgb-col-2e992f8a-d426-4c77-97e1-720c2a3d4326>.advgb-column-inner{}@media screen and (max-width: 1023px) {#advgb-col-2e992f8a-d426-4c77-97e1-720c2a3d4326>.advgb-column-inner{}}@media screen and (max-width: 767px) {#advgb-col-2e992f8a-d426-4c77-97e1-720c2a3d4326>.advgb-column-inner{}}#advgb-col-50a01945-c780-428e-936b-3917ddeb9d28>.advgb-column-inner{}@media screen and (max-width: 1023px) {#advgb-col-50a01945-c780-428e-936b-3917ddeb9d28>.advgb-column-inner{}}@media screen and (max-width: 767px) {#advgb-col-50a01945-c780-428e-936b-3917ddeb9d28>.advgb-column-inner{}}#advgb-col-eef5505c-e751-4a96-95cf-165255196a86>.advgb-column-inner{}@media screen and (max-width: 1023px) {#advgb-col-eef5505c-e751-4a96-95cf-165255196a86>.advgb-column-inner{}}@media screen and (max-width: 767px) {#advgb-col-eef5505c-e751-4a96-95cf-165255196a86>.advgb-column-inner{}}#advgb-cols-3b6d229d-0286-43ec-b20b-3fb8c20676b5{}@media screen and (max-width: 1023px) {#advgb-cols-3b6d229d-0286-43ec-b20b-3fb8c20676b5{}}@media screen and (max-width: 767px) {#advgb-cols-3b6d229d-0286-43ec-b20b-3fb8c20676b5{}}#advgb-col-08a3a87d-31b9-408a-ac87-2d70aaa43064>.advgb-column-inner{}@media screen and (max-width: 1023px) {#advgb-col-08a3a87d-31b9-408a-ac87-2d70aaa43064>.advgb-column-inner{}}@media screen and (max-width: 767px) {#advgb-col-08a3a87d-31b9-408a-ac87-2d70aaa43064>.advgb-column-inner{}}#advgb-col-d52f51fe-ba94-45b6-85c2-54d0713bb5d3>.advgb-column-inner{}@media screen and (max-width: 1023px) {#advgb-col-d52f51fe-ba94-45b6-85c2-54d0713bb5d3>.advgb-column-inner{}}@media screen and (max-width: 767px) {#advgb-col-d52f51fe-ba94-45b6-85c2-54d0713bb5d3>.advgb-column-inner{}}#advgb-cols-f912ebf7-8639-476e-a641-af0d64cb2628{}@media screen and (max-width: 1023px) {#advgb-cols-f912ebf7-8639-476e-a641-af0d64cb2628{}}@media screen and (max-width: 767px) {#advgb-cols-f912ebf7-8639-476e-a641-af0d64cb2628{}}#advgb-col-9e374e8e-94b8-48df-a8a8-e6b5c6f81023>.advgb-column-inner{}@media screen and (max-width: 1023px) {#advgb-col-9e374e8e-94b8-48df-a8a8-e6b5c6f81023>.advgb-column-inner{}}@media screen and (max-width: 767px) {#advgb-col-9e374e8e-94b8-48df-a8a8-e6b5c6f81023>.advgb-column-inner{}}#advgb-col-d1bc1d1b-084c-45be-b18d-b411d5372272>.advgb-column-inner{}@media screen and (max-width: 1023px) {#advgb-col-d1bc1d1b-084c-45be-b18d-b411d5372272>.advgb-column-inner{}}@media screen and (max-width: 767px) {#advgb-col-d1bc1d1b-084c-45be-b18d-b411d5372272>.advgb-column-inner{}}<\/style>","protected":false},"excerpt":{"rendered":"","protected":false},"author":1,"featured_media":0,"parent":0,"menu_order":0,"comment_status":"closed","ping_status":"closed","template":"","meta":{"advgb_blocks_editor_width":"","advgb_blocks_columns_visual_guide":""},"acf":[],"coauthors":[],"author_meta":{"author_link":"https:\/\/aims-cameroon.org\/fr\/author\/chris\/","display_name":"chris"},"relative_dates":{"created":"Publi\u00e9 6 ans il y a","modified":"Mis \u00e0 jour 5 ans il y a"},"absolute_dates":{"created":"Publi\u00e9 le septembre 16, 2020","modified":"Mise \u00e0 jour le juillet 19, 2021"},"absolute_dates_time":{"created":"Publi\u00e9 le septembre 16, 2020 10:24  ","modified":"Mise \u00e0 jour le juillet 19, 2021 9:04  "},"featured_img_caption":"","featured_img":false,"series_order":"","_links":{"self":[{"href":"https:\/\/aims-cameroon.org\/fr\/wp-json\/wp\/v2\/pages\/694"}],"collection":[{"href":"https:\/\/aims-cameroon.org\/fr\/wp-json\/wp\/v2\/pages"}],"about":[{"href":"https:\/\/aims-cameroon.org\/fr\/wp-json\/wp\/v2\/types\/page"}],"author":[{"embeddable":true,"href":"https:\/\/aims-cameroon.org\/fr\/wp-json\/wp\/v2\/users\/1"}],"replies":[{"embeddable":true,"href":"https:\/\/aims-cameroon.org\/fr\/wp-json\/wp\/v2\/comments?post=694"}],"version-history":[{"count":2,"href":"https:\/\/aims-cameroon.org\/fr\/wp-json\/wp\/v2\/pages\/694\/revisions"}],"predecessor-version":[{"id":1336,"href":"https:\/\/aims-cameroon.org\/fr\/wp-json\/wp\/v2\/pages\/694\/revisions\/1336"}],"wp:attachment":[{"href":"https:\/\/aims-cameroon.org\/fr\/wp-json\/wp\/v2\/media?parent=694"}],"curies":[{"name":"wp","href":"https:\/\/api.w.org\/{rel}","templated":true}]}}