{"id":71,"date":"2020-09-19T17:07:57","date_gmt":"2020-09-19T17:07:57","guid":{"rendered":"https:\/\/aims-cameroon.org\/?page_id=71"},"modified":"2025-01-10T14:03:22","modified_gmt":"2025-01-10T14:03:22","slug":"our-story","status":"publish","type":"page","link":"https:\/\/aims-cameroon.org\/fr\/","title":{"rendered":"\u00c0 propos d&#039;AIMS Cameroun"},"content":{"rendered":"<div class=\"wp-block-cover has-custom-content-position is-position-bottom-left pad-5\" style=\"min-height:600px\"><span aria-hidden=\"true\" class=\"wp-block-cover__background has-background-dim-30 has-background-dim\" style=\"background-color:#161228\"><\/span><img decoding=\"async\" loading=\"lazy\" width=\"2000\" height=\"1333\" class=\"wp-block-cover__image-background wp-image-3528\" alt=\"\" src=\"https:\/\/aims-cameroon.org\/wp-content\/uploads\/sites\/6\/2021\/03\/IMG_1864.jpg\" data-object-fit=\"cover\" srcset=\"https:\/\/aims-cameroon.org\/wp-content\/uploads\/sites\/6\/2021\/03\/IMG_1864.jpg 2000w, https:\/\/aims-cameroon.org\/wp-content\/uploads\/sites\/6\/2021\/03\/IMG_1864-300x200.jpg 300w, https:\/\/aims-cameroon.org\/wp-content\/uploads\/sites\/6\/2021\/03\/IMG_1864-1024x682.jpg 1024w, https:\/\/aims-cameroon.org\/wp-content\/uploads\/sites\/6\/2021\/03\/IMG_1864-768x512.jpg 768w, https:\/\/aims-cameroon.org\/wp-content\/uploads\/sites\/6\/2021\/03\/IMG_1864-1536x1024.jpg 1536w, https:\/\/aims-cameroon.org\/wp-content\/uploads\/sites\/6\/2021\/03\/IMG_1864-16x12.jpg 16w\" sizes=\"(max-width: 2000px) 100vw, 2000px\" \/><div class=\"wp-block-cover__inner-container\">\n<h1>\u00c0 propos d&#039;AIMS Cameroun<\/h1>\n\n\n\n<p><\/p>\n<\/div><\/div>\n\n\n\n<div class=\"is-layout-flow wp-block-group pad-5\"><div class=\"wp-block-group__inner-container\">\n<p>Cr\u00e9\u00e9 en 2013 avec le soutien du gouvernement du Cameroun, AIMS Cameroun est le quatri\u00e8me centre d\u2019excellence \u00e0 \u00eatre cr\u00e9\u00e9 dans le cadre du r\u00e9seau mondial AIMS (AIMS Next Einstein Initiative). AIMS Cameroun offre:<\/p>\n\n\n\n<ul>\n<li>Un Master en sciences math\u00e9matiques \u00e0 travers un programme structur\u00e9 de 10 mois orient\u00e9 vers la recherche et un programme d\u2019\u00e9ducation coop\u00e9rative (Co-op) de 18 mois avec un lien direct avec l\u2019industrie \u00e0 travers des stages professionnels ;<\/li>\n\n\n\n<li>Un programme de formation des enseignants (TTP) con\u00e7u pour am\u00e9liorer les r\u00e9sultats de l\u2019apprentissage des math\u00e9matiques chez les \u00e9l\u00e8ves du secondaire ;<\/li>\n\n\n\n<li>Un centre de recherche dirig\u00e9 par une chaire de recherche en math\u00e9matiques et ses applications.<\/li>\n<\/ul>\n\n\n\n<p>Vous trouverez ci-dessous les statistiques actuelles de nos programmes\u00a0:<\/p>\n\n\n\n<figure class=\"wp-block-image size-full\"><img decoding=\"async\" loading=\"lazy\" width=\"949\" height=\"645\" src=\"https:\/\/aims-cameroon.org\/wp-content\/uploads\/sites\/6\/2025\/01\/statistics-July2024.png\" alt=\"\" class=\"wp-image-8523\" srcset=\"https:\/\/aims-cameroon.org\/wp-content\/uploads\/sites\/6\/2025\/01\/statistics-July2024.png 949w, https:\/\/aims-cameroon.org\/wp-content\/uploads\/sites\/6\/2025\/01\/statistics-July2024-300x204.png 300w, https:\/\/aims-cameroon.org\/wp-content\/uploads\/sites\/6\/2025\/01\/statistics-July2024-768x522.png 768w, https:\/\/aims-cameroon.org\/wp-content\/uploads\/sites\/6\/2025\/01\/statistics-July2024-18x12.png 18w\" sizes=\"(max-width: 949px) 100vw, 949px\" \/><\/figure>\n\n\n\n<p>Gr\u00e2ce \u00e0 ses installations, ses partenariats, sa production scientifique et son caract\u00e8re panafricain, AIMS Cameroun est en passe d\u2019amener le Cameroun \u00e0 l\u2019avant-garde de la science africaine. AIMS Cameroun est situ\u00e9 \u00e0 Limbe, dans la r\u00e9gion du Sud-Ouest du Cameroun.<\/p>\n<\/div><\/div>\n\n\n\n<div class=\"wp-block-advgb-columns advgb-columns-wrapper\" id=\"advgb-cols-56d20e58-370e-4339-a97e-1c548497cb20\"><div class=\"advgb-columns-container\"><div class=\"advgb-columns advgb-columns-row advgb-is-mobile advgb-columns-2 layout-12-12 mbl-layout-stacked vgutter-10\">\n<div class=\"wp-block-advgb-column advgb-column advgb-is-half-tablet advgb-is-full-mobile\" id=\"advgb-col-a998872c-5e9f-44e3-8685-1e833911b76e\" style=\"flex:none\"><div class=\"advgb-column-inner\" style=\"border-style:none;border-width:1px\">\n<div class=\"wp-block-cover\"><span aria-hidden=\"true\" class=\"wp-block-cover__background has-background-dim-0 has-background-dim\"><\/span><img decoding=\"async\" loading=\"lazy\" width=\"2000\" height=\"1333\" class=\"wp-block-cover__image-background wp-image-3519\" alt=\"\" src=\"https:\/\/aims-cameroon.org\/wp-content\/uploads\/sites\/6\/2021\/03\/aims_2-115.jpg\" style=\"object-position:61% 46%\" data-object-fit=\"cover\" data-object-position=\"61% 46%\" srcset=\"https:\/\/aims-cameroon.org\/wp-content\/uploads\/sites\/6\/2021\/03\/aims_2-115.jpg 2000w, https:\/\/aims-cameroon.org\/wp-content\/uploads\/sites\/6\/2021\/03\/aims_2-115-300x200.jpg 300w, https:\/\/aims-cameroon.org\/wp-content\/uploads\/sites\/6\/2021\/03\/aims_2-115-1024x682.jpg 1024w, https:\/\/aims-cameroon.org\/wp-content\/uploads\/sites\/6\/2021\/03\/aims_2-115-768x512.jpg 768w, https:\/\/aims-cameroon.org\/wp-content\/uploads\/sites\/6\/2021\/03\/aims_2-115-1536x1024.jpg 1536w, https:\/\/aims-cameroon.org\/wp-content\/uploads\/sites\/6\/2021\/03\/aims_2-115-16x12.jpg 16w\" sizes=\"(max-width: 2000px) 100vw, 2000px\" \/><div class=\"wp-block-cover__inner-container\">\n<p class=\"has-text-align-center has-large-font-size\"><\/p>\n<\/div><\/div>\n<\/div><\/div>\n\n\n\n<div class=\"wp-block-advgb-column advgb-column advgb-is-half-tablet advgb-is-full-mobile\" id=\"advgb-col-061c862a-09b4-440f-a30d-2f2848aa7b9f\"><div class=\"advgb-column-inner\" style=\"border-style:none;border-width:1px\">\n<h2>AIMS est un appel \u00e0 l&#039;action pour:<\/h2>\n\n\n\n<ul>\n<li>Investir dans l&#039;\u00e9ducation STEM pour l&#039;avancement du d\u00e9veloppement en Afrique;<\/li>\n\n\n\n<li>Accro\u00eetre la collaboration entre les secteurs public et priv\u00e9 pour donner la priorit\u00e9 \u00e0 l&#039;enseignement des STEM en Afrique;<\/li>\n\n\n\n<li>Encourager les d\u00e9cideurs \u00e0 faire avancer l&#039;Agenda de l&#039;\u00e9ducation STEM en Afrique pour la transformation et la croissance durable du continent, en particulier en ce qui concerne l&#039;augmentation du nombre de femmes dans les domaines STEM;<\/li>\n\n\n\n<li>Inciter les \u00e9tudiants les plus talentueux d&#039;Afrique \u00e0 poursuivre une formation en sciences math\u00e9matiques pour innover et propulser davantage l&#039;avenir de l&#039;Afrique;<\/li>\n\n\n\n<li>Accro\u00eetre le partenariat avec l&#039;industrie pour combler le vide dans les STEM, augmenter la productivit\u00e9 et fournir des comp\u00e9tences essentielles indispensables alors que l&#039;Afrique se lance dans sa r\u00e9volution industrielle.<\/li>\n<\/ul>\n<\/div><\/div>\n<\/div><\/div><\/div>\n\n\n\n<div class=\"is-layout-flow wp-block-group pad-5 bg-alt has-white-color has-text-color\"><div class=\"wp-block-group__inner-container\">\n<h2>\u00c0 propos d&#039;AIMS <\/h2>\n\n\n\n<p>L\u2019Institut Africain des Sciences Math\u00e9matiques (AIMS) est un r\u00e9seau panafricain de centres d\u2019excellence pour la formation sup\u00e9rieure en sciences math\u00e9matiques, la recherche et l\u2019engagement du public dans les domaines des sciences, de la technologie, de l\u2019ing\u00e9nierie et des math\u00e9matiques.\n\nFond\u00e9 en 2003 en Afrique du Sud par le Prof Neil Turok, physicien de renom, puis r\u00e9pliqu\u00e9 au S\u00e9n\u00e9gal, au Ghana, au Cameroun, et au Rwanda, AIMS contribue \u00e0 la transformation socio-\u00e9conomique de l\u2019Afrique \u00e0 travers :<\/p>\n\n\n\n<p>Une formation scientifique innovante (le d\u00e9veloppement du capital humain) ;<\/p>\n\n\n\n<p>Des avanc\u00e9es technologiques et des d\u00e9couvertes scientifiques de pointe ;<\/p>\n\n\n\n<p>L\u2019engagement du public pour l\u2019\u00e9mergence scientifique du continent.<\/p>\n\n\n\n<p>La jeunesse africaine est au c\u0153ur de l\u2019\u00e9cosyst\u00e8me de l\u2019innovation et de la transformation d\u2019AIMS, compos\u00e9 d\u2019un ensemble de programmes acad\u00e9miques et non acad\u00e9miques savamment ficel\u00e9s pour offrir aux apprenants d\u2019AIMS une exp\u00e9rience de formation postuniversitaire unique sur le continent.<\/p>\n\n\n\n<p>AIMS propose un Master en sciences math\u00e9matiques, y compris une option coop\u00e9rative avec un lien direct vers l\u2019industrie, le Master africain en intelligence machine (AMMI), ainsi que des programmes de recherche, avec plus de 100 chercheurs menant des \u00e9tudes \u00e0 travers le r\u00e9seau. En plus de l\u2019initiative industrielle AIMS et d\u2019un programme de formation des enseignants tenant compte de la dimension de genre actuellement mis en \u0153uvre au Cameroun et au Rwanda, AIMS a \u00e9galement cr\u00e9\u00e9 deux initiatives essentielles : Quantum Leap Africa, un groupe de r\u00e9flexion qui \u00e9tudie la r\u00e9volution quantique \u00e0 venir et le Next Einstein Forum pour propulser l\u2019Afrique sur la sc\u00e8ne scientifique mondiale.&nbsp;<\/p>\n<\/div><\/div>\n\n\n\n<div class=\"wp-block-advgb-columns advgb-columns-wrapper\" id=\"advgb-cols-b4c5837a-3f47-4bf8-893c-a78d001d6f60\"><div class=\"advgb-columns-container\"><div class=\"advgb-columns advgb-columns-row advgb-is-mobile advgb-columns-2 layout-12-12 mbl-layout-stacked vgutter-10\">\n<div class=\"wp-block-advgb-column advgb-column advgb-is-half-tablet advgb-is-full-mobile pad-5\" id=\"advgb-col-9b45a740-3ab5-45ac-a941-674cb25fa83c\"><div class=\"advgb-column-inner\" style=\"border-style:none;border-width:1px\">\n<h2>Nos valeurs<\/h2>\n\n\n \n\n\n<div class=\"icon-title\" > \n\n<div class=\"icon-title-img\"> <img decoding=\"async\" src=\"https:\/\/aims-cameroon.org\/wp-content\/uploads\/sites\/6\/2020\/09\/icon-excellence.png\"> <\/div>\n<div class=\"icon-title-text bg-alt\"> <h3 class=\"sans-serif-bold white-text\"> EXCELLENCE <\/h3> <\/div>\n\n<\/div>\n\n \n\n\n<div class=\"icon-title\" > \n\n<div class=\"icon-title-img\"> <img decoding=\"async\" src=\"https:\/\/aims-cameroon.org\/wp-content\/uploads\/sites\/6\/2023\/01\/use-removebg-preview.png\"> <\/div>\n<div class=\"icon-title-text bg-primary\"> <h3 class=\"sans-serif-bold white-text\"> \u00c9QUIT\u00c9 ET INCLUSION <\/h3> <\/div>\n\n<\/div>\n\n \n\n\n<div class=\"icon-title\" > \n\n<div class=\"icon-title-img\"> <img decoding=\"async\" src=\"https:\/\/aims-cameroon.org\/wp-content\/uploads\/sites\/6\/2020\/09\/icon-panafricanism.png\"> <\/div>\n<div class=\"icon-title-text bg-alt\"> <h3 class=\"sans-serif-bold white-text\"> PANAFRICANISME <\/h3> <\/div>\n\n<\/div>\n\n \n\n\n<div class=\"icon-title\" > \n\n<div class=\"icon-title-img\"> <img decoding=\"async\" src=\"https:\/\/aims-cameroon.org\/wp-content\/uploads\/sites\/6\/2020\/09\/icon-integrity.png\"> <\/div>\n<div class=\"icon-title-text bg-primary\"> <h3 class=\"sans-serif-bold white-text\"> INT\u00c9GRIT\u00c9 <\/h3> <\/div>\n\n<\/div><\/div><\/div>\n\n\n\n<div class=\"wp-block-advgb-column advgb-column advgb-is-half-tablet advgb-is-full-mobile stretch-content-height\" id=\"advgb-col-7b92392f-696e-4d0e-842c-6e2cca396ce9\"><div class=\"advgb-column-inner\" style=\"border-style:none;border-width:1px\">\n<div class=\"is-layout-flow wp-block-group pad-5 has-white-color has-text-color has-background\" style=\"background-color:#161228\"><div class=\"wp-block-group__inner-container\">\n<h2 class=\"has-text-align-right\">Vision<\/h2>\n\n\n\n<p class=\"has-text-align-right\">Notre vision est celle d&#039;une Afrique prosp\u00e8re, propuls\u00e9e par une \u00e9ducation innovante et les sciences math\u00e9matiques.&nbsp;<\/p>\n<\/div><\/div>\n\n\n\n<div class=\"is-layout-flow wp-block-group pad-5 bg-alt has-white-color has-text-color\"><div class=\"wp-block-group__inner-container\">\n<h2 class=\"has-text-align-right\">Mission<\/h2>\n\n\n\n<p class=\"has-text-align-right\">Notre mission est de donner aux jeunes Africains talentueux les moyens de devenir des leaders cr\u00e9atifs dans les domaines des sciences et des technologies.&nbsp;<\/p>\n<\/div><\/div>\n<\/div><\/div>\n<\/div><\/div><\/div>\n\n\n\n<div class=\"wp-block-advgb-columns advgb-columns-wrapper\" id=\"advgb-cols-1a50e7f2-8be7-42c9-a323-9259f5c1c383\"><div class=\"advgb-columns-container\"><div class=\"advgb-columns advgb-columns-row advgb-is-mobile advgb-columns-2 layout-12-12 mbl-layout-stacked vgutter-10\">\n<div class=\"wp-block-advgb-column advgb-column advgb-is-half-tablet advgb-is-full-mobile\" id=\"advgb-col-002d2520-8897-49d0-91d5-b892c466a3c0\"><div class=\"advgb-column-inner\" style=\"border-style:none;border-width:1px\">\n<div class=\"is-layout-flow wp-block-group pad-5-10\"><div class=\"wp-block-group__inner-container\">\n<h2>Le mod\u00e8le AIMS<\/h2>\n\n\n\n<p>Le mod\u00e8le AIMS est unique par son caract\u00e8re panafricain, son vaste programme, son accent sur la pens\u00e9e critique ind\u00e9pendante, l&#039;inclusion de techniques informatiques modernes et des composants de recherche. L&#039;AIMS identifie les meilleurs dipl\u00f4m\u00e9s africains et leur offre une formation de classe mondiale en sciences math\u00e9matiques, leur permettant de poursuivre des carri\u00e8res dans la recherche, l&#039;industrie et la soci\u00e9t\u00e9 civile. Les \u00e9tudiants b\u00e9n\u00e9ficient de bourses compl\u00e8tes, d&#039;un acc\u00e8s continu \u00e0 l&#039;informatique, \u00e0 Internet et \u00e0 l&#039;\u00e9lectricit\u00e9, d&#039;une interaction \u00e9troite avec des tuteurs \u00e0 plein temps et des professeurs invit\u00e9s, ainsi que d&#039;une exposition \u00e0 l&#039;anglais et au fran\u00e7ais. Approuv\u00e9 par le NEPAD, l&#039;Union africaine et TED comme une id\u00e9e suffisamment grande pour changer le monde, ce mod\u00e8le a \u00e9t\u00e9 affin\u00e9 et \u00e9prouv\u00e9 dans cinq centres d&#039;excellence AIMS en Afrique du Sud, au S\u00e9n\u00e9gal, au Ghana, au Cameroun et au Rwanda, avec plus de 2200 dipl\u00f4m\u00e9s en transition. dans des carri\u00e8res partout dans le monde dans la science des donn\u00e9es, l&#039;\u00e9ducation, l&#039;entrepreneuriat, les TIC et la recherche, entre autres domaines.&nbsp;<\/p>\n<\/div><\/div>\n<\/div><\/div>\n\n\n\n<div class=\"wp-block-advgb-column advgb-column advgb-is-half-tablet advgb-is-full-mobile\" id=\"advgb-col-faeb64e6-6825-4b0a-a746-bbdab3fcf98c\"><div class=\"advgb-column-inner\" style=\"border-style:none;border-width:1px\">\n<div class=\"wp-block-cover\"><span aria-hidden=\"true\" class=\"wp-block-cover__background has-background-dim-0 has-background-dim\"><\/span><img decoding=\"async\" loading=\"lazy\" width=\"2000\" height=\"1333\" class=\"wp-block-cover__image-background wp-image-3522\" alt=\"\" src=\"https:\/\/aims-cameroon.org\/wp-content\/uploads\/sites\/6\/2021\/03\/IMG_1921.jpg\" data-object-fit=\"cover\" srcset=\"https:\/\/aims-cameroon.org\/wp-content\/uploads\/sites\/6\/2021\/03\/IMG_1921.jpg 2000w, https:\/\/aims-cameroon.org\/wp-content\/uploads\/sites\/6\/2021\/03\/IMG_1921-300x200.jpg 300w, https:\/\/aims-cameroon.org\/wp-content\/uploads\/sites\/6\/2021\/03\/IMG_1921-1024x682.jpg 1024w, https:\/\/aims-cameroon.org\/wp-content\/uploads\/sites\/6\/2021\/03\/IMG_1921-768x512.jpg 768w, https:\/\/aims-cameroon.org\/wp-content\/uploads\/sites\/6\/2021\/03\/IMG_1921-1536x1024.jpg 1536w, https:\/\/aims-cameroon.org\/wp-content\/uploads\/sites\/6\/2021\/03\/IMG_1921-16x12.jpg 16w\" sizes=\"(max-width: 2000px) 100vw, 2000px\" \/><div class=\"wp-block-cover__inner-container\">\n<p class=\"has-text-align-center has-large-font-size\"><\/p>\n<\/div><\/div>\n<\/div><\/div>\n<\/div><\/div><\/div>\n\n\n\n<div class=\"is-layout-flow wp-block-group\"><div class=\"wp-block-group__inner-container\">\n<div class=\"wp-block-cover is-light\"><span aria-hidden=\"true\" class=\"wp-block-cover__background has-background-dim\"><\/span><img decoding=\"async\" loading=\"lazy\" width=\"1920\" height=\"1080\" class=\"wp-block-cover__image-background wp-image-1861\" alt=\"\" src=\"https:\/\/aims-cameroon.org\/wp-content\/uploads\/sites\/6\/2021\/03\/aimsFeb2020_03.mxf_snapshot_01.06_2020.03.03_11.21.46.jpg\" data-object-fit=\"cover\" srcset=\"https:\/\/aims-cameroon.org\/wp-content\/uploads\/sites\/6\/2021\/03\/aimsFeb2020_03.mxf_snapshot_01.06_2020.03.03_11.21.46.jpg 1920w, https:\/\/aims-cameroon.org\/wp-content\/uploads\/sites\/6\/2021\/03\/aimsFeb2020_03.mxf_snapshot_01.06_2020.03.03_11.21.46-300x169.jpg 300w, https:\/\/aims-cameroon.org\/wp-content\/uploads\/sites\/6\/2021\/03\/aimsFeb2020_03.mxf_snapshot_01.06_2020.03.03_11.21.46-1024x576.jpg 1024w, https:\/\/aims-cameroon.org\/wp-content\/uploads\/sites\/6\/2021\/03\/aimsFeb2020_03.mxf_snapshot_01.06_2020.03.03_11.21.46-768x432.jpg 768w, https:\/\/aims-cameroon.org\/wp-content\/uploads\/sites\/6\/2021\/03\/aimsFeb2020_03.mxf_snapshot_01.06_2020.03.03_11.21.46-1536x864.jpg 1536w, https:\/\/aims-cameroon.org\/wp-content\/uploads\/sites\/6\/2021\/03\/aimsFeb2020_03.mxf_snapshot_01.06_2020.03.03_11.21.46-16x9.jpg 16w\" sizes=\"(max-width: 1920px) 100vw, 1920px\" \/><div class=\"wp-block-cover__inner-container\">\n<p class=\"has-text-align-center has-large-font-size\"><\/p>\n\n\n\n<div class=\"is-layout-flex wp-container-8 wp-block-columns\">\n<div class=\"is-layout-flow wp-block-column\">\n<h2 class=\"has-text-align-center\">T\u00e9l\u00e9charger la fiche d&#039;information<\/h2>\n\n\n\n\n\n<a class=\"btn-download bg-alt\" target=\"_blank\" href=\"https:\/\/aims-cameroon.org\/wp-content\/uploads\/sites\/6\/2021\/03\/AIMS-Cameroon-Factsheet-draft-January-2021-LB.pdf\"> T\u00e9l\u00e9charger <\/a>\n\n\n\n<\/div>\n\n\n\n<div class=\"is-layout-flow wp-block-column\">\n<h2 class=\"has-text-align-center\">T\u00e9l\u00e9charger la brochure<\/h2>\n\n\n\n\n\n<a class=\"btn-download bg-alt\" target=\"_blank\" href=\"https:\/\/aims-cameroon.org\/wp-content\/uploads\/sites\/6\/2021\/03\/AIMS_CAMEROON_CORPORATE_CENTRE_BROCHURE-ENG-JANUARY-2021-revised-1-LB.pdf\"> T\u00e9l\u00e9charger <\/a>\n\n\n\n<\/div>\n<\/div>\n<\/div><\/div>\n<\/div><\/div>\n<style class=\"advgb-styles-renderer\">#advgb-cols-56d20e58-370e-4339-a97e-1c548497cb20{}@media screen and (max-width: 1023px) {#advgb-cols-56d20e58-370e-4339-a97e-1c548497cb20{}}@media screen and (max-width: 767px) {#advgb-cols-56d20e58-370e-4339-a97e-1c548497cb20{}}#advgb-col-a998872c-5e9f-44e3-8685-1e833911b76e>.advgb-column-inner{}#advgb-col-a998872c-5e9f-44e3-8685-1e833911b76e{width: 40%;}@media screen and (max-width: 1023px) {#advgb-col-a998872c-5e9f-44e3-8685-1e833911b76e>.advgb-column-inner{}}@media screen and (max-width: 767px) {#advgb-col-a998872c-5e9f-44e3-8685-1e833911b76e>.advgb-column-inner{}}#advgb-col-061c862a-09b4-440f-a30d-2f2848aa7b9f>.advgb-column-inner{padding-top:40px;padding-right:25px;padding-bottom:40px;padding-left:25px;}@media screen and (max-width: 1023px) {#advgb-col-061c862a-09b4-440f-a30d-2f2848aa7b9f>.advgb-column-inner{}}@media screen and (max-width: 767px) {#advgb-col-061c862a-09b4-440f-a30d-2f2848aa7b9f>.advgb-column-inner{}}#advgb-cols-b4c5837a-3f47-4bf8-893c-a78d001d6f60{}@media screen and (max-width: 1023px) {#advgb-cols-b4c5837a-3f47-4bf8-893c-a78d001d6f60{}}@media screen and (max-width: 767px) {#advgb-cols-b4c5837a-3f47-4bf8-893c-a78d001d6f60{}}#advgb-col-9b45a740-3ab5-45ac-a941-674cb25fa83c>.advgb-column-inner{}@media screen and (max-width: 1023px) {#advgb-col-9b45a740-3ab5-45ac-a941-674cb25fa83c>.advgb-column-inner{}}@media screen and (max-width: 767px) {#advgb-col-9b45a740-3ab5-45ac-a941-674cb25fa83c>.advgb-column-inner{}}#advgb-col-7b92392f-696e-4d0e-842c-6e2cca396ce9>.advgb-column-inner{}@media screen and (max-width: 1023px) {#advgb-col-7b92392f-696e-4d0e-842c-6e2cca396ce9>.advgb-column-inner{}}@media screen and (max-width: 767px) {#advgb-col-7b92392f-696e-4d0e-842c-6e2cca396ce9>.advgb-column-inner{}}#advgb-cols-1a50e7f2-8be7-42c9-a323-9259f5c1c383{}@media screen and (max-width: 1023px) {#advgb-cols-1a50e7f2-8be7-42c9-a323-9259f5c1c383{}}@media screen and (max-width: 767px) {#advgb-cols-1a50e7f2-8be7-42c9-a323-9259f5c1c383{}}#advgb-col-002d2520-8897-49d0-91d5-b892c466a3c0>.advgb-column-inner{}@media screen and (max-width: 1023px) {#advgb-col-002d2520-8897-49d0-91d5-b892c466a3c0>.advgb-column-inner{}}@media screen and (max-width: 767px) {#advgb-col-002d2520-8897-49d0-91d5-b892c466a3c0>.advgb-column-inner{}}#advgb-col-faeb64e6-6825-4b0a-a746-bbdab3fcf98c>.advgb-column-inner{}@media screen and (max-width: 1023px) {#advgb-col-faeb64e6-6825-4b0a-a746-bbdab3fcf98c>.advgb-column-inner{}}@media screen and (max-width: 767px) {#advgb-col-faeb64e6-6825-4b0a-a746-bbdab3fcf98c>.advgb-column-inner{}}<\/style>","protected":false},"excerpt":{"rendered":"<p>Established in 2013 with the support of the government of Cameroon, AIMS Cameroon is the fourth Centre of Excellence to be created under the AIMS Global Network (AIMS Next Einstein Initiative). AIMS Cameroon offers: Below are the current statistics of our programmes: Through its facilities, partnerships, scientific output, and pan-African character, AIMS Cameroon is poised<\/p>","protected":false},"author":1,"featured_media":0,"parent":0,"menu_order":0,"comment_status":"closed","ping_status":"closed","template":"","meta":{"advgb_blocks_editor_width":"","advgb_blocks_columns_visual_guide":""},"acf":[],"coauthors":[],"author_meta":{"author_link":"https:\/\/aims-cameroon.org\/fr\/author\/chris\/","display_name":"chris"},"relative_dates":{"created":"Publi\u00e9 6 ans il y a","modified":"Mis \u00e0 jour 1 an il y a"},"absolute_dates":{"created":"Publi\u00e9 le septembre 19, 2020","modified":"Mise \u00e0 jour le janvier 10, 2025"},"absolute_dates_time":{"created":"Publi\u00e9 le septembre 19, 2020 5:07  ","modified":"Mise \u00e0 jour le janvier 10, 2025 2:03  "},"featured_img_caption":"","featured_img":false,"series_order":"","_links":{"self":[{"href":"https:\/\/aims-cameroon.org\/fr\/wp-json\/wp\/v2\/pages\/71"}],"collection":[{"href":"https:\/\/aims-cameroon.org\/fr\/wp-json\/wp\/v2\/pages"}],"about":[{"href":"https:\/\/aims-cameroon.org\/fr\/wp-json\/wp\/v2\/types\/page"}],"author":[{"embeddable":true,"href":"https:\/\/aims-cameroon.org\/fr\/wp-json\/wp\/v2\/users\/1"}],"replies":[{"embeddable":true,"href":"https:\/\/aims-cameroon.org\/fr\/wp-json\/wp\/v2\/comments?post=71"}],"version-history":[{"count":52,"href":"https:\/\/aims-cameroon.org\/fr\/wp-json\/wp\/v2\/pages\/71\/revisions"}],"predecessor-version":[{"id":8525,"href":"https:\/\/aims-cameroon.org\/fr\/wp-json\/wp\/v2\/pages\/71\/revisions\/8525"}],"wp:attachment":[{"href":"https:\/\/aims-cameroon.org\/fr\/wp-json\/wp\/v2\/media?parent=71"}],"curies":[{"name":"wp","href":"https:\/\/api.w.org\/{rel}","templated":true}]}}