{"id":7269,"date":"2023-09-21T11:46:06","date_gmt":"2023-09-21T11:46:06","guid":{"rendered":"https:\/\/aims-cameroon.org\/?page_id=7269"},"modified":"2023-09-21T12:15:43","modified_gmt":"2023-09-21T12:15:43","slug":"2023-2024-academic-year","status":"publish","type":"page","link":"https:\/\/aims-cameroon.org\/fr\/2023-2024-academic-year\/","title":{"rendered":"Ann\u00e9e acad\u00e9mique 2023\/2024"},"content":{"rendered":"<div class=\"wp-block-cover is-light has-custom-content-position is-position-bottom-left pad-5 page-banner\" style=\"min-height:600px\"><span aria-hidden=\"true\" class=\"wp-block-cover__background has-background-dim-30 has-background-dim\" style=\"background-color:#161228\"><\/span><img decoding=\"async\" loading=\"lazy\" width=\"2560\" height=\"1708\" class=\"wp-block-cover__image-background wp-image-7275\" alt=\"\" src=\"https:\/\/aims-cameroon.org\/wp-content\/uploads\/sites\/6\/2023\/09\/DSC_0599-scaled.jpg\" data-object-fit=\"cover\" srcset=\"https:\/\/aims-cameroon.org\/wp-content\/uploads\/sites\/6\/2023\/09\/DSC_0599-scaled.jpg 2560w, https:\/\/aims-cameroon.org\/wp-content\/uploads\/sites\/6\/2023\/09\/DSC_0599-300x200.jpg 300w, https:\/\/aims-cameroon.org\/wp-content\/uploads\/sites\/6\/2023\/09\/DSC_0599-1024x683.jpg 1024w, https:\/\/aims-cameroon.org\/wp-content\/uploads\/sites\/6\/2023\/09\/DSC_0599-768x512.jpg 768w, https:\/\/aims-cameroon.org\/wp-content\/uploads\/sites\/6\/2023\/09\/DSC_0599-1536x1025.jpg 1536w, https:\/\/aims-cameroon.org\/wp-content\/uploads\/sites\/6\/2023\/09\/DSC_0599-2048x1367.jpg 2048w, https:\/\/aims-cameroon.org\/wp-content\/uploads\/sites\/6\/2023\/09\/DSC_0599-18x12.jpg 18w\" sizes=\"(max-width: 2560px) 100vw, 2560px\" \/><div class=\"wp-block-cover__inner-container\">\n<h1>2023\/24 Academic Year<\/h1>\n<\/div><\/div>\n\n\n\n<div class=\"is-layout-flow wp-block-group pad-5\"><div class=\"wp-block-group__inner-container\">\n<h2>Aper\u00e7u<\/h2>\n\n\n\n<p>Lorem ipsum dolor sit amet, consectetur adipiscing elit, sed do eiusmod tempor incididunt ut labore et dolore magna aliqua. Ut enim ad minim veniam, quis nostrud exercice ullamco laboris nisi ut aliquip ex ea commodo cons\u00e9quat. Duis aute irure dolor in reprehenderit in voluptate velit esse cillum dolore eu fugiat nulla pariatur. Excepteur sint occaecat cupidatat non proident, sunt in culpa qui officia deserunt mollit anim id est laborum.<\/p>\n<\/div><\/div>\n\n\n\n<div class=\"wp-block-advgb-columns advgb-columns-wrapper\" id=\"advgb-cols-2c8e0063-4576-4998-9d6a-c1436c49582c\"><div class=\"advgb-columns-container\"><div class=\"advgb-columns advgb-columns-row advgb-is-mobile advgb-columns-2 layout-12-12 mbl-layout-stacked vgutter-10\">\n<div class=\"wp-block-advgb-column advgb-column advgb-is-half-tablet advgb-is-full-mobile\" id=\"advgb-col-f2ff17ec-9886-426c-a9e4-ebd07d62ad31\"><div class=\"advgb-column-inner\" style=\"border-style:none;border-width:1px\">\n<div class=\"wp-block-cover is-light\" style=\"min-height:400px\"><span aria-hidden=\"true\" class=\"wp-block-cover__background has-background-dim-0 has-background-dim\"><\/span><img decoding=\"async\" loading=\"lazy\" width=\"984\" height=\"1080\" class=\"wp-block-cover__image-background wp-image-7277\" alt=\"\" src=\"https:\/\/aims-cameroon.org\/wp-content\/uploads\/sites\/6\/2023\/09\/prof-mama-0.png\" data-object-fit=\"cover\" srcset=\"https:\/\/aims-cameroon.org\/wp-content\/uploads\/sites\/6\/2023\/09\/prof-mama-0.png 984w, https:\/\/aims-cameroon.org\/wp-content\/uploads\/sites\/6\/2023\/09\/prof-mama-0-273x300.png 273w, https:\/\/aims-cameroon.org\/wp-content\/uploads\/sites\/6\/2023\/09\/prof-mama-0-933x1024.png 933w, https:\/\/aims-cameroon.org\/wp-content\/uploads\/sites\/6\/2023\/09\/prof-mama-0-768x843.png 768w, https:\/\/aims-cameroon.org\/wp-content\/uploads\/sites\/6\/2023\/09\/prof-mama-0-11x12.png 11w\" sizes=\"(max-width: 984px) 100vw, 984px\" \/><div class=\"wp-block-cover__inner-container\">\n<p class=\"has-text-align-center has-large-font-size\"><\/p>\n<\/div><\/div>\n<\/div><\/div>\n\n\n\n<div class=\"wp-block-advgb-column advgb-column advgb-is-half-tablet advgb-is-full-mobile pad-5\" id=\"advgb-col-a1e11a38-da6f-4f90-b77d-bf407eb0bb63\"><div class=\"advgb-column-inner\" style=\"border-style:none;border-width:1px\">\n<h2>Note du pr\u00e9sident du centre<\/h2>\n\n\n\n<p>Bienvenue au Cameroun, l&#039;Afrique en miniature! Au nom du r\u00e9seau mondial AIMS, je tiens \u00e0 vous souhaiter chaleureusement la bienvenue \u00e0 AIMS Cameroun, un prestigieux centre d&#039;excellence dans le cadre de l&#039;initiative AIMS-Next Einstein.<\/p>\n\n\n\n<p>Nous sommes convaincus que votre s\u00e9jour ici sera enrichissant, plein de surprises, pas \u00e0 court de d\u00e9fis, mais agr\u00e9able et r\u00e9ussi. En tant que nouveaux \u00e9tudiants qui r\u00e9fl\u00e9chissent \u00e0 votre r\u00e9ussite future, vous avez l&#039;opportunit\u00e9 de votre vie, la chance de travailler avec des personnes \u00e9galement motiv\u00e9es, qui ont donn\u00e9 de leur temps pour transmettre des connaissances et apprendre \u00e9galement de vous. A vous de profiter au maximum de chaque instant. Nous nous attendons \u00e0 ce que votre contribution en classe et la qualit\u00e9 de votre travail \u00e9crit refl\u00e8tent fid\u00e8lement l&#039;engagement que vous avez pris envers cette \u00e9tude de troisi\u00e8me cycle. Gardez une attitude positive, travaillez dur et soyez de bons gestionnaires du temps. Si vous rencontrez des difficult\u00e9s pendant votre s\u00e9jour \u00e0 AIMS Cameroun, il existe des m\u00e9canismes de soutien - le personnel et l&#039;\u00e9quipe acad\u00e9mique ici se sont engag\u00e9s \u00e0 vous assurer d&#039;exceller. N&#039;h\u00e9sitez pas \u00e0 les contacter pour toute question ou pr\u00e9occupation que vous pourriez avoir pendant votre s\u00e9jour ici.<\/p>\n\n\n\n<p>In addition to your academic experience, you will find opportunities&nbsp;to learn outside of the classroom. Through the rich mix of interlocutors, you will be exposed to new perspectives, lifestyles, and approaches to learning.&nbsp;&nbsp; Respect, inclusion, collaboration, intellectual and personal growth, innovation and entrepreneurship, plus excellence, should all shape your daily life at AIMS. The policies and procedures outlined in the welcome pack will provide you with information on how to thrive as a responsible member of the AIMS community.<\/p>\n\n\n\n<p>Profitez de votre s\u00e9jour, impliquez-vous et personnalisez AIMS Cameroun. Je vous souhaite une agr\u00e9able p\u00e9riode d&#039;\u00e9tude et de r\u00e9ussite \u00e0 AIMS Cameroun et au-del\u00e0. Bonne chance!<\/p>\n\n\n\n<div class=\"is-layout-flex wp-block-buttons\">\n<div class=\"wp-block-button bg-alt\"><a class=\"wp-block-button__link wp-element-button\">Lire la suite<\/a><\/div>\n<\/div>\n\n\n\n<p><\/p>\n<\/div><\/div>\n<\/div><\/div><\/div>\n\n\n\n<div class=\"wp-block-advgb-columns advgb-columns-wrapper\" id=\"advgb-cols-abf255f8-c0b0-4c5c-b621-ad6c92139042\"><div class=\"advgb-columns-container\"><div class=\"advgb-columns advgb-columns-row advgb-is-mobile advgb-columns-2 layout-12-12 mbl-layout-stacked vgutter-10\">\n<div class=\"wp-block-advgb-column advgb-column advgb-is-half-tablet advgb-is-full-mobile pad-5\" id=\"advgb-col-2591061c-0512-4043-b293-a6359f729ad5\"><div class=\"advgb-column-inner\" style=\"border-style:none;border-width:1px\">\n<h2>Meet the visiting Lecturers<\/h2>\n\n\n\n<p>Lorem ipsum dolor sit amet, consectetur adipiscing elit, sed do eiusmod tempor incididunt ut labore et dolore magna aliqua. Ut enim ad minim veniam, quis nostrud exercitation ullamco laboris nisi ut aliquip ex ea commodo consequat. Duis aute irure<\/p>\n\n\n\n<div class=\"is-layout-flex wp-block-buttons\">\n<div class=\"wp-block-button bg-alt\"><a class=\"wp-block-button__link wp-element-button\">Lire la suite<\/a><\/div>\n<\/div>\n<\/div><\/div>\n\n\n\n<div class=\"wp-block-advgb-column advgb-column advgb-is-half-tablet advgb-is-full-mobile\" id=\"advgb-col-6bd0d9df-cee2-4bdf-ab8d-dbba983e4713\"><div class=\"advgb-column-inner\" style=\"border-style:none;border-width:1px\">\n<div class=\"wp-block-cover\" style=\"min-height:273px\"><span aria-hidden=\"true\" class=\"wp-block-cover__background has-background-dim-0 has-background-dim\"><\/span><img decoding=\"async\" loading=\"lazy\" width=\"2560\" height=\"1440\" class=\"wp-block-cover__image-background wp-image-7278\" alt=\"\" src=\"https:\/\/aims-cameroon.org\/wp-content\/uploads\/sites\/6\/2023\/09\/20230831_112707-scaled.jpg\" data-object-fit=\"cover\" srcset=\"https:\/\/aims-cameroon.org\/wp-content\/uploads\/sites\/6\/2023\/09\/20230831_112707-scaled.jpg 2560w, https:\/\/aims-cameroon.org\/wp-content\/uploads\/sites\/6\/2023\/09\/20230831_112707-300x169.jpg 300w, https:\/\/aims-cameroon.org\/wp-content\/uploads\/sites\/6\/2023\/09\/20230831_112707-1024x576.jpg 1024w, https:\/\/aims-cameroon.org\/wp-content\/uploads\/sites\/6\/2023\/09\/20230831_112707-768x432.jpg 768w, https:\/\/aims-cameroon.org\/wp-content\/uploads\/sites\/6\/2023\/09\/20230831_112707-1536x864.jpg 1536w, https:\/\/aims-cameroon.org\/wp-content\/uploads\/sites\/6\/2023\/09\/20230831_112707-2048x1152.jpg 2048w, https:\/\/aims-cameroon.org\/wp-content\/uploads\/sites\/6\/2023\/09\/20230831_112707-18x10.jpg 18w\" sizes=\"(max-width: 2560px) 100vw, 2560px\" \/><div class=\"wp-block-cover__inner-container\">\n<p class=\"has-text-align-center has-large-font-size\"><\/p>\n<\/div><\/div>\n<\/div><\/div>\n<\/div><\/div><\/div>\n\n\n\n<div class=\"wp-block-advgb-columns advgb-columns-wrapper\" id=\"advgb-cols-280dda0b-f1e1-46d8-8f34-dbbba5100c31\"><div class=\"advgb-columns-container\"><div class=\"advgb-columns advgb-columns-row advgb-is-mobile advgb-columns-2 layout-12-12 mbl-layout-stacked vgutter-10\">\n<div class=\"wp-block-advgb-column advgb-column advgb-is-half-tablet advgb-is-full-mobile\" id=\"advgb-col-54bbab92-cdda-4a68-ac8a-6b3e83af23a8\"><div class=\"advgb-column-inner\" style=\"border-style:none;border-width:1px\">\n<div class=\"wp-block-cover is-light\"><span aria-hidden=\"true\" class=\"wp-block-cover__background has-background-dim-0 has-background-dim\"><\/span><img decoding=\"async\" loading=\"lazy\" width=\"2048\" height=\"1347\" class=\"wp-block-cover__image-background wp-image-382\" alt=\"\" src=\"https:\/\/aims-cameroon.org\/wp-content\/uploads\/sites\/6\/2020\/09\/Amended-Layouts_Page_38_Image_0004.jpg\" data-object-fit=\"cover\" srcset=\"https:\/\/aims-cameroon.org\/wp-content\/uploads\/sites\/6\/2020\/09\/Amended-Layouts_Page_38_Image_0004.jpg 2048w, https:\/\/aims-cameroon.org\/wp-content\/uploads\/sites\/6\/2020\/09\/Amended-Layouts_Page_38_Image_0004-300x197.jpg 300w, https:\/\/aims-cameroon.org\/wp-content\/uploads\/sites\/6\/2020\/09\/Amended-Layouts_Page_38_Image_0004-1024x674.jpg 1024w, https:\/\/aims-cameroon.org\/wp-content\/uploads\/sites\/6\/2020\/09\/Amended-Layouts_Page_38_Image_0004-768x505.jpg 768w, https:\/\/aims-cameroon.org\/wp-content\/uploads\/sites\/6\/2020\/09\/Amended-Layouts_Page_38_Image_0004-1536x1010.jpg 1536w\" sizes=\"(max-width: 2048px) 100vw, 2048px\" \/><div class=\"wp-block-cover__inner-container\">\n<p class=\"has-text-align-center has-large-font-size\"><\/p>\n<\/div><\/div>\n<\/div><\/div>\n\n\n\n<div class=\"wp-block-advgb-column advgb-column advgb-is-half-tablet advgb-is-full-mobile pad-5\" id=\"advgb-col-8ef7613f-78a5-4665-b1d0-9b9bf890e258\"><div class=\"advgb-column-inner\" style=\"border-style:none;border-width:1px\">\n<h2>Rencontrez les tuteurs<\/h2>\n\n\n\n<p>Lorem ipsum dolor sit amet, consectetur adipiscing elit, sed do eiusmod tempor incididunt ut labore et dolore magna aliqua. Ut enim ad minim veniam, quis nostrud exercitation ullamco laboris nisi ut aliquip ex ea commodo consequat. Duis aute irure<\/p>\n\n\n\n<div class=\"is-layout-flex wp-block-buttons\">\n<div class=\"wp-block-button bg-alt\"><a class=\"wp-block-button__link wp-element-button\">Lire la suite<\/a><\/div>\n<\/div>\n\n\n\n<p><\/p>\n<\/div><\/div>\n<\/div><\/div><\/div>\n\n\n\n<div class=\"wp-block-advgb-columns advgb-columns-wrapper\" id=\"advgb-cols-1d83895b-3637-4070-8202-ce945466457c\"><div class=\"advgb-columns-container\"><div class=\"advgb-columns advgb-columns-row advgb-is-mobile advgb-columns-2 layout-12-12 mbl-layout-stacked vgutter-10\">\n<div class=\"wp-block-advgb-column advgb-column advgb-is-half-tablet advgb-is-full-mobile pad-5\" id=\"advgb-col-b3251a8d-20ba-407b-9d81-8789ea45e2f5\"><div class=\"advgb-column-inner\" style=\"border-style:none;border-width:1px\">\n<h2>Rencontrez les \u00e9tudiants<\/h2>\n\n\n\n<p>Lorem ipsum dolor sit amet, consectetur adipiscing elit, sed do eiusmod tempor incididunt ut labore et dolore magna aliqua. Ut enim ad minim veniam, quis nostrud exercitation ullamco laboris nisi ut aliquip ex ea commodo consequat. Duis aute irure<\/p>\n\n\n\n<div class=\"is-layout-flex wp-block-buttons\">\n<div class=\"wp-block-button bg-alt\"><a class=\"wp-block-button__link wp-element-button\">Lire la suite<\/a><\/div>\n<\/div>\n<\/div><\/div>\n\n\n\n<div class=\"wp-block-advgb-column advgb-column advgb-is-half-tablet advgb-is-full-mobile\" id=\"advgb-col-b6cf116c-922b-41e2-bfe4-ba1602cc7416\"><div class=\"advgb-column-inner\" style=\"border-style:none;border-width:1px\">\n<div class=\"wp-block-cover is-light\"><span aria-hidden=\"true\" class=\"wp-block-cover__background has-background-dim-0 has-background-dim\"><\/span><img decoding=\"async\" loading=\"lazy\" width=\"2200\" height=\"1467\" class=\"wp-block-cover__image-background wp-image-379\" alt=\"\" src=\"https:\/\/aims-cameroon.org\/wp-content\/uploads\/sites\/6\/2020\/09\/Amended-Layouts_Page_38_Image_0001.jpg\" data-object-fit=\"cover\" srcset=\"https:\/\/aims-cameroon.org\/wp-content\/uploads\/sites\/6\/2020\/09\/Amended-Layouts_Page_38_Image_0001.jpg 2200w, https:\/\/aims-cameroon.org\/wp-content\/uploads\/sites\/6\/2020\/09\/Amended-Layouts_Page_38_Image_0001-300x200.jpg 300w, https:\/\/aims-cameroon.org\/wp-content\/uploads\/sites\/6\/2020\/09\/Amended-Layouts_Page_38_Image_0001-1024x683.jpg 1024w, https:\/\/aims-cameroon.org\/wp-content\/uploads\/sites\/6\/2020\/09\/Amended-Layouts_Page_38_Image_0001-768x512.jpg 768w, https:\/\/aims-cameroon.org\/wp-content\/uploads\/sites\/6\/2020\/09\/Amended-Layouts_Page_38_Image_0001-1536x1024.jpg 1536w, https:\/\/aims-cameroon.org\/wp-content\/uploads\/sites\/6\/2020\/09\/Amended-Layouts_Page_38_Image_0001-2048x1366.jpg 2048w\" sizes=\"(max-width: 2200px) 100vw, 2200px\" \/><div class=\"wp-block-cover__inner-container\">\n<p class=\"has-text-align-center has-large-font-size\"><\/p>\n<\/div><\/div>\n<\/div><\/div>\n<\/div><\/div><\/div>\n\n\n\n<div class=\"wp-block-advgb-columns advgb-columns-wrapper\" id=\"advgb-cols-185e0cf7-27c0-4a71-95da-81162a98e7b8\"><div class=\"advgb-columns-container\"><div class=\"advgb-columns advgb-columns-row advgb-is-mobile advgb-columns-2 layout-12-12 mbl-layout-stacked vgutter-10\">\n<div class=\"wp-block-advgb-column advgb-column advgb-is-half-tablet advgb-is-full-mobile\" id=\"advgb-col-bcdb8335-a7a5-4abb-897c-7a30babd99da\"><div class=\"advgb-column-inner\" style=\"border-style:none;border-width:1px\">\n<div class=\"wp-block-cover is-light\"><span aria-hidden=\"true\" class=\"wp-block-cover__background has-background-dim-0 has-background-dim\"><\/span><img decoding=\"async\" loading=\"lazy\" width=\"1024\" height=\"684\" class=\"wp-block-cover__image-background wp-image-383\" alt=\"\" src=\"https:\/\/aims-cameroon.org\/wp-content\/uploads\/sites\/6\/2020\/09\/Amended-Layouts_Page_38_Image_0005.jpg\" data-object-fit=\"cover\" srcset=\"https:\/\/aims-cameroon.org\/wp-content\/uploads\/sites\/6\/2020\/09\/Amended-Layouts_Page_38_Image_0005.jpg 1024w, https:\/\/aims-cameroon.org\/wp-content\/uploads\/sites\/6\/2020\/09\/Amended-Layouts_Page_38_Image_0005-300x200.jpg 300w, https:\/\/aims-cameroon.org\/wp-content\/uploads\/sites\/6\/2020\/09\/Amended-Layouts_Page_38_Image_0005-768x513.jpg 768w\" sizes=\"(max-width: 1024px) 100vw, 1024px\" \/><div class=\"wp-block-cover__inner-container\">\n<p class=\"has-text-align-center has-large-font-size\"><\/p>\n<\/div><\/div>\n<\/div><\/div>\n\n\n\n<div class=\"wp-block-advgb-column advgb-column advgb-is-half-tablet advgb-is-full-mobile pad-5\" id=\"advgb-col-e798f869-3411-490c-8c19-0be2a93fe54e\"><div class=\"advgb-column-inner\" style=\"border-style:none;border-width:1px\">\n<h2>Superviseur de projet de recherche<\/h2>\n\n\n\n<p>Lorem ipsum dolor sit amet, consectetur adipiscing elit, sed do eiusmod tempor incididunt ut labore et dolore magna aliqua. Ut enim ad minim veniam, quis nostrud exercitation ullamco laboris nisi ut aliquip ex ea commodo consequat. Duis aute irure<\/p>\n\n\n\n<div class=\"is-layout-flex wp-block-buttons\">\n<div class=\"wp-block-button bg-alt\"><a class=\"wp-block-button__link wp-element-button\">Lire la suite<\/a><\/div>\n<\/div>\n\n\n\n<p><\/p>\n<\/div><\/div>\n<\/div><\/div><\/div>\n<style class=\"advgb-styles-renderer\">#advgb-cols-2c8e0063-4576-4998-9d6a-c1436c49582c{}@media screen and (max-width: 1023px) {#advgb-cols-2c8e0063-4576-4998-9d6a-c1436c49582c{}}@media screen and (max-width: 767px) {#advgb-cols-2c8e0063-4576-4998-9d6a-c1436c49582c{}}#advgb-col-f2ff17ec-9886-426c-a9e4-ebd07d62ad31>.advgb-column-inner{}@media screen and (max-width: 1023px) {#advgb-col-f2ff17ec-9886-426c-a9e4-ebd07d62ad31>.advgb-column-inner{}}@media screen and (max-width: 767px) {#advgb-col-f2ff17ec-9886-426c-a9e4-ebd07d62ad31>.advgb-column-inner{}}#advgb-col-a1e11a38-da6f-4f90-b77d-bf407eb0bb63>.advgb-column-inner{}@media screen and (max-width: 1023px) {#advgb-col-a1e11a38-da6f-4f90-b77d-bf407eb0bb63>.advgb-column-inner{}}@media screen and (max-width: 767px) {#advgb-col-a1e11a38-da6f-4f90-b77d-bf407eb0bb63>.advgb-column-inner{}}#advgb-cols-abf255f8-c0b0-4c5c-b621-ad6c92139042{}@media screen and (max-width: 1023px) {#advgb-cols-abf255f8-c0b0-4c5c-b621-ad6c92139042{}}@media screen and (max-width: 767px) {#advgb-cols-abf255f8-c0b0-4c5c-b621-ad6c92139042{}}#advgb-col-2591061c-0512-4043-b293-a6359f729ad5>.advgb-column-inner{}@media screen and (max-width: 1023px) {#advgb-col-2591061c-0512-4043-b293-a6359f729ad5>.advgb-column-inner{}}@media screen and (max-width: 767px) {#advgb-col-2591061c-0512-4043-b293-a6359f729ad5>.advgb-column-inner{}}#advgb-col-6bd0d9df-cee2-4bdf-ab8d-dbba983e4713>.advgb-column-inner{}@media screen and (max-width: 1023px) {#advgb-col-6bd0d9df-cee2-4bdf-ab8d-dbba983e4713>.advgb-column-inner{}}@media screen and (max-width: 767px) {#advgb-col-6bd0d9df-cee2-4bdf-ab8d-dbba983e4713>.advgb-column-inner{}}#advgb-cols-280dda0b-f1e1-46d8-8f34-dbbba5100c31{}@media screen and (max-width: 1023px) {#advgb-cols-280dda0b-f1e1-46d8-8f34-dbbba5100c31{}}@media screen and (max-width: 767px) {#advgb-cols-280dda0b-f1e1-46d8-8f34-dbbba5100c31{}}#advgb-col-54bbab92-cdda-4a68-ac8a-6b3e83af23a8>.advgb-column-inner{}@media screen and (max-width: 1023px) {#advgb-col-54bbab92-cdda-4a68-ac8a-6b3e83af23a8>.advgb-column-inner{}}@media screen and (max-width: 767px) {#advgb-col-54bbab92-cdda-4a68-ac8a-6b3e83af23a8>.advgb-column-inner{}}#advgb-col-8ef7613f-78a5-4665-b1d0-9b9bf890e258>.advgb-column-inner{}@media screen and (max-width: 1023px) {#advgb-col-8ef7613f-78a5-4665-b1d0-9b9bf890e258>.advgb-column-inner{}}@media screen and (max-width: 767px) {#advgb-col-8ef7613f-78a5-4665-b1d0-9b9bf890e258>.advgb-column-inner{}}#advgb-cols-1d83895b-3637-4070-8202-ce945466457c{}@media screen and (max-width: 1023px) {#advgb-cols-1d83895b-3637-4070-8202-ce945466457c{}}@media screen and (max-width: 767px) {#advgb-cols-1d83895b-3637-4070-8202-ce945466457c{}}#advgb-col-b3251a8d-20ba-407b-9d81-8789ea45e2f5>.advgb-column-inner{}@media screen and (max-width: 1023px) {#advgb-col-b3251a8d-20ba-407b-9d81-8789ea45e2f5>.advgb-column-inner{}}@media screen and (max-width: 767px) {#advgb-col-b3251a8d-20ba-407b-9d81-8789ea45e2f5>.advgb-column-inner{}}#advgb-col-b6cf116c-922b-41e2-bfe4-ba1602cc7416>.advgb-column-inner{}@media screen and (max-width: 1023px) {#advgb-col-b6cf116c-922b-41e2-bfe4-ba1602cc7416>.advgb-column-inner{}}@media screen and (max-width: 767px) {#advgb-col-b6cf116c-922b-41e2-bfe4-ba1602cc7416>.advgb-column-inner{}}#advgb-cols-185e0cf7-27c0-4a71-95da-81162a98e7b8{}@media screen and (max-width: 1023px) {#advgb-cols-185e0cf7-27c0-4a71-95da-81162a98e7b8{}}@media screen and (max-width: 767px) {#advgb-cols-185e0cf7-27c0-4a71-95da-81162a98e7b8{}}#advgb-col-bcdb8335-a7a5-4abb-897c-7a30babd99da>.advgb-column-inner{}@media screen and (max-width: 1023px) {#advgb-col-bcdb8335-a7a5-4abb-897c-7a30babd99da>.advgb-column-inner{}}@media screen and (max-width: 767px) {#advgb-col-bcdb8335-a7a5-4abb-897c-7a30babd99da>.advgb-column-inner{}}#advgb-col-e798f869-3411-490c-8c19-0be2a93fe54e>.advgb-column-inner{}@media screen and (max-width: 1023px) {#advgb-col-e798f869-3411-490c-8c19-0be2a93fe54e>.advgb-column-inner{}}@media screen and (max-width: 767px) {#advgb-col-e798f869-3411-490c-8c19-0be2a93fe54e>.advgb-column-inner{}}<\/style>","protected":false},"excerpt":{"rendered":"<p>Overview Lorem ipsum dolor sit amet, consectetur adipiscing elit, sed do eiusmod tempor incididunt ut labore et dolore magna aliqua. Ut enim ad minim veniam, quis nostrud exercitation ullamco laboris nisi ut aliquip ex ea commodo consequat. Duis aute irure dolor in reprehenderit in voluptate velit esse cillum dolore eu fugiat nulla pariatur. Excepteur sint<\/p>","protected":false},"author":20,"featured_media":0,"parent":0,"menu_order":0,"comment_status":"closed","ping_status":"closed","template":"","meta":{"advgb_blocks_editor_width":"","advgb_blocks_columns_visual_guide":""},"acf":[],"coauthors":[],"author_meta":{"author_link":"https:\/\/aims-cameroon.org\/fr\/author\/nathalie\/","display_name":"nathalie"},"relative_dates":{"created":"Publi\u00e9 3 ans il y a","modified":"Mis \u00e0 jour 3 ans il y a"},"absolute_dates":{"created":"Publi\u00e9 le septembre 21, 2023","modified":"Mise \u00e0 jour le septembre 21, 2023"},"absolute_dates_time":{"created":"Publi\u00e9 le septembre 21, 2023 11:46  ","modified":"Mise \u00e0 jour le septembre 21, 2023 12:15  "},"featured_img_caption":"","featured_img":false,"series_order":"","_links":{"self":[{"href":"https:\/\/aims-cameroon.org\/fr\/wp-json\/wp\/v2\/pages\/7269"}],"collection":[{"href":"https:\/\/aims-cameroon.org\/fr\/wp-json\/wp\/v2\/pages"}],"about":[{"href":"https:\/\/aims-cameroon.org\/fr\/wp-json\/wp\/v2\/types\/page"}],"author":[{"embeddable":true,"href":"https:\/\/aims-cameroon.org\/fr\/wp-json\/wp\/v2\/users\/20"}],"replies":[{"embeddable":true,"href":"https:\/\/aims-cameroon.org\/fr\/wp-json\/wp\/v2\/comments?post=7269"}],"version-history":[{"count":4,"href":"https:\/\/aims-cameroon.org\/fr\/wp-json\/wp\/v2\/pages\/7269\/revisions"}],"predecessor-version":[{"id":7281,"href":"https:\/\/aims-cameroon.org\/fr\/wp-json\/wp\/v2\/pages\/7269\/revisions\/7281"}],"wp:attachment":[{"href":"https:\/\/aims-cameroon.org\/fr\/wp-json\/wp\/v2\/media?parent=7269"}],"curies":[{"name":"wp","href":"https:\/\/api.w.org\/{rel}","templated":true}]}}