{"id":7284,"date":"2023-09-21T12:41:21","date_gmt":"2023-09-21T12:41:21","guid":{"rendered":"https:\/\/aims-cameroon.org\/?page_id=7284"},"modified":"2025-05-23T08:53:53","modified_gmt":"2025-05-23T08:53:53","slug":"meet-the-students-2023-intake","status":"publish","type":"page","link":"https:\/\/aims-cameroon.org\/fr\/meet-the-students-2023-intake\/","title":{"rendered":"Meet the students 2023 intake"},"content":{"rendered":"<p>Since its creation in 2013, AIMS-Cameroon has trained 445 students, with 164 of them being women \u2013 415 in the structured Master\u2019s and 30 in the Co- operative Master\u2019s Program.<\/p>\n\n\n\n<p><strong>About the present intake<\/strong><\/p>\n\n\n\n<p>Students benefit from the experience of renowned visiting lecturers who teach for three weeks each. Capacity building is provided by tutors (teaching assistants) who are always available on campus to ensure a 24-hour learning environment.<\/p>\n\n\n\n<p>Fifty (50) new students, 40% of whom are women, gained admission to AIMS Cameroon to take a 10-month Structured Master\u2019s Degree course in Mathematical Sciences during the 2023-2024 academic year whereas ten (10) with 30% of whom being women gained admission to take the 18-month Co-operative master&#8217;s Degree course.<\/p>\n\n\n\n<p>The 2023-2024 Cohort comprises 30 Cameroonians and 30 non Cameroonian students from 12 African countries, that is, Botswana, Chad, the Democratic Republic of Congo,&nbsp; Ethiopia,&nbsp; Eswatini, Ghana, Kenya, Madagascar, Mali, Nigeria, Rwanda and Zambia.<\/p>\n\n\n\n<p>The 50 new students of the Structured Master\u2019s Degree Program are distributed in its three main streams as follows: 24 students will study Fundamental Science, 17 will study Data Science, and 9 students are enrolled the Climate Science stream. The co-operative master&#8217;s students will attend various courses accross the three streams depending on their internship projects and their backgrounds.<\/p>\n\n\n\n<p><strong>Our proven pedagogic model<\/strong><\/p>\n\n\n\n<p>AIMS tuition, study materials, and housing are fully funded through a generous scholarship. Its residential nature allows more contact time between lecturers and students than is available in a typical university setting.<\/p>\n\n\n\n<p>Students typically study three subjects for three weeks each during the skills phase and two subjects for three weeks each during the review phase. Additional tutorials and special classes are held in the evenings when students also usually complete their assignments. At AIMS Cameroon, we have students, tutors, and lecturers from various nationalities. All lectures are in <strong>English only<\/strong>. However, Language training is offered (English and French).<\/p>\n\n\n\n<p>Students and tutors of AIMS Cameroon reside on campus at Crystal Gardens. They occupy single rooms with a communal living space and laundry facilities for tutors and lecturers.<\/p>\n\n\n\n<p>\u00c0 AIMS Cameroun, les \u00e9tudiants ont \u00e9galement la possibilit\u00e9 de nouer des relations les uns avec les autres par le jeu, ce qui leur permet de renforcer leur r\u00e9flexion et leur appr\u00e9ciation pour une diff\u00e9rence dans les processus de pens\u00e9e.<\/p>\n\n\n\n<p><strong>Community Engagement<\/strong><\/p>\n\n\n\n<p>Tous les \u00e9tudiants sont tenus de faire du b\u00e9n\u00e9volat pendant au moins 20 heures au cours de l&#039;ann\u00e9e universitaire. Ce programme renforcera leurs comp\u00e9tences en leadership ainsi que leur engagement \u00e0 investir en Afrique.<\/p>\n\n\n<div class=\"wp-block-image\">\n<figure class=\"aligncenter size-large\"><img decoding=\"async\" loading=\"lazy\" width=\"1024\" height=\"724\" src=\"https:\/\/aims-cameroon.org\/wp-content\/uploads\/sites\/6\/2023\/09\/Students_-2023intake-Sep23-1024x724.png\" alt=\"\" class=\"wp-image-7285\" srcset=\"https:\/\/aims-cameroon.org\/wp-content\/uploads\/sites\/6\/2023\/09\/Students_-2023intake-Sep23-1024x724.png 1024w, https:\/\/aims-cameroon.org\/wp-content\/uploads\/sites\/6\/2023\/09\/Students_-2023intake-Sep23-300x212.png 300w, https:\/\/aims-cameroon.org\/wp-content\/uploads\/sites\/6\/2023\/09\/Students_-2023intake-Sep23-768x543.png 768w, https:\/\/aims-cameroon.org\/wp-content\/uploads\/sites\/6\/2023\/09\/Students_-2023intake-Sep23-1536x1086.png 1536w, https:\/\/aims-cameroon.org\/wp-content\/uploads\/sites\/6\/2023\/09\/Students_-2023intake-Sep23-2048x1448.png 2048w, https:\/\/aims-cameroon.org\/wp-content\/uploads\/sites\/6\/2023\/09\/Students_-2023intake-Sep23-18x12.png 18w\" sizes=\"(max-width: 1024px) 100vw, 1024px\" \/><\/figure><\/div>","protected":false},"excerpt":{"rendered":"<p>Since its creation in 2013, AIMS-Cameroon has trained 445 students, with 164 of them being women \u2013 415 in the structured Master\u2019s and 30 in the Co- operative Master\u2019s Program. About the present intake Students benefit from the experience of renowned visiting lecturers who teach for three weeks each. Capacity building is provided by tutors<\/p>","protected":false},"author":20,"featured_media":0,"parent":0,"menu_order":0,"comment_status":"closed","ping_status":"closed","template":"","meta":{"advgb_blocks_editor_width":"","advgb_blocks_columns_visual_guide":""},"acf":[],"coauthors":[],"author_meta":{"author_link":"https:\/\/aims-cameroon.org\/fr\/author\/nathalie\/","display_name":"nathalie"},"relative_dates":{"created":"Publi\u00e9 3 ans il y a","modified":"Mis \u00e0 jour 11 mois il y a"},"absolute_dates":{"created":"Publi\u00e9 le septembre 21, 2023","modified":"Mise \u00e0 jour le mai 23, 2025"},"absolute_dates_time":{"created":"Publi\u00e9 le septembre 21, 2023 12:41  ","modified":"Mise \u00e0 jour le mai 23, 2025 8:53  "},"featured_img_caption":"","featured_img":false,"series_order":"","_links":{"self":[{"href":"https:\/\/aims-cameroon.org\/fr\/wp-json\/wp\/v2\/pages\/7284"}],"collection":[{"href":"https:\/\/aims-cameroon.org\/fr\/wp-json\/wp\/v2\/pages"}],"about":[{"href":"https:\/\/aims-cameroon.org\/fr\/wp-json\/wp\/v2\/types\/page"}],"author":[{"embeddable":true,"href":"https:\/\/aims-cameroon.org\/fr\/wp-json\/wp\/v2\/users\/20"}],"replies":[{"embeddable":true,"href":"https:\/\/aims-cameroon.org\/fr\/wp-json\/wp\/v2\/comments?post=7284"}],"version-history":[{"count":8,"href":"https:\/\/aims-cameroon.org\/fr\/wp-json\/wp\/v2\/pages\/7284\/revisions"}],"predecessor-version":[{"id":8777,"href":"https:\/\/aims-cameroon.org\/fr\/wp-json\/wp\/v2\/pages\/7284\/revisions\/8777"}],"wp:attachment":[{"href":"https:\/\/aims-cameroon.org\/fr\/wp-json\/wp\/v2\/media?parent=7284"}],"curies":[{"name":"wp","href":"https:\/\/api.w.org\/{rel}","templated":true}]}}