{"id":7289,"date":"2023-09-21T12:46:04","date_gmt":"2023-09-21T12:46:04","guid":{"rendered":"https:\/\/aims-cameroon.org\/?page_id=7289"},"modified":"2023-09-21T12:46:05","modified_gmt":"2023-09-21T12:46:05","slug":"meet-the-tutors-2023-intake","status":"publish","type":"page","link":"https:\/\/aims-cameroon.org\/fr\/meet-the-tutors-2023-intake\/","title":{"rendered":"Meet the tutors 2023 intake"},"content":{"rendered":"<div class=\"wp-block-image\">\n<figure class=\"aligncenter size-large\"><img decoding=\"async\" loading=\"lazy\" width=\"1024\" height=\"604\" src=\"https:\/\/aims-cameroon.org\/wp-content\/uploads\/sites\/6\/2023\/09\/Tutors-2023intake-Sep23-1024x604.png\" alt=\"\" class=\"wp-image-7291\" srcset=\"https:\/\/aims-cameroon.org\/wp-content\/uploads\/sites\/6\/2023\/09\/Tutors-2023intake-Sep23-1024x604.png 1024w, https:\/\/aims-cameroon.org\/wp-content\/uploads\/sites\/6\/2023\/09\/Tutors-2023intake-Sep23-300x177.png 300w, https:\/\/aims-cameroon.org\/wp-content\/uploads\/sites\/6\/2023\/09\/Tutors-2023intake-Sep23-768x453.png 768w, https:\/\/aims-cameroon.org\/wp-content\/uploads\/sites\/6\/2023\/09\/Tutors-2023intake-Sep23-1536x906.png 1536w, https:\/\/aims-cameroon.org\/wp-content\/uploads\/sites\/6\/2023\/09\/Tutors-2023intake-Sep23-2048x1208.png 2048w, https:\/\/aims-cameroon.org\/wp-content\/uploads\/sites\/6\/2023\/09\/Tutors-2023intake-Sep23-18x12.png 18w\" sizes=\"(max-width: 1024px) 100vw, 1024px\" \/><\/figure><\/div>","protected":false},"excerpt":{"rendered":"","protected":false},"author":20,"featured_media":0,"parent":0,"menu_order":0,"comment_status":"closed","ping_status":"closed","template":"","meta":{"advgb_blocks_editor_width":"","advgb_blocks_columns_visual_guide":""},"acf":[],"coauthors":[],"author_meta":{"author_link":"https:\/\/aims-cameroon.org\/fr\/author\/nathalie\/","display_name":"nathalie"},"relative_dates":{"created":"Publi\u00e9 3 ans il y a","modified":"Mis \u00e0 jour 3 ans il y a"},"absolute_dates":{"created":"Publi\u00e9 le septembre 21, 2023","modified":"Mise \u00e0 jour le septembre 21, 2023"},"absolute_dates_time":{"created":"Publi\u00e9 le septembre 21, 2023 12:46  ","modified":"Mise \u00e0 jour le septembre 21, 2023 12:46  "},"featured_img_caption":"","featured_img":false,"series_order":"","_links":{"self":[{"href":"https:\/\/aims-cameroon.org\/fr\/wp-json\/wp\/v2\/pages\/7289"}],"collection":[{"href":"https:\/\/aims-cameroon.org\/fr\/wp-json\/wp\/v2\/pages"}],"about":[{"href":"https:\/\/aims-cameroon.org\/fr\/wp-json\/wp\/v2\/types\/page"}],"author":[{"embeddable":true,"href":"https:\/\/aims-cameroon.org\/fr\/wp-json\/wp\/v2\/users\/20"}],"replies":[{"embeddable":true,"href":"https:\/\/aims-cameroon.org\/fr\/wp-json\/wp\/v2\/comments?post=7289"}],"version-history":[{"count":1,"href":"https:\/\/aims-cameroon.org\/fr\/wp-json\/wp\/v2\/pages\/7289\/revisions"}],"predecessor-version":[{"id":7292,"href":"https:\/\/aims-cameroon.org\/fr\/wp-json\/wp\/v2\/pages\/7289\/revisions\/7292"}],"wp:attachment":[{"href":"https:\/\/aims-cameroon.org\/fr\/wp-json\/wp\/v2\/media?parent=7289"}],"curies":[{"name":"wp","href":"https:\/\/api.w.org\/{rel}","templated":true}]}}