{"id":7718,"date":"2024-01-10T18:30:30","date_gmt":"2024-01-10T18:30:30","guid":{"rendered":"https:\/\/aims-cameroon.org\/?page_id=7718"},"modified":"2024-01-10T18:38:52","modified_gmt":"2024-01-10T18:38:52","slug":"memories-of-my-tutoring-period","status":"publish","type":"page","link":"https:\/\/aims-cameroon.org\/fr\/memories-of-my-tutoring-period\/","title":{"rendered":"Memories of my tutoring period at AIMS-Cameroon"},"content":{"rendered":"","protected":false},"excerpt":{"rendered":"","protected":false},"author":20,"featured_media":0,"parent":0,"menu_order":0,"comment_status":"closed","ping_status":"closed","template":"","meta":{"advgb_blocks_editor_width":"","advgb_blocks_columns_visual_guide":""},"acf":[],"coauthors":[],"author_meta":{"author_link":"https:\/\/aims-cameroon.org\/fr\/author\/nathalie\/","display_name":"nathalie"},"relative_dates":{"created":"Publi\u00e9 2 ans il y a","modified":"Mis \u00e0 jour 2 ans il y a"},"absolute_dates":{"created":"Publi\u00e9 le janvier 10, 2024","modified":"Mise \u00e0 jour le janvier 10, 2024"},"absolute_dates_time":{"created":"Publi\u00e9 le janvier 10, 2024 6:30  ","modified":"Mise \u00e0 jour le janvier 10, 2024 6:38  "},"featured_img_caption":"","featured_img":false,"series_order":"","_links":{"self":[{"href":"https:\/\/aims-cameroon.org\/fr\/wp-json\/wp\/v2\/pages\/7718"}],"collection":[{"href":"https:\/\/aims-cameroon.org\/fr\/wp-json\/wp\/v2\/pages"}],"about":[{"href":"https:\/\/aims-cameroon.org\/fr\/wp-json\/wp\/v2\/types\/page"}],"author":[{"embeddable":true,"href":"https:\/\/aims-cameroon.org\/fr\/wp-json\/wp\/v2\/users\/20"}],"replies":[{"embeddable":true,"href":"https:\/\/aims-cameroon.org\/fr\/wp-json\/wp\/v2\/comments?post=7718"}],"version-history":[{"count":3,"href":"https:\/\/aims-cameroon.org\/fr\/wp-json\/wp\/v2\/pages\/7718\/revisions"}],"predecessor-version":[{"id":7722,"href":"https:\/\/aims-cameroon.org\/fr\/wp-json\/wp\/v2\/pages\/7718\/revisions\/7722"}],"wp:attachment":[{"href":"https:\/\/aims-cameroon.org\/fr\/wp-json\/wp\/v2\/media?parent=7718"}],"curies":[{"name":"wp","href":"https:\/\/api.w.org\/{rel}","templated":true}]}}