{"id":7738,"date":"2024-01-15T13:27:26","date_gmt":"2024-01-15T13:27:26","guid":{"rendered":"https:\/\/aims-cameroon.org\/?page_id=7738"},"modified":"2024-02-27T14:01:24","modified_gmt":"2024-02-27T14:01:24","slug":"masters-in-mathematical-sciences-degree-application","status":"publish","type":"page","link":"https:\/\/aims-cameroon.org\/fr\/masters-in-mathematical-sciences-degree-application\/","title":{"rendered":"Master\u2019s in Mathematical Sciences Degree Application"},"content":{"rendered":"<div style=\"margin-left: 80px;margin-right: 80px\">\n<h1>Master\u2019s in Mathematical Sciences Degree Application<\/h1>\n<p><strong style=\"color: red\">Applications are now Open!!<\/strong><\/p>\n\n\n\n<p>The AIMS Structured Master\u2019s Program runs over three semesters. The requisite skills phase of the AIMS course builds a standard core set of problem-solving skills: estimation, computation, approximation, modelling, data analysis and statistics. The elective review phase allows students to apply these skills in some of the most exciting areas of science.<\/p>\n\n\n\n<p>During the final phase of the AIMS course students do a research project and write a scientific report under the supervision of an expert researcher on a topic of their choice. Research initiated in these projects often develops into further postgraduate research work after AIMS.<\/p>\n\n\n\n<p><strong>Why Apply:<\/strong><\/p>\n\n\n\n<ol>\n<li>Renowned lecturers from Africa and worldwide, supported by a team of resident tutors.<\/li>\n\n\n\n<li>Students and lecturers live on campus to encourage a 24-hour learning environment.<\/li>\n\n\n\n<li>Group work and highly interactive learning setting.<\/li>\n\n\n\n<li>Emphasis on programming and Data Science with 24\/7 access to computer labs and high-speed internet.<\/li>\n\n\n\n<li>A diverse student body from across Africa.<\/li>\n\n\n\n<li>Candidates are highly employable and quickly join higher learning institutions upon graduation<\/li>\n<\/ol>\n\n\n\n<p><br><strong>Application Instructions:<br><\/strong>Visit the <strong><a href=\"https:\/\/apply.aims-network.org\/\">link<\/a> <\/strong>to apply for the AIMS Master\u2019s Program.<\/p>\n\n\n\n<p><strong>Documents d&#039;application<\/strong><\/p>\n\n\n\n<ol>\n<li>Applicants must hold or expect to obtain by the date of commencement of AIMS training a 4-year university degree in mathematics or any other science\/engineering discipline with a significant mathematics component.<\/li>\n\n\n\n<li>Les dossiers des candidats doivent d\u00e9montrer de solides comp\u00e9tences en math\u00e9matiques, en leadership et en service communautaire.<\/li>\n\n\n\n<li>Women are strongly encouraged to apply. Open to all African Countries<\/li>\n<\/ol>\n\n\n\n<p>Application deadline: 29 March 2024<br>Financement:<br>Full or partial scholarships will be awarded to all accepted students. Applicants who are selected may apply for bursaries covering tuition and accommodation costs. AIMS strongly encourages those selected to secure support for their airfare from their families, governments or charitable institutions.<\/p>\n\n\n\n<p><strong>Applications are now open!!<\/strong><\/p>","protected":false},"excerpt":{"rendered":"<p>Master\u2019s in Mathematical Sciences Degree Application Applications are now Open!! The AIMS Structured Master\u2019s Program runs over three semesters. The requisite skills phase of the AIMS course builds a standard core set of problem-solving skills: estimation, computation, approximation, modelling, data analysis and statistics. The elective review phase allows students to apply these skills in some<\/p>","protected":false},"author":20,"featured_media":0,"parent":0,"menu_order":0,"comment_status":"closed","ping_status":"closed","template":"","meta":{"advgb_blocks_editor_width":"","advgb_blocks_columns_visual_guide":""},"acf":[],"coauthors":[],"author_meta":{"author_link":"https:\/\/aims-cameroon.org\/fr\/author\/nathalie\/","display_name":"nathalie"},"relative_dates":{"created":"Publi\u00e9 2 ans il y a","modified":"Mis \u00e0 jour 2 ans il y a"},"absolute_dates":{"created":"Publi\u00e9 le janvier 15, 2024","modified":"Mise \u00e0 jour le f\u00e9vrier 27, 2024"},"absolute_dates_time":{"created":"Publi\u00e9 le janvier 15, 2024 1:27  ","modified":"Mise \u00e0 jour le f\u00e9vrier 27, 2024 2:01  "},"featured_img_caption":"","featured_img":false,"series_order":"","_links":{"self":[{"href":"https:\/\/aims-cameroon.org\/fr\/wp-json\/wp\/v2\/pages\/7738"}],"collection":[{"href":"https:\/\/aims-cameroon.org\/fr\/wp-json\/wp\/v2\/pages"}],"about":[{"href":"https:\/\/aims-cameroon.org\/fr\/wp-json\/wp\/v2\/types\/page"}],"author":[{"embeddable":true,"href":"https:\/\/aims-cameroon.org\/fr\/wp-json\/wp\/v2\/users\/20"}],"replies":[{"embeddable":true,"href":"https:\/\/aims-cameroon.org\/fr\/wp-json\/wp\/v2\/comments?post=7738"}],"version-history":[{"count":5,"href":"https:\/\/aims-cameroon.org\/fr\/wp-json\/wp\/v2\/pages\/7738\/revisions"}],"predecessor-version":[{"id":7955,"href":"https:\/\/aims-cameroon.org\/fr\/wp-json\/wp\/v2\/pages\/7738\/revisions\/7955"}],"wp:attachment":[{"href":"https:\/\/aims-cameroon.org\/fr\/wp-json\/wp\/v2\/media?parent=7738"}],"curies":[{"name":"wp","href":"https:\/\/api.w.org\/{rel}","templated":true}]}}