{"id":840,"date":"2020-09-26T18:56:52","date_gmt":"2020-09-26T18:56:52","guid":{"rendered":"https:\/\/aims-cameroon.org\/?page_id=840"},"modified":"2021-07-19T09:04:37","modified_gmt":"2021-07-19T09:04:37","slug":"e-learning-platforms","status":"publish","type":"page","link":"https:\/\/aims-cameroon.org\/fr\/e-learning-platforms\/","title":{"rendered":"Plateformes d&#039;apprentissage en ligne"},"content":{"rendered":"<div class=\"wp-block-cover has-background-dim-30 has-background-dim has-custom-content-position is-position-bottom-left pad-5\" style=\"background-image:url(https:\/\/aims-cameroon.org\/wp-content\/uploads\/sites\/6\/2021\/03\/Picture4-1.jpg);background-color:#161228;min-height:600px\"><div class=\"wp-block-cover__inner-container\">\n<h1>Plateformes d&#039;apprentissage en ligne<\/h1>\n<\/div><\/div>\n\n\n\n<div style=\"height:40px\" aria-hidden=\"true\" class=\"wp-block-spacer\"><\/div>\n\n\n\n<div class=\"wp-block-advgb-columns advgb-columns-wrapper\" id=\"advgb-cols-de2e5574-2bcf-48fa-93e7-989e7de72901\"><div class=\"advgb-columns-container\"><div class=\"advgb-columns advgb-columns-row advgb-is-mobile advgb-columns-2 layout-12-12 mbl-layout-stacked vgutter-10\">\n<div class=\"wp-block-advgb-column advgb-column advgb-is-half-tablet advgb-is-full-mobile\" id=\"advgb-col-73d04c1d-4de9-412a-b9b2-ffcb0c7b44c1\"><div class=\"advgb-column-inner\" style=\"border-style:none;border-width:1px\">\n<div class=\"wp-block-cover\" style=\"background-image:url(https:\/\/aims-cameroon.org\/wp-content\/uploads\/sites\/6\/2021\/03\/121690298_808646026536540_8998663919357579946_n-2.jpg);min-height:500px\"><div class=\"wp-block-cover__inner-container\">\n<p class=\"has-text-align-center has-large-font-size\"><\/p>\n<\/div><\/div>\n<\/div><\/div>\n\n\n\n<div class=\"wp-block-advgb-column advgb-column advgb-is-half-tablet advgb-is-full-mobile\" id=\"advgb-col-57b1a925-a1c0-4681-b47a-79500bb0f5d6\"><div class=\"advgb-column-inner\" style=\"border-style:none;border-width:1px\">\n<div class=\"is-layout-flow wp-block-group pad-5-10\"><div class=\"wp-block-group__inner-container\">\n<h2>Plateforme eLearning<\/h2>\n\n\n\n<p>Il s&#039;agit d&#039;une plate-forme num\u00e9rique pour les ressources open source et en ligne accessible \u00e0 tous les enseignants et formateurs Master. Sur cette plate-forme, vous pouvez trouver tous les manuels et ressources qui aideront les enseignants et les ma\u00eetres formateurs \u00e0 suivre efficacement leurs cours en ligne.<\/p>\n\n\n\n<p>Le portail eLearning, d\u00e9velopp\u00e9 avec l&#039;accompagnement de l&#039;Universit\u00e9 Virtuelle Africaine (UVA), est pleinement op\u00e9rationnel et propose plusieurs cours en ligne. Il est actuellement utilis\u00e9 dans la composante d&#039;apprentissage pr\u00e9alable \u00e0 l&#039;atelier de la formation continue des enseignants, et l&#039;apprentissage de l&#039;atelier est \u00e9galement en cours de conversion en un format en ligne, offrant ainsi un cours en ligne complet.<\/p>\n\n\n\n<p>Visitez notre&nbsp;<a href=\"http:\/\/www.aimsttp.org\/elearning\" target=\"_blank\" rel=\"noreferrer noopener\">eLearning&nbsp;<\/a>plate-forme et trouvez des cours qui vous conviennent!<\/p>\n\n\n\n<div style=\"height:20px\" aria-hidden=\"true\" class=\"wp-block-spacer\"><\/div>\n\n\n\n<div class=\"is-layout-flex wp-block-buttons\">\n<div class=\"wp-block-button bg-alt\"><a class=\"wp-block-button__link no-border-radius\" href=\"https:\/\/aimsttp.org\/cop\/\" target=\"_blank\" rel=\"noreferrer noopener\">Lire la suite<\/a><\/div>\n<\/div>\n<\/div><\/div>\n<\/div><\/div>\n<\/div><\/div><\/div>\n<style class=\"advgb-styles-renderer\">#advgb-cols-de2e5574-2bcf-48fa-93e7-989e7de72901{}@media screen and (max-width: 1023px) {#advgb-cols-de2e5574-2bcf-48fa-93e7-989e7de72901{}}@media screen and (max-width: 767px) {#advgb-cols-de2e5574-2bcf-48fa-93e7-989e7de72901{}}#advgb-col-73d04c1d-4de9-412a-b9b2-ffcb0c7b44c1>.advgb-column-inner{}@media screen and (max-width: 1023px) {#advgb-col-73d04c1d-4de9-412a-b9b2-ffcb0c7b44c1>.advgb-column-inner{}}@media screen and (max-width: 767px) {#advgb-col-73d04c1d-4de9-412a-b9b2-ffcb0c7b44c1>.advgb-column-inner{}}#advgb-col-57b1a925-a1c0-4681-b47a-79500bb0f5d6>.advgb-column-inner{}@media screen and (max-width: 1023px) {#advgb-col-57b1a925-a1c0-4681-b47a-79500bb0f5d6>.advgb-column-inner{}}@media screen and (max-width: 767px) {#advgb-col-57b1a925-a1c0-4681-b47a-79500bb0f5d6>.advgb-column-inner{}}<\/style>","protected":false},"excerpt":{"rendered":"","protected":false},"author":2,"featured_media":0,"parent":0,"menu_order":0,"comment_status":"closed","ping_status":"closed","template":"","meta":{"advgb_blocks_editor_width":"","advgb_blocks_columns_visual_guide":""},"acf":[],"coauthors":[],"author_meta":{"author_link":"https:\/\/aims-cameroon.org\/fr\/author\/rose\/","display_name":"rose"},"relative_dates":{"created":"Publi\u00e9 6 ans il y a","modified":"Mis \u00e0 jour 5 ans il y a"},"absolute_dates":{"created":"Publi\u00e9 le septembre 26, 2020","modified":"Mise \u00e0 jour le juillet 19, 2021"},"absolute_dates_time":{"created":"Publi\u00e9 le septembre 26, 2020 6:56  ","modified":"Mise \u00e0 jour le juillet 19, 2021 9:04  "},"featured_img_caption":"","featured_img":false,"series_order":"","_links":{"self":[{"href":"https:\/\/aims-cameroon.org\/fr\/wp-json\/wp\/v2\/pages\/840"}],"collection":[{"href":"https:\/\/aims-cameroon.org\/fr\/wp-json\/wp\/v2\/pages"}],"about":[{"href":"https:\/\/aims-cameroon.org\/fr\/wp-json\/wp\/v2\/types\/page"}],"author":[{"embeddable":true,"href":"https:\/\/aims-cameroon.org\/fr\/wp-json\/wp\/v2\/users\/2"}],"replies":[{"embeddable":true,"href":"https:\/\/aims-cameroon.org\/fr\/wp-json\/wp\/v2\/comments?post=840"}],"version-history":[{"count":6,"href":"https:\/\/aims-cameroon.org\/fr\/wp-json\/wp\/v2\/pages\/840\/revisions"}],"predecessor-version":[{"id":2165,"href":"https:\/\/aims-cameroon.org\/fr\/wp-json\/wp\/v2\/pages\/840\/revisions\/2165"}],"wp:attachment":[{"href":"https:\/\/aims-cameroon.org\/fr\/wp-json\/wp\/v2\/media?parent=840"}],"curies":[{"name":"wp","href":"https:\/\/api.w.org\/{rel}","templated":true}]}}