{"id":843,"date":"2020-09-26T18:58:19","date_gmt":"2020-09-26T18:58:19","guid":{"rendered":"https:\/\/aims-cameroon.org\/?page_id=843"},"modified":"2021-07-19T09:04:37","modified_gmt":"2021-07-19T09:04:37","slug":"community-of-practice","status":"publish","type":"page","link":"https:\/\/aims-cameroon.org\/fr\/community-of-practice\/","title":{"rendered":"Communaut\u00e9 de pratique"},"content":{"rendered":"<div class=\"wp-block-cover has-background-dim-30 has-background-dim has-custom-content-position is-position-bottom-left pad-5\" style=\"background-image:url(https:\/\/aims-cameroon.org\/wp-content\/uploads\/sites\/6\/2021\/03\/20201128_081920.jpg);background-color:#161228;min-height:600px;background-position:63% 25%\"><div class=\"wp-block-cover__inner-container\">\n<h1>Communaut\u00e9 de pratique<\/h1>\n\n\n\n<p><\/p>\n<\/div><\/div>\n\n\n\n<div class=\"is-layout-flow wp-block-group pad-5\"><div class=\"wp-block-group__inner-container\">\n<div class=\"wp-block-advgb-columns advgb-columns-wrapper\" id=\"advgb-cols-392c70ae-3cf5-46e7-9928-24112ab9deac\"><div class=\"advgb-columns-container\"><div class=\"advgb-columns advgb-columns-row advgb-is-mobile columns-valign-full advgb-columns-2 layout-12-12 mbl-layout-stacked vgutter-10\">\n<div class=\"wp-block-advgb-column advgb-column advgb-is-half-tablet advgb-is-full-mobile\" id=\"advgb-col-aadc461b-aa24-4726-9234-37f9fcfa12c2\"><div class=\"advgb-column-inner\" style=\"border-style:none;border-width:1px\">\n<div class=\"is-layout-flow wp-block-group pad-5-10\"><div class=\"wp-block-group__inner-container\">\n<h2>Plateforme des communaut\u00e9s de pratique (CoP)&nbsp;<\/h2>\n\n\n\n<p>Il s&#039;agit d&#039;une plate-forme en ligne o\u00f9 les ma\u00eetres formateurs de math\u00e9matiques, les enseignants, les \u00e9tudiants, les autorit\u00e9s scolaires, ainsi que les parents qui partagent une passion pour les math\u00e9matiques peuvent acc\u00e9der et apprendre \u00e0 r\u00e9soudre des probl\u00e8mes math\u00e9matiques, partager leurs difficult\u00e9s de pens\u00e9e et de r\u00e9solution math\u00e9matiques en interagissant r\u00e9guli\u00e8rement. .<\/p>\n\n\n\n<p>La CoP est enti\u00e8rement personnalis\u00e9e, fonctionnelle et h\u00e9berge les ressources personnalis\u00e9es d\u00e9velopp\u00e9es pour le programme. Les enseignants form\u00e9s sont encourag\u00e9s \u00e0 devenir membres enregistr\u00e9s, et ceux qui ont les comp\u00e9tences informatiques de base requises et l&#039;acc\u00e8s \u00e0 une connexion Internet se sont inscrits.&nbsp;<\/p>\n\n\n\n<p>Rejoignez notre&nbsp;<a href=\"http:\/\/www.aimsttp.org\/cop\">Communaut\u00e9 de pratique&nbsp;<\/a>(Flic) maintenant et commencez \u00e0 engager des conversations avec les membres de votre groupe communautaire!<\/p>\n\n\n\n<p><\/p>\n\n\n\n<div style=\"height:20px\" aria-hidden=\"true\" class=\"wp-block-spacer\"><\/div>\n\n\n\n<div class=\"is-layout-flex wp-block-buttons\">\n<div class=\"wp-block-button bg-alt\"><a class=\"wp-block-button__link\" href=\"https:\/\/aimsttp.org\/elearning\/\" target=\"_blank\" rel=\"noreferrer noopener\">Lire la suite<\/a><\/div>\n<\/div>\n<\/div><\/div>\n<\/div><\/div>\n\n\n\n<div class=\"wp-block-advgb-column advgb-column advgb-is-half-tablet advgb-is-full-mobile\" id=\"advgb-col-df39abfd-ab69-4145-84ec-86c1a883d9da\"><div class=\"advgb-column-inner\" style=\"border-style:none;border-width:1px\">\n<div class=\"wp-block-cover\" style=\"background-image:url(https:\/\/aims-cameroon.org\/wp-content\/uploads\/sites\/6\/2021\/03\/20201212_162047-1.jpg);min-height:500px\"><div class=\"wp-block-cover__inner-container\">\n<p class=\"has-text-align-center has-large-font-size\"><\/p>\n<\/div><\/div>\n<\/div><\/div>\n<\/div><\/div><\/div>\n<\/div><\/div>\n<style class=\"advgb-styles-renderer\">#advgb-cols-392c70ae-3cf5-46e7-9928-24112ab9deac{}@media screen and (max-width: 1023px) {#advgb-cols-392c70ae-3cf5-46e7-9928-24112ab9deac{}}@media screen and (max-width: 767px) {#advgb-cols-392c70ae-3cf5-46e7-9928-24112ab9deac{}}#advgb-col-aadc461b-aa24-4726-9234-37f9fcfa12c2>.advgb-column-inner{}@media screen and (max-width: 1023px) {#advgb-col-aadc461b-aa24-4726-9234-37f9fcfa12c2>.advgb-column-inner{}}@media screen and (max-width: 767px) {#advgb-col-aadc461b-aa24-4726-9234-37f9fcfa12c2>.advgb-column-inner{}}#advgb-col-df39abfd-ab69-4145-84ec-86c1a883d9da>.advgb-column-inner{}@media screen and (max-width: 1023px) {#advgb-col-df39abfd-ab69-4145-84ec-86c1a883d9da>.advgb-column-inner{}}@media screen and (max-width: 767px) {#advgb-col-df39abfd-ab69-4145-84ec-86c1a883d9da>.advgb-column-inner{}}<\/style>","protected":false},"excerpt":{"rendered":"","protected":false},"author":2,"featured_media":0,"parent":0,"menu_order":0,"comment_status":"closed","ping_status":"closed","template":"","meta":{"advgb_blocks_editor_width":"","advgb_blocks_columns_visual_guide":""},"acf":[],"coauthors":[],"author_meta":{"author_link":"https:\/\/aims-cameroon.org\/fr\/author\/rose\/","display_name":"rose"},"relative_dates":{"created":"Publi\u00e9 6 ans il y a","modified":"Mis \u00e0 jour 5 ans il y a"},"absolute_dates":{"created":"Publi\u00e9 le septembre 26, 2020","modified":"Mise \u00e0 jour le juillet 19, 2021"},"absolute_dates_time":{"created":"Publi\u00e9 le septembre 26, 2020 6:58  ","modified":"Mise \u00e0 jour le juillet 19, 2021 9:04  "},"featured_img_caption":"","featured_img":false,"series_order":"","_links":{"self":[{"href":"https:\/\/aims-cameroon.org\/fr\/wp-json\/wp\/v2\/pages\/843"}],"collection":[{"href":"https:\/\/aims-cameroon.org\/fr\/wp-json\/wp\/v2\/pages"}],"about":[{"href":"https:\/\/aims-cameroon.org\/fr\/wp-json\/wp\/v2\/types\/page"}],"author":[{"embeddable":true,"href":"https:\/\/aims-cameroon.org\/fr\/wp-json\/wp\/v2\/users\/2"}],"replies":[{"embeddable":true,"href":"https:\/\/aims-cameroon.org\/fr\/wp-json\/wp\/v2\/comments?post=843"}],"version-history":[{"count":8,"href":"https:\/\/aims-cameroon.org\/fr\/wp-json\/wp\/v2\/pages\/843\/revisions"}],"predecessor-version":[{"id":3685,"href":"https:\/\/aims-cameroon.org\/fr\/wp-json\/wp\/v2\/pages\/843\/revisions\/3685"}],"wp:attachment":[{"href":"https:\/\/aims-cameroon.org\/fr\/wp-json\/wp\/v2\/media?parent=843"}],"curies":[{"name":"wp","href":"https:\/\/api.w.org\/{rel}","templated":true}]}}