{"id":845,"date":"2020-09-26T18:58:57","date_gmt":"2020-09-26T18:58:57","guid":{"rendered":"https:\/\/aims-cameroon.org\/?page_id=845"},"modified":"2021-07-19T09:04:38","modified_gmt":"2021-07-19T09:04:38","slug":"teacher-training-laboratories","status":"publish","type":"page","link":"https:\/\/aims-cameroon.org\/fr\/teacher-training-laboratories\/","title":{"rendered":"Laboratoires de formation des enseignants"},"content":{"rendered":"<div class=\"wp-block-cover has-background-dim-30 has-background-dim has-custom-content-position is-position-bottom-left pad-5\" style=\"background-image:url(https:\/\/aims-cameroon.org\/wp-content\/uploads\/sites\/6\/2021\/03\/Picture7.jpg);background-color:#161228;min-height:600px;background-position:63% 25%\"><div class=\"wp-block-cover__inner-container\">\n<h1>Laboratoires de formation des enseignants<\/h1>\n\n\n\n<p><\/p>\n<\/div><\/div>\n\n\n\n<div class=\"is-layout-flow wp-block-group\"><div class=\"wp-block-group__inner-container\">\n<div class=\"wp-block-advgb-columns advgb-columns-wrapper\" id=\"advgb-cols-831b597e-e142-42d8-b8b4-66cc8515cd46\"><div class=\"advgb-columns-container\"><div class=\"advgb-columns advgb-columns-row advgb-is-mobile advgb-columns-2 layout-12-12 mbl-layout-stacked vgutter-10\">\n<div class=\"wp-block-advgb-column advgb-column advgb-is-half-tablet advgb-is-full-mobile\" id=\"advgb-col-4ae28bea-40f9-43e4-8332-dd4f4f43a8bf\"><div class=\"advgb-column-inner\" style=\"border-style:none;border-width:1px\">\n<div class=\"wp-block-cover\" style=\"background-image:url(https:\/\/aims-cameroon.org\/wp-content\/uploads\/sites\/6\/2021\/03\/Picture5.jpg);min-height:500px\"><div class=\"wp-block-cover__inner-container\">\n<p class=\"has-text-align-center has-large-font-size\"><\/p>\n<\/div><\/div>\n<\/div><\/div>\n\n\n\n<div class=\"wp-block-advgb-column advgb-column advgb-is-half-tablet advgb-is-full-mobile\" id=\"advgb-col-8c76b7da-d649-4402-a4fd-edb17efd5466\"><div class=\"advgb-column-inner\" style=\"border-style:none;border-width:1px\">\n<div class=\"is-layout-flow wp-block-group pad-5-10\"><div class=\"wp-block-group__inner-container\">\n<h2>Aper\u00e7u<\/h2>\n\n\n\n<p>Les laboratoires de formation des enseignants (TTL) des institutions partenaires (coll\u00e8ges sup\u00e9rieurs de formation des enseignants et coll\u00e8ge technique sup\u00e9rieur de formation des enseignants) avec TTP Cameroun ont \u00e9t\u00e9 achev\u00e9s et sont compl\u00e8tement fonctionnels, sauf celui de Bambili qui est en phase finale de planification. La configuration de conception flexible du laboratoire lui permet d&#039;\u00eatre utilis\u00e9 de 4 mani\u00e8res diff\u00e9rentes.<\/p>\n\n\n\n<p><\/p>\n\n\n\n<div style=\"height:20px\" aria-hidden=\"true\" class=\"wp-block-spacer\"><\/div>\n<\/div><\/div>\n<\/div><\/div>\n<\/div><\/div><\/div>\n\n\n\n<div class=\"wp-block-advgb-columns advgb-columns-wrapper\" id=\"advgb-cols-0c0f851b-9581-4c41-9229-3e83d37afeb8\"><div class=\"advgb-columns-container\"><div class=\"advgb-columns advgb-columns-row advgb-is-mobile columns-valign-full advgb-columns-2 layout-12-12 mbl-layout-stacked vgutter-10\">\n<div class=\"wp-block-advgb-column advgb-column advgb-is-half-tablet advgb-is-full-mobile\" id=\"advgb-col-3d96cbee-0dde-4f17-ad69-4c59a9937cc3\"><div class=\"advgb-column-inner\" style=\"border-style:none;border-width:1px\">\n<div class=\"is-layout-flow wp-block-group pad-5-10 has-white-background-color has-background\"><div class=\"wp-block-group__inner-container\">\n<h2>Conception flexible<\/h2>\n\n\n\n<p>La configuration de conception flexible du laboratoire lui permet d&#039;\u00eatre utilis\u00e9 de 4 mani\u00e8res diff\u00e9rentes, comme suit:<\/p>\n\n\n\n<ol type=\"1\"><li>Laboratoire informatique \u00e0 l&#039;usage de tous les acteurs (enseignants en formation initiale et en cours d&#039;emploi, directeurs, ma\u00eetres formateurs). Les enseignants en formation utilisent actuellement le laboratoire de Yaound\u00e9.<\/li><li>Laboratoire de formation pour les \u00e9v\u00e9nements de formation TTP: ateliers de Master Trainer, s\u00e9minaires de formation initiale pour les enseignants, ateliers de formation continue.<\/li><li>Laboratoire de simulation d&#039;enseignement o\u00f9 les enseignants donnent des le\u00e7ons pendant leur formation et ont un retour vid\u00e9o instantan\u00e9.<\/li><li>Facilit\u00e9 d&#039;apprentissage \u00e0 distance pour permettre \u00e0 tous les enseignants de b\u00e9n\u00e9ficier d&#039;\u00e9v\u00e9nements de formation dans l&#039;un des centres de formation continue et de d\u00e9veloppement professionnel.<\/li><\/ol>\n\n\n\n<p><\/p>\n\n\n\n<div style=\"height:20px\" aria-hidden=\"true\" class=\"wp-block-spacer\"><\/div>\n<\/div><\/div>\n<\/div><\/div>\n\n\n\n<div class=\"wp-block-advgb-column advgb-column advgb-is-half-tablet advgb-is-full-mobile\" id=\"advgb-col-fc66b58e-a783-48d2-8dba-d42b36db9bb3\"><div class=\"advgb-column-inner\" style=\"border-style:none;border-width:1px\">\n<div class=\"wp-block-cover\" style=\"background-image:url(https:\/\/aims-cameroon.org\/wp-content\/uploads\/sites\/6\/2021\/03\/Picture4-2.jpg);min-height:500px\"><div class=\"wp-block-cover__inner-container\">\n<p class=\"has-text-align-center has-large-font-size\"><\/p>\n<\/div><\/div>\n<\/div><\/div>\n<\/div><\/div><\/div>\n\n\n\n<div class=\"wp-block-advgb-columns advgb-columns-wrapper\" id=\"advgb-cols-e83c5313-a7ac-4e09-9c57-2d771ccfc282\"><div class=\"advgb-columns-container\"><div class=\"advgb-columns advgb-columns-row advgb-is-mobile advgb-columns-2 layout-12-12 mbl-layout-stacked vgutter-10\">\n<div class=\"wp-block-advgb-column advgb-column advgb-is-half-tablet advgb-is-full-mobile\" id=\"advgb-col-2146d9ed-5aab-4968-a088-4cea2cf560b9\"><div class=\"advgb-column-inner\" style=\"border-style:none;border-width:1px\">\n<div class=\"wp-block-cover\" style=\"background-image:url(https:\/\/aims-cameroon.org\/wp-content\/uploads\/sites\/6\/2021\/03\/Picture6-1.jpg);min-height:500px\"><div class=\"wp-block-cover__inner-container\">\n<p class=\"has-text-align-center has-large-font-size\"><\/p>\n<\/div><\/div>\n<\/div><\/div>\n\n\n\n<div class=\"wp-block-advgb-column advgb-column advgb-is-half-tablet advgb-is-full-mobile\" id=\"advgb-col-8f063790-52a9-43ec-be5e-b702d09cf961\"><div class=\"advgb-column-inner\" style=\"border-style:none;border-width:1px\">\n<div class=\"is-layout-flow wp-block-group pad-5-10\"><div class=\"wp-block-group__inner-container\">\n<h2>\u00c9quipement de haute technologie<\/h2>\n\n\n\n<p>Les trois laboratoires de formation des enseignants sont bien \u00e9quip\u00e9s avec des meubles adapt\u00e9s aux apprenants, des \u00e9quipements audiovisuels et num\u00e9riques de pointe qui cr\u00e9ent un environnement d&#039;apprentissage et d&#039;enseignement fascinant. <\/p>\n\n\n\n<p>Les salles sont \u00e9quip\u00e9es de tableaux intelligents qui constituent une innovation technologique dans le paysage p\u00e9dagogique au Cameroun.<\/p>\n\n\n\n<div style=\"height:20px\" aria-hidden=\"true\" class=\"wp-block-spacer\"><\/div>\n<\/div><\/div>\n<\/div><\/div>\n<\/div><\/div><\/div>\n<\/div><\/div>\n<style class=\"advgb-styles-renderer\">#advgb-cols-831b597e-e142-42d8-b8b4-66cc8515cd46{}@media screen and (max-width: 1023px) {#advgb-cols-831b597e-e142-42d8-b8b4-66cc8515cd46{}}@media screen and (max-width: 767px) {#advgb-cols-831b597e-e142-42d8-b8b4-66cc8515cd46{}}#advgb-col-4ae28bea-40f9-43e4-8332-dd4f4f43a8bf>.advgb-column-inner{}@media screen and (max-width: 1023px) {#advgb-col-4ae28bea-40f9-43e4-8332-dd4f4f43a8bf>.advgb-column-inner{}}@media screen and (max-width: 767px) {#advgb-col-4ae28bea-40f9-43e4-8332-dd4f4f43a8bf>.advgb-column-inner{}}#advgb-col-8c76b7da-d649-4402-a4fd-edb17efd5466>.advgb-column-inner{}@media screen and (max-width: 1023px) {#advgb-col-8c76b7da-d649-4402-a4fd-edb17efd5466>.advgb-column-inner{}}@media screen and (max-width: 767px) {#advgb-col-8c76b7da-d649-4402-a4fd-edb17efd5466>.advgb-column-inner{}}#advgb-cols-0c0f851b-9581-4c41-9229-3e83d37afeb8{}@media screen and (max-width: 1023px) {#advgb-cols-0c0f851b-9581-4c41-9229-3e83d37afeb8{}}@media screen and (max-width: 767px) {#advgb-cols-0c0f851b-9581-4c41-9229-3e83d37afeb8{}}#advgb-col-3d96cbee-0dde-4f17-ad69-4c59a9937cc3>.advgb-column-inner{}@media screen and (max-width: 1023px) {#advgb-col-3d96cbee-0dde-4f17-ad69-4c59a9937cc3>.advgb-column-inner{}}@media screen and (max-width: 767px) {#advgb-col-3d96cbee-0dde-4f17-ad69-4c59a9937cc3>.advgb-column-inner{}}#advgb-col-fc66b58e-a783-48d2-8dba-d42b36db9bb3>.advgb-column-inner{}@media screen and (max-width: 1023px) {#advgb-col-fc66b58e-a783-48d2-8dba-d42b36db9bb3>.advgb-column-inner{}}@media screen and (max-width: 767px) {#advgb-col-fc66b58e-a783-48d2-8dba-d42b36db9bb3>.advgb-column-inner{}}#advgb-cols-e83c5313-a7ac-4e09-9c57-2d771ccfc282{}@media screen and (max-width: 1023px) {#advgb-cols-e83c5313-a7ac-4e09-9c57-2d771ccfc282{}}@media screen and (max-width: 767px) {#advgb-cols-e83c5313-a7ac-4e09-9c57-2d771ccfc282{}}#advgb-col-2146d9ed-5aab-4968-a088-4cea2cf560b9>.advgb-column-inner{}@media screen and (max-width: 1023px) {#advgb-col-2146d9ed-5aab-4968-a088-4cea2cf560b9>.advgb-column-inner{}}@media screen and (max-width: 767px) {#advgb-col-2146d9ed-5aab-4968-a088-4cea2cf560b9>.advgb-column-inner{}}#advgb-col-8f063790-52a9-43ec-be5e-b702d09cf961>.advgb-column-inner{}@media screen and (max-width: 1023px) {#advgb-col-8f063790-52a9-43ec-be5e-b702d09cf961>.advgb-column-inner{}}@media screen and (max-width: 767px) {#advgb-col-8f063790-52a9-43ec-be5e-b702d09cf961>.advgb-column-inner{}}<\/style>","protected":false},"excerpt":{"rendered":"","protected":false},"author":2,"featured_media":0,"parent":0,"menu_order":0,"comment_status":"closed","ping_status":"closed","template":"","meta":{"advgb_blocks_editor_width":"","advgb_blocks_columns_visual_guide":""},"acf":[],"coauthors":[],"author_meta":{"author_link":"https:\/\/aims-cameroon.org\/fr\/author\/rose\/","display_name":"rose"},"relative_dates":{"created":"Publi\u00e9 6 ans il y a","modified":"Mis \u00e0 jour 5 ans il y a"},"absolute_dates":{"created":"Publi\u00e9 le septembre 26, 2020","modified":"Mise \u00e0 jour le juillet 19, 2021"},"absolute_dates_time":{"created":"Publi\u00e9 le septembre 26, 2020 6:58  ","modified":"Mise \u00e0 jour le juillet 19, 2021 9:04  "},"featured_img_caption":"","featured_img":false,"series_order":"","_links":{"self":[{"href":"https:\/\/aims-cameroon.org\/fr\/wp-json\/wp\/v2\/pages\/845"}],"collection":[{"href":"https:\/\/aims-cameroon.org\/fr\/wp-json\/wp\/v2\/pages"}],"about":[{"href":"https:\/\/aims-cameroon.org\/fr\/wp-json\/wp\/v2\/types\/page"}],"author":[{"embeddable":true,"href":"https:\/\/aims-cameroon.org\/fr\/wp-json\/wp\/v2\/users\/2"}],"replies":[{"embeddable":true,"href":"https:\/\/aims-cameroon.org\/fr\/wp-json\/wp\/v2\/comments?post=845"}],"version-history":[{"count":5,"href":"https:\/\/aims-cameroon.org\/fr\/wp-json\/wp\/v2\/pages\/845\/revisions"}],"predecessor-version":[{"id":1788,"href":"https:\/\/aims-cameroon.org\/fr\/wp-json\/wp\/v2\/pages\/845\/revisions\/1788"}],"wp:attachment":[{"href":"https:\/\/aims-cameroon.org\/fr\/wp-json\/wp\/v2\/media?parent=845"}],"curies":[{"name":"wp","href":"https:\/\/api.w.org\/{rel}","templated":true}]}}