{"id":847,"date":"2020-09-26T18:59:33","date_gmt":"2020-09-26T18:59:33","guid":{"rendered":"https:\/\/aims-cameroon.org\/?page_id=847"},"modified":"2021-07-19T09:04:37","modified_gmt":"2021-07-19T09:04:37","slug":"maths-online","status":"publish","type":"page","link":"https:\/\/aims-cameroon.org\/fr\/maths-online\/","title":{"rendered":"Maths en ligne"},"content":{"rendered":"<div class=\"wp-block-cover has-background-dim-30 has-background-dim has-custom-content-position is-position-bottom-left pad-5\" style=\"background-image:url(https:\/\/aims-cameroon.org\/wp-content\/uploads\/sites\/6\/2021\/03\/maths-online.jpg);background-color:#161228;min-height:600px;background-position:63% 25%\"><div class=\"wp-block-cover__inner-container\">\n<h1>Maths en ligne<\/h1>\n\n\n\n<p><\/p>\n<\/div><\/div>\n\n\n\n<div class=\"is-layout-flow wp-block-group\"><div class=\"wp-block-group__inner-container\">\n<div class=\"wp-block-advgb-columns advgb-columns-wrapper\" id=\"advgb-cols-a2d49ecb-ba29-4e21-a5c4-70c81a365e1d\"><div class=\"advgb-columns-container\"><div class=\"advgb-columns advgb-columns-row advgb-is-mobile advgb-columns-2 layout-12-12 mbl-layout-stacked vgutter-10\">\n<div class=\"wp-block-advgb-column advgb-column advgb-is-half-tablet advgb-is-full-mobile\" id=\"advgb-col-6e5f59b2-f23b-4e11-850e-892db50486ee\"><div class=\"advgb-column-inner\" style=\"border-style:none;border-width:1px\">\n<div class=\"wp-block-cover\" style=\"background-image:url(https:\/\/aims-cameroon.org\/wp-content\/uploads\/sites\/6\/2021\/03\/20201212_162047-2.jpg);min-height:500px\"><div class=\"wp-block-cover__inner-container\">\n<p class=\"has-text-align-center has-large-font-size\"><\/p>\n<\/div><\/div>\n<\/div><\/div>\n\n\n\n<div class=\"wp-block-advgb-column advgb-column advgb-is-half-tablet advgb-is-full-mobile\" id=\"advgb-col-dd3b3779-8f4b-4d19-9ebf-34b5e4b08931\"><div class=\"advgb-column-inner\" style=\"border-style:none;border-width:1px\">\n<div class=\"is-layout-flow wp-block-group pad-5-10\"><div class=\"wp-block-group__inner-container\">\n<h2>Cours gratuits et accessibles<\/h2>\n\n\n\n<p>En r\u00e9ponse aux effets du COVID-19, le programme de formation des enseignants (TTP) de l&#039;AIMS Cameroun a lanc\u00e9 une plateforme en ligne qui permet aux \u00e9l\u00e8ves du secondaire de continuer \u00e0 apprendre \u00e0 distance. Maths Online propose des cours gratuits et facilement accessibles aux \u00e9tudiants des sous-syst\u00e8mes anglais et fran\u00e7ais, offrant \u00e9galement des le\u00e7ons t\u00e9l\u00e9chargeables. <\/p>\n\n\n\n<p>Pour acc\u00e9der \u00e0 la plateforme gratuite, visitez <a href=\"http:\/\/aimsttp.org\/mathsonline\/\" target=\"_blank\" rel=\"noreferrer noopener\">aimsttp.org\/mathsonline\/<\/a>.<\/p>\n\n\n\n<p><\/p>\n\n\n\n<div style=\"height:20px\" aria-hidden=\"true\" class=\"wp-block-spacer\"><\/div>\n<\/div><\/div>\n<\/div><\/div>\n<\/div><\/div><\/div>\n\n\n\n<div class=\"wp-block-advgb-columns advgb-columns-wrapper\" id=\"advgb-cols-cbf16c4d-8d5b-48ce-9095-53d759464792\"><div class=\"advgb-columns-container\"><div class=\"advgb-columns advgb-columns-row advgb-is-mobile advgb-columns-2 layout-12-12 mbl-layout-stacked vgutter-10\">\n<div class=\"wp-block-advgb-column advgb-column advgb-is-half-tablet advgb-is-full-mobile\" id=\"advgb-col-96fc4e26-d059-47b0-936d-b25cb64f8b71\"><div class=\"advgb-column-inner\" style=\"border-style:none;border-width:1px\"><\/div><\/div>\n\n\n\n<div class=\"wp-block-advgb-column advgb-column advgb-is-half-tablet advgb-is-full-mobile\" id=\"advgb-col-827ca12d-77d8-4337-b6da-6f2f64480909\"><div class=\"advgb-column-inner\" style=\"border-style:none;border-width:1px\">\n<div class=\"is-layout-flow wp-block-group pad-5-10\"><div class=\"wp-block-group__inner-container\">\n<div style=\"height:20px\" aria-hidden=\"true\" class=\"wp-block-spacer\"><\/div>\n<\/div><\/div>\n<\/div><\/div>\n<\/div><\/div><\/div>\n<\/div><\/div>\n\n\n\n<p><\/p>\n<style class=\"advgb-styles-renderer\">#advgb-cols-a2d49ecb-ba29-4e21-a5c4-70c81a365e1d{}@media screen and (max-width: 1023px) {#advgb-cols-a2d49ecb-ba29-4e21-a5c4-70c81a365e1d{}}@media screen and (max-width: 767px) {#advgb-cols-a2d49ecb-ba29-4e21-a5c4-70c81a365e1d{}}#advgb-col-6e5f59b2-f23b-4e11-850e-892db50486ee>.advgb-column-inner{}@media screen and (max-width: 1023px) {#advgb-col-6e5f59b2-f23b-4e11-850e-892db50486ee>.advgb-column-inner{}}@media screen and (max-width: 767px) {#advgb-col-6e5f59b2-f23b-4e11-850e-892db50486ee>.advgb-column-inner{}}#advgb-col-dd3b3779-8f4b-4d19-9ebf-34b5e4b08931>.advgb-column-inner{}@media screen and (max-width: 1023px) {#advgb-col-dd3b3779-8f4b-4d19-9ebf-34b5e4b08931>.advgb-column-inner{}}@media screen and (max-width: 767px) {#advgb-col-dd3b3779-8f4b-4d19-9ebf-34b5e4b08931>.advgb-column-inner{}}#advgb-cols-cbf16c4d-8d5b-48ce-9095-53d759464792{}@media screen and (max-width: 1023px) {#advgb-cols-cbf16c4d-8d5b-48ce-9095-53d759464792{}}@media screen and (max-width: 767px) {#advgb-cols-cbf16c4d-8d5b-48ce-9095-53d759464792{}}#advgb-col-96fc4e26-d059-47b0-936d-b25cb64f8b71>.advgb-column-inner{}@media screen and (max-width: 1023px) {#advgb-col-96fc4e26-d059-47b0-936d-b25cb64f8b71>.advgb-column-inner{}}@media screen and (max-width: 767px) {#advgb-col-96fc4e26-d059-47b0-936d-b25cb64f8b71>.advgb-column-inner{}}#advgb-col-827ca12d-77d8-4337-b6da-6f2f64480909>.advgb-column-inner{}@media screen and (max-width: 1023px) {#advgb-col-827ca12d-77d8-4337-b6da-6f2f64480909>.advgb-column-inner{}}@media screen and (max-width: 767px) {#advgb-col-827ca12d-77d8-4337-b6da-6f2f64480909>.advgb-column-inner{}}<\/style>","protected":false},"excerpt":{"rendered":"","protected":false},"author":2,"featured_media":0,"parent":0,"menu_order":0,"comment_status":"closed","ping_status":"closed","template":"","meta":{"advgb_blocks_editor_width":"","advgb_blocks_columns_visual_guide":""},"acf":[],"coauthors":[],"author_meta":{"author_link":"https:\/\/aims-cameroon.org\/fr\/author\/rose\/","display_name":"rose"},"relative_dates":{"created":"Publi\u00e9 6 ans il y a","modified":"Mis \u00e0 jour 5 ans il y a"},"absolute_dates":{"created":"Publi\u00e9 le septembre 26, 2020","modified":"Mise \u00e0 jour le juillet 19, 2021"},"absolute_dates_time":{"created":"Publi\u00e9 le septembre 26, 2020 6:59  ","modified":"Mise \u00e0 jour le juillet 19, 2021 9:04  "},"featured_img_caption":"","featured_img":false,"series_order":"","_links":{"self":[{"href":"https:\/\/aims-cameroon.org\/fr\/wp-json\/wp\/v2\/pages\/847"}],"collection":[{"href":"https:\/\/aims-cameroon.org\/fr\/wp-json\/wp\/v2\/pages"}],"about":[{"href":"https:\/\/aims-cameroon.org\/fr\/wp-json\/wp\/v2\/types\/page"}],"author":[{"embeddable":true,"href":"https:\/\/aims-cameroon.org\/fr\/wp-json\/wp\/v2\/users\/2"}],"replies":[{"embeddable":true,"href":"https:\/\/aims-cameroon.org\/fr\/wp-json\/wp\/v2\/comments?post=847"}],"version-history":[{"count":8,"href":"https:\/\/aims-cameroon.org\/fr\/wp-json\/wp\/v2\/pages\/847\/revisions"}],"predecessor-version":[{"id":3388,"href":"https:\/\/aims-cameroon.org\/fr\/wp-json\/wp\/v2\/pages\/847\/revisions\/3388"}],"wp:attachment":[{"href":"https:\/\/aims-cameroon.org\/fr\/wp-json\/wp\/v2\/media?parent=847"}],"curies":[{"name":"wp","href":"https:\/\/api.w.org\/{rel}","templated":true}]}}