{"id":849,"date":"2020-09-26T19:00:14","date_gmt":"2020-09-26T19:00:14","guid":{"rendered":"https:\/\/aims-cameroon.org\/?page_id=849"},"modified":"2021-07-19T09:04:37","modified_gmt":"2021-07-19T09:04:37","slug":"outreach-and-public-engagement","status":"publish","type":"page","link":"https:\/\/aims-cameroon.org\/fr\/outreach-and-public-engagement\/","title":{"rendered":"Sensibilisation et engagement du public"},"content":{"rendered":"<div class=\"wp-block-cover has-background-dim-30 has-background-dim has-custom-content-position is-position-bottom-left pad-5\" style=\"background-image:url(https:\/\/aims-cameroon.org\/wp-content\/uploads\/sites\/6\/2021\/03\/IMG-20210314-WA0036.jpg);background-color:#161228;min-height:600px;background-position:63% 25%\"><div class=\"wp-block-cover__inner-container\">\n<h1>Sensibilisation et engagement du public<\/h1>\n\n\n\n<p><\/p>\n<\/div><\/div>\n\n\n\n<div class=\"is-layout-flow wp-block-group pad-5\"><div class=\"wp-block-group__inner-container\">\n<h2>Aper\u00e7u<\/h2>\n\n\n\n<p>Le cadre de sensibilisation et d&#039;engagement du public de TTP d\u00e9finit <strong>&quot;Publique&quot; <\/strong>comme toutes les parties prenantes cl\u00e9s de l&#039;\u00e9ducation, y compris les \u00e9tudiants, les parents, les enseignants, les directeurs, les d\u00e9cideurs et le secteur des entreprises (entreprises). En cherchant \u00e0 stimuler l&#039;int\u00e9r\u00eat public et l&#039;appr\u00e9ciation de l&#039;activit\u00e9 math\u00e9matique \u00e0 travers des activit\u00e9s d&#039;engagement du public, TTP-Cameroun vise \u00e0:<\/p>\n\n\n\n<ul><li>Accro\u00eetre la sensibilisation et la compr\u00e9hension parmi le public et les d\u00e9cideurs de la valeur critique du TTP pour am\u00e9liorer les r\u00e9sultats en math\u00e9matiques au secondaire;&nbsp;&nbsp;<\/li><li>Augmenter l&#039;int\u00e9r\u00eat et l&#039;inscription parmi \/ des \u00e9l\u00e8ves du secondaire dans les cours STEM au niveau de l&#039;enseignement sup\u00e9rieur;<\/li><li>Accro\u00eetre les partenariats entre le secteur public et le secteur priv\u00e9 dans la mise en \u0153uvre d&#039;activit\u00e9s de promotion et d&#039;apprentissage en math\u00e9matiques \/ STEM (pour les enseignants et les \u00e9tudiants) dans le pays.<\/li><li>Am\u00e9liorer les politiques \u00e9ducatives \u00e0 l&#039;appui d&#039;un enseignement et d&#039;un apprentissage efficaces et de qualit\u00e9 des math\u00e9matiques dans le pays<\/li><\/ul>\n\n\n\n<p><\/p>\n<\/div><\/div>\n\n\n\n<div class=\"wp-block-cover has-background-dim-70 has-background-dim has-custom-content-position is-position-top-left pad-5\" style=\"background-image:url(https:\/\/aims-cameroon.org\/wp-content\/uploads\/sites\/6\/2021\/03\/Saker-Olympiad-1.jpg);background-color:#161228\"><div class=\"wp-block-cover__inner-container\">\n<h2>Approcher<\/h2>\n\n\n\n<p>En fin de compte, la mise en \u0153uvre des activit\u00e9s d&#039;engagement du public devrait contribuer de mani\u00e8re significative \u00e0 l&#039;atteinte de ses objectifs primordiaux en mati\u00e8re de math\u00e9matiques parmi les \u00e9l\u00e8ves du secondaire camerounais et \u00e0 l&#039;am\u00e9lioration des taux de transition des \u00e9l\u00e8ves (en particulier des filles) vers des cours orient\u00e9s STEM. .<\/p>\n\n\n\n<p><\/p>\n<\/div><\/div>\n\n\n\n<div class=\"is-layout-flow wp-block-group pad-5\"><div class=\"wp-block-group__inner-container\">\n<h2>Strat\u00e9gies et activit\u00e9s d&#039;engagement du public<\/h2>\n\n\n\n<p><strong>1. Amplifier les conversations du public sur la valeur des math\u00e9matiques<\/strong><\/p>\n\n\n\n<p>Les objectifs sp\u00e9cifiques \u00e0 atteindre gr\u00e2ce aux activit\u00e9s strat\u00e9giques dans le cadre de cette strat\u00e9gie comprennent la stimulation de l&#039;int\u00e9r\u00eat pour les disciplines STEM parmi le public camerounais - en particulier les jeunes; rehausser le profil des math\u00e9matiques en tant que mati\u00e8re, accro\u00eetre la compr\u00e9hension par le public de leur r\u00f4le dans la formation d&#039;une attitude positive envers les math\u00e9matiques parmi les jeunes, en particulier parmi les filles, accro\u00eetre la visibilit\u00e9 des mod\u00e8les de r\u00f4le des STEM (en particulier des femmes) parmi le public camerounais; accro\u00eetre la compr\u00e9hension par le public du lien de genre avec un apprentissage efficace des math\u00e9matiques et renforcer la collaboration avec le secteur priv\u00e9 pour soutenir l&#039;enseignement des math\u00e9matiques dans le pays. Les principales activit\u00e9s comprennent des talk shows m\u00e9diatiques, des road shows math\u00e9matiques, un slam math\u00e9matique, musique et po\u00e9sie (m\u00e9dias sociaux), un concours de vid\u00e9os de math\u00e9matiques, des forums de math\u00e9matiques, un \u00abd\u00eener des ambassadeurs\u00bb avec des repr\u00e9sentants du secteur priv\u00e9 et la publication d&#039;un magazine TTP Mathematics \\ Education. <\/p>\n\n\n\n<p><strong>2. Appui \u00e0 la Journ\u00e9e internationale des math\u00e9matiques (IDM)<\/strong><\/p>\n\n\n\n<p>Pour c\u00e9l\u00e9brer l&#039;IDM, le personnel de TTP et plusieurs ma\u00eetres formateurs font la promotion de l&#039;importance des math\u00e9matiques \u00e0 la radio et \u00e0 la t\u00e9l\u00e9vision et encouragent les enseignants, les \u00e9l\u00e8ves - et tout le monde - \u00e0 c\u00e9l\u00e9brer les math\u00e9matiques d&#039;une mani\u00e8re ou d&#039;une autre. Les enseignants de tout le pays organisent des \u00e9v\u00e9nements pour mettre en valeur le r\u00f4le et l&#039;impact des math\u00e9matiques dans la vie de tous les jours. Ces \u00e9v\u00e9nements comprennent des s\u00e9minaires de math\u00e9matiques, des olympiades, des po\u00e8mes, des routines de danse, la construction de figures solides, l&#039;\u00e9laboration d&#039;un plan scolaire, entre autres.<\/p>\n\n\n\n<div class=\"wp-block-advgb-columns advgb-columns-wrapper\" id=\"advgb-cols-d34cb8ed-2f9c-48bc-b6ae-a12b3b133f0f\"><div class=\"advgb-columns-container\"><div class=\"advgb-columns advgb-columns-row advgb-is-mobile advgb-columns-2 layout-12-12 mbl-layout-stacked vgutter-10\">\n<div class=\"wp-block-advgb-column advgb-column advgb-is-half-tablet advgb-is-full-mobile\" id=\"advgb-col-f60248ed-2423-4b35-a2c0-61fd5822d794\"><div class=\"advgb-column-inner\" style=\"border-style:none;border-width:1px\">\n<p><strong>3. Olympiades<\/strong><\/p>\n\n\n\n<p>TTP Cameroun soutient les Olympiades r\u00e9gionales pour aider \u00e0 susciter l&#039;int\u00e9r\u00eat pour les math\u00e9matiques. Les Olympiades r\u00e9gionales pr\u00e9liminaires et l&#039;Olympiade nationale contribuent \u00e0 l&#039;objectif du TTP d&#039;\u00e9largir les horizons math\u00e9matiques de certains des meilleurs \u00e9l\u00e8ves en math\u00e9matiques des \u00e9coles secondaires du Cameroun.<\/p>\n\n\n\n<p><strong>4. Renforcement des associations d&#039;enseignants de math\u00e9matiques<\/strong><\/p>\n\n\n\n<p>TTP Cameroun soutient diverses associations d&#039;enseignants afin d&#039;am\u00e9liorer leur efficacit\u00e9 ainsi que de promouvoir d&#039;importantes activit\u00e9s et initiatives de TTP. Le TTP a identifi\u00e9 la n\u00e9cessit\u00e9 de rallier la communaut\u00e9 enseignante des math\u00e9matiques au sens large dans le pays pour identifier et reconna\u00eetre la valeur du programme TTP pour am\u00e9liorer l&#039;enseignement et l&#039;apprentissage efficaces des math\u00e9matiques dans le pays.<\/p>\n\n\n\n<p><strong>5. Programme national de r\u00e9compenses TTP (NAP) <\/strong><\/p>\n\n\n\n<p>Le National Awards Program est une c\u00e9r\u00e9monie de remise de prix STEM organis\u00e9e par AIMS TTP pour reconna\u00eetre, appr\u00e9cier et motiver les \u00e9tudiants et les enseignants du pays dans leurs brillantes performances en STEM et leurs contributions \u00e0 la promotion des domaines d&#039;\u00e9tudes li\u00e9s aux STEM. il s&#039;agit de consolider toutes les activit\u00e9s et de r\u00e9compenser les \u00e9tudiants en math\u00e9matiques les plus brillants du Cameroun et leurs parents, les meilleurs professeurs de math\u00e9matiques du Cameroun et leurs ma\u00eetres formateurs, la meilleure \u00e9cole en math\u00e9matiques d&#039;excellence et la R\u00e9gion avec les meilleurs \u00e9tudiants en math\u00e9matiques.<\/p>\n\n\n\n<p><\/p>\n<\/div><\/div>\n\n\n\n<div class=\"wp-block-advgb-column advgb-column advgb-is-half-tablet advgb-is-full-mobile\" id=\"advgb-col-887a676f-d514-454b-9bbc-0eff852ede84\"><div class=\"advgb-column-inner\" style=\"border-style:none;border-width:1px\">\n<div class=\"wp-block-image\"><figure class=\"aligncenter size-large\"><img decoding=\"async\" loading=\"lazy\" width=\"624\" height=\"433\" src=\"https:\/\/aims-cameroon.org\/wp-content\/uploads\/sites\/6\/2021\/03\/Obala.jpg\" alt=\"\" class=\"wp-image-3389\" srcset=\"https:\/\/aims-cameroon.org\/wp-content\/uploads\/sites\/6\/2021\/03\/Obala.jpg 624w, https:\/\/aims-cameroon.org\/wp-content\/uploads\/sites\/6\/2021\/03\/Obala-300x208.jpg 300w, https:\/\/aims-cameroon.org\/wp-content\/uploads\/sites\/6\/2021\/03\/Obala-16x12.jpg 16w\" sizes=\"(max-width: 624px) 100vw, 624px\" \/><\/figure><\/div>\n<\/div><\/div>\n<\/div><\/div><\/div>\n<\/div><\/div>\n\n\n\n<div style=\"height:20px\" aria-hidden=\"true\" class=\"wp-block-spacer\"><\/div>\n<style class=\"advgb-styles-renderer\">#advgb-cols-d34cb8ed-2f9c-48bc-b6ae-a12b3b133f0f{}@media screen and (max-width: 1023px) {#advgb-cols-d34cb8ed-2f9c-48bc-b6ae-a12b3b133f0f{}}@media screen and (max-width: 767px) {#advgb-cols-d34cb8ed-2f9c-48bc-b6ae-a12b3b133f0f{}}#advgb-col-f60248ed-2423-4b35-a2c0-61fd5822d794>.advgb-column-inner{}@media screen and (max-width: 1023px) {#advgb-col-f60248ed-2423-4b35-a2c0-61fd5822d794>.advgb-column-inner{}}@media screen and (max-width: 767px) {#advgb-col-f60248ed-2423-4b35-a2c0-61fd5822d794>.advgb-column-inner{}}#advgb-col-887a676f-d514-454b-9bbc-0eff852ede84>.advgb-column-inner{}@media screen and (max-width: 1023px) {#advgb-col-887a676f-d514-454b-9bbc-0eff852ede84>.advgb-column-inner{}}@media screen and (max-width: 767px) {#advgb-col-887a676f-d514-454b-9bbc-0eff852ede84>.advgb-column-inner{}}<\/style>","protected":false},"excerpt":{"rendered":"<p>Overview TTP\u2019s Outreach and Public Engagement Framework defines \u201cPublic\u201d as all the key stakeholders in education including students, parents, teachers, principals, policy makers and corporate (business) sector. In seeking to stimulate public interest and appreciation of mathematical activity through public engagement activities, TTP-Cameroon aims to: Increase awareness and understanding amongst the public and policy makers<\/p>","protected":false},"author":2,"featured_media":0,"parent":0,"menu_order":0,"comment_status":"closed","ping_status":"closed","template":"","meta":{"advgb_blocks_editor_width":"","advgb_blocks_columns_visual_guide":""},"acf":[],"coauthors":[],"author_meta":{"author_link":"https:\/\/aims-cameroon.org\/fr\/author\/rose\/","display_name":"rose"},"relative_dates":{"created":"Publi\u00e9 6 ans il y a","modified":"Mis \u00e0 jour 5 ans il y a"},"absolute_dates":{"created":"Publi\u00e9 le septembre 26, 2020","modified":"Mise \u00e0 jour le juillet 19, 2021"},"absolute_dates_time":{"created":"Publi\u00e9 le septembre 26, 2020 7:00  ","modified":"Mise \u00e0 jour le juillet 19, 2021 9:04  "},"featured_img_caption":"","featured_img":false,"series_order":"","_links":{"self":[{"href":"https:\/\/aims-cameroon.org\/fr\/wp-json\/wp\/v2\/pages\/849"}],"collection":[{"href":"https:\/\/aims-cameroon.org\/fr\/wp-json\/wp\/v2\/pages"}],"about":[{"href":"https:\/\/aims-cameroon.org\/fr\/wp-json\/wp\/v2\/types\/page"}],"author":[{"embeddable":true,"href":"https:\/\/aims-cameroon.org\/fr\/wp-json\/wp\/v2\/users\/2"}],"replies":[{"embeddable":true,"href":"https:\/\/aims-cameroon.org\/fr\/wp-json\/wp\/v2\/comments?post=849"}],"version-history":[{"count":10,"href":"https:\/\/aims-cameroon.org\/fr\/wp-json\/wp\/v2\/pages\/849\/revisions"}],"predecessor-version":[{"id":3391,"href":"https:\/\/aims-cameroon.org\/fr\/wp-json\/wp\/v2\/pages\/849\/revisions\/3391"}],"wp:attachment":[{"href":"https:\/\/aims-cameroon.org\/fr\/wp-json\/wp\/v2\/media?parent=849"}],"curies":[{"name":"wp","href":"https:\/\/api.w.org\/{rel}","templated":true}]}}