{"id":8492,"date":"2025-01-09T10:05:38","date_gmt":"2025-01-09T10:05:38","guid":{"rendered":"https:\/\/aims-cameroon.org\/?page_id=8492"},"modified":"2025-01-09T10:05:39","modified_gmt":"2025-01-09T10:05:39","slug":"2024-2025-academic-year","status":"publish","type":"page","link":"https:\/\/aims-cameroon.org\/fr\/2024-2025-academic-year\/","title":{"rendered":"Ann\u00e9e acad\u00e9mique 2024\/2025"},"content":{"rendered":"","protected":false},"excerpt":{"rendered":"","protected":false},"author":20,"featured_media":0,"parent":0,"menu_order":0,"comment_status":"closed","ping_status":"closed","template":"","meta":{"advgb_blocks_editor_width":"","advgb_blocks_columns_visual_guide":""},"acf":[],"coauthors":[],"author_meta":{"author_link":"https:\/\/aims-cameroon.org\/fr\/author\/nathalie\/","display_name":"nathalie"},"relative_dates":{"created":"Publi\u00e9 1 an il y a","modified":"Mis \u00e0 jour 1 an il y a"},"absolute_dates":{"created":"Publi\u00e9 le janvier 9, 2025","modified":"Mise \u00e0 jour le janvier 9, 2025"},"absolute_dates_time":{"created":"Publi\u00e9 le janvier 9, 2025 10:05  ","modified":"Mise \u00e0 jour le janvier 9, 2025 10:05  "},"featured_img_caption":"","featured_img":false,"series_order":"","_links":{"self":[{"href":"https:\/\/aims-cameroon.org\/fr\/wp-json\/wp\/v2\/pages\/8492"}],"collection":[{"href":"https:\/\/aims-cameroon.org\/fr\/wp-json\/wp\/v2\/pages"}],"about":[{"href":"https:\/\/aims-cameroon.org\/fr\/wp-json\/wp\/v2\/types\/page"}],"author":[{"embeddable":true,"href":"https:\/\/aims-cameroon.org\/fr\/wp-json\/wp\/v2\/users\/20"}],"replies":[{"embeddable":true,"href":"https:\/\/aims-cameroon.org\/fr\/wp-json\/wp\/v2\/comments?post=8492"}],"version-history":[{"count":1,"href":"https:\/\/aims-cameroon.org\/fr\/wp-json\/wp\/v2\/pages\/8492\/revisions"}],"predecessor-version":[{"id":8493,"href":"https:\/\/aims-cameroon.org\/fr\/wp-json\/wp\/v2\/pages\/8492\/revisions\/8493"}],"wp:attachment":[{"href":"https:\/\/aims-cameroon.org\/fr\/wp-json\/wp\/v2\/media?parent=8492"}],"curies":[{"name":"wp","href":"https:\/\/api.w.org\/{rel}","templated":true}]}}