{"id":8496,"date":"2025-01-10T08:11:14","date_gmt":"2025-01-10T08:11:14","guid":{"rendered":"https:\/\/aims-cameroon.org\/?page_id=8496"},"modified":"2025-01-10T08:11:16","modified_gmt":"2025-01-10T08:11:16","slug":"meet-the-tutors-2024-intake","status":"publish","type":"page","link":"https:\/\/aims-cameroon.org\/fr\/meet-the-tutors-2024-intake\/","title":{"rendered":"Meet the tutors 2024 intake"},"content":{"rendered":"","protected":false},"excerpt":{"rendered":"","protected":false},"author":20,"featured_media":0,"parent":0,"menu_order":0,"comment_status":"closed","ping_status":"closed","template":"","meta":{"advgb_blocks_editor_width":"","advgb_blocks_columns_visual_guide":""},"acf":[],"coauthors":[],"author_meta":{"author_link":"https:\/\/aims-cameroon.org\/fr\/author\/nathalie\/","display_name":"nathalie"},"relative_dates":{"created":"Publi\u00e9 1 an il y a","modified":"Mis \u00e0 jour 1 an il y a"},"absolute_dates":{"created":"Publi\u00e9 le janvier 10, 2025","modified":"Mise \u00e0 jour le janvier 10, 2025"},"absolute_dates_time":{"created":"Publi\u00e9 le janvier 10, 2025 8:11  ","modified":"Mise \u00e0 jour le janvier 10, 2025 8:11  "},"featured_img_caption":"","featured_img":false,"series_order":"","_links":{"self":[{"href":"https:\/\/aims-cameroon.org\/fr\/wp-json\/wp\/v2\/pages\/8496"}],"collection":[{"href":"https:\/\/aims-cameroon.org\/fr\/wp-json\/wp\/v2\/pages"}],"about":[{"href":"https:\/\/aims-cameroon.org\/fr\/wp-json\/wp\/v2\/types\/page"}],"author":[{"embeddable":true,"href":"https:\/\/aims-cameroon.org\/fr\/wp-json\/wp\/v2\/users\/20"}],"replies":[{"embeddable":true,"href":"https:\/\/aims-cameroon.org\/fr\/wp-json\/wp\/v2\/comments?post=8496"}],"version-history":[{"count":1,"href":"https:\/\/aims-cameroon.org\/fr\/wp-json\/wp\/v2\/pages\/8496\/revisions"}],"predecessor-version":[{"id":8497,"href":"https:\/\/aims-cameroon.org\/fr\/wp-json\/wp\/v2\/pages\/8496\/revisions\/8497"}],"wp:attachment":[{"href":"https:\/\/aims-cameroon.org\/fr\/wp-json\/wp\/v2\/media?parent=8496"}],"curies":[{"name":"wp","href":"https:\/\/api.w.org\/{rel}","templated":true}]}}