{"id":858,"date":"2020-09-26T19:03:08","date_gmt":"2020-09-26T19:03:08","guid":{"rendered":"https:\/\/aims-cameroon.org\/?page_id=858"},"modified":"2021-07-19T09:04:38","modified_gmt":"2021-07-19T09:04:38","slug":"teacher-clusters","status":"publish","type":"page","link":"https:\/\/aims-cameroon.org\/fr\/teacher-clusters\/","title":{"rendered":"Groupes d&#039;enseignants"},"content":{"rendered":"<div class=\"wp-block-cover aligncenter has-background-dim-30 has-background-dim has-custom-content-position is-position-bottom-left pad-5\" style=\"background-image:url(https:\/\/aims-cameroon.org\/wp-content\/uploads\/sites\/6\/2021\/03\/151501775_893763704691438_1227907813025489571_n.jpg);background-color:#161228;min-height:600px;background-position:63% 25%\"><div class=\"wp-block-cover__inner-container\">\n<h1>Groupes d&#039;enseignants<\/h1>\n\n\n\n<p><\/p>\n<\/div><\/div>\n\n\n\n<div class=\"is-layout-flow wp-block-group pad-5\"><div class=\"wp-block-group__inner-container\">\n<h2>Strat\u00e9gie de cluster<\/h2>\n\n\n\n<p>L&#039;AIMS TTP a cr\u00e9\u00e9 des groupes d&#039;enseignants dans toutes les r\u00e9gions et des inspecteurs de coordination r\u00e9gionaux ont d\u00e9sign\u00e9 des points focaux r\u00e9gionaux. Plus de 337 (34 femmes) chefs de groupe ont \u00e9t\u00e9 form\u00e9s \u00e0 travers le pays. TTP Cameroun a d\u00e9velopp\u00e9 et mis en \u0153uvre une strat\u00e9gie de cluster qui fournit un soutien entre pairs aux enseignants \u00e0 proximit\u00e9 par le biais d&#039;associations physiques connues sous le nom de clusters. La strat\u00e9gie de cluster permet un flux multidirectionnel d&#039;informations (de haut en bas, de bas en haut et horizontal) avec des informations et un encadrement \u00e0 venir des ma\u00eetres formateurs et l&#039;innovation et le retour d&#039;informations provenant des enseignants vers le haut.<\/p>\n<\/div><\/div>\n\n\n\n<div class=\"is-layout-flow wp-block-group pad-5\"><div class=\"wp-block-group__inner-container\">\n<div class=\"wp-block-image\"><figure class=\"aligncenter size-large\"><img decoding=\"async\" loading=\"lazy\" width=\"960\" height=\"720\" src=\"https:\/\/aims-cameroon.org\/wp-content\/uploads\/sites\/6\/2021\/03\/151653066_893763894691419_506750637503690692_n.jpg\" alt=\"\" class=\"wp-image-1796\" srcset=\"https:\/\/aims-cameroon.org\/wp-content\/uploads\/sites\/6\/2021\/03\/151653066_893763894691419_506750637503690692_n.jpg 960w, https:\/\/aims-cameroon.org\/wp-content\/uploads\/sites\/6\/2021\/03\/151653066_893763894691419_506750637503690692_n-300x225.jpg 300w, https:\/\/aims-cameroon.org\/wp-content\/uploads\/sites\/6\/2021\/03\/151653066_893763894691419_506750637503690692_n-768x576.jpg 768w, https:\/\/aims-cameroon.org\/wp-content\/uploads\/sites\/6\/2021\/03\/151653066_893763894691419_506750637503690692_n-16x12.jpg 16w\" sizes=\"(max-width: 960px) 100vw, 960px\" \/><\/figure><\/div>\n\n\n\n<p>Les enseignants motiv\u00e9s au sein des clusters encouragent les moins motiv\u00e9s et chaque enseignant est en mesure de partager ses connaissances et ses capacit\u00e9s avec ses pairs au sein du cluster et avec d&#039;autres clusters, notamment via la communaut\u00e9 de pratique en ligne.<\/p>\n<\/div><\/div>","protected":false},"excerpt":{"rendered":"<p>Cluster Strategy AIMS TTP has created Teacher Clusters in all the Regions and Regional Coordinating Inspectors designated Regional Focal Points. More than 337 (34 female) Cluster Leads have been trained across the country. TTP Cameroon developed and implemented a Cluster Strategy that provides peer-to-peer support to teachers in close proximity through physical associations known as<\/p>","protected":false},"author":2,"featured_media":0,"parent":0,"menu_order":0,"comment_status":"closed","ping_status":"closed","template":"","meta":{"advgb_blocks_editor_width":"","advgb_blocks_columns_visual_guide":""},"acf":[],"coauthors":[],"author_meta":{"author_link":"https:\/\/aims-cameroon.org\/fr\/author\/rose\/","display_name":"rose"},"relative_dates":{"created":"Publi\u00e9 6 ans il y a","modified":"Mis \u00e0 jour 5 ans il y a"},"absolute_dates":{"created":"Publi\u00e9 le septembre 26, 2020","modified":"Mise \u00e0 jour le juillet 19, 2021"},"absolute_dates_time":{"created":"Publi\u00e9 le septembre 26, 2020 7:03  ","modified":"Mise \u00e0 jour le juillet 19, 2021 9:04  "},"featured_img_caption":"","featured_img":false,"series_order":"","_links":{"self":[{"href":"https:\/\/aims-cameroon.org\/fr\/wp-json\/wp\/v2\/pages\/858"}],"collection":[{"href":"https:\/\/aims-cameroon.org\/fr\/wp-json\/wp\/v2\/pages"}],"about":[{"href":"https:\/\/aims-cameroon.org\/fr\/wp-json\/wp\/v2\/types\/page"}],"author":[{"embeddable":true,"href":"https:\/\/aims-cameroon.org\/fr\/wp-json\/wp\/v2\/users\/2"}],"replies":[{"embeddable":true,"href":"https:\/\/aims-cameroon.org\/fr\/wp-json\/wp\/v2\/comments?post=858"}],"version-history":[{"count":7,"href":"https:\/\/aims-cameroon.org\/fr\/wp-json\/wp\/v2\/pages\/858\/revisions"}],"predecessor-version":[{"id":3386,"href":"https:\/\/aims-cameroon.org\/fr\/wp-json\/wp\/v2\/pages\/858\/revisions\/3386"}],"wp:attachment":[{"href":"https:\/\/aims-cameroon.org\/fr\/wp-json\/wp\/v2\/media?parent=858"}],"curies":[{"name":"wp","href":"https:\/\/api.w.org\/{rel}","templated":true}]}}