{"id":862,"date":"2020-09-26T19:07:53","date_gmt":"2020-09-26T19:07:53","guid":{"rendered":"https:\/\/aims-cameroon.org\/?page_id=862"},"modified":"2021-07-19T09:04:38","modified_gmt":"2021-07-19T09:04:38","slug":"research-publications","status":"publish","type":"page","link":"https:\/\/aims-cameroon.org\/fr\/research-publications\/","title":{"rendered":"Publications de recherche"},"content":{"rendered":"<div class=\"wp-block-cover has-background-dim-30 has-background-dim has-custom-content-position is-position-bottom-left pad-5\" style=\"background-image:url(https:\/\/aims-cameroon.org\/wp-content\/uploads\/sites\/6\/2021\/03\/DSC_0415-1-scaled.jpg);background-color:#161228;min-height:600px;background-position:51% 35%\"><div class=\"wp-block-cover__inner-container\">\n<h1>Publications de recherche<\/h1>\n<\/div><\/div>\n\n\n\n<div class=\"is-layout-flow wp-block-group pad-5\"><div class=\"wp-block-group__inner-container\">\n<p>Le Centre de recherche a publi\u00e9 plus de 55 articles dans des revues \u00e0 comit\u00e9 de lecture de renomm\u00e9e internationale, avec sept articles r\u00e9cemment soumis. <\/p>\n\n\n\n<p><\/p>\n\n\n\n<p><\/p>\n\n\n\n<p><\/p>\n<\/div><\/div>\n\n\n\n<div class=\"wp-block-cover has-background-dim search-filters\" style=\"background-image:url(https:\/\/aims-cameroon.org\/wp-content\/uploads\/sites\/6\/2021\/03\/visit-to-saker-baptist-college-giveback-1-scaled.jpg)\"><div class=\"wp-block-cover__inner-container\"><form data-sf-form-id='3490' data-is-rtl='0' data-maintain-state='' data-results-url='https:\/\/aims-cameroon.org\/research-publications' data-ajax-url='https:\/\/aims-cameroon.org\/fr\/?sfid=3490&amp;sf_action=get_data&amp;sf_data=results' data-ajax-form-url='https:\/\/aims-cameroon.org\/fr\/?sfid=3490&amp;sf_action=get_data&amp;sf_data=form' data-display-result-method='shortcode' data-use-history-api='1' data-template-loaded='0' data-lang-code='fr' data-ajax='1' data-ajax-data-type='json' data-ajax-links-selector='.pagination a' data-ajax-target='#search-filter-results-3490' data-ajax-pagination-type='normal' data-update-ajax-url='1' data-only-results-ajax='1' data-scroll-to-pos='0' data-init-paged='1' data-auto-update='1' action='https:\/\/aims-cameroon.org\/fr\/research-publications\/' method='post' class='searchandfilter' id='search-filter-form-3490' autocomplete='off' data-instance-count='1' data-trp-original-action=\"https:\/\/aims-cameroon.org\/research-publications\"><ul><li class=\"sf-field-taxonomy-subject_types\" data-sf-field-name=\"_sft_subject_types\" data-sf-field-type=\"taxonomy\" data-sf-field-input-type=\"select\">\t\t<label>\r\n\t\t\t\t<select name=\"_sft_subject_types[]\" class=\"sf-input-select\" title=\"\">\r\n\t\t\t\r\n\t\t\t\t\t\t<option class=\"sf-level-0 sf-item-0 sf-option-active\" selected=\"selected\" data-sf-count=\"0\" data-sf-depth=\"0\" value=\"\">Mati\u00e8re<\/option>\r\n\t\t\t\t\t\t<option class=\"sf-level-0 sf-item-74\" data-sf-count=\"2\" data-sf-depth=\"0\" value=\"atomic-molecular-structures\">Atomic &amp; Molecular Structures<\/option>\r\n\t\t\t\t\t\t<option class=\"sf-level-0 sf-item-21\" data-sf-count=\"0\" data-sf-depth=\"0\" value=\"computer-science\">L&#039;informatique<\/option>\r\n\t\t\t\t\t\t<option class=\"sf-level-0 sf-item-69\" data-sf-count=\"0\" data-sf-depth=\"0\" value=\"machine-learning\">Machine Learning<\/option>\r\n\t\t\t\t\t\t<option class=\"sf-level-0 sf-item-72\" data-sf-count=\"1\" data-sf-depth=\"0\" value=\"machine-learning-and-data-science\">Machine Learning and Data Science<\/option>\r\n\t\t\t\t\t\t<option class=\"sf-level-0 sf-item-71\" data-sf-count=\"9\" data-sf-depth=\"0\" value=\"mathematical-modelling\">Mathematical Modelling<\/option>\r\n\t\t\t\t\t\t<option class=\"sf-level-0 sf-item-20\" data-sf-count=\"21\" data-sf-depth=\"0\" value=\"mathematics\">Math\u00e9matiques<\/option>\r\n\t\t\t\t\t\t<option class=\"sf-level-0 sf-item-73\" data-sf-count=\"3\" data-sf-depth=\"0\" value=\"physics\">La physique<\/option>\r\n\t\t\t\t\t<\/select>\r\n\t\t<\/label>\t\t<\/li><li class=\"sf-field-taxonomy-publication_types\" data-sf-field-name=\"_sft_publication_types\" data-sf-field-type=\"taxonomy\" data-sf-field-input-type=\"select\">\t\t<label>\r\n\t\t\t\t<select name=\"_sft_publication_types[]\" class=\"sf-input-select\" title=\"\">\r\n\t\t\t\r\n\t\t\t\t\t\t<option class=\"sf-level-0 sf-item-0 sf-option-active\" selected=\"selected\" data-sf-count=\"0\" data-sf-depth=\"0\" value=\"\">Taper<\/option>\r\n\t\t\t\t\t\t<option class=\"sf-level-0 sf-item-51\" data-sf-count=\"16\" data-sf-depth=\"0\" value=\"research\">Recherche<\/option>\r\n\t\t\t\t\t<\/select>\r\n\t\t<\/label>\t\t<\/li><li class=\"sf-field-search\" data-sf-field-name=\"search\" data-sf-field-type=\"search\" data-sf-field-input-type=\"\">\t\t<label><input placeholder=\"Chercher \u2026\" name=\"_sf_search[]\" class=\"sf-input-text\" type=\"text\" value=\"\" title=\"\"><\/label>\t\t<\/li><\/ul><input type=\"hidden\" name=\"trp-form-language\" value=\"fr\"\/><\/form>\n<\/div><\/div>\n\n\n\n<div class=\"is-layout-flow wp-block-group pad-5\"><div class=\"wp-block-group__inner-container\"><div class=\"search-filter-results\" id=\"search-filter-results-3490\">\t\n\t\n\t<div class=\"pagination\">\n\t\t\t<\/div>\n\t\n\t\t\n\n\n\n\t<div class=\"publication-card  pad-2 shadow\"> \n\n\n\n\t\t<h3> Hierarchic Control for a Nonlinear Parabolic Equation in an Unbounded Domain<\/h3>\n\n\t\t<p class=\"pub-content\"> \n<p>L. L. Djomegne Njoukoue<\/p>\n<\/p>\n\n\n\n<a class=\"btn-prime bg-alt\" target=\"_blank\" href=\"https:\/\/aims-cameroon.org\/wp-content\/uploads\/sites\/6\/2021\/10\/Hierarchic-control-for-a-nonlinear-parabolic-equation-in-an-unbounded-domain.pdf\"> Afficher le document <\/a>\n\n\t<\/div>\n\n\n\t\t\n\n\n\n\n\n\n\n\n\n\n\n\n\n\t\t\t\n\n\n\n\t<div class=\"publication-card  pad-2 shadow\"> \n\n\n\n\t\t<h3> Fractional Differential Relations for the Lerch Zeta Function<\/h3>\n\n\t\t<p class=\"pub-content\"> \n<p>Arran Fernandez and Jean-Daniel Djida<\/p>\n<\/p>\n\n\n\n<a class=\"btn-prime bg-alt\" target=\"_blank\" href=\"https:\/\/aims-cameroon.org\/wp-content\/uploads\/sites\/6\/2021\/10\/Fractional-differential-relations-for-the-Lerch-zeta-function.pdf\"> Afficher le document <\/a>\n\n\t<\/div>\n\n\n\t\t\n\n\n\n\n\n\n\n\n\n\n\n\n\n\t\t\t\n\n\n\n\t<div class=\"publication-card  pad-2 shadow\"> \n\n\n\n\t\t<h3> On Fractional Calculus With Analytic Kernels With Respect To Functions<\/h3>\n\n\t\t<p class=\"pub-content\"> \n<p>Jean-Daniel Djida, Christian Maxime Steve Oumarou, Hafiz Muhammad Fahad, Arran Fernandez<\/p>\n<\/p>\n\n\n\n<a class=\"btn-prime bg-alt\" target=\"_blank\" href=\"https:\/\/aims-cameroon.org\/wp-content\/uploads\/sites\/6\/2021\/09\/On-Fractional-Calculus-With-Analytic-Kernels-With-Respect-To-Functions-Oumarou-Hafiz-Djida-Arran.pdf\"> Afficher le document <\/a>\n\n\t<\/div>\n\n\n\t\t\n\n\n\n\n\n\n\n\n\n\n\n\n\n\t\t\t\n\n\n\n\t<div class=\"publication-card  pad-2 shadow\"> \n\n\n\n\t\t<h3> R\u00e9sultats de bonne pose pour les \u00e9quations d&#039;onde semi-lin\u00e9aires fractionnaires. Syst\u00e8mes dynamiques discrets et continus - B, 2020, 25 (2): 569-597<\/h3>\n\n\t\t<p class=\"pub-content\"> \n<p>Jean-Daniel Djida, Arran Fernandez, r\u00e9gion d&#039;Iv\u00e1n.<\/p>\n<\/p>\n\n\n\n<a class=\"btn-prime bg-alt\" target=\"_blank\" href=\"https:\/\/www.aimsciences.org\/\"> Afficher le document <\/a>\n\n\t<\/div>\n\n\n\t\t\n\n\n\n\n\n\n\n\n\n\n\n\n\n\t\t\t\n\n\n\n\t<div class=\"publication-card  pad-2 shadow\"> \n\n\n\n\t\t<h3> Contr\u00f4le optimal de la PDE parabolique mixte locale-non locale avec des donn\u00e9es de fronti\u00e8re-ext\u00e9rieur singuli\u00e8res, (soumis, 2021).<\/h3>\n\n\t\t<p class=\"pub-content\"> \n<p>Jean-Daniel Djida, Gisele Mophou et Mahamadi Warma.<\/p>\n<\/p>\n\n\n\n<a class=\"btn-prime bg-alt\" target=\"_blank\" href=\"https:\/\/arxiv.org\/pdf\/1809.00917.pdf\"> Afficher le document <\/a>\n\n\t<\/div>\n\n\n\t\t\n\n\n\n\n\n\n\n\n\n\n\n\n\n\t\t\t\n\n\n\n\t<div class=\"publication-card  pad-2 shadow\"> \n\n\n\n\t\t<h3> Une \u00e9quation parabolique globale en temps pour les op\u00e9rateurs sym\u00e9triques de L\u00e9vy (soumis, 2021)<\/h3>\n\n\t\t<p class=\"pub-content\"> \n<p>Jean-Daniel Djida, Guy F. Foghem Gounoue et Yannick Kouakep Tchaptchie. <br><\/p>\n<\/p>\n\n\n\n<a class=\"btn-prime bg-alt\" target=\"_blank\" href=\"https:\/\/arxiv.org\/abs\/2102.07278\"> Afficher le document <\/a>\n\n\t<\/div>\n\n\n\t\t\n\n\n\n\n\n\n\n\n\n\n\n\n\n\t\t\t\n\t<div class=\"pagination\">\n<div class=\"paginate-inner\">\t<span class=\"page-tag\"><\/span>\n\t\t<span aria-current=\"page\" class=\"page-numbers current\">1<\/span>\n<a class=\"page-numbers\" href=\"https:\/\/aims-cameroon.org\/fr\/research-publications\/?sf_paged=2\">2<\/a>\n<a class=\"page-numbers\" href=\"https:\/\/aims-cameroon.org\/fr\/research-publications\/?sf_paged=3\">3<\/a>\n<a class=\"next page-numbers\" href=\"https:\/\/aims-cameroon.org\/fr\/research-publications\/?sf_paged=2\">Suivant &quot;<\/a><\/div>\n\t<\/div>\n\t<\/div>\n<\/div><\/div>","protected":false},"excerpt":{"rendered":"<p>Le Centre de recherche a publi\u00e9 plus de 55 articles dans des revues \u00e0 comit\u00e9 de lecture de renomm\u00e9e internationale, avec sept articles r\u00e9cemment soumis.<\/p>","protected":false},"author":2,"featured_media":0,"parent":0,"menu_order":0,"comment_status":"closed","ping_status":"closed","template":"","meta":{"advgb_blocks_editor_width":"","advgb_blocks_columns_visual_guide":""},"acf":[],"coauthors":[],"author_meta":{"author_link":"https:\/\/aims-cameroon.org\/fr\/author\/rose\/","display_name":"rose"},"relative_dates":{"created":"Publi\u00e9 6 ans il y a","modified":"Mis \u00e0 jour 5 ans il y a"},"absolute_dates":{"created":"Publi\u00e9 le septembre 26, 2020","modified":"Mise \u00e0 jour le juillet 19, 2021"},"absolute_dates_time":{"created":"Publi\u00e9 le septembre 26, 2020 7:07  ","modified":"Mise \u00e0 jour le juillet 19, 2021 9:04  "},"featured_img_caption":"","featured_img":false,"series_order":"","_links":{"self":[{"href":"https:\/\/aims-cameroon.org\/fr\/wp-json\/wp\/v2\/pages\/862"}],"collection":[{"href":"https:\/\/aims-cameroon.org\/fr\/wp-json\/wp\/v2\/pages"}],"about":[{"href":"https:\/\/aims-cameroon.org\/fr\/wp-json\/wp\/v2\/types\/page"}],"author":[{"embeddable":true,"href":"https:\/\/aims-cameroon.org\/fr\/wp-json\/wp\/v2\/users\/2"}],"replies":[{"embeddable":true,"href":"https:\/\/aims-cameroon.org\/fr\/wp-json\/wp\/v2\/comments?post=862"}],"version-history":[{"count":9,"href":"https:\/\/aims-cameroon.org\/fr\/wp-json\/wp\/v2\/pages\/862\/revisions"}],"predecessor-version":[{"id":3492,"href":"https:\/\/aims-cameroon.org\/fr\/wp-json\/wp\/v2\/pages\/862\/revisions\/3492"}],"wp:attachment":[{"href":"https:\/\/aims-cameroon.org\/fr\/wp-json\/wp\/v2\/media?parent=862"}],"curies":[{"name":"wp","href":"https:\/\/api.w.org\/{rel}","templated":true}]}}